{"id":9394,"date":"2022-02-03T14:36:29","date_gmt":"2022-02-03T12:36:29","guid":{"rendered":"https:\/\/www.greenforest.ro\/old\/?post_type=product&#038;p=9394"},"modified":"2022-10-09T09:18:00","modified_gmt":"2022-10-09T06:18:00","slug":"head-point-he20p","status":"publish","type":"product","link":"https:\/\/www.greenforest.ro\/old\/produs\/head-point-he20p\/","title":{"rendered":"HEAD POINT HE20PT"},"content":{"rendered":"","protected":false},"excerpt":{"rendered":"<p>&#8211; Reglarea \u00een\u0103l\u021bimii prin piston cu gaz;<br \/>\n&#8211; Cu bra\u021be reglabile vertical<\/p>\n<p>-Cu tetiera reglabila<br \/>\n&#8211; Mecanism syncro pentru p\u0103strarea corect\u0103, permanent\u0103 a unghiului dintre \u0219ezut \u015fi sp\u0103tar;<br \/>\n-Sp\u0103tar cu suport lombar fix \u015fi reglare verticala, mesh BR0, BR1,BR3, BR4,BR5,BR6, BR7;<br \/>\n-Sezut tapi\u0163erie polyester rezistent\u0103 la 20.000 cicluri frecare -Tapi\u0163erie polyester rezistent\u0103 la 20.000 cicluri frecare BC0 negru<br \/>\n&#8211; Dimensiuni: \u00een\u0103l\u021bime \u0219ezut 39-51 cm, l\u0103\u021bime \u0219ezut 47cm, ad\u00e2ncime \u0219ezut 47 cm, \u00een\u0103l\u021bime sp\u0103tar 59 cm, \u00een\u0103l\u021bime total\u0103 101-113 cm.<br \/>\n&#8211; Baz\u0103 stea a scaunului neagr\u0103<\/p>\n","protected":false},"featured_media":9396,"comment_status":"open","ping_status":"closed","template":"","meta":[],"acf":[],"yoast_head":"<!-- This site is optimized with the Yoast SEO plugin v21.6 - https:\/\/yoast.com\/wordpress\/plugins\/seo\/ -->\n<title>HEAD POINT HE20PT<\/title>\n<meta name=\"description\" content=\"HEAD POINT HE20PT - GreenForest - mobilier de birou, professional furniture and fit out for a great office experience\" \/>\n<meta name=\"robots\" content=\"index, follow, max-snippet:-1, max-image-preview:large, max-video-preview:-1\" \/>\n<link rel=\"canonical\" href=\"https:\/\/www.greenforest.ro\/old\/produs\/head-point-he20p\/\" \/>\n<meta name=\"twitter:card\" content=\"summary_large_image\" \/>\n<meta name=\"twitter:title\" content=\"HEAD POINT HE20PT\" \/>\n<meta name=\"twitter:description\" content=\"HEAD POINT HE20PT - GreenForest - mobilier de birou, professional furniture and fit out for a great office experience\" \/>\n<meta name=\"twitter:image\" content=\"https:\/\/www.greenforest.ro\/old\/wp-content\/uploads\/2022\/02\/Capture.jpg\" \/>\n<!-- \/ Yoast SEO plugin. -->","yoast_head_json":{"title":"HEAD POINT HE20PT","description":"HEAD POINT HE20PT - GreenForest - mobilier de birou, professional furniture and fit out for a great office experience","robots":{"index":"index","follow":"follow","max-snippet":"max-snippet:-1","max-image-preview":"max-image-preview:large","max-video-preview":"max-video-preview:-1"},"canonical":"https:\/\/www.greenforest.ro\/old\/produs\/head-point-he20p\/","twitter_card":"summary_large_image","twitter_title":"HEAD POINT HE20PT","twitter_description":"HEAD POINT HE20PT - GreenForest - mobilier de birou, professional furniture and fit out for a great office experience","twitter_image":"https:\/\/www.greenforest.ro\/old\/wp-content\/uploads\/2022\/02\/Capture.jpg","schema":{"@context":"https:\/\/schema.org","@graph":[{"@type":"WebPage","@id":"https:\/\/www.greenforest.ro\/old\/produs\/head-point-he20p\/","url":"https:\/\/www.greenforest.ro\/old\/produs\/head-point-he20p\/","name":"HEAD POINT HE20PT","isPartOf":{"@id":"https:\/\/www.greenforest.ro\/old\/#website"},"datePublished":"2022-02-03T12:36:29+00:00","dateModified":"2022-10-09T06:18:00+00:00","description":"HEAD POINT HE20PT - GreenForest - mobilier de birou, professional furniture and fit out for a great office experience","breadcrumb":{"@id":"https:\/\/www.greenforest.ro\/old\/produs\/head-point-he20p\/#breadcrumb"},"inLanguage":"ro-RO","potentialAction":[{"@type":"ReadAction","target":["https:\/\/www.greenforest.ro\/old\/produs\/head-point-he20p\/"]}]},{"@type":"BreadcrumbList","@id":"https:\/\/www.greenforest.ro\/old\/produs\/head-point-he20p\/#breadcrumb","itemListElement":[{"@type":"ListItem","position":1,"name":"Prima pagin\u0103","item":"https:\/\/www.greenforest.ro\/old\/"},{"@type":"ListItem","position":2,"name":"Magazin","item":"https:\/\/www.greenforest.ro\/old\/store\/"},{"@type":"ListItem","position":3,"name":"Scaune ergonomice","item":"https:\/\/www.greenforest.ro\/old\/categorie-produs\/scaune-ergonomice\/"},{"@type":"ListItem","position":4,"name":"Scaune Operative","item":"https:\/\/www.greenforest.ro\/old\/categorie-produs\/scaune-ergonomice\/operative-scaune-ergonomice\/"},{"@type":"ListItem","position":5,"name":"Scaune operative Topstar","item":"https:\/\/www.greenforest.ro\/old\/categorie-produs\/scaune-ergonomice\/operative-scaune-ergonomice\/topstar-scaune-operative\/"},{"@type":"ListItem","position":6,"name":"HEAD POINT HE20PT"}]},{"@type":"WebSite","@id":"https:\/\/www.greenforest.ro\/old\/#website","url":"https:\/\/www.greenforest.ro\/old\/","name":"GreenForest - mobilier de birou","description":"Solu\u0163ii profesionale de amenajare birouri","publisher":{"@id":"https:\/\/www.greenforest.ro\/old\/#organization"},"potentialAction":[{"@type":"SearchAction","target":{"@type":"EntryPoint","urlTemplate":"https:\/\/www.greenforest.ro\/old\/?s={search_term_string}"},"query-input":"required name=search_term_string"}],"inLanguage":"ro-RO"},{"@type":"Organization","@id":"https:\/\/www.greenforest.ro\/old\/#organization","name":"Greenforest","url":"https:\/\/www.greenforest.ro\/old\/","logo":{"@type":"ImageObject","inLanguage":"ro-RO","@id":"https:\/\/www.greenforest.ro\/old\/#\/schema\/logo\/image\/","url":"https:\/\/www.greenforest.ro\/old\/wp-content\/uploads\/2018\/01\/sol-logo-greenforest.png","contentUrl":"https:\/\/www.greenforest.ro\/old\/wp-content\/uploads\/2018\/01\/sol-logo-greenforest.png","width":110,"height":110,"caption":"Greenforest"},"image":{"@id":"https:\/\/www.greenforest.ro\/old\/#\/schema\/logo\/image\/"},"sameAs":["https:\/\/www.facebook.com\/GreenForest.MobilierPentruBirou","https:\/\/www.instagram.com\/greenforest.ro\/","https:\/\/www.linkedin.com\/company\/greenforest\/"]}]}},"_links":{"self":[{"href":"https:\/\/www.greenforest.ro\/old\/wp-json\/wp\/v2\/product\/9394"}],"collection":[{"href":"https:\/\/www.greenforest.ro\/old\/wp-json\/wp\/v2\/product"}],"about":[{"href":"https:\/\/www.greenforest.ro\/old\/wp-json\/wp\/v2\/types\/product"}],"replies":[{"embeddable":true,"href":"https:\/\/www.greenforest.ro\/old\/wp-json\/wp\/v2\/comments?post=9394"}],"wp:featuredmedia":[{"embeddable":true,"href":"https:\/\/www.greenforest.ro\/old\/wp-json\/wp\/v2\/media\/9396"}],"wp:attachment":[{"href":"https:\/\/www.greenforest.ro\/old\/wp-json\/wp\/v2\/media?parent=9394"}],"curies":[{"name":"wp","href":"https:\/\/api.w.org\/{rel}","templated":true}]}}