{"id":9390,"date":"2022-02-03T14:03:32","date_gmt":"2022-02-03T12:03:32","guid":{"rendered":"https:\/\/www.greenforest.ro\/old\/?post_type=product&#038;p=9390"},"modified":"2022-10-09T09:20:24","modified_gmt":"2022-10-09T06:20:24","slug":"scaun-leaf-503-sya-bo-br207","status":"publish","type":"product","link":"https:\/\/www.greenforest.ro\/old\/produs\/scaun-leaf-503-sya-bo-br207\/","title":{"rendered":"Scaun Leaf 503 SYA BO BR207"},"content":{"rendered":"","protected":false},"excerpt":{"rendered":"<p>&#8211; Reglarea inaltimii prin piston cu gaz;<br \/>\n&#8211; Spatar mesh NET cu suport lombar reglabil pe inaltime;<br \/>\n-mecanism syncro cu rezisten\u021b\u0103 presetat\u0103 automat\u0103 pentru pastrarea corecta, permanenta a unghiului dintre sezut \u015fi spatar si ajustarea manuala a tensiunii spatarului.<br \/>\n&#8211; Baza stea a scaunului neagr\u0103;<br \/>\n&#8211; Brate reglabile vertical;<br \/>\nPret valabil pentru STOFA E.<\/p>\n","protected":false},"featured_media":9395,"comment_status":"open","ping_status":"closed","template":"","meta":[],"acf":[],"yoast_head":"<!-- This site is optimized with the Yoast SEO plugin v21.6 - https:\/\/yoast.com\/wordpress\/plugins\/seo\/ -->\n<title>Scaun Leaf 503 SYA BO BR207<\/title>\n<meta name=\"description\" content=\"Scaun Leaf 503 SYA BO BR207 - GreenForest - mobilier de birou, professional furniture and fit out for a great office experience\" \/>\n<meta name=\"robots\" content=\"index, follow, max-snippet:-1, max-image-preview:large, max-video-preview:-1\" \/>\n<link rel=\"canonical\" href=\"https:\/\/www.greenforest.ro\/old\/produs\/scaun-leaf-503-sya-bo-br207\/\" \/>\n<meta name=\"twitter:card\" content=\"summary_large_image\" \/>\n<meta name=\"twitter:title\" content=\"Scaun Leaf 503 SYA BO BR207\" \/>\n<meta name=\"twitter:description\" content=\"Scaun Leaf 503 SYA BO BR207 - GreenForest - mobilier de birou, professional furniture and fit out for a great office experience\" \/>\n<meta name=\"twitter:image\" content=\"https:\/\/www.greenforest.ro\/old\/wp-content\/uploads\/2022\/02\/Leaf.jpg\" \/>\n<!-- \/ Yoast SEO plugin. -->","yoast_head_json":{"title":"Scaun Leaf 503 SYA BO BR207","description":"Scaun Leaf 503 SYA BO BR207 - GreenForest - mobilier de birou, professional furniture and fit out for a great office experience","robots":{"index":"index","follow":"follow","max-snippet":"max-snippet:-1","max-image-preview":"max-image-preview:large","max-video-preview":"max-video-preview:-1"},"canonical":"https:\/\/www.greenforest.ro\/old\/produs\/scaun-leaf-503-sya-bo-br207\/","twitter_card":"summary_large_image","twitter_title":"Scaun Leaf 503 SYA BO BR207","twitter_description":"Scaun Leaf 503 SYA BO BR207 - GreenForest - mobilier de birou, professional furniture and fit out for a great office experience","twitter_image":"https:\/\/www.greenforest.ro\/old\/wp-content\/uploads\/2022\/02\/Leaf.jpg","schema":{"@context":"https:\/\/schema.org","@graph":[{"@type":"WebPage","@id":"https:\/\/www.greenforest.ro\/old\/produs\/scaun-leaf-503-sya-bo-br207\/","url":"https:\/\/www.greenforest.ro\/old\/produs\/scaun-leaf-503-sya-bo-br207\/","name":"Scaun Leaf 503 SYA BO BR207","isPartOf":{"@id":"https:\/\/www.greenforest.ro\/old\/#website"},"datePublished":"2022-02-03T12:03:32+00:00","dateModified":"2022-10-09T06:20:24+00:00","description":"Scaun Leaf 503 SYA BO BR207 - GreenForest - mobilier de birou, professional furniture and fit out for a great office experience","breadcrumb":{"@id":"https:\/\/www.greenforest.ro\/old\/produs\/scaun-leaf-503-sya-bo-br207\/#breadcrumb"},"inLanguage":"ro-RO","potentialAction":[{"@type":"ReadAction","target":["https:\/\/www.greenforest.ro\/old\/produs\/scaun-leaf-503-sya-bo-br207\/"]}]},{"@type":"BreadcrumbList","@id":"https:\/\/www.greenforest.ro\/old\/produs\/scaun-leaf-503-sya-bo-br207\/#breadcrumb","itemListElement":[{"@type":"ListItem","position":1,"name":"Prima pagin\u0103","item":"https:\/\/www.greenforest.ro\/old\/"},{"@type":"ListItem","position":2,"name":"Magazin","item":"https:\/\/www.greenforest.ro\/old\/store\/"},{"@type":"ListItem","position":3,"name":"Scaune ergonomice","item":"https:\/\/www.greenforest.ro\/old\/categorie-produs\/scaune-ergonomice\/"},{"@type":"ListItem","position":4,"name":"Scaune Operative","item":"https:\/\/www.greenforest.ro\/old\/categorie-produs\/scaune-ergonomice\/operative-scaune-ergonomice\/"},{"@type":"ListItem","position":5,"name":"Scaune operative Ld Seating","item":"https:\/\/www.greenforest.ro\/old\/categorie-produs\/scaune-ergonomice\/operative-scaune-ergonomice\/ldseating-operative\/"},{"@type":"ListItem","position":6,"name":"Scaun Leaf 503 SYA BO BR207"}]},{"@type":"WebSite","@id":"https:\/\/www.greenforest.ro\/old\/#website","url":"https:\/\/www.greenforest.ro\/old\/","name":"GreenForest - mobilier de birou","description":"Solu\u0163ii profesionale de amenajare birouri","publisher":{"@id":"https:\/\/www.greenforest.ro\/old\/#organization"},"potentialAction":[{"@type":"SearchAction","target":{"@type":"EntryPoint","urlTemplate":"https:\/\/www.greenforest.ro\/old\/?s={search_term_string}"},"query-input":"required name=search_term_string"}],"inLanguage":"ro-RO"},{"@type":"Organization","@id":"https:\/\/www.greenforest.ro\/old\/#organization","name":"Greenforest","url":"https:\/\/www.greenforest.ro\/old\/","logo":{"@type":"ImageObject","inLanguage":"ro-RO","@id":"https:\/\/www.greenforest.ro\/old\/#\/schema\/logo\/image\/","url":"https:\/\/www.greenforest.ro\/old\/wp-content\/uploads\/2018\/01\/sol-logo-greenforest.png","contentUrl":"https:\/\/www.greenforest.ro\/old\/wp-content\/uploads\/2018\/01\/sol-logo-greenforest.png","width":110,"height":110,"caption":"Greenforest"},"image":{"@id":"https:\/\/www.greenforest.ro\/old\/#\/schema\/logo\/image\/"},"sameAs":["https:\/\/www.facebook.com\/GreenForest.MobilierPentruBirou","https:\/\/www.instagram.com\/greenforest.ro\/","https:\/\/www.linkedin.com\/company\/greenforest\/"]}]}},"_links":{"self":[{"href":"https:\/\/www.greenforest.ro\/old\/wp-json\/wp\/v2\/product\/9390"}],"collection":[{"href":"https:\/\/www.greenforest.ro\/old\/wp-json\/wp\/v2\/product"}],"about":[{"href":"https:\/\/www.greenforest.ro\/old\/wp-json\/wp\/v2\/types\/product"}],"replies":[{"embeddable":true,"href":"https:\/\/www.greenforest.ro\/old\/wp-json\/wp\/v2\/comments?post=9390"}],"wp:featuredmedia":[{"embeddable":true,"href":"https:\/\/www.greenforest.ro\/old\/wp-json\/wp\/v2\/media\/9395"}],"wp:attachment":[{"href":"https:\/\/www.greenforest.ro\/old\/wp-json\/wp\/v2\/media?parent=9390"}],"curies":[{"name":"wp","href":"https:\/\/api.w.org\/{rel}","templated":true}]}}