{"id":8557,"date":"2021-02-01T12:40:37","date_gmt":"2021-02-01T10:40:37","guid":{"rendered":"https:\/\/www.greenforest.ro\/old\/?post_type=product&#038;p=8557"},"modified":"2021-02-02T12:39:59","modified_gmt":"2021-02-02T10:39:59","slug":"scaun-sitness-life-300-slf3050","status":"publish","type":"product","link":"https:\/\/www.greenforest.ro\/old\/produs\/scaun-sitness-life-300-slf3050\/","title":{"rendered":"Scaun Sitness Life 300 SLF3050"},"content":{"rendered":"","protected":false},"excerpt":{"rendered":"<p>-Scaun rotativ, reglabil \u00een \u00een\u0103l\u021bime;<br \/>\n-\u015eezut cu mi\u015fcare tridimensional\u0103;<br \/>\n-Baz\u0103 stea neagra cu rotile;<br \/>\n-\u015eezut si sp\u0103tar tapitat velur KB0-KB17, catifea KF0-KF8, piele artificial\u0103 DE0-DE9, stof\u0103 KC2-KC18.<\/p>\n<h4>Variante<\/h4>\n<p>1.Scaun Sitness Life 300 SLF3050<br \/>\nBaz\u0103 neagr\u0103 \u015fi tapi\u0163erie catifea vintage KA04-KA29<\/p>\n<p>2.Scaun Sitness Life 300 SLF3050<br \/>\nBaz\u0103 neagr\u0103 \u015fi tapi\u0163erie piele natural\u0103 V30-V49<\/p>\n<h4>Op\u0163ional<\/h4>\n<p>Scaun cu baz\u0103 polish SLF3052<\/p>\n","protected":false},"featured_media":8558,"comment_status":"open","ping_status":"closed","template":"","meta":[],"acf":[],"yoast_head":"<!-- This site is optimized with the Yoast SEO plugin v21.6 - https:\/\/yoast.com\/wordpress\/plugins\/seo\/ -->\n<title>Scaun Sitness Life 300 SLF3050<\/title>\n<meta name=\"description\" content=\"Scaun Sitness Life 300 SLF3050 - GreenForest - mobilier de birou, professional furniture and fit out for a great office experience\" \/>\n<meta name=\"robots\" content=\"index, follow, max-snippet:-1, max-image-preview:large, max-video-preview:-1\" \/>\n<link rel=\"canonical\" href=\"https:\/\/www.greenforest.ro\/old\/produs\/scaun-sitness-life-300-slf3050\/\" \/>\n<meta name=\"twitter:card\" content=\"summary_large_image\" \/>\n<meta name=\"twitter:title\" content=\"Scaun Sitness Life 300 SLF3050\" \/>\n<meta name=\"twitter:description\" content=\"Scaun Sitness Life 300 SLF3050 - GreenForest - mobilier de birou, professional furniture and fit out for a great office experience\" \/>\n<meta name=\"twitter:image\" content=\"https:\/\/www.greenforest.ro\/old\/wp-content\/uploads\/2021\/02\/life300.jpg\" \/>\n<!-- \/ Yoast SEO plugin. -->","yoast_head_json":{"title":"Scaun Sitness Life 300 SLF3050","description":"Scaun Sitness Life 300 SLF3050 - GreenForest - mobilier de birou, professional furniture and fit out for a great office experience","robots":{"index":"index","follow":"follow","max-snippet":"max-snippet:-1","max-image-preview":"max-image-preview:large","max-video-preview":"max-video-preview:-1"},"canonical":"https:\/\/www.greenforest.ro\/old\/produs\/scaun-sitness-life-300-slf3050\/","twitter_card":"summary_large_image","twitter_title":"Scaun Sitness Life 300 SLF3050","twitter_description":"Scaun Sitness Life 300 SLF3050 - GreenForest - mobilier de birou, professional furniture and fit out for a great office experience","twitter_image":"https:\/\/www.greenforest.ro\/old\/wp-content\/uploads\/2021\/02\/life300.jpg","schema":{"@context":"https:\/\/schema.org","@graph":[{"@type":"WebPage","@id":"https:\/\/www.greenforest.ro\/old\/produs\/scaun-sitness-life-300-slf3050\/","url":"https:\/\/www.greenforest.ro\/old\/produs\/scaun-sitness-life-300-slf3050\/","name":"Scaun Sitness Life 300 SLF3050","isPartOf":{"@id":"https:\/\/www.greenforest.ro\/old\/#website"},"datePublished":"2021-02-01T10:40:37+00:00","dateModified":"2021-02-02T10:39:59+00:00","description":"Scaun Sitness Life 300 SLF3050 - GreenForest - mobilier de birou, professional furniture and fit out for a great office experience","breadcrumb":{"@id":"https:\/\/www.greenforest.ro\/old\/produs\/scaun-sitness-life-300-slf3050\/#breadcrumb"},"inLanguage":"ro-RO","potentialAction":[{"@type":"ReadAction","target":["https:\/\/www.greenforest.ro\/old\/produs\/scaun-sitness-life-300-slf3050\/"]}]},{"@type":"BreadcrumbList","@id":"https:\/\/www.greenforest.ro\/old\/produs\/scaun-sitness-life-300-slf3050\/#breadcrumb","itemListElement":[{"@type":"ListItem","position":1,"name":"Prima pagin\u0103","item":"https:\/\/www.greenforest.ro\/old\/"},{"@type":"ListItem","position":2,"name":"Magazin","item":"https:\/\/www.greenforest.ro\/old\/store\/"},{"@type":"ListItem","position":3,"name":"Scaune Meeting","item":"https:\/\/www.greenforest.ro\/old\/categorie-produs\/scaune-meeting\/"},{"@type":"ListItem","position":4,"name":"Scaun Sitness Life 300 SLF3050"}]},{"@type":"WebSite","@id":"https:\/\/www.greenforest.ro\/old\/#website","url":"https:\/\/www.greenforest.ro\/old\/","name":"GreenForest - mobilier de birou","description":"Solu\u0163ii profesionale de amenajare birouri","publisher":{"@id":"https:\/\/www.greenforest.ro\/old\/#organization"},"potentialAction":[{"@type":"SearchAction","target":{"@type":"EntryPoint","urlTemplate":"https:\/\/www.greenforest.ro\/old\/?s={search_term_string}"},"query-input":"required name=search_term_string"}],"inLanguage":"ro-RO"},{"@type":"Organization","@id":"https:\/\/www.greenforest.ro\/old\/#organization","name":"Greenforest","url":"https:\/\/www.greenforest.ro\/old\/","logo":{"@type":"ImageObject","inLanguage":"ro-RO","@id":"https:\/\/www.greenforest.ro\/old\/#\/schema\/logo\/image\/","url":"https:\/\/www.greenforest.ro\/old\/wp-content\/uploads\/2018\/01\/sol-logo-greenforest.png","contentUrl":"https:\/\/www.greenforest.ro\/old\/wp-content\/uploads\/2018\/01\/sol-logo-greenforest.png","width":110,"height":110,"caption":"Greenforest"},"image":{"@id":"https:\/\/www.greenforest.ro\/old\/#\/schema\/logo\/image\/"},"sameAs":["https:\/\/www.facebook.com\/GreenForest.MobilierPentruBirou","https:\/\/www.instagram.com\/greenforest.ro\/","https:\/\/www.linkedin.com\/company\/greenforest\/"]}]}},"_links":{"self":[{"href":"https:\/\/www.greenforest.ro\/old\/wp-json\/wp\/v2\/product\/8557"}],"collection":[{"href":"https:\/\/www.greenforest.ro\/old\/wp-json\/wp\/v2\/product"}],"about":[{"href":"https:\/\/www.greenforest.ro\/old\/wp-json\/wp\/v2\/types\/product"}],"replies":[{"embeddable":true,"href":"https:\/\/www.greenforest.ro\/old\/wp-json\/wp\/v2\/comments?post=8557"}],"wp:featuredmedia":[{"embeddable":true,"href":"https:\/\/www.greenforest.ro\/old\/wp-json\/wp\/v2\/media\/8558"}],"wp:attachment":[{"href":"https:\/\/www.greenforest.ro\/old\/wp-json\/wp\/v2\/media?parent=8557"}],"curies":[{"name":"wp","href":"https:\/\/api.w.org\/{rel}","templated":true}]}}