{"id":8391,"date":"2020-11-09T10:50:47","date_gmt":"2020-11-09T08:50:47","guid":{"rendered":"https:\/\/www.greenforest.ro\/old\/?post_type=product&#038;p=8391"},"modified":"2020-11-09T10:52:16","modified_gmt":"2020-11-09T08:52:16","slug":"suport-monitor-8042501","status":"publish","type":"product","link":"https:\/\/www.greenforest.ro\/old\/produs\/suport-monitor-8042501\/","title":{"rendered":"Suport monitor 8042501"},"content":{"rendered":"","protected":false},"excerpt":{"rendered":"<p>&#8211; Suport pentru monitor din aluminiu, culoare negru;<br \/>\n&#8211; Bra\u0163e reglabile individual prin piston cu gaz, pe \u00een\u0103l\u0163ime \u015fi ad\u0103ncime ;<br \/>\n&#8211; Dou\u0103 porturi USB la baza suportului;<br \/>\n&#8211; Management cabluri;<br \/>\n&#8211; Greutate suportat\u0103 9 Kg pe fiecare bra\u0163.<\/p>\n","protected":false},"featured_media":8392,"comment_status":"open","ping_status":"closed","template":"","meta":[],"acf":[],"yoast_head":"<!-- This site is optimized with the Yoast SEO plugin v21.6 - https:\/\/yoast.com\/wordpress\/plugins\/seo\/ -->\n<title>Suport monitor 8042501<\/title>\n<meta name=\"description\" content=\"Suport monitor 8042501 - GreenForest - mobilier de birou, professional furniture and fit out for a great office experience\" \/>\n<meta name=\"robots\" content=\"index, follow, max-snippet:-1, max-image-preview:large, max-video-preview:-1\" \/>\n<link rel=\"canonical\" href=\"https:\/\/www.greenforest.ro\/old\/produs\/suport-monitor-8042501\/\" \/>\n<meta name=\"twitter:card\" content=\"summary_large_image\" \/>\n<meta name=\"twitter:title\" content=\"Suport monitor 8042501\" \/>\n<meta name=\"twitter:description\" content=\"Suport monitor 8042501 - GreenForest - mobilier de birou, professional furniture and fit out for a great office experience\" \/>\n<meta name=\"twitter:image\" content=\"https:\/\/www.greenforest.ro\/old\/wp-content\/uploads\/2020\/11\/8042501_DualArm_Hero_Left.png\" \/>\n<!-- \/ Yoast SEO plugin. -->","yoast_head_json":{"title":"Suport monitor 8042501","description":"Suport monitor 8042501 - GreenForest - mobilier de birou, professional furniture and fit out for a great office experience","robots":{"index":"index","follow":"follow","max-snippet":"max-snippet:-1","max-image-preview":"max-image-preview:large","max-video-preview":"max-video-preview:-1"},"canonical":"https:\/\/www.greenforest.ro\/old\/produs\/suport-monitor-8042501\/","twitter_card":"summary_large_image","twitter_title":"Suport monitor 8042501","twitter_description":"Suport monitor 8042501 - GreenForest - mobilier de birou, professional furniture and fit out for a great office experience","twitter_image":"https:\/\/www.greenforest.ro\/old\/wp-content\/uploads\/2020\/11\/8042501_DualArm_Hero_Left.png","schema":{"@context":"https:\/\/schema.org","@graph":[{"@type":"WebPage","@id":"https:\/\/www.greenforest.ro\/old\/en\/produs\/suport-monitor-8042501\/","url":"https:\/\/www.greenforest.ro\/old\/en\/produs\/suport-monitor-8042501\/","name":"Suport monitor 8042501","isPartOf":{"@id":"https:\/\/www.greenforest.ro\/old\/#website"},"datePublished":"2020-11-09T08:50:47+00:00","dateModified":"2020-11-09T08:52:16+00:00","description":"Suport monitor 8042501 - GreenForest - mobilier de birou, professional furniture and fit out for a great office experience","breadcrumb":{"@id":"https:\/\/www.greenforest.ro\/old\/en\/produs\/suport-monitor-8042501\/#breadcrumb"},"inLanguage":"ro-RO","potentialAction":[{"@type":"ReadAction","target":["https:\/\/www.greenforest.ro\/old\/en\/produs\/suport-monitor-8042501\/"]}]},{"@type":"BreadcrumbList","@id":"https:\/\/www.greenforest.ro\/old\/en\/produs\/suport-monitor-8042501\/#breadcrumb","itemListElement":[{"@type":"ListItem","position":1,"name":"Prima pagin\u0103","item":"https:\/\/www.greenforest.ro\/old\/"},{"@type":"ListItem","position":2,"name":"Magazin","item":"https:\/\/www.greenforest.ro\/old\/store\/"},{"@type":"ListItem","position":3,"name":"Accesorii birou","item":"https:\/\/www.greenforest.ro\/old\/categorie-produs\/accesorii-birou\/"},{"@type":"ListItem","position":4,"name":"Suport monitor 8042501"}]},{"@type":"WebSite","@id":"https:\/\/www.greenforest.ro\/old\/#website","url":"https:\/\/www.greenforest.ro\/old\/","name":"GreenForest - mobilier de birou","description":"Solu\u0163ii profesionale de amenajare birouri","publisher":{"@id":"https:\/\/www.greenforest.ro\/old\/#organization"},"potentialAction":[{"@type":"SearchAction","target":{"@type":"EntryPoint","urlTemplate":"https:\/\/www.greenforest.ro\/old\/?s={search_term_string}"},"query-input":"required name=search_term_string"}],"inLanguage":"ro-RO"},{"@type":"Organization","@id":"https:\/\/www.greenforest.ro\/old\/#organization","name":"Greenforest","url":"https:\/\/www.greenforest.ro\/old\/","logo":{"@type":"ImageObject","inLanguage":"ro-RO","@id":"https:\/\/www.greenforest.ro\/old\/#\/schema\/logo\/image\/","url":"https:\/\/www.greenforest.ro\/old\/wp-content\/uploads\/2018\/01\/sol-logo-greenforest.png","contentUrl":"https:\/\/www.greenforest.ro\/old\/wp-content\/uploads\/2018\/01\/sol-logo-greenforest.png","width":110,"height":110,"caption":"Greenforest"},"image":{"@id":"https:\/\/www.greenforest.ro\/old\/#\/schema\/logo\/image\/"},"sameAs":["https:\/\/www.facebook.com\/GreenForest.MobilierPentruBirou","https:\/\/www.instagram.com\/greenforest.ro\/","https:\/\/www.linkedin.com\/company\/greenforest\/"]}]}},"_links":{"self":[{"href":"https:\/\/www.greenforest.ro\/old\/wp-json\/wp\/v2\/product\/8391"}],"collection":[{"href":"https:\/\/www.greenforest.ro\/old\/wp-json\/wp\/v2\/product"}],"about":[{"href":"https:\/\/www.greenforest.ro\/old\/wp-json\/wp\/v2\/types\/product"}],"replies":[{"embeddable":true,"href":"https:\/\/www.greenforest.ro\/old\/wp-json\/wp\/v2\/comments?post=8391"}],"wp:featuredmedia":[{"embeddable":true,"href":"https:\/\/www.greenforest.ro\/old\/wp-json\/wp\/v2\/media\/8392"}],"wp:attachment":[{"href":"https:\/\/www.greenforest.ro\/old\/wp-json\/wp\/v2\/media?parent=8391"}],"curies":[{"name":"wp","href":"https:\/\/api.w.org\/{rel}","templated":true}]}}