{"id":8389,"date":"2020-11-09T10:49:14","date_gmt":"2020-11-09T08:49:14","guid":{"rendered":"https:\/\/www.greenforest.ro\/old\/?post_type=product&#038;p=8389"},"modified":"2020-11-09T10:49:14","modified_gmt":"2020-11-09T08:49:14","slug":"suport-laptop-8064301-8064401","status":"publish","type":"product","link":"https:\/\/www.greenforest.ro\/old\/produs\/suport-laptop-8064301-8064401\/","title":{"rendered":"Suport laptop 8064301\/8064401"},"content":{"rendered":"","protected":false},"excerpt":{"rendered":"<p>&#8211; Reglabil pe \u00een\u0103l\u0163ime \u00eentre 10 \u015fi 40 cm;<br \/>\n&#8211; Culoare alb sau negru;<br \/>\n&#8211; 4 porturi USB;<br \/>\n&#8211; Management cabluri.<\/p>\n","protected":false},"featured_media":8390,"comment_status":"open","ping_status":"closed","template":"","meta":[],"acf":[],"yoast_head":"<!-- This site is optimized with the Yoast SEO plugin v21.6 - https:\/\/yoast.com\/wordpress\/plugins\/seo\/ -->\n<title>Suport laptop 8064301\/8064401<\/title>\n<meta name=\"description\" content=\"Suport laptop 8064301\/8064401 - GreenForest - mobilier de birou, professional furniture and fit out for a great office experience\" \/>\n<meta name=\"robots\" content=\"index, follow, max-snippet:-1, max-image-preview:large, max-video-preview:-1\" \/>\n<link rel=\"canonical\" href=\"https:\/\/www.greenforest.ro\/old\/produs\/suport-laptop-8064301-8064401\/\" \/>\n<meta name=\"twitter:card\" content=\"summary_large_image\" \/>\n<meta name=\"twitter:title\" content=\"Suport laptop 8064301\/8064401\" \/>\n<meta name=\"twitter:description\" content=\"Suport laptop 8064301\/8064401 - GreenForest - mobilier de birou, professional furniture and fit out for a great office experience\" \/>\n<meta name=\"twitter:image\" content=\"https:\/\/www.greenforest.ro\/old\/wp-content\/uploads\/2020\/11\/8064301-L-Laptop.png\" \/>\n<!-- \/ Yoast SEO plugin. -->","yoast_head_json":{"title":"Suport laptop 8064301\/8064401","description":"Suport laptop 8064301\/8064401 - GreenForest - mobilier de birou, professional furniture and fit out for a great office experience","robots":{"index":"index","follow":"follow","max-snippet":"max-snippet:-1","max-image-preview":"max-image-preview:large","max-video-preview":"max-video-preview:-1"},"canonical":"https:\/\/www.greenforest.ro\/old\/produs\/suport-laptop-8064301-8064401\/","twitter_card":"summary_large_image","twitter_title":"Suport laptop 8064301\/8064401","twitter_description":"Suport laptop 8064301\/8064401 - GreenForest - mobilier de birou, professional furniture and fit out for a great office experience","twitter_image":"https:\/\/www.greenforest.ro\/old\/wp-content\/uploads\/2020\/11\/8064301-L-Laptop.png","schema":{"@context":"https:\/\/schema.org","@graph":[{"@type":"WebPage","@id":"https:\/\/www.greenforest.ro\/old\/produs\/suport-laptop-8064301-8064401\/","url":"https:\/\/www.greenforest.ro\/old\/produs\/suport-laptop-8064301-8064401\/","name":"Suport laptop 8064301\/8064401","isPartOf":{"@id":"https:\/\/www.greenforest.ro\/old\/#website"},"datePublished":"2020-11-09T08:49:14+00:00","dateModified":"2020-11-09T08:49:14+00:00","description":"Suport laptop 8064301\/8064401 - GreenForest - mobilier de birou, professional furniture and fit out for a great office experience","breadcrumb":{"@id":"https:\/\/www.greenforest.ro\/old\/produs\/suport-laptop-8064301-8064401\/#breadcrumb"},"inLanguage":"ro-RO","potentialAction":[{"@type":"ReadAction","target":["https:\/\/www.greenforest.ro\/old\/produs\/suport-laptop-8064301-8064401\/"]}]},{"@type":"BreadcrumbList","@id":"https:\/\/www.greenforest.ro\/old\/produs\/suport-laptop-8064301-8064401\/#breadcrumb","itemListElement":[{"@type":"ListItem","position":1,"name":"Prima pagin\u0103","item":"https:\/\/www.greenforest.ro\/old\/"},{"@type":"ListItem","position":2,"name":"Magazin","item":"https:\/\/www.greenforest.ro\/old\/store\/"},{"@type":"ListItem","position":3,"name":"Accesorii birou","item":"https:\/\/www.greenforest.ro\/old\/categorie-produs\/accesorii-birou\/"},{"@type":"ListItem","position":4,"name":"Suport laptop 8064301\/8064401"}]},{"@type":"WebSite","@id":"https:\/\/www.greenforest.ro\/old\/#website","url":"https:\/\/www.greenforest.ro\/old\/","name":"GreenForest - mobilier de birou","description":"Solu\u0163ii profesionale de amenajare birouri","publisher":{"@id":"https:\/\/www.greenforest.ro\/old\/#organization"},"potentialAction":[{"@type":"SearchAction","target":{"@type":"EntryPoint","urlTemplate":"https:\/\/www.greenforest.ro\/old\/?s={search_term_string}"},"query-input":"required name=search_term_string"}],"inLanguage":"ro-RO"},{"@type":"Organization","@id":"https:\/\/www.greenforest.ro\/old\/#organization","name":"Greenforest","url":"https:\/\/www.greenforest.ro\/old\/","logo":{"@type":"ImageObject","inLanguage":"ro-RO","@id":"https:\/\/www.greenforest.ro\/old\/#\/schema\/logo\/image\/","url":"https:\/\/www.greenforest.ro\/old\/wp-content\/uploads\/2018\/01\/sol-logo-greenforest.png","contentUrl":"https:\/\/www.greenforest.ro\/old\/wp-content\/uploads\/2018\/01\/sol-logo-greenforest.png","width":110,"height":110,"caption":"Greenforest"},"image":{"@id":"https:\/\/www.greenforest.ro\/old\/#\/schema\/logo\/image\/"},"sameAs":["https:\/\/www.facebook.com\/GreenForest.MobilierPentruBirou","https:\/\/www.instagram.com\/greenforest.ro\/","https:\/\/www.linkedin.com\/company\/greenforest\/"]}]}},"_links":{"self":[{"href":"https:\/\/www.greenforest.ro\/old\/wp-json\/wp\/v2\/product\/8389"}],"collection":[{"href":"https:\/\/www.greenforest.ro\/old\/wp-json\/wp\/v2\/product"}],"about":[{"href":"https:\/\/www.greenforest.ro\/old\/wp-json\/wp\/v2\/types\/product"}],"replies":[{"embeddable":true,"href":"https:\/\/www.greenforest.ro\/old\/wp-json\/wp\/v2\/comments?post=8389"}],"wp:featuredmedia":[{"embeddable":true,"href":"https:\/\/www.greenforest.ro\/old\/wp-json\/wp\/v2\/media\/8390"}],"wp:attachment":[{"href":"https:\/\/www.greenforest.ro\/old\/wp-json\/wp\/v2\/media?parent=8389"}],"curies":[{"name":"wp","href":"https:\/\/api.w.org\/{rel}","templated":true}]}}