{"id":8332,"date":"2020-09-25T12:48:06","date_gmt":"2020-09-25T09:48:06","guid":{"rendered":"https:\/\/www.greenforest.ro\/old\/?post_type=product&#038;p=8332"},"modified":"2020-09-25T14:40:21","modified_gmt":"2020-09-25T11:40:21","slug":"scaun-open-xn-deluxe-0x2000-tw2","status":"publish","type":"product","link":"https:\/\/www.greenforest.ro\/old\/produs\/scaun-open-xn-deluxe-0x2000-tw2\/","title":{"rendered":"Scaun Open X(N) Deluxe 0X2000 TW2"},"content":{"rendered":"","protected":false},"excerpt":{"rendered":"<p>&#8211; Reglarea \u00een\u0103l\u0163imii prin piston cu gaz;<br \/>\n&#8211; Mecanism syncro pentru p\u0103strarea corect\u0103, permanent\u0103 a unghiului dintre \u015fezut \u015fi sp\u0103tar;<br \/>\n&#8211; Sp\u0103tar mesh cu suport lombar fix \u015fi reglare vertical\u0103;<br \/>\n&#8211; Baz\u0103 stea a scaunului neagr\u0103;<br \/>\n&#8211; Tapi\u0163erie \u015fezut stof\u0103 Trevira CS 100% cu rezisten\u0163\u0103 la 50.000 de cicluri de frecare T20, T21, T22, T23, T26, T27, T31, T33, T34, T35, T38;<br \/>\n&#8211; Mesh sp\u0103tar negru BS0 sau alb BS3;<br \/>\n&#8211; Brate TW2 reglabile vertical \u015fi \u00een ad\u00e2ncime, cu suprafa\u0163\u0103 de contact;<\/p>\n<p><img loading=\"lazy\" decoding=\"async\" class=\"alignnone wp-image-8078 size-full\" title=\"culori T 1\" src=\"https:\/\/www.greenforest.ro\/old\/wp-content\/uploads\/2017\/11\/culori_T-1.png\" alt=\"culori T 1\" width=\"696\" height=\"68\" srcset=\"https:\/\/www.greenforest.ro\/old\/wp-content\/uploads\/2017\/11\/culori_T-1.png 696w, https:\/\/www.greenforest.ro\/old\/wp-content\/uploads\/2017\/11\/culori_T-1-300x29.png 300w, https:\/\/www.greenforest.ro\/old\/wp-content\/uploads\/2017\/11\/culori_T-1-600x59.png 600w\" sizes=\"(max-width: 696px) 100vw, 696px\" \/><\/p>\n<h4>Variante<\/h4>\n<p>&#8211; Open X(N) Deluxe 0X20WTW2<br \/>\nScaun Open X cu bra\u0163e TW2 reglabile vertical \u015fi \u00een ad\u00e2ncime, cu suprafa\u0163\u0103 de contact plus sliding seat;<\/p>\n<p>&#8211; Open X(N) Deluxe 0X29WTW2<br \/>\nScaun Open X cu bra\u0163e TW2 reglabile vertical \u015fi \u00een ad\u00e2ncime, cu suprafa\u0163\u0103 de contact,sliding seat \u015fi baz\u0103 stea a scaunului din aluminiu \u015flefuit (aspect cromat)<\/p>\n","protected":false},"featured_media":8333,"comment_status":"open","ping_status":"closed","template":"","meta":[],"acf":[],"yoast_head":"<!-- This site is optimized with the Yoast SEO plugin v21.6 - https:\/\/yoast.com\/wordpress\/plugins\/seo\/ -->\n<title>Scaun Open X(N) Deluxe 0X2000 TW2<\/title>\n<meta name=\"description\" content=\"Scaun Open X(N) Deluxe 0X2000 TW2 - GreenForest - mobilier de birou, professional furniture and fit out for a great office experience\" \/>\n<meta name=\"robots\" content=\"index, follow, max-snippet:-1, max-image-preview:large, max-video-preview:-1\" \/>\n<link rel=\"canonical\" href=\"https:\/\/www.greenforest.ro\/old\/produs\/scaun-open-xn-deluxe-0x2000-tw2\/\" \/>\n<meta name=\"twitter:card\" content=\"summary_large_image\" \/>\n<meta name=\"twitter:title\" content=\"Scaun Open X(N) Deluxe 0X2000 TW2\" \/>\n<meta name=\"twitter:description\" content=\"Scaun Open X(N) Deluxe 0X2000 TW2 - GreenForest - mobilier de birou, professional furniture and fit out for a great office experience\" \/>\n<meta name=\"twitter:image\" content=\"https:\/\/www.greenforest.ro\/old\/wp-content\/uploads\/2020\/09\/OpenXDeluxe_N_.jpg\" \/>\n<!-- \/ Yoast SEO plugin. -->","yoast_head_json":{"title":"Scaun Open X(N) Deluxe 0X2000 TW2","description":"Scaun Open X(N) Deluxe 0X2000 TW2 - GreenForest - mobilier de birou, professional furniture and fit out for a great office experience","robots":{"index":"index","follow":"follow","max-snippet":"max-snippet:-1","max-image-preview":"max-image-preview:large","max-video-preview":"max-video-preview:-1"},"canonical":"https:\/\/www.greenforest.ro\/old\/produs\/scaun-open-xn-deluxe-0x2000-tw2\/","twitter_card":"summary_large_image","twitter_title":"Scaun Open X(N) Deluxe 0X2000 TW2","twitter_description":"Scaun Open X(N) Deluxe 0X2000 TW2 - GreenForest - mobilier de birou, professional furniture and fit out for a great office experience","twitter_image":"https:\/\/www.greenforest.ro\/old\/wp-content\/uploads\/2020\/09\/OpenXDeluxe_N_.jpg","schema":{"@context":"https:\/\/schema.org","@graph":[{"@type":"WebPage","@id":"https:\/\/www.greenforest.ro\/old\/produs\/scaun-open-xn-deluxe-0x2000-tw2\/","url":"https:\/\/www.greenforest.ro\/old\/produs\/scaun-open-xn-deluxe-0x2000-tw2\/","name":"Scaun Open X(N) Deluxe 0X2000 TW2","isPartOf":{"@id":"https:\/\/www.greenforest.ro\/old\/#website"},"datePublished":"2020-09-25T09:48:06+00:00","dateModified":"2020-09-25T11:40:21+00:00","description":"Scaun Open X(N) Deluxe 0X2000 TW2 - GreenForest - mobilier de birou, professional furniture and fit out for a great office experience","breadcrumb":{"@id":"https:\/\/www.greenforest.ro\/old\/produs\/scaun-open-xn-deluxe-0x2000-tw2\/#breadcrumb"},"inLanguage":"ro-RO","potentialAction":[{"@type":"ReadAction","target":["https:\/\/www.greenforest.ro\/old\/produs\/scaun-open-xn-deluxe-0x2000-tw2\/"]}]},{"@type":"BreadcrumbList","@id":"https:\/\/www.greenforest.ro\/old\/produs\/scaun-open-xn-deluxe-0x2000-tw2\/#breadcrumb","itemListElement":[{"@type":"ListItem","position":1,"name":"Prima pagin\u0103","item":"https:\/\/www.greenforest.ro\/old\/"},{"@type":"ListItem","position":2,"name":"Magazin","item":"https:\/\/www.greenforest.ro\/old\/store\/"},{"@type":"ListItem","position":3,"name":"Scaune ergonomice","item":"https:\/\/www.greenforest.ro\/old\/categorie-produs\/scaune-ergonomice\/"},{"@type":"ListItem","position":4,"name":"Scaun Open X(N) Deluxe 0X2000 TW2"}]},{"@type":"WebSite","@id":"https:\/\/www.greenforest.ro\/old\/#website","url":"https:\/\/www.greenforest.ro\/old\/","name":"GreenForest - mobilier de birou","description":"Solu\u0163ii profesionale de amenajare birouri","publisher":{"@id":"https:\/\/www.greenforest.ro\/old\/#organization"},"potentialAction":[{"@type":"SearchAction","target":{"@type":"EntryPoint","urlTemplate":"https:\/\/www.greenforest.ro\/old\/?s={search_term_string}"},"query-input":"required name=search_term_string"}],"inLanguage":"ro-RO"},{"@type":"Organization","@id":"https:\/\/www.greenforest.ro\/old\/#organization","name":"Greenforest","url":"https:\/\/www.greenforest.ro\/old\/","logo":{"@type":"ImageObject","inLanguage":"ro-RO","@id":"https:\/\/www.greenforest.ro\/old\/#\/schema\/logo\/image\/","url":"https:\/\/www.greenforest.ro\/old\/wp-content\/uploads\/2018\/01\/sol-logo-greenforest.png","contentUrl":"https:\/\/www.greenforest.ro\/old\/wp-content\/uploads\/2018\/01\/sol-logo-greenforest.png","width":110,"height":110,"caption":"Greenforest"},"image":{"@id":"https:\/\/www.greenforest.ro\/old\/#\/schema\/logo\/image\/"},"sameAs":["https:\/\/www.facebook.com\/GreenForest.MobilierPentruBirou","https:\/\/www.instagram.com\/greenforest.ro\/","https:\/\/www.linkedin.com\/company\/greenforest\/"]}]}},"_links":{"self":[{"href":"https:\/\/www.greenforest.ro\/old\/wp-json\/wp\/v2\/product\/8332"}],"collection":[{"href":"https:\/\/www.greenforest.ro\/old\/wp-json\/wp\/v2\/product"}],"about":[{"href":"https:\/\/www.greenforest.ro\/old\/wp-json\/wp\/v2\/types\/product"}],"replies":[{"embeddable":true,"href":"https:\/\/www.greenforest.ro\/old\/wp-json\/wp\/v2\/comments?post=8332"}],"wp:featuredmedia":[{"embeddable":true,"href":"https:\/\/www.greenforest.ro\/old\/wp-json\/wp\/v2\/media\/8333"}],"wp:attachment":[{"href":"https:\/\/www.greenforest.ro\/old\/wp-json\/wp\/v2\/media?parent=8332"}],"curies":[{"name":"wp","href":"https:\/\/api.w.org\/{rel}","templated":true}]}}