{"id":8329,"date":"2020-09-25T12:36:32","date_gmt":"2020-09-25T09:36:32","guid":{"rendered":"https:\/\/www.greenforest.ro\/old\/?post_type=product&#038;p=8329"},"modified":"2020-09-25T12:52:15","modified_gmt":"2020-09-25T09:52:15","slug":"open-xp-deluxe-0x5000-tw2","status":"publish","type":"product","link":"https:\/\/www.greenforest.ro\/old\/produs\/open-xp-deluxe-0x5000-tw2\/","title":{"rendered":"Scaun Open X(P) Deluxe 0X5000 TW2"},"content":{"rendered":"","protected":false},"excerpt":{"rendered":"<p>&#8211; Reglarea \u00een\u0103l\u0163imii prin piston cu gaz;<br \/>\n&#8211; Mecanism syncro pentru p\u0103strarea corect\u0103, permanent\u0103 a unghiului dintre \u015fezut \u015fi sp\u0103tar;<br \/>\n&#8211; Sp\u0103tar cu suport lombar fix \u015fi reglare vertical\u0103;<br \/>\n&#8211; Baz\u0103 stea a scaunului neagr\u0103;<br \/>\n&#8211; Bra\u0163e TW2 reglabile vertical \u015fi \u00een ad\u00e2ncime, cu suprafa\u0163\u0103 de contact;<br \/>\n&#8211; Tapiterie sezut Trevira CS 100% cu rezisten\u0163\u0103 la 50.000 de cicluri de frecare T20,T22, T23, T26;<br \/>\n&#8211; Tapiterie spat\u0103r laminat Trevira CS 100% cu rezisten\u0163\u0103 la 50.000 de cicluri de frecare T20SS,T22SS, T23SS, T26SS;<\/p>\n<p><img loading=\"lazy\" decoding=\"async\" class=\"size-full wp-image-8325\" title=\"topx\" src=\"https:\/\/www.greenforest.ro\/old\/wp-content\/uploads\/2020\/09\/topx.png\" alt=\"topx\" width=\"177\" height=\"56\" \/><\/p>\n<h4>Variante<\/h4>\n<p>&#8211; Open X(P) Deluxe 0X50WTW2<br \/>\nScaun Open X cu bra\u0163e TW2 reglabile vertical \u015fi \u00een ad\u00e2ncime, cu suprafa\u0163\u0103 de contact plus sliding seat<\/p>\n<p>&#8211; Open X(P) Deluxe 0X59WTW2<br \/>\nScaun Open X cu bra\u0163e TW2 reglabile vertical \u015fi \u00een ad\u00e2ncime, cu suprafa\u0163\u0103 de contact,sliding seat \u015fi baz\u0103 stea a scaunului din aluminiu \u015flefuit (aspect cromat)<\/p>\n<p>&nbsp;<\/p>\n","protected":false},"featured_media":8330,"comment_status":"open","ping_status":"closed","template":"","meta":[],"acf":[],"yoast_head":"<!-- This site is optimized with the Yoast SEO plugin v21.6 - https:\/\/yoast.com\/wordpress\/plugins\/seo\/ -->\n<title>Scaun Open X(P) Deluxe 0X5000 TW2<\/title>\n<meta name=\"description\" content=\"Scaun Open X(P) Deluxe 0X5000 TW2 - GreenForest - mobilier de birou, professional furniture and fit out for a great office experience\" \/>\n<meta name=\"robots\" content=\"index, follow, max-snippet:-1, max-image-preview:large, max-video-preview:-1\" \/>\n<link rel=\"canonical\" href=\"https:\/\/www.greenforest.ro\/old\/produs\/open-xp-deluxe-0x5000-tw2\/\" \/>\n<meta name=\"twitter:card\" content=\"summary_large_image\" \/>\n<meta name=\"twitter:title\" content=\"Scaun Open X(P) Deluxe 0X5000 TW2\" \/>\n<meta name=\"twitter:description\" content=\"Scaun Open X(P) Deluxe 0X5000 TW2 - GreenForest - mobilier de birou, professional furniture and fit out for a great office experience\" \/>\n<meta name=\"twitter:image\" content=\"https:\/\/www.greenforest.ro\/old\/wp-content\/uploads\/2020\/09\/Open-X-Deluxe_P_2.jpg\" \/>\n<!-- \/ Yoast SEO plugin. -->","yoast_head_json":{"title":"Scaun Open X(P) Deluxe 0X5000 TW2","description":"Scaun Open X(P) Deluxe 0X5000 TW2 - GreenForest - mobilier de birou, professional furniture and fit out for a great office experience","robots":{"index":"index","follow":"follow","max-snippet":"max-snippet:-1","max-image-preview":"max-image-preview:large","max-video-preview":"max-video-preview:-1"},"canonical":"https:\/\/www.greenforest.ro\/old\/produs\/open-xp-deluxe-0x5000-tw2\/","twitter_card":"summary_large_image","twitter_title":"Scaun Open X(P) Deluxe 0X5000 TW2","twitter_description":"Scaun Open X(P) Deluxe 0X5000 TW2 - GreenForest - mobilier de birou, professional furniture and fit out for a great office experience","twitter_image":"https:\/\/www.greenforest.ro\/old\/wp-content\/uploads\/2020\/09\/Open-X-Deluxe_P_2.jpg","schema":{"@context":"https:\/\/schema.org","@graph":[{"@type":"WebPage","@id":"https:\/\/www.greenforest.ro\/old\/produs\/open-xp-deluxe-0x5000-tw2\/","url":"https:\/\/www.greenforest.ro\/old\/produs\/open-xp-deluxe-0x5000-tw2\/","name":"Scaun Open X(P) Deluxe 0X5000 TW2","isPartOf":{"@id":"https:\/\/www.greenforest.ro\/old\/#website"},"datePublished":"2020-09-25T09:36:32+00:00","dateModified":"2020-09-25T09:52:15+00:00","description":"Scaun Open X(P) Deluxe 0X5000 TW2 - GreenForest - mobilier de birou, professional furniture and fit out for a great office experience","breadcrumb":{"@id":"https:\/\/www.greenforest.ro\/old\/produs\/open-xp-deluxe-0x5000-tw2\/#breadcrumb"},"inLanguage":"ro-RO","potentialAction":[{"@type":"ReadAction","target":["https:\/\/www.greenforest.ro\/old\/produs\/open-xp-deluxe-0x5000-tw2\/"]}]},{"@type":"BreadcrumbList","@id":"https:\/\/www.greenforest.ro\/old\/produs\/open-xp-deluxe-0x5000-tw2\/#breadcrumb","itemListElement":[{"@type":"ListItem","position":1,"name":"Prima pagin\u0103","item":"https:\/\/www.greenforest.ro\/old\/"},{"@type":"ListItem","position":2,"name":"Magazin","item":"https:\/\/www.greenforest.ro\/old\/store\/"},{"@type":"ListItem","position":3,"name":"Scaune ergonomice","item":"https:\/\/www.greenforest.ro\/old\/categorie-produs\/scaune-ergonomice\/"},{"@type":"ListItem","position":4,"name":"Scaun Open X(P) Deluxe 0X5000 TW2"}]},{"@type":"WebSite","@id":"https:\/\/www.greenforest.ro\/old\/#website","url":"https:\/\/www.greenforest.ro\/old\/","name":"GreenForest - mobilier de birou","description":"Solu\u0163ii profesionale de amenajare birouri","publisher":{"@id":"https:\/\/www.greenforest.ro\/old\/#organization"},"potentialAction":[{"@type":"SearchAction","target":{"@type":"EntryPoint","urlTemplate":"https:\/\/www.greenforest.ro\/old\/?s={search_term_string}"},"query-input":"required name=search_term_string"}],"inLanguage":"ro-RO"},{"@type":"Organization","@id":"https:\/\/www.greenforest.ro\/old\/#organization","name":"Greenforest","url":"https:\/\/www.greenforest.ro\/old\/","logo":{"@type":"ImageObject","inLanguage":"ro-RO","@id":"https:\/\/www.greenforest.ro\/old\/#\/schema\/logo\/image\/","url":"https:\/\/www.greenforest.ro\/old\/wp-content\/uploads\/2018\/01\/sol-logo-greenforest.png","contentUrl":"https:\/\/www.greenforest.ro\/old\/wp-content\/uploads\/2018\/01\/sol-logo-greenforest.png","width":110,"height":110,"caption":"Greenforest"},"image":{"@id":"https:\/\/www.greenforest.ro\/old\/#\/schema\/logo\/image\/"},"sameAs":["https:\/\/www.facebook.com\/GreenForest.MobilierPentruBirou","https:\/\/www.instagram.com\/greenforest.ro\/","https:\/\/www.linkedin.com\/company\/greenforest\/"]}]}},"_links":{"self":[{"href":"https:\/\/www.greenforest.ro\/old\/wp-json\/wp\/v2\/product\/8329"}],"collection":[{"href":"https:\/\/www.greenforest.ro\/old\/wp-json\/wp\/v2\/product"}],"about":[{"href":"https:\/\/www.greenforest.ro\/old\/wp-json\/wp\/v2\/types\/product"}],"replies":[{"embeddable":true,"href":"https:\/\/www.greenforest.ro\/old\/wp-json\/wp\/v2\/comments?post=8329"}],"wp:featuredmedia":[{"embeddable":true,"href":"https:\/\/www.greenforest.ro\/old\/wp-json\/wp\/v2\/media\/8330"}],"wp:attachment":[{"href":"https:\/\/www.greenforest.ro\/old\/wp-json\/wp\/v2\/media?parent=8329"}],"curies":[{"name":"wp","href":"https:\/\/api.w.org\/{rel}","templated":true}]}}