{"id":8320,"date":"2020-09-25T11:46:17","date_gmt":"2020-09-25T08:46:17","guid":{"rendered":"https:\/\/www.greenforest.ro\/old\/?post_type=product&#038;p=8320"},"modified":"2021-02-02T10:08:10","modified_gmt":"2021-02-02T08:08:10","slug":"scaun-sitness-life-40-fy43bagy3","status":"publish","type":"product","link":"https:\/\/www.greenforest.ro\/old\/produs\/scaun-sitness-life-40-fy43bagy3\/","title":{"rendered":"Scaun Sitness Life 40 FY43BAGY3"},"content":{"rendered":"","protected":false},"excerpt":{"rendered":"<p>&#8211; Reglarea \u00een\u0103l\u0163imii prin piston cu gaz;<br \/>\n&#8211; Spatar \u015fi \u015fezut mesh alb GY3;<br \/>\n&#8211; \u015eezut cu mi\u015fcare tridimensional\u0103;<br \/>\n&#8211; Brate fixe albe;<br \/>\n&#8211; Baz\u0103 stea a scaunului alb\u0103;<\/p>\n","protected":false},"featured_media":8321,"comment_status":"open","ping_status":"closed","template":"","meta":[],"acf":[],"yoast_head":"<!-- This site is optimized with the Yoast SEO plugin v21.6 - https:\/\/yoast.com\/wordpress\/plugins\/seo\/ -->\n<title>Scaun Sitness Life 40 FY43BAGY3<\/title>\n<meta name=\"description\" content=\"Scaun Sitness Life 40 FY43BAGY3 - GreenForest - mobilier de birou, professional furniture and fit out for a great office experience\" \/>\n<meta name=\"robots\" content=\"index, follow, max-snippet:-1, max-image-preview:large, max-video-preview:-1\" \/>\n<link rel=\"canonical\" href=\"https:\/\/www.greenforest.ro\/old\/produs\/scaun-sitness-life-40-fy43bagy3\/\" \/>\n<meta name=\"twitter:card\" content=\"summary_large_image\" \/>\n<meta name=\"twitter:title\" content=\"Scaun Sitness Life 40 FY43BAGY3\" \/>\n<meta name=\"twitter:description\" content=\"Scaun Sitness Life 40 FY43BAGY3 - GreenForest - mobilier de birou, professional furniture and fit out for a great office experience\" \/>\n<meta name=\"twitter:image\" content=\"https:\/\/www.greenforest.ro\/old\/wp-content\/uploads\/2020\/09\/Sitness-Life-40.png\" \/>\n<!-- \/ Yoast SEO plugin. -->","yoast_head_json":{"title":"Scaun Sitness Life 40 FY43BAGY3","description":"Scaun Sitness Life 40 FY43BAGY3 - GreenForest - mobilier de birou, professional furniture and fit out for a great office experience","robots":{"index":"index","follow":"follow","max-snippet":"max-snippet:-1","max-image-preview":"max-image-preview:large","max-video-preview":"max-video-preview:-1"},"canonical":"https:\/\/www.greenforest.ro\/old\/produs\/scaun-sitness-life-40-fy43bagy3\/","twitter_card":"summary_large_image","twitter_title":"Scaun Sitness Life 40 FY43BAGY3","twitter_description":"Scaun Sitness Life 40 FY43BAGY3 - GreenForest - mobilier de birou, professional furniture and fit out for a great office experience","twitter_image":"https:\/\/www.greenforest.ro\/old\/wp-content\/uploads\/2020\/09\/Sitness-Life-40.png","schema":{"@context":"https:\/\/schema.org","@graph":[{"@type":"WebPage","@id":"https:\/\/www.greenforest.ro\/old\/en\/produs\/scaun-sitness-life-40-fy43bagy3\/","url":"https:\/\/www.greenforest.ro\/old\/en\/produs\/scaun-sitness-life-40-fy43bagy3\/","name":"Scaun Sitness Life 40 FY43BAGY3","isPartOf":{"@id":"https:\/\/www.greenforest.ro\/old\/#website"},"datePublished":"2020-09-25T08:46:17+00:00","dateModified":"2021-02-02T08:08:10+00:00","description":"Scaun Sitness Life 40 FY43BAGY3 - GreenForest - mobilier de birou, professional furniture and fit out for a great office experience","breadcrumb":{"@id":"https:\/\/www.greenforest.ro\/old\/en\/produs\/scaun-sitness-life-40-fy43bagy3\/#breadcrumb"},"inLanguage":"ro-RO","potentialAction":[{"@type":"ReadAction","target":["https:\/\/www.greenforest.ro\/old\/en\/produs\/scaun-sitness-life-40-fy43bagy3\/"]}]},{"@type":"BreadcrumbList","@id":"https:\/\/www.greenforest.ro\/old\/en\/produs\/scaun-sitness-life-40-fy43bagy3\/#breadcrumb","itemListElement":[{"@type":"ListItem","position":1,"name":"Prima pagin\u0103","item":"https:\/\/www.greenforest.ro\/old\/"},{"@type":"ListItem","position":2,"name":"Magazin","item":"https:\/\/www.greenforest.ro\/old\/store\/"},{"@type":"ListItem","position":3,"name":"Scaune Meeting","item":"https:\/\/www.greenforest.ro\/old\/categorie-produs\/scaune-meeting\/"},{"@type":"ListItem","position":4,"name":"Scaun Sitness Life 40 FY43BAGY3"}]},{"@type":"WebSite","@id":"https:\/\/www.greenforest.ro\/old\/#website","url":"https:\/\/www.greenforest.ro\/old\/","name":"GreenForest - mobilier de birou","description":"Solu\u0163ii profesionale de amenajare birouri","publisher":{"@id":"https:\/\/www.greenforest.ro\/old\/#organization"},"potentialAction":[{"@type":"SearchAction","target":{"@type":"EntryPoint","urlTemplate":"https:\/\/www.greenforest.ro\/old\/?s={search_term_string}"},"query-input":"required name=search_term_string"}],"inLanguage":"ro-RO"},{"@type":"Organization","@id":"https:\/\/www.greenforest.ro\/old\/#organization","name":"Greenforest","url":"https:\/\/www.greenforest.ro\/old\/","logo":{"@type":"ImageObject","inLanguage":"ro-RO","@id":"https:\/\/www.greenforest.ro\/old\/#\/schema\/logo\/image\/","url":"https:\/\/www.greenforest.ro\/old\/wp-content\/uploads\/2018\/01\/sol-logo-greenforest.png","contentUrl":"https:\/\/www.greenforest.ro\/old\/wp-content\/uploads\/2018\/01\/sol-logo-greenforest.png","width":110,"height":110,"caption":"Greenforest"},"image":{"@id":"https:\/\/www.greenforest.ro\/old\/#\/schema\/logo\/image\/"},"sameAs":["https:\/\/www.facebook.com\/GreenForest.MobilierPentruBirou","https:\/\/www.instagram.com\/greenforest.ro\/","https:\/\/www.linkedin.com\/company\/greenforest\/"]}]}},"_links":{"self":[{"href":"https:\/\/www.greenforest.ro\/old\/wp-json\/wp\/v2\/product\/8320"}],"collection":[{"href":"https:\/\/www.greenforest.ro\/old\/wp-json\/wp\/v2\/product"}],"about":[{"href":"https:\/\/www.greenforest.ro\/old\/wp-json\/wp\/v2\/types\/product"}],"replies":[{"embeddable":true,"href":"https:\/\/www.greenforest.ro\/old\/wp-json\/wp\/v2\/comments?post=8320"}],"wp:featuredmedia":[{"embeddable":true,"href":"https:\/\/www.greenforest.ro\/old\/wp-json\/wp\/v2\/media\/8321"}],"wp:attachment":[{"href":"https:\/\/www.greenforest.ro\/old\/wp-json\/wp\/v2\/media?parent=8320"}],"curies":[{"name":"wp","href":"https:\/\/api.w.org\/{rel}","templated":true}]}}