{"id":8281,"date":"2020-06-25T09:27:33","date_gmt":"2020-06-25T06:27:33","guid":{"rendered":"https:\/\/www.greenforest.ro\/old\/?post_type=product&#038;p=8281"},"modified":"2020-06-26T11:12:15","modified_gmt":"2020-06-26T08:12:15","slug":"scaun-t240-tr10tw1-l","status":"publish","type":"product","link":"https:\/\/www.greenforest.ro\/old\/produs\/scaun-t240-tr10tw1-l\/","title":{"rendered":"Scaun T240 TR10TW1&#8230;L"},"content":{"rendered":"","protected":false},"excerpt":{"rendered":"<p>&#8211; Reglarea \u00een\u0103l\u0163imii prin piston cu gaz;<br \/>\n&#8211; Mecanism syncro pentru p\u0103strarea corect\u0103, permanent\u0103 a unghiului dintre \u015fezut \u015fi sp\u0103tar;<br \/>\n&#8211; Sp\u0103tar mesh B90 cu suport lombar fix \u015fi reglare vertical\u0103;<br \/>\n&#8211; \u015eezut stof\u0103 Trevira CS 100% cu rezisten\u0163\u0103 la 50.000 de cicluri de frecare T20, T21, T22, T23,T26, T27,T31, T33, T34, T35, T38;<br \/>\n&#8211; Bra\u0163e TW1 reglabile vertical cu suprafa\u0163\u0103 de contact soft;<br \/>\n&#8211; Baz\u0103 stea a scaunului neagr\u0103;<\/p>\n<p><img loading=\"lazy\" decoding=\"async\" class=\"wp-image-8283 size-full\" title=\"culori T 1\" src=\"https:\/\/www.greenforest.ro\/old\/wp-content\/uploads\/2020\/06\/culori_T-1.png\" alt=\"culori T 1\" width=\"696\" height=\"68\" srcset=\"https:\/\/www.greenforest.ro\/old\/wp-content\/uploads\/2020\/06\/culori_T-1.png 696w, https:\/\/www.greenforest.ro\/old\/wp-content\/uploads\/2020\/06\/culori_T-1-300x29.png 300w, https:\/\/www.greenforest.ro\/old\/wp-content\/uploads\/2020\/06\/culori_T-1-600x59.png 600w\" sizes=\"(max-width: 696px) 100vw, 696px\" \/><\/p>\n<h4>Variante<\/h4>\n<p>Scaun T240 TR10TW1&#8230;XL \u00a0cu tetiera reglabil\u0103 si bra\u0163e TW1 reglabile vertical cu suprafa\u0163\u0103 de contact soft<\/p>\n","protected":false},"featured_media":8282,"comment_status":"open","ping_status":"closed","template":"","meta":[],"acf":[],"yoast_head":"<!-- This site is optimized with the Yoast SEO plugin v21.6 - https:\/\/yoast.com\/wordpress\/plugins\/seo\/ -->\n<title>Scaun T240 TR10TW1...L<\/title>\n<meta name=\"description\" content=\"Scaun T240 TR10TW1...L - GreenForest - mobilier de birou, professional furniture and fit out for a great office experience\" \/>\n<meta name=\"robots\" content=\"index, follow, max-snippet:-1, max-image-preview:large, max-video-preview:-1\" \/>\n<link rel=\"canonical\" href=\"https:\/\/www.greenforest.ro\/old\/produs\/scaun-t240-tr10tw1-l\/\" \/>\n<meta name=\"twitter:card\" content=\"summary_large_image\" \/>\n<meta name=\"twitter:title\" content=\"Scaun T240 TR10TW1...L\" \/>\n<meta name=\"twitter:description\" content=\"Scaun T240 TR10TW1...L - GreenForest - mobilier de birou, professional furniture and fit out for a great office experience\" \/>\n<meta name=\"twitter:image\" content=\"https:\/\/www.greenforest.ro\/old\/wp-content\/uploads\/2020\/06\/t240.jpg\" \/>\n<!-- \/ Yoast SEO plugin. -->","yoast_head_json":{"title":"Scaun T240 TR10TW1...L","description":"Scaun T240 TR10TW1...L - GreenForest - mobilier de birou, professional furniture and fit out for a great office experience","robots":{"index":"index","follow":"follow","max-snippet":"max-snippet:-1","max-image-preview":"max-image-preview:large","max-video-preview":"max-video-preview:-1"},"canonical":"https:\/\/www.greenforest.ro\/old\/produs\/scaun-t240-tr10tw1-l\/","twitter_card":"summary_large_image","twitter_title":"Scaun T240 TR10TW1...L","twitter_description":"Scaun T240 TR10TW1...L - GreenForest - mobilier de birou, professional furniture and fit out for a great office experience","twitter_image":"https:\/\/www.greenforest.ro\/old\/wp-content\/uploads\/2020\/06\/t240.jpg","schema":{"@context":"https:\/\/schema.org","@graph":[{"@type":"WebPage","@id":"https:\/\/www.greenforest.ro\/old\/produs\/scaun-t240-tr10tw1-l\/","url":"https:\/\/www.greenforest.ro\/old\/produs\/scaun-t240-tr10tw1-l\/","name":"Scaun T240 TR10TW1...L","isPartOf":{"@id":"https:\/\/www.greenforest.ro\/old\/#website"},"datePublished":"2020-06-25T06:27:33+00:00","dateModified":"2020-06-26T08:12:15+00:00","description":"Scaun T240 TR10TW1...L - GreenForest - mobilier de birou, professional furniture and fit out for a great office experience","breadcrumb":{"@id":"https:\/\/www.greenforest.ro\/old\/produs\/scaun-t240-tr10tw1-l\/#breadcrumb"},"inLanguage":"ro-RO","potentialAction":[{"@type":"ReadAction","target":["https:\/\/www.greenforest.ro\/old\/produs\/scaun-t240-tr10tw1-l\/"]}]},{"@type":"BreadcrumbList","@id":"https:\/\/www.greenforest.ro\/old\/produs\/scaun-t240-tr10tw1-l\/#breadcrumb","itemListElement":[{"@type":"ListItem","position":1,"name":"Prima pagin\u0103","item":"https:\/\/www.greenforest.ro\/old\/"},{"@type":"ListItem","position":2,"name":"Magazin","item":"https:\/\/www.greenforest.ro\/old\/store\/"},{"@type":"ListItem","position":3,"name":"Scaune ergonomice","item":"https:\/\/www.greenforest.ro\/old\/categorie-produs\/scaune-ergonomice\/"},{"@type":"ListItem","position":4,"name":"Scaun T240 TR10TW1&#8230;L"}]},{"@type":"WebSite","@id":"https:\/\/www.greenforest.ro\/old\/#website","url":"https:\/\/www.greenforest.ro\/old\/","name":"GreenForest - mobilier de birou","description":"Solu\u0163ii profesionale de amenajare birouri","publisher":{"@id":"https:\/\/www.greenforest.ro\/old\/#organization"},"potentialAction":[{"@type":"SearchAction","target":{"@type":"EntryPoint","urlTemplate":"https:\/\/www.greenforest.ro\/old\/?s={search_term_string}"},"query-input":"required name=search_term_string"}],"inLanguage":"ro-RO"},{"@type":"Organization","@id":"https:\/\/www.greenforest.ro\/old\/#organization","name":"Greenforest","url":"https:\/\/www.greenforest.ro\/old\/","logo":{"@type":"ImageObject","inLanguage":"ro-RO","@id":"https:\/\/www.greenforest.ro\/old\/#\/schema\/logo\/image\/","url":"https:\/\/www.greenforest.ro\/old\/wp-content\/uploads\/2018\/01\/sol-logo-greenforest.png","contentUrl":"https:\/\/www.greenforest.ro\/old\/wp-content\/uploads\/2018\/01\/sol-logo-greenforest.png","width":110,"height":110,"caption":"Greenforest"},"image":{"@id":"https:\/\/www.greenforest.ro\/old\/#\/schema\/logo\/image\/"},"sameAs":["https:\/\/www.facebook.com\/GreenForest.MobilierPentruBirou","https:\/\/www.instagram.com\/greenforest.ro\/","https:\/\/www.linkedin.com\/company\/greenforest\/"]}]}},"_links":{"self":[{"href":"https:\/\/www.greenforest.ro\/old\/wp-json\/wp\/v2\/product\/8281"}],"collection":[{"href":"https:\/\/www.greenforest.ro\/old\/wp-json\/wp\/v2\/product"}],"about":[{"href":"https:\/\/www.greenforest.ro\/old\/wp-json\/wp\/v2\/types\/product"}],"replies":[{"embeddable":true,"href":"https:\/\/www.greenforest.ro\/old\/wp-json\/wp\/v2\/comments?post=8281"}],"wp:featuredmedia":[{"embeddable":true,"href":"https:\/\/www.greenforest.ro\/old\/wp-json\/wp\/v2\/media\/8282"}],"wp:attachment":[{"href":"https:\/\/www.greenforest.ro\/old\/wp-json\/wp\/v2\/media?parent=8281"}],"curies":[{"name":"wp","href":"https:\/\/api.w.org\/{rel}","templated":true}]}}