{"id":8142,"date":"2020-05-27T09:39:02","date_gmt":"2020-05-27T06:39:02","guid":{"rendered":"https:\/\/www.greenforest.ro\/old\/?post_type=product&#038;p=8142"},"modified":"2020-05-28T09:52:49","modified_gmt":"2020-05-28T06:52:49","slug":"panou-individual-plexiglass-spli-100-100x60h-cm","status":"publish","type":"product","link":"https:\/\/www.greenforest.ro\/old\/produs\/panou-individual-plexiglass-spli-100-100x60h-cm\/","title":{"rendered":"Panou individual plexiglass SPLI 100 (100x60H cm)"},"content":{"rendered":"","protected":false},"excerpt":{"rendered":"<p>&#8211; Pentru montare pe blat cu sistem menghin\u0103 care permite montarea \/ demontarea f\u0103r\u0103 afectarea postului de lucru ini\u0163ial.<br \/>\n&#8211; Cu cu 2 supor\u0163i tip menghin\u0103;<\/p>\n","protected":false},"featured_media":8143,"comment_status":"open","ping_status":"closed","template":"","meta":[],"acf":[],"yoast_head":"<!-- This site is optimized with the Yoast SEO plugin v21.6 - https:\/\/yoast.com\/wordpress\/plugins\/seo\/ -->\n<title>Panou individual plexiglass SPLI 100 (100x60H cm)<\/title>\n<meta name=\"description\" content=\"Panou individual plexiglass SPLI 100 (100x60H cm) - GreenForest - mobilier de birou, professional furniture and fit out for a great office experience\" \/>\n<meta name=\"robots\" content=\"index, follow, max-snippet:-1, max-image-preview:large, max-video-preview:-1\" \/>\n<link rel=\"canonical\" href=\"https:\/\/www.greenforest.ro\/old\/produs\/panou-individual-plexiglass-spli-100-100x60h-cm\/\" \/>\n<meta name=\"twitter:card\" content=\"summary_large_image\" \/>\n<meta name=\"twitter:title\" content=\"Panou individual plexiglass SPLI 100 (100x60H cm)\" \/>\n<meta name=\"twitter:description\" content=\"Panou individual plexiglass SPLI 100 (100x60H cm) - GreenForest - mobilier de birou, professional furniture and fit out for a great office experience\" \/>\n<meta name=\"twitter:image\" content=\"https:\/\/www.greenforest.ro\/old\/wp-content\/uploads\/2020\/05\/14.jpg\" \/>\n<!-- \/ Yoast SEO plugin. -->","yoast_head_json":{"title":"Panou individual plexiglass SPLI 100 (100x60H cm)","description":"Panou individual plexiglass SPLI 100 (100x60H cm) - GreenForest - mobilier de birou, professional furniture and fit out for a great office experience","robots":{"index":"index","follow":"follow","max-snippet":"max-snippet:-1","max-image-preview":"max-image-preview:large","max-video-preview":"max-video-preview:-1"},"canonical":"https:\/\/www.greenforest.ro\/old\/produs\/panou-individual-plexiglass-spli-100-100x60h-cm\/","twitter_card":"summary_large_image","twitter_title":"Panou individual plexiglass SPLI 100 (100x60H cm)","twitter_description":"Panou individual plexiglass SPLI 100 (100x60H cm) - GreenForest - mobilier de birou, professional furniture and fit out for a great office experience","twitter_image":"https:\/\/www.greenforest.ro\/old\/wp-content\/uploads\/2020\/05\/14.jpg","schema":{"@context":"https:\/\/schema.org","@graph":[{"@type":"WebPage","@id":"https:\/\/www.greenforest.ro\/old\/en\/produs\/panou-individual-plexiglass-spli-100-100x60h-cm\/","url":"https:\/\/www.greenforest.ro\/old\/en\/produs\/panou-individual-plexiglass-spli-100-100x60h-cm\/","name":"Panou individual plexiglass SPLI 100 (100x60H cm)","isPartOf":{"@id":"https:\/\/www.greenforest.ro\/old\/#website"},"datePublished":"2020-05-27T06:39:02+00:00","dateModified":"2020-05-28T06:52:49+00:00","description":"Panou individual plexiglass SPLI 100 (100x60H cm) - GreenForest - mobilier de birou, professional furniture and fit out for a great office experience","breadcrumb":{"@id":"https:\/\/www.greenforest.ro\/old\/en\/produs\/panou-individual-plexiglass-spli-100-100x60h-cm\/#breadcrumb"},"inLanguage":"ro-RO","potentialAction":[{"@type":"ReadAction","target":["https:\/\/www.greenforest.ro\/old\/en\/produs\/panou-individual-plexiglass-spli-100-100x60h-cm\/"]}]},{"@type":"BreadcrumbList","@id":"https:\/\/www.greenforest.ro\/old\/en\/produs\/panou-individual-plexiglass-spli-100-100x60h-cm\/#breadcrumb","itemListElement":[{"@type":"ListItem","position":1,"name":"Prima pagin\u0103","item":"https:\/\/www.greenforest.ro\/old\/"},{"@type":"ListItem","position":2,"name":"Magazin","item":"https:\/\/www.greenforest.ro\/old\/store\/"},{"@type":"ListItem","position":3,"name":"F\u0103r\u0103 categorie","item":"https:\/\/www.greenforest.ro\/old\/categorie-produs\/fara-categorie\/"},{"@type":"ListItem","position":4,"name":"Panou individual plexiglass SPLI 100 (100x60H cm)"}]},{"@type":"WebSite","@id":"https:\/\/www.greenforest.ro\/old\/#website","url":"https:\/\/www.greenforest.ro\/old\/","name":"GreenForest - mobilier de birou","description":"Solu\u0163ii profesionale de amenajare birouri","publisher":{"@id":"https:\/\/www.greenforest.ro\/old\/#organization"},"potentialAction":[{"@type":"SearchAction","target":{"@type":"EntryPoint","urlTemplate":"https:\/\/www.greenforest.ro\/old\/?s={search_term_string}"},"query-input":"required name=search_term_string"}],"inLanguage":"ro-RO"},{"@type":"Organization","@id":"https:\/\/www.greenforest.ro\/old\/#organization","name":"Greenforest","url":"https:\/\/www.greenforest.ro\/old\/","logo":{"@type":"ImageObject","inLanguage":"ro-RO","@id":"https:\/\/www.greenforest.ro\/old\/#\/schema\/logo\/image\/","url":"https:\/\/www.greenforest.ro\/old\/wp-content\/uploads\/2018\/01\/sol-logo-greenforest.png","contentUrl":"https:\/\/www.greenforest.ro\/old\/wp-content\/uploads\/2018\/01\/sol-logo-greenforest.png","width":110,"height":110,"caption":"Greenforest"},"image":{"@id":"https:\/\/www.greenforest.ro\/old\/#\/schema\/logo\/image\/"},"sameAs":["https:\/\/www.facebook.com\/GreenForest.MobilierPentruBirou","https:\/\/www.instagram.com\/greenforest.ro\/","https:\/\/www.linkedin.com\/company\/greenforest\/"]}]}},"_links":{"self":[{"href":"https:\/\/www.greenforest.ro\/old\/wp-json\/wp\/v2\/product\/8142"}],"collection":[{"href":"https:\/\/www.greenforest.ro\/old\/wp-json\/wp\/v2\/product"}],"about":[{"href":"https:\/\/www.greenforest.ro\/old\/wp-json\/wp\/v2\/types\/product"}],"replies":[{"embeddable":true,"href":"https:\/\/www.greenforest.ro\/old\/wp-json\/wp\/v2\/comments?post=8142"}],"wp:featuredmedia":[{"embeddable":true,"href":"https:\/\/www.greenforest.ro\/old\/wp-json\/wp\/v2\/media\/8143"}],"wp:attachment":[{"href":"https:\/\/www.greenforest.ro\/old\/wp-json\/wp\/v2\/media?parent=8142"}],"curies":[{"name":"wp","href":"https:\/\/api.w.org\/{rel}","templated":true}]}}