{"id":8122,"date":"2020-05-26T11:46:36","date_gmt":"2020-05-26T08:46:36","guid":{"rendered":"https:\/\/www.greenforest.ro\/old\/?post_type=product&#038;p=8122"},"modified":"2020-05-28T09:57:58","modified_gmt":"2020-05-28T06:57:58","slug":"ansamblu-2-x-2-separatoare-tapitate-antibacterian-l","status":"publish","type":"product","link":"https:\/\/www.greenforest.ro\/old\/produs\/ansamblu-2-x-2-separatoare-tapitate-antibacterian-l\/","title":{"rendered":"Ansamblu 2 X 2 separatoare tapi\u0163ate antibacterian L"},"content":{"rendered":"","protected":false},"excerpt":{"rendered":"<p>\u2013 Separatoare tapi\u0163ate antibacterian \u015fi cu propriet\u0103\u0163i fonoabsorbante;<br \/>\n\u2013 Pentru ansamblu sharedesk 4 posturi de lucru, montare pe blat, pot fi montate \u015fi al\u0103turate de pere\u0163i separatori de 35-40 cm H existen\u0163i;<br \/>\n\u2013 Sistemul permite montarea \/ demontarea f\u0103r\u0103 afectarea postului de lucru ini\u0163ial<\/p>\n<h4>Varante<\/h4>\n<p><strong>Ansamblu 2 separatoare tapi\u0163ate antibacterian SPHL 160 (160x120x60H cm)<\/strong><br \/>\n&#8211; Pentru montare pe blat, pot fi montate \u015fi al\u0103turate de pere\u0163i separatori de 35-40 cm H existen\u0163i;<br \/>\n&#8211; Sistemul permite montarea \/ demontarea f\u0103r\u0103 afectarea postului de lucru ini\u0163ial;<br \/>\n&#8211; Separatoare tapi\u0163ate antibacterian \u015fi cu propriet\u0103\u0163i fonoabsorbante.<\/p>\n","protected":false},"featured_media":8125,"comment_status":"open","ping_status":"closed","template":"","meta":[],"acf":[],"yoast_head":"<!-- This site is optimized with the Yoast SEO plugin v21.6 - https:\/\/yoast.com\/wordpress\/plugins\/seo\/ -->\n<title>Ansamblu 2 X 2 separatoare tapi\u0163ate antibacterian L<\/title>\n<meta name=\"description\" content=\"Ansamblu 2 X 2 separatoare tapi\u0163ate antibacterian L - GreenForest - mobilier de birou, professional furniture and fit out for a great office experience\" \/>\n<meta name=\"robots\" content=\"index, follow, max-snippet:-1, max-image-preview:large, max-video-preview:-1\" \/>\n<link rel=\"canonical\" href=\"https:\/\/www.greenforest.ro\/old\/produs\/ansamblu-2-x-2-separatoare-tapitate-antibacterian-l\/\" \/>\n<meta name=\"twitter:card\" content=\"summary_large_image\" \/>\n<meta name=\"twitter:title\" content=\"Ansamblu 2 X 2 separatoare tapi\u0163ate antibacterian L\" \/>\n<meta name=\"twitter:description\" content=\"Ansamblu 2 X 2 separatoare tapi\u0163ate antibacterian L - GreenForest - mobilier de birou, professional furniture and fit out for a great office experience\" \/>\n<meta name=\"twitter:image\" content=\"https:\/\/www.greenforest.ro\/old\/wp-content\/uploads\/2020\/05\/7.jpg\" \/>\n<!-- \/ Yoast SEO plugin. -->","yoast_head_json":{"title":"Ansamblu 2 X 2 separatoare tapi\u0163ate antibacterian L","description":"Ansamblu 2 X 2 separatoare tapi\u0163ate antibacterian L - GreenForest - mobilier de birou, professional furniture and fit out for a great office experience","robots":{"index":"index","follow":"follow","max-snippet":"max-snippet:-1","max-image-preview":"max-image-preview:large","max-video-preview":"max-video-preview:-1"},"canonical":"https:\/\/www.greenforest.ro\/old\/produs\/ansamblu-2-x-2-separatoare-tapitate-antibacterian-l\/","twitter_card":"summary_large_image","twitter_title":"Ansamblu 2 X 2 separatoare tapi\u0163ate antibacterian L","twitter_description":"Ansamblu 2 X 2 separatoare tapi\u0163ate antibacterian L - GreenForest - mobilier de birou, professional furniture and fit out for a great office experience","twitter_image":"https:\/\/www.greenforest.ro\/old\/wp-content\/uploads\/2020\/05\/7.jpg","schema":{"@context":"https:\/\/schema.org","@graph":[{"@type":"WebPage","@id":"https:\/\/www.greenforest.ro\/old\/en\/produs\/ansamblu-2-x-2-separatoare-tapitate-antibacterian-l\/","url":"https:\/\/www.greenforest.ro\/old\/en\/produs\/ansamblu-2-x-2-separatoare-tapitate-antibacterian-l\/","name":"Ansamblu 2 X 2 separatoare tapi\u0163ate antibacterian L","isPartOf":{"@id":"https:\/\/www.greenforest.ro\/old\/#website"},"datePublished":"2020-05-26T08:46:36+00:00","dateModified":"2020-05-28T06:57:58+00:00","description":"Ansamblu 2 X 2 separatoare tapi\u0163ate antibacterian L - GreenForest - mobilier de birou, professional furniture and fit out for a great office experience","breadcrumb":{"@id":"https:\/\/www.greenforest.ro\/old\/en\/produs\/ansamblu-2-x-2-separatoare-tapitate-antibacterian-l\/#breadcrumb"},"inLanguage":"ro-RO","potentialAction":[{"@type":"ReadAction","target":["https:\/\/www.greenforest.ro\/old\/en\/produs\/ansamblu-2-x-2-separatoare-tapitate-antibacterian-l\/"]}]},{"@type":"BreadcrumbList","@id":"https:\/\/www.greenforest.ro\/old\/en\/produs\/ansamblu-2-x-2-separatoare-tapitate-antibacterian-l\/#breadcrumb","itemListElement":[{"@type":"ListItem","position":1,"name":"Prima pagin\u0103","item":"https:\/\/www.greenforest.ro\/old\/"},{"@type":"ListItem","position":2,"name":"Magazin","item":"https:\/\/www.greenforest.ro\/old\/store\/"},{"@type":"ListItem","position":3,"name":"Solutii separatoare antiepidemice","item":"https:\/\/www.greenforest.ro\/old\/en\/categorie-produs\/solutii-separatoare\/"},{"@type":"ListItem","position":4,"name":"Ansamblu 2 X 2 separatoare tapi\u0163ate antibacterian L"}]},{"@type":"WebSite","@id":"https:\/\/www.greenforest.ro\/old\/#website","url":"https:\/\/www.greenforest.ro\/old\/","name":"GreenForest - mobilier de birou","description":"Solu\u0163ii profesionale de amenajare birouri","publisher":{"@id":"https:\/\/www.greenforest.ro\/old\/#organization"},"potentialAction":[{"@type":"SearchAction","target":{"@type":"EntryPoint","urlTemplate":"https:\/\/www.greenforest.ro\/old\/?s={search_term_string}"},"query-input":"required name=search_term_string"}],"inLanguage":"ro-RO"},{"@type":"Organization","@id":"https:\/\/www.greenforest.ro\/old\/#organization","name":"Greenforest","url":"https:\/\/www.greenforest.ro\/old\/","logo":{"@type":"ImageObject","inLanguage":"ro-RO","@id":"https:\/\/www.greenforest.ro\/old\/#\/schema\/logo\/image\/","url":"https:\/\/www.greenforest.ro\/old\/wp-content\/uploads\/2018\/01\/sol-logo-greenforest.png","contentUrl":"https:\/\/www.greenforest.ro\/old\/wp-content\/uploads\/2018\/01\/sol-logo-greenforest.png","width":110,"height":110,"caption":"Greenforest"},"image":{"@id":"https:\/\/www.greenforest.ro\/old\/#\/schema\/logo\/image\/"},"sameAs":["https:\/\/www.facebook.com\/GreenForest.MobilierPentruBirou","https:\/\/www.instagram.com\/greenforest.ro\/","https:\/\/www.linkedin.com\/company\/greenforest\/"]}]}},"_links":{"self":[{"href":"https:\/\/www.greenforest.ro\/old\/wp-json\/wp\/v2\/product\/8122"}],"collection":[{"href":"https:\/\/www.greenforest.ro\/old\/wp-json\/wp\/v2\/product"}],"about":[{"href":"https:\/\/www.greenforest.ro\/old\/wp-json\/wp\/v2\/types\/product"}],"replies":[{"embeddable":true,"href":"https:\/\/www.greenforest.ro\/old\/wp-json\/wp\/v2\/comments?post=8122"}],"wp:featuredmedia":[{"embeddable":true,"href":"https:\/\/www.greenforest.ro\/old\/wp-json\/wp\/v2\/media\/8125"}],"wp:attachment":[{"href":"https:\/\/www.greenforest.ro\/old\/wp-json\/wp\/v2\/media?parent=8122"}],"curies":[{"name":"wp","href":"https:\/\/api.w.org\/{rel}","templated":true}]}}