{"id":6878,"date":"2019-07-22T13:39:49","date_gmt":"2019-07-22T10:39:49","guid":{"rendered":"https:\/\/www.greenforest.ro\/old\/?post_type=product&#038;p=6878"},"modified":"2019-09-10T09:55:35","modified_gmt":"2019-09-10T06:55:35","slug":"scaun-sefit-sf-905","status":"publish","type":"product","link":"https:\/\/www.greenforest.ro\/old\/produs\/scaun-sefit-sf-905\/","title":{"rendered":"Scaun se:fit sf-905"},"content":{"rendered":"","protected":false},"excerpt":{"rendered":"<p>&#8211; Scaun ajustabil pe inaltime 53-80 cm;<br \/>\n&#8211; Culoare model alb: Tapi\u021berie RAL 7045 Telegrey 1;<br \/>\n&#8211; Culoare model negru: Tapi\u021berie RAL 7016 Gri antracit;<br \/>\n&#8211; Tapi\u021berie scaun: membran\u0103 web tricotat\u0103 din poliamid\u0103 cu structur\u0103 3D, cu dou\u0103 tonuri cu efect de profunzime optic\u0103.<\/p>\n<h4>Dimensiuni<\/h4>\n<p>\u015eezut 36,5cm l\u0103\u0163ime x 36,5cm ad\u00e2ncime; \u00een\u00e2l\u0163ime total\u0103 53-80cm<\/p>\n","protected":false},"featured_media":6879,"comment_status":"closed","ping_status":"closed","template":"","meta":[],"acf":[],"yoast_head":"<!-- This site is optimized with the Yoast SEO plugin v21.6 - https:\/\/yoast.com\/wordpress\/plugins\/seo\/ -->\n<title>Scaun se:fit sf-905 - mobilier birou GreenForest Timisoara<\/title>\n<meta name=\"description\" content=\"Scaun se:fit sf-905 - GreenForest - mobilier de birou, amenajari, professional furniture and fit out for a great office experience\" \/>\n<meta name=\"robots\" content=\"index, follow, max-snippet:-1, max-image-preview:large, max-video-preview:-1\" \/>\n<link rel=\"canonical\" href=\"https:\/\/www.greenforest.ro\/old\/produs\/scaun-sefit-sf-905\/\" \/>\n<meta name=\"twitter:card\" content=\"summary_large_image\" \/>\n<meta name=\"twitter:title\" content=\"Scaun se:fit sf-905 - mobilier birou GreenForest Timisoara\" \/>\n<meta name=\"twitter:description\" content=\"Scaun se:fit sf-905 - GreenForest - mobilier de birou, amenajari, professional furniture and fit out for a great office experience\" \/>\n<meta name=\"twitter:image\" content=\"https:\/\/www.greenforest.ro\/old\/wp-content\/uploads\/2019\/07\/sefit1.png\" \/>\n<!-- \/ Yoast SEO plugin. -->","yoast_head_json":{"title":"Scaun se:fit sf-905 - mobilier birou GreenForest Timisoara","description":"Scaun se:fit sf-905 - GreenForest - mobilier de birou, amenajari, professional furniture and fit out for a great office experience","robots":{"index":"index","follow":"follow","max-snippet":"max-snippet:-1","max-image-preview":"max-image-preview:large","max-video-preview":"max-video-preview:-1"},"canonical":"https:\/\/www.greenforest.ro\/old\/produs\/scaun-sefit-sf-905\/","twitter_card":"summary_large_image","twitter_title":"Scaun se:fit sf-905 - mobilier birou GreenForest Timisoara","twitter_description":"Scaun se:fit sf-905 - GreenForest - mobilier de birou, amenajari, professional furniture and fit out for a great office experience","twitter_image":"https:\/\/www.greenforest.ro\/old\/wp-content\/uploads\/2019\/07\/sefit1.png","schema":{"@context":"https:\/\/schema.org","@graph":[{"@type":"WebPage","@id":"https:\/\/www.greenforest.ro\/old\/en\/produs\/scaun-sefit-sf-905\/","url":"https:\/\/www.greenforest.ro\/old\/en\/produs\/scaun-sefit-sf-905\/","name":"Scaun se:fit sf-905 - mobilier birou GreenForest Timisoara","isPartOf":{"@id":"https:\/\/www.greenforest.ro\/old\/#website"},"datePublished":"2019-07-22T10:39:49+00:00","dateModified":"2019-09-10T06:55:35+00:00","description":"Scaun se:fit sf-905 - GreenForest - mobilier de birou, amenajari, professional furniture and fit out for a great office experience","breadcrumb":{"@id":"https:\/\/www.greenforest.ro\/old\/en\/produs\/scaun-sefit-sf-905\/#breadcrumb"},"inLanguage":"ro-RO","potentialAction":[{"@type":"ReadAction","target":["https:\/\/www.greenforest.ro\/old\/en\/produs\/scaun-sefit-sf-905\/"]}]},{"@type":"BreadcrumbList","@id":"https:\/\/www.greenforest.ro\/old\/en\/produs\/scaun-sefit-sf-905\/#breadcrumb","itemListElement":[{"@type":"ListItem","position":1,"name":"Prima pagin\u0103","item":"https:\/\/www.greenforest.ro\/old\/"},{"@type":"ListItem","position":2,"name":"Magazin","item":"https:\/\/www.greenforest.ro\/old\/store\/"},{"@type":"ListItem","position":3,"name":"Scaune Lounge GreenForest","item":"https:\/\/www.greenforest.ro\/old\/categorie-produs\/scaune-lounge\/"},{"@type":"ListItem","position":4,"name":"Scaun se:fit sf-905"}]},{"@type":"WebSite","@id":"https:\/\/www.greenforest.ro\/old\/#website","url":"https:\/\/www.greenforest.ro\/old\/","name":"GreenForest - mobilier de birou","description":"Solu\u0163ii profesionale de amenajare birouri","publisher":{"@id":"https:\/\/www.greenforest.ro\/old\/#organization"},"potentialAction":[{"@type":"SearchAction","target":{"@type":"EntryPoint","urlTemplate":"https:\/\/www.greenforest.ro\/old\/?s={search_term_string}"},"query-input":"required name=search_term_string"}],"inLanguage":"ro-RO"},{"@type":"Organization","@id":"https:\/\/www.greenforest.ro\/old\/#organization","name":"Greenforest","url":"https:\/\/www.greenforest.ro\/old\/","logo":{"@type":"ImageObject","inLanguage":"ro-RO","@id":"https:\/\/www.greenforest.ro\/old\/#\/schema\/logo\/image\/","url":"https:\/\/www.greenforest.ro\/old\/wp-content\/uploads\/2018\/01\/sol-logo-greenforest.png","contentUrl":"https:\/\/www.greenforest.ro\/old\/wp-content\/uploads\/2018\/01\/sol-logo-greenforest.png","width":110,"height":110,"caption":"Greenforest"},"image":{"@id":"https:\/\/www.greenforest.ro\/old\/#\/schema\/logo\/image\/"},"sameAs":["https:\/\/www.facebook.com\/GreenForest.MobilierPentruBirou","https:\/\/www.instagram.com\/greenforest.ro\/","https:\/\/www.linkedin.com\/company\/greenforest\/"]}]}},"_links":{"self":[{"href":"https:\/\/www.greenforest.ro\/old\/wp-json\/wp\/v2\/product\/6878"}],"collection":[{"href":"https:\/\/www.greenforest.ro\/old\/wp-json\/wp\/v2\/product"}],"about":[{"href":"https:\/\/www.greenforest.ro\/old\/wp-json\/wp\/v2\/types\/product"}],"replies":[{"embeddable":true,"href":"https:\/\/www.greenforest.ro\/old\/wp-json\/wp\/v2\/comments?post=6878"}],"wp:featuredmedia":[{"embeddable":true,"href":"https:\/\/www.greenforest.ro\/old\/wp-json\/wp\/v2\/media\/6879"}],"wp:attachment":[{"href":"https:\/\/www.greenforest.ro\/old\/wp-json\/wp\/v2\/media?parent=6878"}],"curies":[{"name":"wp","href":"https:\/\/api.w.org\/{rel}","templated":true}]}}