{"id":6874,"date":"2019-07-19T13:00:21","date_gmt":"2019-07-19T10:00:21","guid":{"rendered":"https:\/\/www.greenforest.ro\/old\/?post_type=product&#038;p=6874"},"modified":"2019-09-09T10:14:53","modified_gmt":"2019-09-09T07:14:53","slug":"masuta-brainstorm-bm-311-70x60x73-105h","status":"publish","type":"product","link":"https:\/\/www.greenforest.ro\/old\/produs\/masuta-brainstorm-bm-311-70x60x73-105h\/","title":{"rendered":"Masuta Brainstorm bm-311 (70x60x73-105H)"},"content":{"rendered":"","protected":false},"excerpt":{"rendered":"<p>&#8211; Baza masa culoare alb;<br \/>\n&#8211; Blat masa melamina;<br \/>\n&#8211; Masa ajustabila pe inaltime prin piston cu gaz;<br \/>\n&#8211; Rotile pentru manipulare facila;<br \/>\n&#8211; Design: Designstudio speziell;<\/p>\n<h4>Dimesiuni<\/h4>\n<p>Lungime 70m, ad\u00e2ncime 60cm, \u00een\u0103l\u0163ime 73-105cm<\/p>\n","protected":false},"featured_media":6875,"comment_status":"closed","ping_status":"closed","template":"","meta":[],"acf":[],"yoast_head":"<!-- This site is optimized with the Yoast SEO plugin v21.6 - https:\/\/yoast.com\/wordpress\/plugins\/seo\/ -->\n<title>Masuta Brainstorm bm-311 (70x60x73-105H) GreenForest Timisoara<\/title>\n<meta name=\"description\" content=\"Masuta Brainstorm bm-311 (70x60x73-105H) - GreenForest - mobilier de birou, professional furniture and fit out for a great office experience\" \/>\n<meta name=\"robots\" content=\"index, follow, max-snippet:-1, max-image-preview:large, max-video-preview:-1\" \/>\n<link rel=\"canonical\" href=\"https:\/\/www.greenforest.ro\/old\/produs\/masuta-brainstorm-bm-311-70x60x73-105h\/\" \/>\n<meta name=\"twitter:card\" content=\"summary_large_image\" \/>\n<meta name=\"twitter:title\" content=\"Masuta Brainstorm bm-311 (70x60x73-105H) GreenForest Timisoara\" \/>\n<meta name=\"twitter:description\" content=\"Masuta Brainstorm bm-311 (70x60x73-105H) - GreenForest - mobilier de birou, professional furniture and fit out for a great office experience\" \/>\n<meta name=\"twitter:image\" content=\"https:\/\/www.greenforest.ro\/old\/wp-content\/uploads\/2019\/07\/Brainstorm_ajustabila.jpg\" \/>\n<!-- \/ Yoast SEO plugin. -->","yoast_head_json":{"title":"Masuta Brainstorm bm-311 (70x60x73-105H) GreenForest Timisoara","description":"Masuta Brainstorm bm-311 (70x60x73-105H) - GreenForest - mobilier de birou, professional furniture and fit out for a great office experience","robots":{"index":"index","follow":"follow","max-snippet":"max-snippet:-1","max-image-preview":"max-image-preview:large","max-video-preview":"max-video-preview:-1"},"canonical":"https:\/\/www.greenforest.ro\/old\/produs\/masuta-brainstorm-bm-311-70x60x73-105h\/","twitter_card":"summary_large_image","twitter_title":"Masuta Brainstorm bm-311 (70x60x73-105H) GreenForest Timisoara","twitter_description":"Masuta Brainstorm bm-311 (70x60x73-105H) - GreenForest - mobilier de birou, professional furniture and fit out for a great office experience","twitter_image":"https:\/\/www.greenforest.ro\/old\/wp-content\/uploads\/2019\/07\/Brainstorm_ajustabila.jpg","schema":{"@context":"https:\/\/schema.org","@graph":[{"@type":"WebPage","@id":"https:\/\/www.greenforest.ro\/old\/produs\/masuta-brainstorm-bm-311-70x60x73-105h\/","url":"https:\/\/www.greenforest.ro\/old\/produs\/masuta-brainstorm-bm-311-70x60x73-105h\/","name":"Masuta Brainstorm bm-311 (70x60x73-105H) GreenForest Timisoara","isPartOf":{"@id":"https:\/\/www.greenforest.ro\/old\/#website"},"datePublished":"2019-07-19T10:00:21+00:00","dateModified":"2019-09-09T07:14:53+00:00","description":"Masuta Brainstorm bm-311 (70x60x73-105H) - GreenForest - mobilier de birou, professional furniture and fit out for a great office experience","breadcrumb":{"@id":"https:\/\/www.greenforest.ro\/old\/produs\/masuta-brainstorm-bm-311-70x60x73-105h\/#breadcrumb"},"inLanguage":"ro-RO","potentialAction":[{"@type":"ReadAction","target":["https:\/\/www.greenforest.ro\/old\/produs\/masuta-brainstorm-bm-311-70x60x73-105h\/"]}]},{"@type":"BreadcrumbList","@id":"https:\/\/www.greenforest.ro\/old\/produs\/masuta-brainstorm-bm-311-70x60x73-105h\/#breadcrumb","itemListElement":[{"@type":"ListItem","position":1,"name":"Prima pagin\u0103","item":"https:\/\/www.greenforest.ro\/old\/"},{"@type":"ListItem","position":2,"name":"Magazin","item":"https:\/\/www.greenforest.ro\/old\/store\/"},{"@type":"ListItem","position":3,"name":"Mese","item":"https:\/\/www.greenforest.ro\/old\/categorie-produs\/mese\/"},{"@type":"ListItem","position":4,"name":"Mese training GreenForest","item":"https:\/\/www.greenforest.ro\/old\/categorie-produs\/mese\/training\/"},{"@type":"ListItem","position":5,"name":"Masuta Brainstorm bm-311 (70x60x73-105H)"}]},{"@type":"WebSite","@id":"https:\/\/www.greenforest.ro\/old\/#website","url":"https:\/\/www.greenforest.ro\/old\/","name":"GreenForest - mobilier de birou","description":"Solu\u0163ii profesionale de amenajare birouri","publisher":{"@id":"https:\/\/www.greenforest.ro\/old\/#organization"},"potentialAction":[{"@type":"SearchAction","target":{"@type":"EntryPoint","urlTemplate":"https:\/\/www.greenforest.ro\/old\/?s={search_term_string}"},"query-input":"required name=search_term_string"}],"inLanguage":"ro-RO"},{"@type":"Organization","@id":"https:\/\/www.greenforest.ro\/old\/#organization","name":"Greenforest","url":"https:\/\/www.greenforest.ro\/old\/","logo":{"@type":"ImageObject","inLanguage":"ro-RO","@id":"https:\/\/www.greenforest.ro\/old\/#\/schema\/logo\/image\/","url":"https:\/\/www.greenforest.ro\/old\/wp-content\/uploads\/2018\/01\/sol-logo-greenforest.png","contentUrl":"https:\/\/www.greenforest.ro\/old\/wp-content\/uploads\/2018\/01\/sol-logo-greenforest.png","width":110,"height":110,"caption":"Greenforest"},"image":{"@id":"https:\/\/www.greenforest.ro\/old\/#\/schema\/logo\/image\/"},"sameAs":["https:\/\/www.facebook.com\/GreenForest.MobilierPentruBirou","https:\/\/www.instagram.com\/greenforest.ro\/","https:\/\/www.linkedin.com\/company\/greenforest\/"]}]}},"_links":{"self":[{"href":"https:\/\/www.greenforest.ro\/old\/wp-json\/wp\/v2\/product\/6874"}],"collection":[{"href":"https:\/\/www.greenforest.ro\/old\/wp-json\/wp\/v2\/product"}],"about":[{"href":"https:\/\/www.greenforest.ro\/old\/wp-json\/wp\/v2\/types\/product"}],"replies":[{"embeddable":true,"href":"https:\/\/www.greenforest.ro\/old\/wp-json\/wp\/v2\/comments?post=6874"}],"wp:featuredmedia":[{"embeddable":true,"href":"https:\/\/www.greenforest.ro\/old\/wp-json\/wp\/v2\/media\/6875"}],"wp:attachment":[{"href":"https:\/\/www.greenforest.ro\/old\/wp-json\/wp\/v2\/media?parent=6874"}],"curies":[{"name":"wp","href":"https:\/\/api.w.org\/{rel}","templated":true}]}}