{"id":6859,"date":"2019-07-18T12:25:32","date_gmt":"2019-07-18T09:25:32","guid":{"rendered":"https:\/\/www.greenforest.ro\/old\/?post_type=product&#038;p=6859"},"modified":"2022-05-03T12:21:12","modified_gmt":"2022-05-03T09:21:12","slug":"sespot-stool","status":"publish","type":"product","link":"https:\/\/www.greenforest.ro\/old\/produs\/sespot-stool\/","title":{"rendered":"Se:spot stool"},"content":{"rendered":"","protected":false},"excerpt":{"rendered":"<p>&#8211; Picior aluminiu polish;<br \/>\n&#8211; Sezut tapitat.<\/p>\n<h4>Dimensiuni<\/h4>\n<p>\u015eezut 41cm l\u0103\u0163ime x 41cm ad\u00e2cime; \u00een\u0103l\u0163ime totala 120 cm.<\/p>\n","protected":false},"featured_media":9665,"comment_status":"closed","ping_status":"closed","template":"","meta":[],"acf":[],"yoast_head":"<!-- This site is optimized with the Yoast SEO plugin v21.6 - https:\/\/yoast.com\/wordpress\/plugins\/seo\/ -->\n<title>Se:spot stool , scaun ergonomic GreenForest<\/title>\n<meta name=\"description\" content=\"Se:spot stool - GreenForest - mobilier de birou, scaune ergonomice, professional furniture and fit out for a great office experience\" \/>\n<meta name=\"robots\" content=\"index, follow, max-snippet:-1, max-image-preview:large, max-video-preview:-1\" \/>\n<link rel=\"canonical\" href=\"https:\/\/www.greenforest.ro\/old\/produs\/sespot-stool\/\" \/>\n<meta name=\"twitter:card\" content=\"summary_large_image\" \/>\n<meta name=\"twitter:title\" content=\"Se:spot stool , scaun ergonomic GreenForest\" \/>\n<meta name=\"twitter:description\" content=\"Se:spot stool - GreenForest - mobilier de birou, scaune ergonomice, professional furniture and fit out for a great office experience\" \/>\n<meta name=\"twitter:image\" content=\"https:\/\/www.greenforest.ro\/old\/wp-content\/uploads\/2022\/05\/csm_2be46cc874064c84ad9c7e314e6a5dd7_374bbc49e6.jpg\" \/>\n<!-- \/ Yoast SEO plugin. -->","yoast_head_json":{"title":"Se:spot stool , scaun ergonomic GreenForest","description":"Se:spot stool - GreenForest - mobilier de birou, scaune ergonomice, professional furniture and fit out for a great office experience","robots":{"index":"index","follow":"follow","max-snippet":"max-snippet:-1","max-image-preview":"max-image-preview:large","max-video-preview":"max-video-preview:-1"},"canonical":"https:\/\/www.greenforest.ro\/old\/produs\/sespot-stool\/","twitter_card":"summary_large_image","twitter_title":"Se:spot stool , scaun ergonomic GreenForest","twitter_description":"Se:spot stool - GreenForest - mobilier de birou, scaune ergonomice, professional furniture and fit out for a great office experience","twitter_image":"https:\/\/www.greenforest.ro\/old\/wp-content\/uploads\/2022\/05\/csm_2be46cc874064c84ad9c7e314e6a5dd7_374bbc49e6.jpg","schema":{"@context":"https:\/\/schema.org","@graph":[{"@type":"WebPage","@id":"https:\/\/www.greenforest.ro\/old\/produs\/sespot-stool\/","url":"https:\/\/www.greenforest.ro\/old\/produs\/sespot-stool\/","name":"Se:spot stool , scaun ergonomic GreenForest","isPartOf":{"@id":"https:\/\/www.greenforest.ro\/old\/#website"},"datePublished":"2019-07-18T09:25:32+00:00","dateModified":"2022-05-03T09:21:12+00:00","description":"Se:spot stool - GreenForest - mobilier de birou, scaune ergonomice, professional furniture and fit out for a great office experience","breadcrumb":{"@id":"https:\/\/www.greenforest.ro\/old\/produs\/sespot-stool\/#breadcrumb"},"inLanguage":"ro-RO","potentialAction":[{"@type":"ReadAction","target":["https:\/\/www.greenforest.ro\/old\/produs\/sespot-stool\/"]}]},{"@type":"BreadcrumbList","@id":"https:\/\/www.greenforest.ro\/old\/produs\/sespot-stool\/#breadcrumb","itemListElement":[{"@type":"ListItem","position":1,"name":"Prima pagin\u0103","item":"https:\/\/www.greenforest.ro\/old\/"},{"@type":"ListItem","position":2,"name":"Magazin","item":"https:\/\/www.greenforest.ro\/old\/store\/"},{"@type":"ListItem","position":3,"name":"Scaune Cantina-Cafeteria","item":"https:\/\/www.greenforest.ro\/old\/categorie-produs\/scaune-cantina-cafeteria\/"},{"@type":"ListItem","position":4,"name":"Se:spot stool"}]},{"@type":"WebSite","@id":"https:\/\/www.greenforest.ro\/old\/#website","url":"https:\/\/www.greenforest.ro\/old\/","name":"GreenForest - mobilier de birou","description":"Solu\u0163ii profesionale de amenajare birouri","publisher":{"@id":"https:\/\/www.greenforest.ro\/old\/#organization"},"potentialAction":[{"@type":"SearchAction","target":{"@type":"EntryPoint","urlTemplate":"https:\/\/www.greenforest.ro\/old\/?s={search_term_string}"},"query-input":"required name=search_term_string"}],"inLanguage":"ro-RO"},{"@type":"Organization","@id":"https:\/\/www.greenforest.ro\/old\/#organization","name":"Greenforest","url":"https:\/\/www.greenforest.ro\/old\/","logo":{"@type":"ImageObject","inLanguage":"ro-RO","@id":"https:\/\/www.greenforest.ro\/old\/#\/schema\/logo\/image\/","url":"https:\/\/www.greenforest.ro\/old\/wp-content\/uploads\/2018\/01\/sol-logo-greenforest.png","contentUrl":"https:\/\/www.greenforest.ro\/old\/wp-content\/uploads\/2018\/01\/sol-logo-greenforest.png","width":110,"height":110,"caption":"Greenforest"},"image":{"@id":"https:\/\/www.greenforest.ro\/old\/#\/schema\/logo\/image\/"},"sameAs":["https:\/\/www.facebook.com\/GreenForest.MobilierPentruBirou","https:\/\/www.instagram.com\/greenforest.ro\/","https:\/\/www.linkedin.com\/company\/greenforest\/"]}]}},"_links":{"self":[{"href":"https:\/\/www.greenforest.ro\/old\/wp-json\/wp\/v2\/product\/6859"}],"collection":[{"href":"https:\/\/www.greenforest.ro\/old\/wp-json\/wp\/v2\/product"}],"about":[{"href":"https:\/\/www.greenforest.ro\/old\/wp-json\/wp\/v2\/types\/product"}],"replies":[{"embeddable":true,"href":"https:\/\/www.greenforest.ro\/old\/wp-json\/wp\/v2\/comments?post=6859"}],"wp:featuredmedia":[{"embeddable":true,"href":"https:\/\/www.greenforest.ro\/old\/wp-json\/wp\/v2\/media\/9665"}],"wp:attachment":[{"href":"https:\/\/www.greenforest.ro\/old\/wp-json\/wp\/v2\/media?parent=6859"}],"curies":[{"name":"wp","href":"https:\/\/api.w.org\/{rel}","templated":true}]}}