{"id":6821,"date":"2019-07-11T12:41:12","date_gmt":"2019-07-11T09:41:12","guid":{"rendered":"https:\/\/www.greenforest.ro\/old\/?post_type=product&#038;p=6821"},"modified":"2021-02-03T15:28:24","modified_gmt":"2021-02-03T13:28:24","slug":"masa-cafeteria-ikom-cfmaikbd-70-69dx110h","status":"publish","type":"product","link":"https:\/\/www.greenforest.ro\/old\/produs\/masa-cafeteria-ikom-cfmaikbd-70-69dx110h\/","title":{"rendered":"Masa cafeteria IKOM CFMAIKBD 70 (69Dx110H)"},"content":{"rendered":"","protected":false},"excerpt":{"rendered":"<p>&#8211; blat masa PAL grosime 18 mm<br \/>\n&#8211; picior central conic polipropilena culori alb, negru, bej nisip, gri deschis, gri inchis<\/p>\n<hr \/>\n<h4>Dimensiuni<\/h4>\n<p>Lungime 69cm, ad\u00e2ncime 69cm, \u00een\u0103l\u021bime 110cm<\/p>\n<h4>Op\u0163iuni<\/h4>\n<p>&#8211; Optional cu blat compact laminat 12 mm CFMAIKBDH 70<br \/>\n&#8211; Optional cu blat compact laminat alb colorat in masa 10 mm CFMAIKBDHA 70<br \/>\n&#8211; Optional cu blat FENIX NTM 12 mm CFMAIKBDF 70<\/p>\n","protected":false},"featured_media":6822,"comment_status":"closed","ping_status":"closed","template":"","meta":[],"acf":[],"yoast_head":"<!-- This site is optimized with the Yoast SEO plugin v21.6 - https:\/\/yoast.com\/wordpress\/plugins\/seo\/ -->\n<title>Masa cafeteria IKOM CFMAIKBD 70 (69Dx110H) GreenForest<\/title>\n<meta name=\"description\" content=\"Masa cafeteria IKOM CFMAIKBD 70 (69Dx110H) - GreenForest - mobilier de birou, professional furniture and fit out for a great office experience\" \/>\n<meta name=\"robots\" content=\"index, follow, max-snippet:-1, max-image-preview:large, max-video-preview:-1\" \/>\n<link rel=\"canonical\" href=\"https:\/\/www.greenforest.ro\/old\/produs\/masa-cafeteria-ikom-cfmaikbd-70-69dx110h\/\" \/>\n<meta name=\"twitter:card\" content=\"summary_large_image\" \/>\n<meta name=\"twitter:title\" content=\"Masa cafeteria IKOM CFMAIKBD 70 (69Dx110H) GreenForest\" \/>\n<meta name=\"twitter:description\" content=\"Masa cafeteria IKOM CFMAIKBD 70 (69Dx110H) - GreenForest - mobilier de birou, professional furniture and fit out for a great office experience\" \/>\n<meta name=\"twitter:image\" content=\"https:\/\/www.greenforest.ro\/old\/wp-content\/uploads\/2019\/07\/ikon875.jpg\" \/>\n<!-- \/ Yoast SEO plugin. -->","yoast_head_json":{"title":"Masa cafeteria IKOM CFMAIKBD 70 (69Dx110H) GreenForest","description":"Masa cafeteria IKOM CFMAIKBD 70 (69Dx110H) - GreenForest - mobilier de birou, professional furniture and fit out for a great office experience","robots":{"index":"index","follow":"follow","max-snippet":"max-snippet:-1","max-image-preview":"max-image-preview:large","max-video-preview":"max-video-preview:-1"},"canonical":"https:\/\/www.greenforest.ro\/old\/produs\/masa-cafeteria-ikom-cfmaikbd-70-69dx110h\/","twitter_card":"summary_large_image","twitter_title":"Masa cafeteria IKOM CFMAIKBD 70 (69Dx110H) GreenForest","twitter_description":"Masa cafeteria IKOM CFMAIKBD 70 (69Dx110H) - GreenForest - mobilier de birou, professional furniture and fit out for a great office experience","twitter_image":"https:\/\/www.greenforest.ro\/old\/wp-content\/uploads\/2019\/07\/ikon875.jpg","schema":{"@context":"https:\/\/schema.org","@graph":[{"@type":"WebPage","@id":"https:\/\/www.greenforest.ro\/old\/produs\/masa-cafeteria-ikom-cfmaikbd-70-69dx110h\/","url":"https:\/\/www.greenforest.ro\/old\/produs\/masa-cafeteria-ikom-cfmaikbd-70-69dx110h\/","name":"Masa cafeteria IKOM CFMAIKBD 70 (69Dx110H) GreenForest","isPartOf":{"@id":"https:\/\/www.greenforest.ro\/old\/#website"},"datePublished":"2019-07-11T09:41:12+00:00","dateModified":"2021-02-03T13:28:24+00:00","description":"Masa cafeteria IKOM CFMAIKBD 70 (69Dx110H) - GreenForest - mobilier de birou, professional furniture and fit out for a great office experience","breadcrumb":{"@id":"https:\/\/www.greenforest.ro\/old\/produs\/masa-cafeteria-ikom-cfmaikbd-70-69dx110h\/#breadcrumb"},"inLanguage":"ro-RO","potentialAction":[{"@type":"ReadAction","target":["https:\/\/www.greenforest.ro\/old\/produs\/masa-cafeteria-ikom-cfmaikbd-70-69dx110h\/"]}]},{"@type":"BreadcrumbList","@id":"https:\/\/www.greenforest.ro\/old\/produs\/masa-cafeteria-ikom-cfmaikbd-70-69dx110h\/#breadcrumb","itemListElement":[{"@type":"ListItem","position":1,"name":"Prima pagin\u0103","item":"https:\/\/www.greenforest.ro\/old\/"},{"@type":"ListItem","position":2,"name":"Magazin","item":"https:\/\/www.greenforest.ro\/old\/store\/"},{"@type":"ListItem","position":3,"name":"Mese","item":"https:\/\/www.greenforest.ro\/old\/categorie-produs\/mese\/"},{"@type":"ListItem","position":4,"name":"Masa cafeteria IKOM CFMAIKBD 70 (69Dx110H)"}]},{"@type":"WebSite","@id":"https:\/\/www.greenforest.ro\/old\/#website","url":"https:\/\/www.greenforest.ro\/old\/","name":"GreenForest - mobilier de birou","description":"Solu\u0163ii profesionale de amenajare birouri","publisher":{"@id":"https:\/\/www.greenforest.ro\/old\/#organization"},"potentialAction":[{"@type":"SearchAction","target":{"@type":"EntryPoint","urlTemplate":"https:\/\/www.greenforest.ro\/old\/?s={search_term_string}"},"query-input":"required name=search_term_string"}],"inLanguage":"ro-RO"},{"@type":"Organization","@id":"https:\/\/www.greenforest.ro\/old\/#organization","name":"Greenforest","url":"https:\/\/www.greenforest.ro\/old\/","logo":{"@type":"ImageObject","inLanguage":"ro-RO","@id":"https:\/\/www.greenforest.ro\/old\/#\/schema\/logo\/image\/","url":"https:\/\/www.greenforest.ro\/old\/wp-content\/uploads\/2018\/01\/sol-logo-greenforest.png","contentUrl":"https:\/\/www.greenforest.ro\/old\/wp-content\/uploads\/2018\/01\/sol-logo-greenforest.png","width":110,"height":110,"caption":"Greenforest"},"image":{"@id":"https:\/\/www.greenforest.ro\/old\/#\/schema\/logo\/image\/"},"sameAs":["https:\/\/www.facebook.com\/GreenForest.MobilierPentruBirou","https:\/\/www.instagram.com\/greenforest.ro\/","https:\/\/www.linkedin.com\/company\/greenforest\/"]}]}},"_links":{"self":[{"href":"https:\/\/www.greenforest.ro\/old\/wp-json\/wp\/v2\/product\/6821"}],"collection":[{"href":"https:\/\/www.greenforest.ro\/old\/wp-json\/wp\/v2\/product"}],"about":[{"href":"https:\/\/www.greenforest.ro\/old\/wp-json\/wp\/v2\/types\/product"}],"replies":[{"embeddable":true,"href":"https:\/\/www.greenforest.ro\/old\/wp-json\/wp\/v2\/comments?post=6821"}],"wp:featuredmedia":[{"embeddable":true,"href":"https:\/\/www.greenforest.ro\/old\/wp-json\/wp\/v2\/media\/6822"}],"wp:attachment":[{"href":"https:\/\/www.greenforest.ro\/old\/wp-json\/wp\/v2\/media?parent=6821"}],"curies":[{"name":"wp","href":"https:\/\/api.w.org\/{rel}","templated":true}]}}