{"id":6012,"date":"2018-05-04T13:19:24","date_gmt":"2018-05-04T10:19:24","guid":{"rendered":"https:\/\/www.greenforest.ro\/old\/?post_type=product&#038;p=6012"},"modified":"2019-09-10T11:24:53","modified_gmt":"2019-09-10T08:24:53","slug":"scaun-econ-nsstr","status":"publish","type":"product","link":"https:\/\/www.greenforest.ro\/old\/produs\/scaun-econ-nsstr\/","title":{"rendered":"Scaun Econ NSSTR"},"content":{"rendered":"","protected":false},"excerpt":{"rendered":"<p>&#8211; Cadru metalic cromat;<br \/>\n&#8211; Sezut &#8211; spatar tapitat cu stofa sau piele artificiala;<br \/>\n&#8211; Masuta de scris.<\/p>\n<h4>Dimensiuni<\/h4>\n<p>\u015eezut 45cm l\u0103\u0163ime x 44cm adcm\u00e2ncime; \u00een\u0103l\u0163ime total\u0103 85<\/p>\n","protected":false},"featured_media":6004,"comment_status":"closed","ping_status":"closed","template":"","meta":[],"acf":[],"yoast_head":"<!-- This site is optimized with the Yoast SEO plugin v21.6 - https:\/\/yoast.com\/wordpress\/plugins\/seo\/ -->\n<title>Scaun Econ NSSTR - mobilier de birou GreenForest<\/title>\n<meta name=\"description\" content=\"Scaun Econ NSSTR - GreenForest - mobilier de birou, amenajari, professional furniture and fit out for a great office experience\" \/>\n<meta name=\"robots\" content=\"index, follow, max-snippet:-1, max-image-preview:large, max-video-preview:-1\" \/>\n<link rel=\"canonical\" href=\"https:\/\/www.greenforest.ro\/old\/produs\/scaun-econ-nsstr\/\" \/>\n<meta name=\"twitter:card\" content=\"summary_large_image\" \/>\n<meta name=\"twitter:title\" content=\"Scaun Econ NSSTR - mobilier de birou GreenForest\" \/>\n<meta name=\"twitter:description\" content=\"Scaun Econ NSSTR - GreenForest - mobilier de birou, amenajari, professional furniture and fit out for a great office experience\" \/>\n<meta name=\"twitter:image\" content=\"https:\/\/www.greenforest.ro\/old\/wp-content\/uploads\/2018\/05\/scaun_nsstr.jpg\" \/>\n<!-- \/ Yoast SEO plugin. -->","yoast_head_json":{"title":"Scaun Econ NSSTR - mobilier de birou GreenForest","description":"Scaun Econ NSSTR - GreenForest - mobilier de birou, amenajari, professional furniture and fit out for a great office experience","robots":{"index":"index","follow":"follow","max-snippet":"max-snippet:-1","max-image-preview":"max-image-preview:large","max-video-preview":"max-video-preview:-1"},"canonical":"https:\/\/www.greenforest.ro\/old\/produs\/scaun-econ-nsstr\/","twitter_card":"summary_large_image","twitter_title":"Scaun Econ NSSTR - mobilier de birou GreenForest","twitter_description":"Scaun Econ NSSTR - GreenForest - mobilier de birou, amenajari, professional furniture and fit out for a great office experience","twitter_image":"https:\/\/www.greenforest.ro\/old\/wp-content\/uploads\/2018\/05\/scaun_nsstr.jpg","schema":{"@context":"https:\/\/schema.org","@graph":[{"@type":"WebPage","@id":"https:\/\/www.greenforest.ro\/old\/produs\/scaun-econ-nsstr\/","url":"https:\/\/www.greenforest.ro\/old\/produs\/scaun-econ-nsstr\/","name":"Scaun Econ NSSTR - mobilier de birou GreenForest","isPartOf":{"@id":"https:\/\/www.greenforest.ro\/old\/#website"},"datePublished":"2018-05-04T10:19:24+00:00","dateModified":"2019-09-10T08:24:53+00:00","description":"Scaun Econ NSSTR - GreenForest - mobilier de birou, amenajari, professional furniture and fit out for a great office experience","breadcrumb":{"@id":"https:\/\/www.greenforest.ro\/old\/produs\/scaun-econ-nsstr\/#breadcrumb"},"inLanguage":"ro-RO","potentialAction":[{"@type":"ReadAction","target":["https:\/\/www.greenforest.ro\/old\/produs\/scaun-econ-nsstr\/"]}]},{"@type":"BreadcrumbList","@id":"https:\/\/www.greenforest.ro\/old\/produs\/scaun-econ-nsstr\/#breadcrumb","itemListElement":[{"@type":"ListItem","position":1,"name":"Prima pagin\u0103","item":"https:\/\/www.greenforest.ro\/old\/"},{"@type":"ListItem","position":2,"name":"Magazin","item":"https:\/\/www.greenforest.ro\/old\/store\/"},{"@type":"ListItem","position":3,"name":"Scaune Meeting","item":"https:\/\/www.greenforest.ro\/old\/categorie-produs\/scaune-meeting\/"},{"@type":"ListItem","position":4,"name":"Scaun Econ NSSTR"}]},{"@type":"WebSite","@id":"https:\/\/www.greenforest.ro\/old\/#website","url":"https:\/\/www.greenforest.ro\/old\/","name":"GreenForest - mobilier de birou","description":"Solu\u0163ii profesionale de amenajare birouri","publisher":{"@id":"https:\/\/www.greenforest.ro\/old\/#organization"},"potentialAction":[{"@type":"SearchAction","target":{"@type":"EntryPoint","urlTemplate":"https:\/\/www.greenforest.ro\/old\/?s={search_term_string}"},"query-input":"required name=search_term_string"}],"inLanguage":"ro-RO"},{"@type":"Organization","@id":"https:\/\/www.greenforest.ro\/old\/#organization","name":"Greenforest","url":"https:\/\/www.greenforest.ro\/old\/","logo":{"@type":"ImageObject","inLanguage":"ro-RO","@id":"https:\/\/www.greenforest.ro\/old\/#\/schema\/logo\/image\/","url":"https:\/\/www.greenforest.ro\/old\/wp-content\/uploads\/2018\/01\/sol-logo-greenforest.png","contentUrl":"https:\/\/www.greenforest.ro\/old\/wp-content\/uploads\/2018\/01\/sol-logo-greenforest.png","width":110,"height":110,"caption":"Greenforest"},"image":{"@id":"https:\/\/www.greenforest.ro\/old\/#\/schema\/logo\/image\/"},"sameAs":["https:\/\/www.facebook.com\/GreenForest.MobilierPentruBirou","https:\/\/www.instagram.com\/greenforest.ro\/","https:\/\/www.linkedin.com\/company\/greenforest\/"]}]}},"_links":{"self":[{"href":"https:\/\/www.greenforest.ro\/old\/wp-json\/wp\/v2\/product\/6012"}],"collection":[{"href":"https:\/\/www.greenforest.ro\/old\/wp-json\/wp\/v2\/product"}],"about":[{"href":"https:\/\/www.greenforest.ro\/old\/wp-json\/wp\/v2\/types\/product"}],"replies":[{"embeddable":true,"href":"https:\/\/www.greenforest.ro\/old\/wp-json\/wp\/v2\/comments?post=6012"}],"wp:featuredmedia":[{"embeddable":true,"href":"https:\/\/www.greenforest.ro\/old\/wp-json\/wp\/v2\/media\/6004"}],"wp:attachment":[{"href":"https:\/\/www.greenforest.ro\/old\/wp-json\/wp\/v2\/media?parent=6012"}],"curies":[{"name":"wp","href":"https:\/\/api.w.org\/{rel}","templated":true}]}}