{"id":5753,"date":"2018-02-25T17:05:29","date_gmt":"2018-02-25T15:05:29","guid":{"rendered":"https:\/\/www.greenforest.ro\/old\/produs\/sofa-silver-2-543\/"},"modified":"2019-09-11T10:44:30","modified_gmt":"2019-09-11T07:44:30","slug":"sofa-silver-2-543","status":"publish","type":"product","link":"https:\/\/www.greenforest.ro\/old\/produs\/sofa-silver-2-543\/","title":{"rendered":"Sofa Silver 2-543"},"content":{"rendered":"","protected":false},"excerpt":{"rendered":"<p>&#8211; Tapi\u021berie stof\u0103:<br \/>\nVision 439,441,442,443,444,445,446,447,448,449,450,451,452,453,454,455,456,457;<br \/>\n&#8211; Tapi\u021berie deta\u0219abil\u0103;<br \/>\n&#8211; Picioare cromate sau albe;<br \/>\n&#8211; Dimensiuni: L 183 x D 86 x H 73, \u00een\u0103l\u021bime \u0219ezut 38 cm;<br \/>\n&#8211; Design STINE ENGELBRECHTSEN.<br \/>\n<img loading=\"lazy\" decoding=\"async\" class=\"alignnone\" src=\"https:\/\/www.greenforest.ro\/old\/wp-content\/uploads\/2018\/01\/vision.png\" alt=\"culori disponibile\" width=\"410\" height=\"120\" \/><\/p>\n<h4>Dimensiuni<\/h4>\n<p>\u0218ezut 183cm l\u0103\u021bime x 86cm ad\u00e2ncime; \u00een\u0103l\u021bime total\u0103 73cm<\/p>\n","protected":false},"featured_media":5717,"comment_status":"closed","ping_status":"closed","template":"","meta":[],"acf":[],"yoast_head":"<!-- This site is optimized with the Yoast SEO plugin v21.6 - https:\/\/yoast.com\/wordpress\/plugins\/seo\/ -->\n<title>Sofa Silver 2-543 - mobilier de birou GreenForest Timisoara<\/title>\n<meta name=\"description\" content=\"Sofa Silver 2-543 - GreenForest - mobilier de birou, amenajari, professional furniture and fit out for a great office experience\" \/>\n<meta name=\"robots\" content=\"index, follow, max-snippet:-1, max-image-preview:large, max-video-preview:-1\" \/>\n<link rel=\"canonical\" href=\"https:\/\/www.greenforest.ro\/old\/produs\/sofa-silver-2-543\/\" \/>\n<meta name=\"twitter:card\" content=\"summary_large_image\" \/>\n<meta name=\"twitter:title\" content=\"Sofa Silver 2-543 - mobilier de birou GreenForest Timisoara\" \/>\n<meta name=\"twitter:description\" content=\"Sofa Silver 2-543 - GreenForest - mobilier de birou, amenajari, professional furniture and fit out for a great office experience\" \/>\n<meta name=\"twitter:image\" content=\"https:\/\/www.greenforest.ro\/old\/wp-content\/uploads\/2018\/02\/silver_Sofa.jpg\" \/>\n<!-- \/ Yoast SEO plugin. -->","yoast_head_json":{"title":"Sofa Silver 2-543 - mobilier de birou GreenForest Timisoara","description":"Sofa Silver 2-543 - GreenForest - mobilier de birou, amenajari, professional furniture and fit out for a great office experience","robots":{"index":"index","follow":"follow","max-snippet":"max-snippet:-1","max-image-preview":"max-image-preview:large","max-video-preview":"max-video-preview:-1"},"canonical":"https:\/\/www.greenforest.ro\/old\/produs\/sofa-silver-2-543\/","twitter_card":"summary_large_image","twitter_title":"Sofa Silver 2-543 - mobilier de birou GreenForest Timisoara","twitter_description":"Sofa Silver 2-543 - GreenForest - mobilier de birou, amenajari, professional furniture and fit out for a great office experience","twitter_image":"https:\/\/www.greenforest.ro\/old\/wp-content\/uploads\/2018\/02\/silver_Sofa.jpg","schema":{"@context":"https:\/\/schema.org","@graph":[{"@type":"WebPage","@id":"https:\/\/www.greenforest.ro\/old\/produs\/sofa-silver-2-543\/","url":"https:\/\/www.greenforest.ro\/old\/produs\/sofa-silver-2-543\/","name":"Sofa Silver 2-543 - mobilier de birou GreenForest Timisoara","isPartOf":{"@id":"https:\/\/www.greenforest.ro\/old\/#website"},"datePublished":"2018-02-25T15:05:29+00:00","dateModified":"2019-09-11T07:44:30+00:00","description":"Sofa Silver 2-543 - GreenForest - mobilier de birou, amenajari, professional furniture and fit out for a great office experience","breadcrumb":{"@id":"https:\/\/www.greenforest.ro\/old\/produs\/sofa-silver-2-543\/#breadcrumb"},"inLanguage":"ro-RO","potentialAction":[{"@type":"ReadAction","target":["https:\/\/www.greenforest.ro\/old\/produs\/sofa-silver-2-543\/"]}]},{"@type":"BreadcrumbList","@id":"https:\/\/www.greenforest.ro\/old\/produs\/sofa-silver-2-543\/#breadcrumb","itemListElement":[{"@type":"ListItem","position":1,"name":"Prima pagin\u0103","item":"https:\/\/www.greenforest.ro\/old\/"},{"@type":"ListItem","position":2,"name":"Magazin","item":"https:\/\/www.greenforest.ro\/old\/store\/"},{"@type":"ListItem","position":3,"name":"Scaune Lounge GreenForest","item":"https:\/\/www.greenforest.ro\/old\/categorie-produs\/scaune-lounge\/"},{"@type":"ListItem","position":4,"name":"Fotolii - canapele","item":"https:\/\/www.greenforest.ro\/old\/categorie-produs\/scaune-lounge\/fotolii-canapele\/"},{"@type":"ListItem","position":5,"name":"Fotolii Softline","item":"https:\/\/www.greenforest.ro\/old\/categorie-produs\/scaune-lounge\/fotolii-canapele\/softline-fotolii-canapele\/"},{"@type":"ListItem","position":6,"name":"Sofa Silver 2-543"}]},{"@type":"WebSite","@id":"https:\/\/www.greenforest.ro\/old\/#website","url":"https:\/\/www.greenforest.ro\/old\/","name":"GreenForest - mobilier de birou","description":"Solu\u0163ii profesionale de amenajare birouri","publisher":{"@id":"https:\/\/www.greenforest.ro\/old\/#organization"},"potentialAction":[{"@type":"SearchAction","target":{"@type":"EntryPoint","urlTemplate":"https:\/\/www.greenforest.ro\/old\/?s={search_term_string}"},"query-input":"required name=search_term_string"}],"inLanguage":"ro-RO"},{"@type":"Organization","@id":"https:\/\/www.greenforest.ro\/old\/#organization","name":"Greenforest","url":"https:\/\/www.greenforest.ro\/old\/","logo":{"@type":"ImageObject","inLanguage":"ro-RO","@id":"https:\/\/www.greenforest.ro\/old\/#\/schema\/logo\/image\/","url":"https:\/\/www.greenforest.ro\/old\/wp-content\/uploads\/2018\/01\/sol-logo-greenforest.png","contentUrl":"https:\/\/www.greenforest.ro\/old\/wp-content\/uploads\/2018\/01\/sol-logo-greenforest.png","width":110,"height":110,"caption":"Greenforest"},"image":{"@id":"https:\/\/www.greenforest.ro\/old\/#\/schema\/logo\/image\/"},"sameAs":["https:\/\/www.facebook.com\/GreenForest.MobilierPentruBirou","https:\/\/www.instagram.com\/greenforest.ro\/","https:\/\/www.linkedin.com\/company\/greenforest\/"]}]}},"_links":{"self":[{"href":"https:\/\/www.greenforest.ro\/old\/wp-json\/wp\/v2\/product\/5753"}],"collection":[{"href":"https:\/\/www.greenforest.ro\/old\/wp-json\/wp\/v2\/product"}],"about":[{"href":"https:\/\/www.greenforest.ro\/old\/wp-json\/wp\/v2\/types\/product"}],"replies":[{"embeddable":true,"href":"https:\/\/www.greenforest.ro\/old\/wp-json\/wp\/v2\/comments?post=5753"}],"wp:featuredmedia":[{"embeddable":true,"href":"https:\/\/www.greenforest.ro\/old\/wp-json\/wp\/v2\/media\/5717"}],"wp:attachment":[{"href":"https:\/\/www.greenforest.ro\/old\/wp-json\/wp\/v2\/media?parent=5753"}],"curies":[{"name":"wp","href":"https:\/\/api.w.org\/{rel}","templated":true}]}}