{"id":5746,"date":"2018-02-25T17:05:25","date_gmt":"2018-02-25T15:05:25","guid":{"rendered":"https:\/\/www.greenforest.ro\/old\/produs\/scaun-noomi-string-lounge-chair-2-445\/"},"modified":"2019-09-12T14:28:57","modified_gmt":"2019-09-12T11:28:57","slug":"scaun-noomi-string-lounge-chair-2-445","status":"publish","type":"product","link":"https:\/\/www.greenforest.ro\/old\/produs\/scaun-noomi-string-lounge-chair-2-445\/","title":{"rendered":"Scaun Noomi String Lounge chair 2-445"},"content":{"rendered":"","protected":false},"excerpt":{"rendered":"<p>&#8211; Tapi\u021berie stof\u0103:<br \/>\nEco Cotton 511, 512, 513, 514, 515, 516, 517, 518, 519, 520, 521, 522, 523.<br \/>\nVision 439,441,442,443,444,445,446,447,448,449,450,451,452,453,454,455,456,457;<br \/>\n&#8211; Tapi\u021berie deta\u0219abil\u0103;<br \/>\n&#8211; Structura cu 4 picioare negre sau albe;<br \/>\n&#8211; Dimensiuni: L 84 D 76 H 90, \u00een\u0103l\u021bime \u0219ezut 41\/45;<br \/>\n&#8211; Design SUSANNE GR?NLUND.<br \/>\n<img loading=\"lazy\" decoding=\"async\" class=\"alignnone\" src=\"https:\/\/www.greenforest.ro\/old\/wp-content\/uploads\/2018\/01\/cotton-vison.png\" alt=\"culori disponibile\" width=\"315\" height=\"185\" \/><\/p>\n<h4>Dimensiuni<\/h4>\n<p>\u0218ezut 84cm l\u0103\u021bime x 76cm ad\u00e2ncime; \u00een\u0103l\u021bime total\u0103 90cm<\/p>\n","protected":false},"featured_media":5702,"comment_status":"closed","ping_status":"closed","template":"","meta":[],"acf":[],"yoast_head":"<!-- This site is optimized with the Yoast SEO plugin v21.6 - https:\/\/yoast.com\/wordpress\/plugins\/seo\/ -->\n<title>Scaun Noomi String Lounge chair 2-445 - mobilier de birou GreenForest<\/title>\n<meta name=\"description\" content=\"Scaun Noomi String Lounge chair 2-445 - GreenForest - mobilier de birou, professional furniture and fit out for a great office experience\" \/>\n<meta name=\"robots\" content=\"index, follow, max-snippet:-1, max-image-preview:large, max-video-preview:-1\" \/>\n<link rel=\"canonical\" href=\"https:\/\/www.greenforest.ro\/old\/produs\/scaun-noomi-string-lounge-chair-2-445\/\" \/>\n<meta name=\"twitter:card\" content=\"summary_large_image\" \/>\n<meta name=\"twitter:title\" content=\"Scaun Noomi String Lounge chair 2-445 - mobilier de birou GreenForest\" \/>\n<meta name=\"twitter:description\" content=\"Scaun Noomi String Lounge chair 2-445 - GreenForest - mobilier de birou, professional furniture and fit out for a great office experience\" \/>\n<meta name=\"twitter:image\" content=\"https:\/\/www.greenforest.ro\/old\/wp-content\/uploads\/2018\/02\/NOOMI_string.jpg\" \/>\n<!-- \/ Yoast SEO plugin. -->","yoast_head_json":{"title":"Scaun Noomi String Lounge chair 2-445 - mobilier de birou GreenForest","description":"Scaun Noomi String Lounge chair 2-445 - GreenForest - mobilier de birou, professional furniture and fit out for a great office experience","robots":{"index":"index","follow":"follow","max-snippet":"max-snippet:-1","max-image-preview":"max-image-preview:large","max-video-preview":"max-video-preview:-1"},"canonical":"https:\/\/www.greenforest.ro\/old\/produs\/scaun-noomi-string-lounge-chair-2-445\/","twitter_card":"summary_large_image","twitter_title":"Scaun Noomi String Lounge chair 2-445 - mobilier de birou GreenForest","twitter_description":"Scaun Noomi String Lounge chair 2-445 - GreenForest - mobilier de birou, professional furniture and fit out for a great office experience","twitter_image":"https:\/\/www.greenforest.ro\/old\/wp-content\/uploads\/2018\/02\/NOOMI_string.jpg","schema":{"@context":"https:\/\/schema.org","@graph":[{"@type":"WebPage","@id":"https:\/\/www.greenforest.ro\/old\/en\/produs\/scaun-noomi-string-lounge-chair-2-445\/","url":"https:\/\/www.greenforest.ro\/old\/en\/produs\/scaun-noomi-string-lounge-chair-2-445\/","name":"Scaun Noomi String Lounge chair 2-445 - mobilier de birou GreenForest","isPartOf":{"@id":"https:\/\/www.greenforest.ro\/old\/#website"},"datePublished":"2018-02-25T15:05:25+00:00","dateModified":"2019-09-12T11:28:57+00:00","description":"Scaun Noomi String Lounge chair 2-445 - GreenForest - mobilier de birou, professional furniture and fit out for a great office experience","breadcrumb":{"@id":"https:\/\/www.greenforest.ro\/old\/en\/produs\/scaun-noomi-string-lounge-chair-2-445\/#breadcrumb"},"inLanguage":"ro-RO","potentialAction":[{"@type":"ReadAction","target":["https:\/\/www.greenforest.ro\/old\/en\/produs\/scaun-noomi-string-lounge-chair-2-445\/"]}]},{"@type":"BreadcrumbList","@id":"https:\/\/www.greenforest.ro\/old\/en\/produs\/scaun-noomi-string-lounge-chair-2-445\/#breadcrumb","itemListElement":[{"@type":"ListItem","position":1,"name":"Prima pagin\u0103","item":"https:\/\/www.greenforest.ro\/old\/"},{"@type":"ListItem","position":2,"name":"Magazin","item":"https:\/\/www.greenforest.ro\/old\/store\/"},{"@type":"ListItem","position":3,"name":"Scaune Lounge GreenForest","item":"https:\/\/www.greenforest.ro\/old\/categorie-produs\/scaune-lounge\/"},{"@type":"ListItem","position":4,"name":"Scaune","item":"https:\/\/www.greenforest.ro\/old\/categorie-produs\/scaune-lounge\/scaune\/"},{"@type":"ListItem","position":5,"name":"Scaune lounge Softline","item":"https:\/\/www.greenforest.ro\/old\/categorie-produs\/scaune-lounge\/scaune\/softline-scaune\/"},{"@type":"ListItem","position":6,"name":"Scaun Noomi String Lounge chair 2-445"}]},{"@type":"WebSite","@id":"https:\/\/www.greenforest.ro\/old\/#website","url":"https:\/\/www.greenforest.ro\/old\/","name":"GreenForest - mobilier de birou","description":"Solu\u0163ii profesionale de amenajare birouri","publisher":{"@id":"https:\/\/www.greenforest.ro\/old\/#organization"},"potentialAction":[{"@type":"SearchAction","target":{"@type":"EntryPoint","urlTemplate":"https:\/\/www.greenforest.ro\/old\/?s={search_term_string}"},"query-input":"required name=search_term_string"}],"inLanguage":"ro-RO"},{"@type":"Organization","@id":"https:\/\/www.greenforest.ro\/old\/#organization","name":"Greenforest","url":"https:\/\/www.greenforest.ro\/old\/","logo":{"@type":"ImageObject","inLanguage":"ro-RO","@id":"https:\/\/www.greenforest.ro\/old\/#\/schema\/logo\/image\/","url":"https:\/\/www.greenforest.ro\/old\/wp-content\/uploads\/2018\/01\/sol-logo-greenforest.png","contentUrl":"https:\/\/www.greenforest.ro\/old\/wp-content\/uploads\/2018\/01\/sol-logo-greenforest.png","width":110,"height":110,"caption":"Greenforest"},"image":{"@id":"https:\/\/www.greenforest.ro\/old\/#\/schema\/logo\/image\/"},"sameAs":["https:\/\/www.facebook.com\/GreenForest.MobilierPentruBirou","https:\/\/www.instagram.com\/greenforest.ro\/","https:\/\/www.linkedin.com\/company\/greenforest\/"]}]}},"_links":{"self":[{"href":"https:\/\/www.greenforest.ro\/old\/wp-json\/wp\/v2\/product\/5746"}],"collection":[{"href":"https:\/\/www.greenforest.ro\/old\/wp-json\/wp\/v2\/product"}],"about":[{"href":"https:\/\/www.greenforest.ro\/old\/wp-json\/wp\/v2\/types\/product"}],"replies":[{"embeddable":true,"href":"https:\/\/www.greenforest.ro\/old\/wp-json\/wp\/v2\/comments?post=5746"}],"wp:featuredmedia":[{"embeddable":true,"href":"https:\/\/www.greenforest.ro\/old\/wp-json\/wp\/v2\/media\/5702"}],"wp:attachment":[{"href":"https:\/\/www.greenforest.ro\/old\/wp-json\/wp\/v2\/media?parent=5746"}],"curies":[{"name":"wp","href":"https:\/\/api.w.org\/{rel}","templated":true}]}}