{"id":5197,"date":"2018-01-24T13:28:02","date_gmt":"2018-01-24T11:28:02","guid":{"rendered":"https:\/\/www.greenforest.ro\/old\/produs\/taburet-basket-pouf-large-2-291\/"},"modified":"2019-09-13T16:37:21","modified_gmt":"2019-09-13T13:37:21","slug":"taburet-basket-pouf-large-2-291","status":"publish","type":"product","link":"https:\/\/www.greenforest.ro\/old\/produs\/taburet-basket-pouf-large-2-291\/","title":{"rendered":"Taburet Basket Pouf large 2-291"},"content":{"rendered":"","protected":false},"excerpt":{"rendered":"<p>&#8211; Taburet folosit ca suport de picioare pentru relaxare;<br \/>\n&#8211; Tapi\u021berie stof\u0103:<br \/>\nEco Cotton 511, 512, 513, 514, 515, 516, 517, 518, 519, 520, 521, 522, 523.<br \/>\nVision 439,441,442,443,444,445,446,447,448,449,450,451,452,453,454,455,456,457;<br \/>\n&#8211; Tapi\u021berie deta\u0219abil\u0103;<br \/>\n&#8211; Dimensiuni: L 142 x D 50 x H 42, \u00een\u0103l\u021bime \u0219ezut 42 cm;<br \/>\n&#8211; Design MATTHIAS DEMACKER.<\/p>\n<h4>Dimensiuni<\/h4>\n<p>\u0218ezut 142cm l\u0103\u021bime x 50cm ad\u00e2ncime; \u00een\u0103l\u021bime total\u0103 42cm<\/p>\n<h4>Culori<\/h4>\n<p><img loading=\"lazy\" decoding=\"async\" class=\"alignnone\" src=\"https:\/\/www.greenforest.ro\/old\/wp-content\/uploads\/2018\/01\/cotton-vison.png\" alt=\"culori disponibile\" width=\"315\" height=\"185\" \/><\/p>\n","protected":false},"featured_media":5160,"comment_status":"closed","ping_status":"closed","template":"","meta":[],"acf":[],"yoast_head":"<!-- This site is optimized with the Yoast SEO plugin v21.6 - https:\/\/yoast.com\/wordpress\/plugins\/seo\/ -->\n<title>Taburet Basket Pouf large 2-291 - mobilier de birou GreenForest<\/title>\n<meta name=\"description\" content=\"Taburet Basket Pouf large 2-291 - GreenForest - mobilier de birou, professional furniture and fit out for a great office experience\" \/>\n<meta name=\"robots\" content=\"index, follow, max-snippet:-1, max-image-preview:large, max-video-preview:-1\" \/>\n<link rel=\"canonical\" href=\"https:\/\/www.greenforest.ro\/old\/produs\/taburet-basket-pouf-large-2-291\/\" \/>\n<meta name=\"twitter:card\" content=\"summary_large_image\" \/>\n<meta name=\"twitter:title\" content=\"Taburet Basket Pouf large 2-291 - mobilier de birou GreenForest\" \/>\n<meta name=\"twitter:description\" content=\"Taburet Basket Pouf large 2-291 - GreenForest - mobilier de birou, professional furniture and fit out for a great office experience\" \/>\n<meta name=\"twitter:image\" content=\"https:\/\/www.greenforest.ro\/old\/wp-content\/uploads\/2018\/01\/taburet_large.jpg\" \/>\n<!-- \/ Yoast SEO plugin. -->","yoast_head_json":{"title":"Taburet Basket Pouf large 2-291 - mobilier de birou GreenForest","description":"Taburet Basket Pouf large 2-291 - GreenForest - mobilier de birou, professional furniture and fit out for a great office experience","robots":{"index":"index","follow":"follow","max-snippet":"max-snippet:-1","max-image-preview":"max-image-preview:large","max-video-preview":"max-video-preview:-1"},"canonical":"https:\/\/www.greenforest.ro\/old\/produs\/taburet-basket-pouf-large-2-291\/","twitter_card":"summary_large_image","twitter_title":"Taburet Basket Pouf large 2-291 - mobilier de birou GreenForest","twitter_description":"Taburet Basket Pouf large 2-291 - GreenForest - mobilier de birou, professional furniture and fit out for a great office experience","twitter_image":"https:\/\/www.greenforest.ro\/old\/wp-content\/uploads\/2018\/01\/taburet_large.jpg","schema":{"@context":"https:\/\/schema.org","@graph":[{"@type":"WebPage","@id":"https:\/\/www.greenforest.ro\/old\/produs\/taburet-basket-pouf-large-2-291\/","url":"https:\/\/www.greenforest.ro\/old\/produs\/taburet-basket-pouf-large-2-291\/","name":"Taburet Basket Pouf large 2-291 - mobilier de birou GreenForest","isPartOf":{"@id":"https:\/\/www.greenforest.ro\/old\/#website"},"datePublished":"2018-01-24T11:28:02+00:00","dateModified":"2019-09-13T13:37:21+00:00","description":"Taburet Basket Pouf large 2-291 - GreenForest - mobilier de birou, professional furniture and fit out for a great office experience","breadcrumb":{"@id":"https:\/\/www.greenforest.ro\/old\/produs\/taburet-basket-pouf-large-2-291\/#breadcrumb"},"inLanguage":"ro-RO","potentialAction":[{"@type":"ReadAction","target":["https:\/\/www.greenforest.ro\/old\/produs\/taburet-basket-pouf-large-2-291\/"]}]},{"@type":"BreadcrumbList","@id":"https:\/\/www.greenforest.ro\/old\/produs\/taburet-basket-pouf-large-2-291\/#breadcrumb","itemListElement":[{"@type":"ListItem","position":1,"name":"Prima pagin\u0103","item":"https:\/\/www.greenforest.ro\/old\/"},{"@type":"ListItem","position":2,"name":"Magazin","item":"https:\/\/www.greenforest.ro\/old\/store\/"},{"@type":"ListItem","position":3,"name":"Scaune Lounge GreenForest","item":"https:\/\/www.greenforest.ro\/old\/categorie-produs\/scaune-lounge\/"},{"@type":"ListItem","position":4,"name":"Fotolii - canapele","item":"https:\/\/www.greenforest.ro\/old\/categorie-produs\/scaune-lounge\/fotolii-canapele\/"},{"@type":"ListItem","position":5,"name":"Fotolii Softline","item":"https:\/\/www.greenforest.ro\/old\/categorie-produs\/scaune-lounge\/fotolii-canapele\/softline-fotolii-canapele\/"},{"@type":"ListItem","position":6,"name":"Taburet Basket Pouf large 2-291"}]},{"@type":"WebSite","@id":"https:\/\/www.greenforest.ro\/old\/#website","url":"https:\/\/www.greenforest.ro\/old\/","name":"GreenForest - mobilier de birou","description":"Solu\u0163ii profesionale de amenajare birouri","publisher":{"@id":"https:\/\/www.greenforest.ro\/old\/#organization"},"potentialAction":[{"@type":"SearchAction","target":{"@type":"EntryPoint","urlTemplate":"https:\/\/www.greenforest.ro\/old\/?s={search_term_string}"},"query-input":"required name=search_term_string"}],"inLanguage":"ro-RO"},{"@type":"Organization","@id":"https:\/\/www.greenforest.ro\/old\/#organization","name":"Greenforest","url":"https:\/\/www.greenforest.ro\/old\/","logo":{"@type":"ImageObject","inLanguage":"ro-RO","@id":"https:\/\/www.greenforest.ro\/old\/#\/schema\/logo\/image\/","url":"https:\/\/www.greenforest.ro\/old\/wp-content\/uploads\/2018\/01\/sol-logo-greenforest.png","contentUrl":"https:\/\/www.greenforest.ro\/old\/wp-content\/uploads\/2018\/01\/sol-logo-greenforest.png","width":110,"height":110,"caption":"Greenforest"},"image":{"@id":"https:\/\/www.greenforest.ro\/old\/#\/schema\/logo\/image\/"},"sameAs":["https:\/\/www.facebook.com\/GreenForest.MobilierPentruBirou","https:\/\/www.instagram.com\/greenforest.ro\/","https:\/\/www.linkedin.com\/company\/greenforest\/"]}]}},"_links":{"self":[{"href":"https:\/\/www.greenforest.ro\/old\/wp-json\/wp\/v2\/product\/5197"}],"collection":[{"href":"https:\/\/www.greenforest.ro\/old\/wp-json\/wp\/v2\/product"}],"about":[{"href":"https:\/\/www.greenforest.ro\/old\/wp-json\/wp\/v2\/types\/product"}],"replies":[{"embeddable":true,"href":"https:\/\/www.greenforest.ro\/old\/wp-json\/wp\/v2\/comments?post=5197"}],"wp:featuredmedia":[{"embeddable":true,"href":"https:\/\/www.greenforest.ro\/old\/wp-json\/wp\/v2\/media\/5160"}],"wp:attachment":[{"href":"https:\/\/www.greenforest.ro\/old\/wp-json\/wp\/v2\/media?parent=5197"}],"curies":[{"name":"wp","href":"https:\/\/api.w.org\/{rel}","templated":true}]}}