{"id":4823,"date":"2018-01-17T18:39:46","date_gmt":"2018-01-17T16:39:46","guid":{"rendered":"https:\/\/www.greenforest.ro\/old\/produs\/scaun-birou-q7b-120-120x67x74h-cm\/"},"modified":"2021-01-12T13:41:02","modified_gmt":"2021-01-12T11:41:02","slug":"birou-q7b-120-120x67x74h-cm","status":"publish","type":"product","link":"https:\/\/www.greenforest.ro\/old\/produs\/birou-q7b-120-120x67x74h-cm\/","title":{"rendered":"Birou Q7B 120 (120x67x74H cm)"},"content":{"rendered":"","protected":false},"excerpt":{"rendered":"<p>&#8211; blat birou PAL melaminat de grosime 18 mm cu cant ABS;<br \/>\n&#8211; structura metalica cu 4 picioare rectangulare 40&#215;40 mm, tip &#8220;U&#8221;, vopsita in camp electrostatic, culori gri RAL 9006 sau alb;<br \/>\n&#8211; culori PAL melaminat: alb, gri uni, mesteacan, fag, nuc pacific.<\/p>\n<p><img loading=\"lazy\" decoding=\"async\" class=\"size-medium wp-image-6660\" title=\"culori quadro\" src=\"https:\/\/www.greenforest.ro\/old\/wp-content\/uploads\/2019\/03\/culori_quadro-300x58.png\" alt=\"culori quadro\" width=\"300\" height=\"58\" srcset=\"https:\/\/www.greenforest.ro\/old\/wp-content\/uploads\/2019\/03\/culori_quadro-300x58.png 300w, https:\/\/www.greenforest.ro\/old\/wp-content\/uploads\/2019\/03\/culori_quadro.png 433w\" sizes=\"(max-width: 300px) 100vw, 300px\" \/><\/p>\n<h4>Dimensiuni<\/h4>\n<p>Lungime 120cm, ad\u00e2ncime 67cm, \u00een\u0103l\u021bime 74cm<\/p>\n<h4>Optional<\/h4>\n<p>Optional cu canal cabluri si doua capace trecere cabluri rotunde Q7B 120C<\/p>\n","protected":false},"featured_media":7576,"comment_status":"closed","ping_status":"closed","template":"","meta":[],"acf":[],"yoast_head":"<!-- This site is optimized with the Yoast SEO plugin v21.6 - https:\/\/yoast.com\/wordpress\/plugins\/seo\/ -->\n<title>Birou Q7B 120 (120x67x74H cm) - mobilier birou GreenForest<\/title>\n<meta name=\"description\" content=\"Birou Q7B 120 (120x67x74H cm) - GreenForest - mobilier de birou, professional furniture and fit out for a great office experience\" \/>\n<meta name=\"robots\" content=\"index, follow, max-snippet:-1, max-image-preview:large, max-video-preview:-1\" \/>\n<link rel=\"canonical\" href=\"https:\/\/www.greenforest.ro\/old\/produs\/birou-q7b-120-120x67x74h-cm\/\" \/>\n<meta name=\"twitter:card\" content=\"summary_large_image\" \/>\n<meta name=\"twitter:title\" content=\"Birou Q7B 120 (120x67x74H cm) - mobilier birou GreenForest\" \/>\n<meta name=\"twitter:description\" content=\"Birou Q7B 120 (120x67x74H cm) - GreenForest - mobilier de birou, professional furniture and fit out for a great office experience\" \/>\n<meta name=\"twitter:image\" content=\"https:\/\/www.greenforest.ro\/old\/wp-content\/uploads\/2019\/09\/q7ba120_40x40x80.jpg\" \/>\n<!-- \/ Yoast SEO plugin. -->","yoast_head_json":{"title":"Birou Q7B 120 (120x67x74H cm) - mobilier birou GreenForest","description":"Birou Q7B 120 (120x67x74H cm) - GreenForest - mobilier de birou, professional furniture and fit out for a great office experience","robots":{"index":"index","follow":"follow","max-snippet":"max-snippet:-1","max-image-preview":"max-image-preview:large","max-video-preview":"max-video-preview:-1"},"canonical":"https:\/\/www.greenforest.ro\/old\/produs\/birou-q7b-120-120x67x74h-cm\/","twitter_card":"summary_large_image","twitter_title":"Birou Q7B 120 (120x67x74H cm) - mobilier birou GreenForest","twitter_description":"Birou Q7B 120 (120x67x74H cm) - GreenForest - mobilier de birou, professional furniture and fit out for a great office experience","twitter_image":"https:\/\/www.greenforest.ro\/old\/wp-content\/uploads\/2019\/09\/q7ba120_40x40x80.jpg","schema":{"@context":"https:\/\/schema.org","@graph":[{"@type":"WebPage","@id":"https:\/\/www.greenforest.ro\/old\/produs\/birou-q7b-120-120x67x74h-cm\/","url":"https:\/\/www.greenforest.ro\/old\/produs\/birou-q7b-120-120x67x74h-cm\/","name":"Birou Q7B 120 (120x67x74H cm) - mobilier birou GreenForest","isPartOf":{"@id":"https:\/\/www.greenforest.ro\/old\/#website"},"datePublished":"2018-01-17T16:39:46+00:00","dateModified":"2021-01-12T11:41:02+00:00","description":"Birou Q7B 120 (120x67x74H cm) - GreenForest - mobilier de birou, professional furniture and fit out for a great office experience","breadcrumb":{"@id":"https:\/\/www.greenforest.ro\/old\/produs\/birou-q7b-120-120x67x74h-cm\/#breadcrumb"},"inLanguage":"ro-RO","potentialAction":[{"@type":"ReadAction","target":["https:\/\/www.greenforest.ro\/old\/produs\/birou-q7b-120-120x67x74h-cm\/"]}]},{"@type":"BreadcrumbList","@id":"https:\/\/www.greenforest.ro\/old\/produs\/birou-q7b-120-120x67x74h-cm\/#breadcrumb","itemListElement":[{"@type":"ListItem","position":1,"name":"Prima pagin\u0103","item":"https:\/\/www.greenforest.ro\/old\/"},{"@type":"ListItem","position":2,"name":"Magazin","item":"https:\/\/www.greenforest.ro\/old\/store\/"},{"@type":"ListItem","position":3,"name":"Birouri Operative","item":"https:\/\/www.greenforest.ro\/old\/categorie-produs\/birouri-operative\/"},{"@type":"ListItem","position":4,"name":"Individuale","item":"https:\/\/www.greenforest.ro\/old\/categorie-produs\/birouri-operative\/individuale\/"},{"@type":"ListItem","position":5,"name":"Birouri operative Quadro","item":"https:\/\/www.greenforest.ro\/old\/categorie-produs\/birouri-operative\/individuale\/quadro\/"},{"@type":"ListItem","position":6,"name":"Birou Q7B 120 (120x67x74H cm)"}]},{"@type":"WebSite","@id":"https:\/\/www.greenforest.ro\/old\/#website","url":"https:\/\/www.greenforest.ro\/old\/","name":"GreenForest - mobilier de birou","description":"Solu\u0163ii profesionale de amenajare birouri","publisher":{"@id":"https:\/\/www.greenforest.ro\/old\/#organization"},"potentialAction":[{"@type":"SearchAction","target":{"@type":"EntryPoint","urlTemplate":"https:\/\/www.greenforest.ro\/old\/?s={search_term_string}"},"query-input":"required name=search_term_string"}],"inLanguage":"ro-RO"},{"@type":"Organization","@id":"https:\/\/www.greenforest.ro\/old\/#organization","name":"Greenforest","url":"https:\/\/www.greenforest.ro\/old\/","logo":{"@type":"ImageObject","inLanguage":"ro-RO","@id":"https:\/\/www.greenforest.ro\/old\/#\/schema\/logo\/image\/","url":"https:\/\/www.greenforest.ro\/old\/wp-content\/uploads\/2018\/01\/sol-logo-greenforest.png","contentUrl":"https:\/\/www.greenforest.ro\/old\/wp-content\/uploads\/2018\/01\/sol-logo-greenforest.png","width":110,"height":110,"caption":"Greenforest"},"image":{"@id":"https:\/\/www.greenforest.ro\/old\/#\/schema\/logo\/image\/"},"sameAs":["https:\/\/www.facebook.com\/GreenForest.MobilierPentruBirou","https:\/\/www.instagram.com\/greenforest.ro\/","https:\/\/www.linkedin.com\/company\/greenforest\/"]}]}},"_links":{"self":[{"href":"https:\/\/www.greenforest.ro\/old\/wp-json\/wp\/v2\/product\/4823"}],"collection":[{"href":"https:\/\/www.greenforest.ro\/old\/wp-json\/wp\/v2\/product"}],"about":[{"href":"https:\/\/www.greenforest.ro\/old\/wp-json\/wp\/v2\/types\/product"}],"replies":[{"embeddable":true,"href":"https:\/\/www.greenforest.ro\/old\/wp-json\/wp\/v2\/comments?post=4823"}],"wp:featuredmedia":[{"embeddable":true,"href":"https:\/\/www.greenforest.ro\/old\/wp-json\/wp\/v2\/media\/7576"}],"wp:attachment":[{"href":"https:\/\/www.greenforest.ro\/old\/wp-json\/wp\/v2\/media?parent=4823"}],"curies":[{"name":"wp","href":"https:\/\/api.w.org\/{rel}","templated":true}]}}