{"id":4345,"date":"2017-12-21T11:48:44","date_gmt":"2017-12-21T09:48:44","guid":{"rendered":"https:\/\/www.greenforest.ro\/old\/produs\/scaun-gslb\/"},"modified":"2019-09-10T12:06:13","modified_gmt":"2019-09-10T09:06:13","slug":"scaun-gslb","status":"publish","type":"product","link":"https:\/\/www.greenforest.ro\/old\/produs\/scaun-gslb\/","title":{"rendered":"Scaun GSLB"},"content":{"rendered":"","protected":false},"excerpt":{"rendered":"<p>&#8211; 4 picioare lemn fag natur, nuc sau wenge;<br \/>\n&#8211; \u0218ezut tapi\u021bat piele ecologic\u0103 sau stof\u0103.<\/p>\n<h4>Dimensiuni<\/h4>\n<p>\u0218ezut 53cm l\u0103\u021bime x 59cm ad\u00e2ncime; \u00een\u0103l\u021bime total\u0103 88cm<\/p>\n","protected":false},"featured_media":4266,"comment_status":"closed","ping_status":"closed","template":"","meta":[],"acf":[],"yoast_head":"<!-- This site is optimized with the Yoast SEO plugin v21.6 - https:\/\/yoast.com\/wordpress\/plugins\/seo\/ -->\n<title>Scaun GSLB - mobilier de birou GreenForest Timisoara<\/title>\n<meta name=\"description\" content=\"Scaun GSLB - GreenForest - mobilier de birou, amenajari, professional furniture and fit out for a great office experience\" \/>\n<meta name=\"robots\" content=\"index, follow, max-snippet:-1, max-image-preview:large, max-video-preview:-1\" \/>\n<link rel=\"canonical\" href=\"https:\/\/www.greenforest.ro\/old\/produs\/scaun-gslb\/\" \/>\n<meta name=\"twitter:card\" content=\"summary_large_image\" \/>\n<meta name=\"twitter:title\" content=\"Scaun GSLB - mobilier de birou GreenForest Timisoara\" \/>\n<meta name=\"twitter:description\" content=\"Scaun GSLB - GreenForest - mobilier de birou, amenajari, professional furniture and fit out for a great office experience\" \/>\n<meta name=\"twitter:image\" content=\"https:\/\/www.greenforest.ro\/old\/wp-content\/uploads\/2017\/12\/gslb.png\" \/>\n<!-- \/ Yoast SEO plugin. -->","yoast_head_json":{"title":"Scaun GSLB - mobilier de birou GreenForest Timisoara","description":"Scaun GSLB - GreenForest - mobilier de birou, amenajari, professional furniture and fit out for a great office experience","robots":{"index":"index","follow":"follow","max-snippet":"max-snippet:-1","max-image-preview":"max-image-preview:large","max-video-preview":"max-video-preview:-1"},"canonical":"https:\/\/www.greenforest.ro\/old\/produs\/scaun-gslb\/","twitter_card":"summary_large_image","twitter_title":"Scaun GSLB - mobilier de birou GreenForest Timisoara","twitter_description":"Scaun GSLB - GreenForest - mobilier de birou, amenajari, professional furniture and fit out for a great office experience","twitter_image":"https:\/\/www.greenforest.ro\/old\/wp-content\/uploads\/2017\/12\/gslb.png","schema":{"@context":"https:\/\/schema.org","@graph":[{"@type":"WebPage","@id":"https:\/\/www.greenforest.ro\/old\/produs\/scaun-gslb\/","url":"https:\/\/www.greenforest.ro\/old\/produs\/scaun-gslb\/","name":"Scaun GSLB - mobilier de birou GreenForest Timisoara","isPartOf":{"@id":"https:\/\/www.greenforest.ro\/old\/#website"},"datePublished":"2017-12-21T09:48:44+00:00","dateModified":"2019-09-10T09:06:13+00:00","description":"Scaun GSLB - GreenForest - mobilier de birou, amenajari, professional furniture and fit out for a great office experience","breadcrumb":{"@id":"https:\/\/www.greenforest.ro\/old\/produs\/scaun-gslb\/#breadcrumb"},"inLanguage":"ro-RO","potentialAction":[{"@type":"ReadAction","target":["https:\/\/www.greenforest.ro\/old\/produs\/scaun-gslb\/"]}]},{"@type":"BreadcrumbList","@id":"https:\/\/www.greenforest.ro\/old\/produs\/scaun-gslb\/#breadcrumb","itemListElement":[{"@type":"ListItem","position":1,"name":"Prima pagin\u0103","item":"https:\/\/www.greenforest.ro\/old\/"},{"@type":"ListItem","position":2,"name":"Magazin","item":"https:\/\/www.greenforest.ro\/old\/store\/"},{"@type":"ListItem","position":3,"name":"Scaune Cantina-Cafeteria","item":"https:\/\/www.greenforest.ro\/old\/categorie-produs\/scaune-cantina-cafeteria\/"},{"@type":"ListItem","position":4,"name":"Scaune tapi\u021bate","item":"https:\/\/www.greenforest.ro\/old\/categorie-produs\/scaune-cantina-cafeteria\/scaune-tapitate\/"},{"@type":"ListItem","position":5,"name":"Scaun GSLB"}]},{"@type":"WebSite","@id":"https:\/\/www.greenforest.ro\/old\/#website","url":"https:\/\/www.greenforest.ro\/old\/","name":"GreenForest - mobilier de birou","description":"Solu\u0163ii profesionale de amenajare birouri","publisher":{"@id":"https:\/\/www.greenforest.ro\/old\/#organization"},"potentialAction":[{"@type":"SearchAction","target":{"@type":"EntryPoint","urlTemplate":"https:\/\/www.greenforest.ro\/old\/?s={search_term_string}"},"query-input":"required name=search_term_string"}],"inLanguage":"ro-RO"},{"@type":"Organization","@id":"https:\/\/www.greenforest.ro\/old\/#organization","name":"Greenforest","url":"https:\/\/www.greenforest.ro\/old\/","logo":{"@type":"ImageObject","inLanguage":"ro-RO","@id":"https:\/\/www.greenforest.ro\/old\/#\/schema\/logo\/image\/","url":"https:\/\/www.greenforest.ro\/old\/wp-content\/uploads\/2018\/01\/sol-logo-greenforest.png","contentUrl":"https:\/\/www.greenforest.ro\/old\/wp-content\/uploads\/2018\/01\/sol-logo-greenforest.png","width":110,"height":110,"caption":"Greenforest"},"image":{"@id":"https:\/\/www.greenforest.ro\/old\/#\/schema\/logo\/image\/"},"sameAs":["https:\/\/www.facebook.com\/GreenForest.MobilierPentruBirou","https:\/\/www.instagram.com\/greenforest.ro\/","https:\/\/www.linkedin.com\/company\/greenforest\/"]}]}},"_links":{"self":[{"href":"https:\/\/www.greenforest.ro\/old\/wp-json\/wp\/v2\/product\/4345"}],"collection":[{"href":"https:\/\/www.greenforest.ro\/old\/wp-json\/wp\/v2\/product"}],"about":[{"href":"https:\/\/www.greenforest.ro\/old\/wp-json\/wp\/v2\/types\/product"}],"replies":[{"embeddable":true,"href":"https:\/\/www.greenforest.ro\/old\/wp-json\/wp\/v2\/comments?post=4345"}],"wp:featuredmedia":[{"embeddable":true,"href":"https:\/\/www.greenforest.ro\/old\/wp-json\/wp\/v2\/media\/4266"}],"wp:attachment":[{"href":"https:\/\/www.greenforest.ro\/old\/wp-json\/wp\/v2\/media?parent=4345"}],"curies":[{"name":"wp","href":"https:\/\/api.w.org\/{rel}","templated":true}]}}