{"id":4327,"date":"2017-12-21T11:48:40","date_gmt":"2017-12-21T09:48:40","guid":{"rendered":"https:\/\/www.greenforest.ro\/old\/produs\/scaun-anta-pc\/"},"modified":"2019-09-10T23:23:09","modified_gmt":"2019-09-10T20:23:09","slug":"scaun-anta-pc","status":"publish","type":"product","link":"https:\/\/www.greenforest.ro\/old\/produs\/scaun-anta-pc\/","title":{"rendered":"Scaun Anta PC"},"content":{"rendered":"","protected":false},"excerpt":{"rendered":"<p>&#8211; 4 picioare crom;<br \/>\n&#8211; \u0218ezut si spatar plastic.<\/p>\n<h4>Dimensiuni<\/h4>\n<p>\u0218ezut 58cm l\u0103\u021bime x 43cm ad\u00e2ncime; \u00een\u0103l\u021bime total\u0103 81cm<\/p>\n<h4>Culori<\/h4>\n<p><img loading=\"lazy\" decoding=\"async\" class=\"alignnone\" src=\"https:\/\/www.greenforest.ro\/old\/wp-content\/uploads\/2017\/12\/culori-antap.jpg\" alt=\"culori disponibile\" width=\"901\" height=\"290\" \/><\/p>\n","protected":false},"featured_media":4279,"comment_status":"closed","ping_status":"closed","template":"","meta":[],"acf":[],"yoast_head":"<!-- This site is optimized with the Yoast SEO plugin v21.6 - https:\/\/yoast.com\/wordpress\/plugins\/seo\/ -->\n<title>Scaun Anta PC - mobilier de birou GreenForest Timisoara<\/title>\n<meta name=\"description\" content=\"Scaun Anta PC - GreenForest - mobilier de birou, amenajari, professional furniture and fit out for a great office experience\" \/>\n<meta name=\"robots\" content=\"index, follow, max-snippet:-1, max-image-preview:large, max-video-preview:-1\" \/>\n<link rel=\"canonical\" href=\"https:\/\/www.greenforest.ro\/old\/produs\/scaun-anta-pc\/\" \/>\n<meta name=\"twitter:card\" content=\"summary_large_image\" \/>\n<meta name=\"twitter:title\" content=\"Scaun Anta PC - mobilier de birou GreenForest Timisoara\" \/>\n<meta name=\"twitter:description\" content=\"Scaun Anta PC - GreenForest - mobilier de birou, amenajari, professional furniture and fit out for a great office experience\" \/>\n<meta name=\"twitter:image\" content=\"https:\/\/www.greenforest.ro\/old\/wp-content\/uploads\/2017\/12\/scaun_anta.png\" \/>\n<!-- \/ Yoast SEO plugin. -->","yoast_head_json":{"title":"Scaun Anta PC - mobilier de birou GreenForest Timisoara","description":"Scaun Anta PC - GreenForest - mobilier de birou, amenajari, professional furniture and fit out for a great office experience","robots":{"index":"index","follow":"follow","max-snippet":"max-snippet:-1","max-image-preview":"max-image-preview:large","max-video-preview":"max-video-preview:-1"},"canonical":"https:\/\/www.greenforest.ro\/old\/produs\/scaun-anta-pc\/","twitter_card":"summary_large_image","twitter_title":"Scaun Anta PC - mobilier de birou GreenForest Timisoara","twitter_description":"Scaun Anta PC - GreenForest - mobilier de birou, amenajari, professional furniture and fit out for a great office experience","twitter_image":"https:\/\/www.greenforest.ro\/old\/wp-content\/uploads\/2017\/12\/scaun_anta.png","schema":{"@context":"https:\/\/schema.org","@graph":[{"@type":"WebPage","@id":"https:\/\/www.greenforest.ro\/old\/produs\/scaun-anta-pc\/","url":"https:\/\/www.greenforest.ro\/old\/produs\/scaun-anta-pc\/","name":"Scaun Anta PC - mobilier de birou GreenForest Timisoara","isPartOf":{"@id":"https:\/\/www.greenforest.ro\/old\/#website"},"datePublished":"2017-12-21T09:48:40+00:00","dateModified":"2019-09-10T20:23:09+00:00","description":"Scaun Anta PC - GreenForest - mobilier de birou, amenajari, professional furniture and fit out for a great office experience","breadcrumb":{"@id":"https:\/\/www.greenforest.ro\/old\/produs\/scaun-anta-pc\/#breadcrumb"},"inLanguage":"ro-RO","potentialAction":[{"@type":"ReadAction","target":["https:\/\/www.greenforest.ro\/old\/produs\/scaun-anta-pc\/"]}]},{"@type":"BreadcrumbList","@id":"https:\/\/www.greenforest.ro\/old\/produs\/scaun-anta-pc\/#breadcrumb","itemListElement":[{"@type":"ListItem","position":1,"name":"Prima pagin\u0103","item":"https:\/\/www.greenforest.ro\/old\/"},{"@type":"ListItem","position":2,"name":"Magazin","item":"https:\/\/www.greenforest.ro\/old\/store\/"},{"@type":"ListItem","position":3,"name":"Scaune Cantina-Cafeteria","item":"https:\/\/www.greenforest.ro\/old\/categorie-produs\/scaune-cantina-cafeteria\/"},{"@type":"ListItem","position":4,"name":"Scaune lemn - plastic","item":"https:\/\/www.greenforest.ro\/old\/categorie-produs\/scaune-cantina-cafeteria\/scaune-lemn-plastic\/"},{"@type":"ListItem","position":5,"name":"Scaun Anta PC"}]},{"@type":"WebSite","@id":"https:\/\/www.greenforest.ro\/old\/#website","url":"https:\/\/www.greenforest.ro\/old\/","name":"GreenForest - mobilier de birou","description":"Solu\u0163ii profesionale de amenajare birouri","publisher":{"@id":"https:\/\/www.greenforest.ro\/old\/#organization"},"potentialAction":[{"@type":"SearchAction","target":{"@type":"EntryPoint","urlTemplate":"https:\/\/www.greenforest.ro\/old\/?s={search_term_string}"},"query-input":"required name=search_term_string"}],"inLanguage":"ro-RO"},{"@type":"Organization","@id":"https:\/\/www.greenforest.ro\/old\/#organization","name":"Greenforest","url":"https:\/\/www.greenforest.ro\/old\/","logo":{"@type":"ImageObject","inLanguage":"ro-RO","@id":"https:\/\/www.greenforest.ro\/old\/#\/schema\/logo\/image\/","url":"https:\/\/www.greenforest.ro\/old\/wp-content\/uploads\/2018\/01\/sol-logo-greenforest.png","contentUrl":"https:\/\/www.greenforest.ro\/old\/wp-content\/uploads\/2018\/01\/sol-logo-greenforest.png","width":110,"height":110,"caption":"Greenforest"},"image":{"@id":"https:\/\/www.greenforest.ro\/old\/#\/schema\/logo\/image\/"},"sameAs":["https:\/\/www.facebook.com\/GreenForest.MobilierPentruBirou","https:\/\/www.instagram.com\/greenforest.ro\/","https:\/\/www.linkedin.com\/company\/greenforest\/"]}]}},"_links":{"self":[{"href":"https:\/\/www.greenforest.ro\/old\/wp-json\/wp\/v2\/product\/4327"}],"collection":[{"href":"https:\/\/www.greenforest.ro\/old\/wp-json\/wp\/v2\/product"}],"about":[{"href":"https:\/\/www.greenforest.ro\/old\/wp-json\/wp\/v2\/types\/product"}],"replies":[{"embeddable":true,"href":"https:\/\/www.greenforest.ro\/old\/wp-json\/wp\/v2\/comments?post=4327"}],"wp:featuredmedia":[{"embeddable":true,"href":"https:\/\/www.greenforest.ro\/old\/wp-json\/wp\/v2\/media\/4279"}],"wp:attachment":[{"href":"https:\/\/www.greenforest.ro\/old\/wp-json\/wp\/v2\/media?parent=4327"}],"curies":[{"name":"wp","href":"https:\/\/api.w.org\/{rel}","templated":true}]}}