{"id":4315,"date":"2017-12-21T11:48:36","date_gmt":"2017-12-21T09:48:36","guid":{"rendered":"https:\/\/www.greenforest.ro\/old\/produs\/scaun-bar-gnv\/"},"modified":"2019-10-16T22:00:15","modified_gmt":"2019-10-16T19:00:15","slug":"scaun-bar-gnv","status":"publish","type":"product","link":"https:\/\/www.greenforest.ro\/old\/produs\/scaun-bar-gnv\/","title":{"rendered":"Scaun bar GNV"},"content":{"rendered":"","protected":false},"excerpt":{"rendered":"<p>&#8211; Picior cu talpa crom;<br \/>\n&#8211; Sezut rotativ si reglabil inaltime 57-82H cm;<br \/>\n&#8211; Sezut tapitat piele ecologica sau stofa.<\/p>\n<h4>Dimensiuni<\/h4>\n<p>\u0218ezut 45cm l\u0103\u021bime x 51cm ad\u00e2ncime; \u00een\u0103l\u021bime total\u0103 86-111cm<\/p>\n","protected":false},"featured_media":4264,"comment_status":"closed","ping_status":"closed","template":"","meta":[],"acf":[],"yoast_head":"<!-- This site is optimized with the Yoast SEO plugin v21.6 - https:\/\/yoast.com\/wordpress\/plugins\/seo\/ -->\n<title>Scaun bar GNV - mobilier de birou GreenForest Timisoara<\/title>\n<meta name=\"description\" content=\"Scaun bar GNV - GreenForest - mobilier de birou, amenajari, professional furniture and fit out for a great office experience\" \/>\n<meta name=\"robots\" content=\"index, follow, max-snippet:-1, max-image-preview:large, max-video-preview:-1\" \/>\n<link rel=\"canonical\" href=\"https:\/\/www.greenforest.ro\/old\/produs\/scaun-bar-gnv\/\" \/>\n<meta name=\"twitter:card\" content=\"summary_large_image\" \/>\n<meta name=\"twitter:title\" content=\"Scaun bar GNV - mobilier de birou GreenForest Timisoara\" \/>\n<meta name=\"twitter:description\" content=\"Scaun bar GNV - GreenForest - mobilier de birou, amenajari, professional furniture and fit out for a great office experience\" \/>\n<meta name=\"twitter:image\" content=\"https:\/\/www.greenforest.ro\/old\/wp-content\/uploads\/2017\/12\/gnv.png\" \/>\n<!-- \/ Yoast SEO plugin. -->","yoast_head_json":{"title":"Scaun bar GNV - mobilier de birou GreenForest Timisoara","description":"Scaun bar GNV - GreenForest - mobilier de birou, amenajari, professional furniture and fit out for a great office experience","robots":{"index":"index","follow":"follow","max-snippet":"max-snippet:-1","max-image-preview":"max-image-preview:large","max-video-preview":"max-video-preview:-1"},"canonical":"https:\/\/www.greenforest.ro\/old\/produs\/scaun-bar-gnv\/","twitter_card":"summary_large_image","twitter_title":"Scaun bar GNV - mobilier de birou GreenForest Timisoara","twitter_description":"Scaun bar GNV - GreenForest - mobilier de birou, amenajari, professional furniture and fit out for a great office experience","twitter_image":"https:\/\/www.greenforest.ro\/old\/wp-content\/uploads\/2017\/12\/gnv.png","schema":{"@context":"https:\/\/schema.org","@graph":[{"@type":"WebPage","@id":"https:\/\/www.greenforest.ro\/old\/en\/produs\/scaun-bar-gnv\/","url":"https:\/\/www.greenforest.ro\/old\/en\/produs\/scaun-bar-gnv\/","name":"Scaun bar GNV - mobilier de birou GreenForest Timisoara","isPartOf":{"@id":"https:\/\/www.greenforest.ro\/old\/#website"},"datePublished":"2017-12-21T09:48:36+00:00","dateModified":"2019-10-16T19:00:15+00:00","description":"Scaun bar GNV - GreenForest - mobilier de birou, amenajari, professional furniture and fit out for a great office experience","breadcrumb":{"@id":"https:\/\/www.greenforest.ro\/old\/en\/produs\/scaun-bar-gnv\/#breadcrumb"},"inLanguage":"ro-RO","potentialAction":[{"@type":"ReadAction","target":["https:\/\/www.greenforest.ro\/old\/en\/produs\/scaun-bar-gnv\/"]}]},{"@type":"BreadcrumbList","@id":"https:\/\/www.greenforest.ro\/old\/en\/produs\/scaun-bar-gnv\/#breadcrumb","itemListElement":[{"@type":"ListItem","position":1,"name":"Prima pagin\u0103","item":"https:\/\/www.greenforest.ro\/old\/"},{"@type":"ListItem","position":2,"name":"Magazin","item":"https:\/\/www.greenforest.ro\/old\/store\/"},{"@type":"ListItem","position":3,"name":"Scaune Cantina-Cafeteria","item":"https:\/\/www.greenforest.ro\/old\/categorie-produs\/scaune-cantina-cafeteria\/"},{"@type":"ListItem","position":4,"name":"Scaune bar rotative","item":"https:\/\/www.greenforest.ro\/old\/categorie-produs\/scaune-cantina-cafeteria\/scaune-bar-rotative\/"},{"@type":"ListItem","position":5,"name":"Scaun bar GNV"}]},{"@type":"WebSite","@id":"https:\/\/www.greenforest.ro\/old\/#website","url":"https:\/\/www.greenforest.ro\/old\/","name":"GreenForest - mobilier de birou","description":"Solu\u0163ii profesionale de amenajare birouri","publisher":{"@id":"https:\/\/www.greenforest.ro\/old\/#organization"},"potentialAction":[{"@type":"SearchAction","target":{"@type":"EntryPoint","urlTemplate":"https:\/\/www.greenforest.ro\/old\/?s={search_term_string}"},"query-input":"required name=search_term_string"}],"inLanguage":"ro-RO"},{"@type":"Organization","@id":"https:\/\/www.greenforest.ro\/old\/#organization","name":"Greenforest","url":"https:\/\/www.greenforest.ro\/old\/","logo":{"@type":"ImageObject","inLanguage":"ro-RO","@id":"https:\/\/www.greenforest.ro\/old\/#\/schema\/logo\/image\/","url":"https:\/\/www.greenforest.ro\/old\/wp-content\/uploads\/2018\/01\/sol-logo-greenforest.png","contentUrl":"https:\/\/www.greenforest.ro\/old\/wp-content\/uploads\/2018\/01\/sol-logo-greenforest.png","width":110,"height":110,"caption":"Greenforest"},"image":{"@id":"https:\/\/www.greenforest.ro\/old\/#\/schema\/logo\/image\/"},"sameAs":["https:\/\/www.facebook.com\/GreenForest.MobilierPentruBirou","https:\/\/www.instagram.com\/greenforest.ro\/","https:\/\/www.linkedin.com\/company\/greenforest\/"]}]}},"_links":{"self":[{"href":"https:\/\/www.greenforest.ro\/old\/wp-json\/wp\/v2\/product\/4315"}],"collection":[{"href":"https:\/\/www.greenforest.ro\/old\/wp-json\/wp\/v2\/product"}],"about":[{"href":"https:\/\/www.greenforest.ro\/old\/wp-json\/wp\/v2\/types\/product"}],"replies":[{"embeddable":true,"href":"https:\/\/www.greenforest.ro\/old\/wp-json\/wp\/v2\/comments?post=4315"}],"wp:featuredmedia":[{"embeddable":true,"href":"https:\/\/www.greenforest.ro\/old\/wp-json\/wp\/v2\/media\/4264"}],"wp:attachment":[{"href":"https:\/\/www.greenforest.ro\/old\/wp-json\/wp\/v2\/media?parent=4315"}],"curies":[{"name":"wp","href":"https:\/\/api.w.org\/{rel}","templated":true}]}}