{"id":4202,"date":"2017-12-18T14:42:13","date_gmt":"2017-12-18T12:42:13","guid":{"rendered":"https:\/\/www.greenforest.ro\/old\/produs\/masa-cafeteria-cfmbhd-70-69x69x75-112h\/"},"modified":"2021-02-03T15:29:52","modified_gmt":"2021-02-03T13:29:52","slug":"masa-cafeteria-cfmbhd-70-69x69x75-112h","status":"publish","type":"product","link":"https:\/\/www.greenforest.ro\/old\/produs\/masa-cafeteria-cfmbhd-70-69x69x75-112h\/","title":{"rendered":"Mas\u0103 cafeteria CFMBHD 70 (69x69x75-112H)"},"content":{"rendered":"","protected":false},"excerpt":{"rendered":"<p>&#8211; blat masa PAL grosime 18 mm;<br \/>\n&#8211; picior central inox satinat cu talpa ajustabil intre 75 si 112 H cm.<\/p>\n<hr \/>\n<h4>Dimensiuni<\/h4>\n<p>Lungime 69cm, ad\u00e2ncime 69cm, \u00een\u0103l\u021bime 75-112cm<\/p>\n<h4>Op\u021biuni<\/h4>\n<p>&#8211; Optional cu blat compact laminat 12 mm MFPMBHDH 70<br \/>\n&#8211; Optional cu blat compact laminat alb colorat in masa 10 mm MFPMBHDHA 70<br \/>\n&#8211; Optional cu blat FENIX NTM 12 mm MFPMHBDF 70<\/p>\n","protected":false},"featured_media":4196,"comment_status":"closed","ping_status":"closed","template":"","meta":[],"acf":[],"yoast_head":"<!-- This site is optimized with the Yoast SEO plugin v21.6 - https:\/\/yoast.com\/wordpress\/plugins\/seo\/ -->\n<title>Mas\u0103 cafeteria CFMBHD 70 (69x69x75-112H) - mobilier de birou<\/title>\n<meta name=\"description\" content=\"Mas\u0103 cafeteria CFMBHD 70 (69x69x75-112H) - GreenForest - mobilier de birou, professional furniture and fit out for a great office experience\" \/>\n<meta name=\"robots\" content=\"index, follow, max-snippet:-1, max-image-preview:large, max-video-preview:-1\" \/>\n<link rel=\"canonical\" href=\"https:\/\/www.greenforest.ro\/old\/produs\/masa-cafeteria-cfmbhd-70-69x69x75-112h\/\" \/>\n<meta name=\"twitter:card\" content=\"summary_large_image\" \/>\n<meta name=\"twitter:title\" content=\"Mas\u0103 cafeteria CFMBHD 70 (69x69x75-112H) - mobilier de birou\" \/>\n<meta name=\"twitter:description\" content=\"Mas\u0103 cafeteria CFMBHD 70 (69x69x75-112H) - GreenForest - mobilier de birou, professional furniture and fit out for a great office experience\" \/>\n<meta name=\"twitter:image\" content=\"https:\/\/www.greenforest.ro\/old\/wp-content\/uploads\/2017\/12\/INOX_4406_AC_low.jpg\" \/>\n<!-- \/ Yoast SEO plugin. -->","yoast_head_json":{"title":"Mas\u0103 cafeteria CFMBHD 70 (69x69x75-112H) - mobilier de birou","description":"Mas\u0103 cafeteria CFMBHD 70 (69x69x75-112H) - GreenForest - mobilier de birou, professional furniture and fit out for a great office experience","robots":{"index":"index","follow":"follow","max-snippet":"max-snippet:-1","max-image-preview":"max-image-preview:large","max-video-preview":"max-video-preview:-1"},"canonical":"https:\/\/www.greenforest.ro\/old\/produs\/masa-cafeteria-cfmbhd-70-69x69x75-112h\/","twitter_card":"summary_large_image","twitter_title":"Mas\u0103 cafeteria CFMBHD 70 (69x69x75-112H) - mobilier de birou","twitter_description":"Mas\u0103 cafeteria CFMBHD 70 (69x69x75-112H) - GreenForest - mobilier de birou, professional furniture and fit out for a great office experience","twitter_image":"https:\/\/www.greenforest.ro\/old\/wp-content\/uploads\/2017\/12\/INOX_4406_AC_low.jpg","schema":{"@context":"https:\/\/schema.org","@graph":[{"@type":"WebPage","@id":"https:\/\/www.greenforest.ro\/old\/produs\/masa-cafeteria-cfmbhd-70-69x69x75-112h\/","url":"https:\/\/www.greenforest.ro\/old\/produs\/masa-cafeteria-cfmbhd-70-69x69x75-112h\/","name":"Mas\u0103 cafeteria CFMBHD 70 (69x69x75-112H) - mobilier de birou","isPartOf":{"@id":"https:\/\/www.greenforest.ro\/old\/#website"},"datePublished":"2017-12-18T12:42:13+00:00","dateModified":"2021-02-03T13:29:52+00:00","description":"Mas\u0103 cafeteria CFMBHD 70 (69x69x75-112H) - GreenForest - mobilier de birou, professional furniture and fit out for a great office experience","breadcrumb":{"@id":"https:\/\/www.greenforest.ro\/old\/produs\/masa-cafeteria-cfmbhd-70-69x69x75-112h\/#breadcrumb"},"inLanguage":"ro-RO","potentialAction":[{"@type":"ReadAction","target":["https:\/\/www.greenforest.ro\/old\/produs\/masa-cafeteria-cfmbhd-70-69x69x75-112h\/"]}]},{"@type":"BreadcrumbList","@id":"https:\/\/www.greenforest.ro\/old\/produs\/masa-cafeteria-cfmbhd-70-69x69x75-112h\/#breadcrumb","itemListElement":[{"@type":"ListItem","position":1,"name":"Prima pagin\u0103","item":"https:\/\/www.greenforest.ro\/old\/"},{"@type":"ListItem","position":2,"name":"Magazin","item":"https:\/\/www.greenforest.ro\/old\/store\/"},{"@type":"ListItem","position":3,"name":"Mese","item":"https:\/\/www.greenforest.ro\/old\/categorie-produs\/mese\/"},{"@type":"ListItem","position":4,"name":"Mese bar GreenForest","item":"https:\/\/www.greenforest.ro\/old\/categorie-produs\/mese\/bar\/"},{"@type":"ListItem","position":5,"name":"Mas\u0103 cafeteria CFMBHD 70 (69x69x75-112H)"}]},{"@type":"WebSite","@id":"https:\/\/www.greenforest.ro\/old\/#website","url":"https:\/\/www.greenforest.ro\/old\/","name":"GreenForest - mobilier de birou","description":"Solu\u0163ii profesionale de amenajare birouri","publisher":{"@id":"https:\/\/www.greenforest.ro\/old\/#organization"},"potentialAction":[{"@type":"SearchAction","target":{"@type":"EntryPoint","urlTemplate":"https:\/\/www.greenforest.ro\/old\/?s={search_term_string}"},"query-input":"required name=search_term_string"}],"inLanguage":"ro-RO"},{"@type":"Organization","@id":"https:\/\/www.greenforest.ro\/old\/#organization","name":"Greenforest","url":"https:\/\/www.greenforest.ro\/old\/","logo":{"@type":"ImageObject","inLanguage":"ro-RO","@id":"https:\/\/www.greenforest.ro\/old\/#\/schema\/logo\/image\/","url":"https:\/\/www.greenforest.ro\/old\/wp-content\/uploads\/2018\/01\/sol-logo-greenforest.png","contentUrl":"https:\/\/www.greenforest.ro\/old\/wp-content\/uploads\/2018\/01\/sol-logo-greenforest.png","width":110,"height":110,"caption":"Greenforest"},"image":{"@id":"https:\/\/www.greenforest.ro\/old\/#\/schema\/logo\/image\/"},"sameAs":["https:\/\/www.facebook.com\/GreenForest.MobilierPentruBirou","https:\/\/www.instagram.com\/greenforest.ro\/","https:\/\/www.linkedin.com\/company\/greenforest\/"]}]}},"_links":{"self":[{"href":"https:\/\/www.greenforest.ro\/old\/wp-json\/wp\/v2\/product\/4202"}],"collection":[{"href":"https:\/\/www.greenforest.ro\/old\/wp-json\/wp\/v2\/product"}],"about":[{"href":"https:\/\/www.greenforest.ro\/old\/wp-json\/wp\/v2\/types\/product"}],"replies":[{"embeddable":true,"href":"https:\/\/www.greenforest.ro\/old\/wp-json\/wp\/v2\/comments?post=4202"}],"wp:featuredmedia":[{"embeddable":true,"href":"https:\/\/www.greenforest.ro\/old\/wp-json\/wp\/v2\/media\/4196"}],"wp:attachment":[{"href":"https:\/\/www.greenforest.ro\/old\/wp-json\/wp\/v2\/media?parent=4202"}],"curies":[{"name":"wp","href":"https:\/\/api.w.org\/{rel}","templated":true}]}}