{"id":4189,"date":"2017-12-18T14:04:57","date_gmt":"2017-12-18T12:04:57","guid":{"rendered":"https:\/\/www.greenforest.ro\/old\/produs\/masa-imd-110-110x75h-2\/"},"modified":"2021-02-03T15:23:11","modified_gmt":"2021-02-03T13:23:11","slug":"masa-imd-110-110x75h-2","status":"publish","type":"product","link":"https:\/\/www.greenforest.ro\/old\/produs\/masa-imd-110-110x75h-2\/","title":{"rendered":"MASA IMD 110 (110X75H)"},"content":{"rendered":"","protected":false},"excerpt":{"rendered":"<p>&#8211; blat masa PAL de grosime 25 mm cu cant ABS 2 mm;<br \/>\n&#8211; picior central cu talpa rotunda inox;<br \/>\n&#8211; culori PAL melaminat: stejar ferara deschis, stejar ferara inchis, nuc aida si nuc pacific<\/p>\n<p><img loading=\"lazy\" decoding=\"async\" class=\"size-full wp-image-6663\" title=\"culori inno 1\" src=\"https:\/\/www.greenforest.ro\/old\/wp-content\/uploads\/2017\/10\/culori-inno-1.png\" alt=\"culori inno 1\" width=\"296\" height=\"76\" \/><\/p>\n<hr \/>\n<h4>Dimensiuni<\/h4>\n<p>Lungime 110cm, ad\u00e2ncime 110cm, \u00een\u0103l\u021bime 75cm<\/p>\n","protected":false},"featured_media":1769,"comment_status":"closed","ping_status":"closed","template":"","meta":[],"acf":[],"yoast_head":"<!-- This site is optimized with the Yoast SEO plugin v21.6 - https:\/\/yoast.com\/wordpress\/plugins\/seo\/ -->\n<title>MASA IMD 110 (110X75H) - mobilier birou GreenForest<\/title>\n<meta name=\"description\" content=\"MASA IMD 110 (110X75H) - GreenForest - mobilier de birou, professional furniture and fit out for a great office experience\" \/>\n<meta name=\"robots\" content=\"index, follow, max-snippet:-1, max-image-preview:large, max-video-preview:-1\" \/>\n<link rel=\"canonical\" href=\"https:\/\/www.greenforest.ro\/old\/produs\/masa-imd-110-110x75h-2\/\" \/>\n<meta name=\"twitter:card\" content=\"summary_large_image\" \/>\n<meta name=\"twitter:title\" content=\"MASA IMD 110 (110X75H) - mobilier birou GreenForest\" \/>\n<meta name=\"twitter:description\" content=\"MASA IMD 110 (110X75H) - GreenForest - mobilier de birou, professional furniture and fit out for a great office experience\" \/>\n<meta name=\"twitter:image\" content=\"https:\/\/www.greenforest.ro\/old\/wp-content\/uploads\/2017\/10\/imd110_big.jpg\" \/>\n<!-- \/ Yoast SEO plugin. -->","yoast_head_json":{"title":"MASA IMD 110 (110X75H) - mobilier birou GreenForest","description":"MASA IMD 110 (110X75H) - GreenForest - mobilier de birou, professional furniture and fit out for a great office experience","robots":{"index":"index","follow":"follow","max-snippet":"max-snippet:-1","max-image-preview":"max-image-preview:large","max-video-preview":"max-video-preview:-1"},"canonical":"https:\/\/www.greenforest.ro\/old\/produs\/masa-imd-110-110x75h-2\/","twitter_card":"summary_large_image","twitter_title":"MASA IMD 110 (110X75H) - mobilier birou GreenForest","twitter_description":"MASA IMD 110 (110X75H) - GreenForest - mobilier de birou, professional furniture and fit out for a great office experience","twitter_image":"https:\/\/www.greenforest.ro\/old\/wp-content\/uploads\/2017\/10\/imd110_big.jpg","schema":{"@context":"https:\/\/schema.org","@graph":[{"@type":"WebPage","@id":"https:\/\/www.greenforest.ro\/old\/produs\/masa-imd-110-110x75h-2\/","url":"https:\/\/www.greenforest.ro\/old\/produs\/masa-imd-110-110x75h-2\/","name":"MASA IMD 110 (110X75H) - mobilier birou GreenForest","isPartOf":{"@id":"https:\/\/www.greenforest.ro\/old\/#website"},"datePublished":"2017-12-18T12:04:57+00:00","dateModified":"2021-02-03T13:23:11+00:00","description":"MASA IMD 110 (110X75H) - GreenForest - mobilier de birou, professional furniture and fit out for a great office experience","breadcrumb":{"@id":"https:\/\/www.greenforest.ro\/old\/produs\/masa-imd-110-110x75h-2\/#breadcrumb"},"inLanguage":"ro-RO","potentialAction":[{"@type":"ReadAction","target":["https:\/\/www.greenforest.ro\/old\/produs\/masa-imd-110-110x75h-2\/"]}]},{"@type":"BreadcrumbList","@id":"https:\/\/www.greenforest.ro\/old\/produs\/masa-imd-110-110x75h-2\/#breadcrumb","itemListElement":[{"@type":"ListItem","position":1,"name":"Prima pagin\u0103","item":"https:\/\/www.greenforest.ro\/old\/"},{"@type":"ListItem","position":2,"name":"Magazin","item":"https:\/\/www.greenforest.ro\/old\/store\/"},{"@type":"ListItem","position":3,"name":"Mese","item":"https:\/\/www.greenforest.ro\/old\/categorie-produs\/mese\/"},{"@type":"ListItem","position":4,"name":"Mese cafeteria GreenForest","item":"https:\/\/www.greenforest.ro\/old\/categorie-produs\/mese\/cafeteria\/"},{"@type":"ListItem","position":5,"name":"MASA IMD 110 (110X75H)"}]},{"@type":"WebSite","@id":"https:\/\/www.greenforest.ro\/old\/#website","url":"https:\/\/www.greenforest.ro\/old\/","name":"GreenForest - mobilier de birou","description":"Solu\u0163ii profesionale de amenajare birouri","publisher":{"@id":"https:\/\/www.greenforest.ro\/old\/#organization"},"potentialAction":[{"@type":"SearchAction","target":{"@type":"EntryPoint","urlTemplate":"https:\/\/www.greenforest.ro\/old\/?s={search_term_string}"},"query-input":"required name=search_term_string"}],"inLanguage":"ro-RO"},{"@type":"Organization","@id":"https:\/\/www.greenforest.ro\/old\/#organization","name":"Greenforest","url":"https:\/\/www.greenforest.ro\/old\/","logo":{"@type":"ImageObject","inLanguage":"ro-RO","@id":"https:\/\/www.greenforest.ro\/old\/#\/schema\/logo\/image\/","url":"https:\/\/www.greenforest.ro\/old\/wp-content\/uploads\/2018\/01\/sol-logo-greenforest.png","contentUrl":"https:\/\/www.greenforest.ro\/old\/wp-content\/uploads\/2018\/01\/sol-logo-greenforest.png","width":110,"height":110,"caption":"Greenforest"},"image":{"@id":"https:\/\/www.greenforest.ro\/old\/#\/schema\/logo\/image\/"},"sameAs":["https:\/\/www.facebook.com\/GreenForest.MobilierPentruBirou","https:\/\/www.instagram.com\/greenforest.ro\/","https:\/\/www.linkedin.com\/company\/greenforest\/"]}]}},"_links":{"self":[{"href":"https:\/\/www.greenforest.ro\/old\/wp-json\/wp\/v2\/product\/4189"}],"collection":[{"href":"https:\/\/www.greenforest.ro\/old\/wp-json\/wp\/v2\/product"}],"about":[{"href":"https:\/\/www.greenforest.ro\/old\/wp-json\/wp\/v2\/types\/product"}],"replies":[{"embeddable":true,"href":"https:\/\/www.greenforest.ro\/old\/wp-json\/wp\/v2\/comments?post=4189"}],"wp:featuredmedia":[{"embeddable":true,"href":"https:\/\/www.greenforest.ro\/old\/wp-json\/wp\/v2\/media\/1769"}],"wp:attachment":[{"href":"https:\/\/www.greenforest.ro\/old\/wp-json\/wp\/v2\/media?parent=4189"}],"curies":[{"name":"wp","href":"https:\/\/api.w.org\/{rel}","templated":true}]}}