{"id":3888,"date":"2017-11-29T19:23:06","date_gmt":"2017-11-29T17:23:06","guid":{"rendered":"https:\/\/www.greenforest.ro\/old\/produs\/scaun-alumedic-5-z400t\/"},"modified":"2021-03-11T10:07:04","modified_gmt":"2021-03-11T08:07:04","slug":"scaun-alumedic-5-z400t","status":"publish","type":"product","link":"https:\/\/www.greenforest.ro\/old\/produs\/scaun-alumedic-5-z400t\/","title":{"rendered":"Scaun Alumedic 5 Z400T"},"content":{"rendered":"","protected":false},"excerpt":{"rendered":"<p>&#8211; Reglarea \u00een\u0103l\u021bimii prin piston cu gaz;<br \/>\n&#8211; Mecanism sincro pentru p\u0103strarea corect\u0103, permanent\u0103 a unghiului dintre \u0219ezut \u0219i sp\u0103tar;<br \/>\n&#8211; Sp\u0103tar cu suport lombar reglabil ;<br \/>\n&#8211; Sp\u0103tar cu mi\u0219care tridimensional\u0103 si plasa mesh;<br \/>\n&#8211; Sezut reglabil in plan orizontal;<br \/>\n&#8211; Mecanism pentru reglarea \u00eenclin\u0103rii \u0219ezutului;<br \/>\n&#8211; Baza stea a scaunului din aluminiu vopsit negru;<br \/>\n&#8211; Brate reglabile vertical &#8220;TW2&#8221;;<br \/>\n&#8211; Tapi\u021berie stof\u0103 sezut:<\/p>\n<p>1. Trevira CS cu rezistenta la 50.000 de cicluri de frecare T20, T21, T22, T23, T26, T27, T28, T31, T33, T34, T35, T38;<\/p>\n<p>2. stofa 100% Polyster cu rezistenta la 50.000 de cicluri de frecare W50, W51, W52, W53, W54, W55, W56, W57, W58, W59;<br \/>\n&#8211; Mesh spatar: B90, B91, B92, BG1, BG2, BG3, B93, B94, B98, BG4, BG8, B99.<\/p>\n<p><img loading=\"lazy\" decoding=\"async\" class=\"alignnone wp-image-8642 size-full\" title=\"culori T W B1 new 2\" src=\"https:\/\/www.greenforest.ro\/old\/wp-content\/uploads\/2017\/11\/culori_T_W_B1_new-2.png\" alt=\"culori T W B1 new 2\" width=\"773\" height=\"215\" srcset=\"https:\/\/www.greenforest.ro\/old\/wp-content\/uploads\/2017\/11\/culori_T_W_B1_new-2.png 773w, https:\/\/www.greenforest.ro\/old\/wp-content\/uploads\/2017\/11\/culori_T_W_B1_new-2-300x83.png 300w, https:\/\/www.greenforest.ro\/old\/wp-content\/uploads\/2017\/11\/culori_T_W_B1_new-2-768x214.png 768w, https:\/\/www.greenforest.ro\/old\/wp-content\/uploads\/2017\/11\/culori_T_W_B1_new-2-600x167.png 600w\" sizes=\"(max-width: 773px) 100vw, 773px\" \/><\/p>\n<h4>Dimensiuni<\/h4>\n<p>\u0218ezut 48cm l\u0103\u021bime x 48-53cm ad\u00e2ncime; \u00een\u0103l\u021bime total\u0103 100-110cm<\/p>\n<h4>Variante<\/h4>\n<p>&#8211; Scaun Alumedic5 cu sezut cu miscare tridimensionala Dondola, Z40BT<br \/>\n&#8211; Scaun Alumedic 5 cu sezut cu miscare tridimensionala Dondola, baza aluminiu polish, brate reglabile 3D &#8220;D2&#8221;, Z49BD<\/p>\n<h4><\/h4>\n","protected":false},"featured_media":3856,"comment_status":"closed","ping_status":"closed","template":"","meta":[],"acf":[],"yoast_head":"<!-- This site is optimized with the Yoast SEO plugin v21.6 - https:\/\/yoast.com\/wordpress\/plugins\/seo\/ -->\n<title>Scaun Alumedic 5 Z400T - mobilier de birou GreenForest<\/title>\n<meta name=\"description\" content=\"Scaun Alumedic 5 Z400T - GreenForest - mobilier de birou, professional furniture and fit out for a great office experience\" \/>\n<meta name=\"robots\" content=\"index, follow, max-snippet:-1, max-image-preview:large, max-video-preview:-1\" \/>\n<link rel=\"canonical\" href=\"https:\/\/www.greenforest.ro\/old\/produs\/scaun-alumedic-5-z400t\/\" \/>\n<meta name=\"twitter:card\" content=\"summary_large_image\" \/>\n<meta name=\"twitter:title\" content=\"Scaun Alumedic 5 Z400T - mobilier de birou GreenForest\" \/>\n<meta name=\"twitter:description\" content=\"Scaun Alumedic 5 Z400T - GreenForest - mobilier de birou, professional furniture and fit out for a great office experience\" \/>\n<meta name=\"twitter:image\" content=\"https:\/\/www.greenforest.ro\/old\/wp-content\/uploads\/2017\/11\/wagner_alumedic5.png\" \/>\n<!-- \/ Yoast SEO plugin. -->","yoast_head_json":{"title":"Scaun Alumedic 5 Z400T - mobilier de birou GreenForest","description":"Scaun Alumedic 5 Z400T - GreenForest - mobilier de birou, professional furniture and fit out for a great office experience","robots":{"index":"index","follow":"follow","max-snippet":"max-snippet:-1","max-image-preview":"max-image-preview:large","max-video-preview":"max-video-preview:-1"},"canonical":"https:\/\/www.greenforest.ro\/old\/produs\/scaun-alumedic-5-z400t\/","twitter_card":"summary_large_image","twitter_title":"Scaun Alumedic 5 Z400T - mobilier de birou GreenForest","twitter_description":"Scaun Alumedic 5 Z400T - GreenForest - mobilier de birou, professional furniture and fit out for a great office experience","twitter_image":"https:\/\/www.greenforest.ro\/old\/wp-content\/uploads\/2017\/11\/wagner_alumedic5.png","schema":{"@context":"https:\/\/schema.org","@graph":[{"@type":"WebPage","@id":"https:\/\/www.greenforest.ro\/old\/produs\/scaun-alumedic-5-z400t\/","url":"https:\/\/www.greenforest.ro\/old\/produs\/scaun-alumedic-5-z400t\/","name":"Scaun Alumedic 5 Z400T - mobilier de birou GreenForest","isPartOf":{"@id":"https:\/\/www.greenforest.ro\/old\/#website"},"datePublished":"2017-11-29T17:23:06+00:00","dateModified":"2021-03-11T08:07:04+00:00","description":"Scaun Alumedic 5 Z400T - GreenForest - mobilier de birou, professional furniture and fit out for a great office experience","breadcrumb":{"@id":"https:\/\/www.greenforest.ro\/old\/produs\/scaun-alumedic-5-z400t\/#breadcrumb"},"inLanguage":"ro-RO","potentialAction":[{"@type":"ReadAction","target":["https:\/\/www.greenforest.ro\/old\/produs\/scaun-alumedic-5-z400t\/"]}]},{"@type":"BreadcrumbList","@id":"https:\/\/www.greenforest.ro\/old\/produs\/scaun-alumedic-5-z400t\/#breadcrumb","itemListElement":[{"@type":"ListItem","position":1,"name":"Prima pagin\u0103","item":"https:\/\/www.greenforest.ro\/old\/"},{"@type":"ListItem","position":2,"name":"Magazin","item":"https:\/\/www.greenforest.ro\/old\/store\/"},{"@type":"ListItem","position":3,"name":"Scaune ergonomice","item":"https:\/\/www.greenforest.ro\/old\/categorie-produs\/scaune-ergonomice\/"},{"@type":"ListItem","position":4,"name":"Scaune Operative","item":"https:\/\/www.greenforest.ro\/old\/categorie-produs\/scaune-ergonomice\/operative-scaune-ergonomice\/"},{"@type":"ListItem","position":5,"name":"Scaune operative Wagner","item":"https:\/\/www.greenforest.ro\/old\/categorie-produs\/scaune-ergonomice\/operative-scaune-ergonomice\/wagner-scaune-operative\/"},{"@type":"ListItem","position":6,"name":"Scaun Alumedic 5 Z400T"}]},{"@type":"WebSite","@id":"https:\/\/www.greenforest.ro\/old\/#website","url":"https:\/\/www.greenforest.ro\/old\/","name":"GreenForest - mobilier de birou","description":"Solu\u0163ii profesionale de amenajare birouri","publisher":{"@id":"https:\/\/www.greenforest.ro\/old\/#organization"},"potentialAction":[{"@type":"SearchAction","target":{"@type":"EntryPoint","urlTemplate":"https:\/\/www.greenforest.ro\/old\/?s={search_term_string}"},"query-input":"required name=search_term_string"}],"inLanguage":"ro-RO"},{"@type":"Organization","@id":"https:\/\/www.greenforest.ro\/old\/#organization","name":"Greenforest","url":"https:\/\/www.greenforest.ro\/old\/","logo":{"@type":"ImageObject","inLanguage":"ro-RO","@id":"https:\/\/www.greenforest.ro\/old\/#\/schema\/logo\/image\/","url":"https:\/\/www.greenforest.ro\/old\/wp-content\/uploads\/2018\/01\/sol-logo-greenforest.png","contentUrl":"https:\/\/www.greenforest.ro\/old\/wp-content\/uploads\/2018\/01\/sol-logo-greenforest.png","width":110,"height":110,"caption":"Greenforest"},"image":{"@id":"https:\/\/www.greenforest.ro\/old\/#\/schema\/logo\/image\/"},"sameAs":["https:\/\/www.facebook.com\/GreenForest.MobilierPentruBirou","https:\/\/www.instagram.com\/greenforest.ro\/","https:\/\/www.linkedin.com\/company\/greenforest\/"]}]}},"_links":{"self":[{"href":"https:\/\/www.greenforest.ro\/old\/wp-json\/wp\/v2\/product\/3888"}],"collection":[{"href":"https:\/\/www.greenforest.ro\/old\/wp-json\/wp\/v2\/product"}],"about":[{"href":"https:\/\/www.greenforest.ro\/old\/wp-json\/wp\/v2\/types\/product"}],"replies":[{"embeddable":true,"href":"https:\/\/www.greenforest.ro\/old\/wp-json\/wp\/v2\/comments?post=3888"}],"wp:featuredmedia":[{"embeddable":true,"href":"https:\/\/www.greenforest.ro\/old\/wp-json\/wp\/v2\/media\/3856"}],"wp:attachment":[{"href":"https:\/\/www.greenforest.ro\/old\/wp-json\/wp\/v2\/media?parent=3888"}],"curies":[{"name":"wp","href":"https:\/\/api.w.org\/{rel}","templated":true}]}}