{"id":3886,"date":"2017-11-29T19:23:06","date_gmt":"2017-11-29T17:23:06","guid":{"rendered":"https:\/\/www.greenforest.ro\/old\/produs\/scaun-w7-light-wb400t\/"},"modified":"2021-02-02T10:55:42","modified_gmt":"2021-02-02T08:55:42","slug":"scaun-w7-light-wb400t","status":"publish","type":"product","link":"https:\/\/www.greenforest.ro\/old\/produs\/scaun-w7-light-wb400t\/","title":{"rendered":"Scaun W7-Light WB400T"},"content":{"rendered":"","protected":false},"excerpt":{"rendered":"<p>&#8211; Reglarea inaltimii prin piston cu gaz;<br \/>\n&#8211; Mecanism syncro pentru pastrarea corecta, permanenta a unghiului dintre sezut \u0219i spatar avand posibilitatea de a selecta 3 curse diferite de balans a sp\u0103tarului;<br \/>\n&#8211; Spatar reglabil vertical;<br \/>\n&#8211; Sezut reglabil in plan orizontal;<br \/>\n&#8211; Brate reglabile vertical &#8220;TW2&#8221;;<br \/>\n&#8211; Tapi\u021berie stof\u0103 sezut Trevira CS cu rezisten\u021b\u0103 la 50.000 de cicluri de frecare: T20, T21, T22, T23, T26, T27, T28, T31, T33, T34, T35, T38 sau 100% Polyster cu rezisten\u021b\u0103 la 50.000 de cicluri de frecare: W50, W51, W52, W53, W54, W55, W56, W57, W58, W59;<br \/>\n&#8211; Mesh spatar: alb sau negru.<\/p>\n<p><img loading=\"lazy\" decoding=\"async\" class=\"alignnone wp-image-8620 size-full\" title=\"culori T W new 1 1\" src=\"https:\/\/www.greenforest.ro\/old\/wp-content\/uploads\/2021\/02\/culori_T_W_new-1-1.png\" alt=\"culori T W new 1 1\" width=\"697\" height=\"138\" srcset=\"https:\/\/www.greenforest.ro\/old\/wp-content\/uploads\/2021\/02\/culori_T_W_new-1-1.png 697w, https:\/\/www.greenforest.ro\/old\/wp-content\/uploads\/2021\/02\/culori_T_W_new-1-1-300x59.png 300w, https:\/\/www.greenforest.ro\/old\/wp-content\/uploads\/2021\/02\/culori_T_W_new-1-1-600x119.png 600w\" sizes=\"(max-width: 697px) 100vw, 697px\" \/><\/p>\n<h4>Dimensiuni<\/h4>\n<p>\u0218ezut 48cm l\u0103\u021bime x 44cm ad\u00e2ncime; \u00een\u0103l\u021bime total\u0103 120-144cm<\/p>\n<h4>Variante<\/h4>\n<p>&#8211; Scaun W7-Light cu baza aluminiu polish WB490T<br \/>\n&#8211; Scaun W7-3 cu baza aluminiu polish si sezut cu miscare tridimensionala Dondola WB390TW2<br \/>\n&#8211; Scaun W7-3 cu baza aluminiu polish, sezut cu miscare tridimensionala Dondola, brate reglabile 3D &#8220;M3&#8221;, suport lombar reglabil si tetiera WB390MX<br \/>\n&#8211; Scaun W7-3 cu baza aluminiu polish, sezut cu miscare tridimensionala Dondola, brate reglabile 3D &#8220;Y3&#8221;, suport lombar reglabil, tetiera si compnente plastic alb WB390MX<\/p>\n<h4><a href=\"http:\/\/e-shop.greenforest.ro\/show_product_details.do?product_id=2218\" target=\"_blank\" rel=\"noopener\"><span style=\"color: #ff0000;\">Comand\u0103 acum!<\/span><\/a><\/h4>\n","protected":false},"featured_media":3854,"comment_status":"closed","ping_status":"closed","template":"","meta":[],"acf":[],"yoast_head":"<!-- This site is optimized with the Yoast SEO plugin v21.6 - https:\/\/yoast.com\/wordpress\/plugins\/seo\/ -->\n<title>Scaun W7-Light WB400T - mobilier de birou GreenForest<\/title>\n<meta name=\"description\" content=\"Scaun W7-Light WB400T - GreenForest - mobilier de birou, professional furniture and fit out for a great office experience\" \/>\n<meta name=\"robots\" content=\"index, follow, max-snippet:-1, max-image-preview:large, max-video-preview:-1\" \/>\n<link rel=\"canonical\" href=\"https:\/\/www.greenforest.ro\/old\/produs\/scaun-w7-light-wb400t\/\" \/>\n<meta name=\"twitter:card\" content=\"summary_large_image\" \/>\n<meta name=\"twitter:title\" content=\"Scaun W7-Light WB400T - mobilier de birou GreenForest\" \/>\n<meta name=\"twitter:description\" content=\"Scaun W7-Light WB400T - GreenForest - mobilier de birou, professional furniture and fit out for a great office experience\" \/>\n<meta name=\"twitter:image\" content=\"https:\/\/www.greenforest.ro\/old\/wp-content\/uploads\/2017\/11\/W7-light.png\" \/>\n<!-- \/ Yoast SEO plugin. -->","yoast_head_json":{"title":"Scaun W7-Light WB400T - mobilier de birou GreenForest","description":"Scaun W7-Light WB400T - GreenForest - mobilier de birou, professional furniture and fit out for a great office experience","robots":{"index":"index","follow":"follow","max-snippet":"max-snippet:-1","max-image-preview":"max-image-preview:large","max-video-preview":"max-video-preview:-1"},"canonical":"https:\/\/www.greenforest.ro\/old\/produs\/scaun-w7-light-wb400t\/","twitter_card":"summary_large_image","twitter_title":"Scaun W7-Light WB400T - mobilier de birou GreenForest","twitter_description":"Scaun W7-Light WB400T - GreenForest - mobilier de birou, professional furniture and fit out for a great office experience","twitter_image":"https:\/\/www.greenforest.ro\/old\/wp-content\/uploads\/2017\/11\/W7-light.png","schema":{"@context":"https:\/\/schema.org","@graph":[{"@type":"WebPage","@id":"https:\/\/www.greenforest.ro\/old\/produs\/scaun-w7-light-wb400t\/","url":"https:\/\/www.greenforest.ro\/old\/produs\/scaun-w7-light-wb400t\/","name":"Scaun W7-Light WB400T - mobilier de birou GreenForest","isPartOf":{"@id":"https:\/\/www.greenforest.ro\/old\/#website"},"datePublished":"2017-11-29T17:23:06+00:00","dateModified":"2021-02-02T08:55:42+00:00","description":"Scaun W7-Light WB400T - GreenForest - mobilier de birou, professional furniture and fit out for a great office experience","breadcrumb":{"@id":"https:\/\/www.greenforest.ro\/old\/produs\/scaun-w7-light-wb400t\/#breadcrumb"},"inLanguage":"ro-RO","potentialAction":[{"@type":"ReadAction","target":["https:\/\/www.greenforest.ro\/old\/produs\/scaun-w7-light-wb400t\/"]}]},{"@type":"BreadcrumbList","@id":"https:\/\/www.greenforest.ro\/old\/produs\/scaun-w7-light-wb400t\/#breadcrumb","itemListElement":[{"@type":"ListItem","position":1,"name":"Prima pagin\u0103","item":"https:\/\/www.greenforest.ro\/old\/"},{"@type":"ListItem","position":2,"name":"Magazin","item":"https:\/\/www.greenforest.ro\/old\/store\/"},{"@type":"ListItem","position":3,"name":"Scaune ergonomice","item":"https:\/\/www.greenforest.ro\/old\/categorie-produs\/scaune-ergonomice\/"},{"@type":"ListItem","position":4,"name":"Scaune Operative","item":"https:\/\/www.greenforest.ro\/old\/categorie-produs\/scaune-ergonomice\/operative-scaune-ergonomice\/"},{"@type":"ListItem","position":5,"name":"Scaune operative Wagner","item":"https:\/\/www.greenforest.ro\/old\/categorie-produs\/scaune-ergonomice\/operative-scaune-ergonomice\/wagner-scaune-operative\/"},{"@type":"ListItem","position":6,"name":"Scaun W7-Light WB400T"}]},{"@type":"WebSite","@id":"https:\/\/www.greenforest.ro\/old\/#website","url":"https:\/\/www.greenforest.ro\/old\/","name":"GreenForest - mobilier de birou","description":"Solu\u0163ii profesionale de amenajare birouri","publisher":{"@id":"https:\/\/www.greenforest.ro\/old\/#organization"},"potentialAction":[{"@type":"SearchAction","target":{"@type":"EntryPoint","urlTemplate":"https:\/\/www.greenforest.ro\/old\/?s={search_term_string}"},"query-input":"required name=search_term_string"}],"inLanguage":"ro-RO"},{"@type":"Organization","@id":"https:\/\/www.greenforest.ro\/old\/#organization","name":"Greenforest","url":"https:\/\/www.greenforest.ro\/old\/","logo":{"@type":"ImageObject","inLanguage":"ro-RO","@id":"https:\/\/www.greenforest.ro\/old\/#\/schema\/logo\/image\/","url":"https:\/\/www.greenforest.ro\/old\/wp-content\/uploads\/2018\/01\/sol-logo-greenforest.png","contentUrl":"https:\/\/www.greenforest.ro\/old\/wp-content\/uploads\/2018\/01\/sol-logo-greenforest.png","width":110,"height":110,"caption":"Greenforest"},"image":{"@id":"https:\/\/www.greenforest.ro\/old\/#\/schema\/logo\/image\/"},"sameAs":["https:\/\/www.facebook.com\/GreenForest.MobilierPentruBirou","https:\/\/www.instagram.com\/greenforest.ro\/","https:\/\/www.linkedin.com\/company\/greenforest\/"]}]}},"_links":{"self":[{"href":"https:\/\/www.greenforest.ro\/old\/wp-json\/wp\/v2\/product\/3886"}],"collection":[{"href":"https:\/\/www.greenforest.ro\/old\/wp-json\/wp\/v2\/product"}],"about":[{"href":"https:\/\/www.greenforest.ro\/old\/wp-json\/wp\/v2\/types\/product"}],"replies":[{"embeddable":true,"href":"https:\/\/www.greenforest.ro\/old\/wp-json\/wp\/v2\/comments?post=3886"}],"wp:featuredmedia":[{"embeddable":true,"href":"https:\/\/www.greenforest.ro\/old\/wp-json\/wp\/v2\/media\/3854"}],"wp:attachment":[{"href":"https:\/\/www.greenforest.ro\/old\/wp-json\/wp\/v2\/media?parent=3886"}],"curies":[{"name":"wp","href":"https:\/\/api.w.org\/{rel}","templated":true}]}}