{"id":3884,"date":"2017-11-29T19:10:03","date_gmt":"2017-11-29T17:10:03","guid":{"rendered":"https:\/\/www.greenforest.ro\/old\/produs\/sofa-w-lounge-high-wcl29l5\/"},"modified":"2019-09-11T10:45:10","modified_gmt":"2019-09-11T07:45:10","slug":"sofa-w-lounge-high-wcl29l5","status":"publish","type":"product","link":"https:\/\/www.greenforest.ro\/old\/produs\/sofa-w-lounge-high-wcl29l5\/","title":{"rendered":"Sofa W-Lounge High WCL29L5"},"content":{"rendered":"","protected":false},"excerpt":{"rendered":"<p>&#8211; Sofa lounge &#8211; design pentru spa\u021bii de a\u021bteptare, relaxare \u0219i interac\u021biuni informale;<br \/>\n&#8211; Tapi\u021berie stof\u0103 70% l\u00e2n\u0103 cu rezisten\u021b\u0103 la 180.000 cicluri de frecare L50, L51, L53, L54, L55, L56, L57, L58, L59;<\/p>\n<h4>Culori<\/h4>\n<p><br clear=\"all\" \/><img loading=\"lazy\" decoding=\"async\" class=\"alignnone\" src=\"https:\/\/www.greenforest.ro\/old\/wp-content\/uploads\/2017\/11\/culori_L_V.png\" alt=\"culori disponibile\" width=\"640\" height=\"140\" \/><\/p>\n<h4>Dimensiuni<\/h4>\n<p>\u0218ezut 147cm l\u0103\u021bime x 74cm ad\u00e2ncime; \u00een\u0103l\u021bime total\u0103 110cm<\/p>\n","protected":false},"featured_media":3853,"comment_status":"closed","ping_status":"closed","template":"","meta":[],"acf":[],"yoast_head":"<!-- This site is optimized with the Yoast SEO plugin v21.6 - https:\/\/yoast.com\/wordpress\/plugins\/seo\/ -->\n<title>Sofa W-Lounge High WCL29L5 GreenForest Timisoara<\/title>\n<meta name=\"description\" content=\"Sofa W-Lounge High WCL29L5 - GreenForest - mobilier de birou, professional furniture and fit out for a great office experience\" \/>\n<meta name=\"robots\" content=\"index, follow, max-snippet:-1, max-image-preview:large, max-video-preview:-1\" \/>\n<link rel=\"canonical\" href=\"https:\/\/www.greenforest.ro\/old\/produs\/sofa-w-lounge-high-wcl29l5\/\" \/>\n<meta name=\"twitter:card\" content=\"summary_large_image\" \/>\n<meta name=\"twitter:title\" content=\"Sofa W-Lounge High WCL29L5 GreenForest Timisoara\" \/>\n<meta name=\"twitter:description\" content=\"Sofa W-Lounge High WCL29L5 - GreenForest - mobilier de birou, professional furniture and fit out for a great office experience\" \/>\n<meta name=\"twitter:image\" content=\"https:\/\/www.greenforest.ro\/old\/wp-content\/uploads\/2017\/11\/w_lounge_sofa_high.png\" \/>\n<!-- \/ Yoast SEO plugin. -->","yoast_head_json":{"title":"Sofa W-Lounge High WCL29L5 GreenForest Timisoara","description":"Sofa W-Lounge High WCL29L5 - GreenForest - mobilier de birou, professional furniture and fit out for a great office experience","robots":{"index":"index","follow":"follow","max-snippet":"max-snippet:-1","max-image-preview":"max-image-preview:large","max-video-preview":"max-video-preview:-1"},"canonical":"https:\/\/www.greenforest.ro\/old\/produs\/sofa-w-lounge-high-wcl29l5\/","twitter_card":"summary_large_image","twitter_title":"Sofa W-Lounge High WCL29L5 GreenForest Timisoara","twitter_description":"Sofa W-Lounge High WCL29L5 - GreenForest - mobilier de birou, professional furniture and fit out for a great office experience","twitter_image":"https:\/\/www.greenforest.ro\/old\/wp-content\/uploads\/2017\/11\/w_lounge_sofa_high.png","schema":{"@context":"https:\/\/schema.org","@graph":[{"@type":"WebPage","@id":"https:\/\/www.greenforest.ro\/old\/produs\/sofa-w-lounge-high-wcl29l5\/","url":"https:\/\/www.greenforest.ro\/old\/produs\/sofa-w-lounge-high-wcl29l5\/","name":"Sofa W-Lounge High WCL29L5 GreenForest Timisoara","isPartOf":{"@id":"https:\/\/www.greenforest.ro\/old\/#website"},"datePublished":"2017-11-29T17:10:03+00:00","dateModified":"2019-09-11T07:45:10+00:00","description":"Sofa W-Lounge High WCL29L5 - GreenForest - mobilier de birou, professional furniture and fit out for a great office experience","breadcrumb":{"@id":"https:\/\/www.greenforest.ro\/old\/produs\/sofa-w-lounge-high-wcl29l5\/#breadcrumb"},"inLanguage":"ro-RO","potentialAction":[{"@type":"ReadAction","target":["https:\/\/www.greenforest.ro\/old\/produs\/sofa-w-lounge-high-wcl29l5\/"]}]},{"@type":"BreadcrumbList","@id":"https:\/\/www.greenforest.ro\/old\/produs\/sofa-w-lounge-high-wcl29l5\/#breadcrumb","itemListElement":[{"@type":"ListItem","position":1,"name":"Prima pagin\u0103","item":"https:\/\/www.greenforest.ro\/old\/"},{"@type":"ListItem","position":2,"name":"Magazin","item":"https:\/\/www.greenforest.ro\/old\/store\/"},{"@type":"ListItem","position":3,"name":"Scaune Lounge GreenForest","item":"https:\/\/www.greenforest.ro\/old\/categorie-produs\/scaune-lounge\/"},{"@type":"ListItem","position":4,"name":"Fotolii - canapele","item":"https:\/\/www.greenforest.ro\/old\/categorie-produs\/scaune-lounge\/fotolii-canapele\/"},{"@type":"ListItem","position":5,"name":"Fotolii Wagner","item":"https:\/\/www.greenforest.ro\/old\/categorie-produs\/scaune-lounge\/fotolii-canapele\/wagner-fotolii-canapele\/"},{"@type":"ListItem","position":6,"name":"Sofa W-Lounge High WCL29L5"}]},{"@type":"WebSite","@id":"https:\/\/www.greenforest.ro\/old\/#website","url":"https:\/\/www.greenforest.ro\/old\/","name":"GreenForest - mobilier de birou","description":"Solu\u0163ii profesionale de amenajare birouri","publisher":{"@id":"https:\/\/www.greenforest.ro\/old\/#organization"},"potentialAction":[{"@type":"SearchAction","target":{"@type":"EntryPoint","urlTemplate":"https:\/\/www.greenforest.ro\/old\/?s={search_term_string}"},"query-input":"required name=search_term_string"}],"inLanguage":"ro-RO"},{"@type":"Organization","@id":"https:\/\/www.greenforest.ro\/old\/#organization","name":"Greenforest","url":"https:\/\/www.greenforest.ro\/old\/","logo":{"@type":"ImageObject","inLanguage":"ro-RO","@id":"https:\/\/www.greenforest.ro\/old\/#\/schema\/logo\/image\/","url":"https:\/\/www.greenforest.ro\/old\/wp-content\/uploads\/2018\/01\/sol-logo-greenforest.png","contentUrl":"https:\/\/www.greenforest.ro\/old\/wp-content\/uploads\/2018\/01\/sol-logo-greenforest.png","width":110,"height":110,"caption":"Greenforest"},"image":{"@id":"https:\/\/www.greenforest.ro\/old\/#\/schema\/logo\/image\/"},"sameAs":["https:\/\/www.facebook.com\/GreenForest.MobilierPentruBirou","https:\/\/www.instagram.com\/greenforest.ro\/","https:\/\/www.linkedin.com\/company\/greenforest\/"]}]}},"_links":{"self":[{"href":"https:\/\/www.greenforest.ro\/old\/wp-json\/wp\/v2\/product\/3884"}],"collection":[{"href":"https:\/\/www.greenforest.ro\/old\/wp-json\/wp\/v2\/product"}],"about":[{"href":"https:\/\/www.greenforest.ro\/old\/wp-json\/wp\/v2\/types\/product"}],"replies":[{"embeddable":true,"href":"https:\/\/www.greenforest.ro\/old\/wp-json\/wp\/v2\/comments?post=3884"}],"wp:featuredmedia":[{"embeddable":true,"href":"https:\/\/www.greenforest.ro\/old\/wp-json\/wp\/v2\/media\/3853"}],"wp:attachment":[{"href":"https:\/\/www.greenforest.ro\/old\/wp-json\/wp\/v2\/media?parent=3884"}],"curies":[{"name":"wp","href":"https:\/\/api.w.org\/{rel}","templated":true}]}}