{"id":3883,"date":"2017-11-29T19:10:03","date_gmt":"2017-11-29T17:10:03","guid":{"rendered":"https:\/\/www.greenforest.ro\/old\/produs\/scaun-w-cube-1-wcu190\/"},"modified":"2019-09-11T10:19:27","modified_gmt":"2019-09-11T07:19:27","slug":"scaun-w-cube-1-wcu190","status":"publish","type":"product","link":"https:\/\/www.greenforest.ro\/old\/produs\/scaun-w-cube-1-wcu190\/","title":{"rendered":"Scaun W-Cube 1 WCU190"},"content":{"rendered":"","protected":false},"excerpt":{"rendered":"<p>&#8211; Scaun pentru diverse interac\u021biuni \u0219i utiliz\u0103ri;<br \/>\n&#8211; \u0219ezut rotativ, reglabil \u00een \u00een\u0103l\u021bime \u0219i sistem pentru mi\u021bcare tridimensional\u0103 Dondola;<br \/>\n&#8211; Tapi\u021berie stof\u0103 70% l\u00e2n\u0103 cu rezisten\u021b\u0103 la 180.000 cicluri de frecare L50, L51, L53, L54, L55, L56, L57, L58, L59<br clear=\"all\" \/><img loading=\"lazy\" decoding=\"async\" class=\"alignnone\" src=\"https:\/\/www.greenforest.ro\/old\/wp-content\/uploads\/2018\/\/02\/culori_L_JAB.png\" alt=\"culori disponibile\" width=\"448\" height=\"110\" \/><\/p>\n<h4>Dimensiuni<\/h4>\n<p>\u0218ezut 48cm l\u0103\u021bime x 46cm ad\u00e2ncime; \u00een\u0103l\u021bime total\u0103 103-110cm<\/p>\n","protected":false},"featured_media":3863,"comment_status":"closed","ping_status":"closed","template":"","meta":[],"acf":[],"yoast_head":"<!-- This site is optimized with the Yoast SEO plugin v21.6 - https:\/\/yoast.com\/wordpress\/plugins\/seo\/ -->\n<title>Scaun W-Cube 1 WCU190 - mobilier de birou GreenForest<\/title>\n<meta name=\"description\" content=\"Scaun W-Cube 1 WCU190 - GreenForest - mobilier de birou, professional furniture and fit out for a great office experience\" \/>\n<meta name=\"robots\" content=\"index, follow, max-snippet:-1, max-image-preview:large, max-video-preview:-1\" \/>\n<link rel=\"canonical\" href=\"https:\/\/www.greenforest.ro\/old\/produs\/scaun-w-cube-1-wcu190\/\" \/>\n<meta name=\"twitter:card\" content=\"summary_large_image\" \/>\n<meta name=\"twitter:title\" content=\"Scaun W-Cube 1 WCU190 - mobilier de birou GreenForest\" \/>\n<meta name=\"twitter:description\" content=\"Scaun W-Cube 1 WCU190 - GreenForest - mobilier de birou, professional furniture and fit out for a great office experience\" \/>\n<meta name=\"twitter:image\" content=\"https:\/\/www.greenforest.ro\/old\/wp-content\/uploads\/2017\/11\/w-cube-1.png\" \/>\n<!-- \/ Yoast SEO plugin. -->","yoast_head_json":{"title":"Scaun W-Cube 1 WCU190 - mobilier de birou GreenForest","description":"Scaun W-Cube 1 WCU190 - GreenForest - mobilier de birou, professional furniture and fit out for a great office experience","robots":{"index":"index","follow":"follow","max-snippet":"max-snippet:-1","max-image-preview":"max-image-preview:large","max-video-preview":"max-video-preview:-1"},"canonical":"https:\/\/www.greenforest.ro\/old\/produs\/scaun-w-cube-1-wcu190\/","twitter_card":"summary_large_image","twitter_title":"Scaun W-Cube 1 WCU190 - mobilier de birou GreenForest","twitter_description":"Scaun W-Cube 1 WCU190 - GreenForest - mobilier de birou, professional furniture and fit out for a great office experience","twitter_image":"https:\/\/www.greenforest.ro\/old\/wp-content\/uploads\/2017\/11\/w-cube-1.png","schema":{"@context":"https:\/\/schema.org","@graph":[{"@type":"WebPage","@id":"https:\/\/www.greenforest.ro\/old\/en\/produs\/scaun-w-cube-1-wcu190\/","url":"https:\/\/www.greenforest.ro\/old\/en\/produs\/scaun-w-cube-1-wcu190\/","name":"Scaun W-Cube 1 WCU190 - mobilier de birou GreenForest","isPartOf":{"@id":"https:\/\/www.greenforest.ro\/old\/#website"},"datePublished":"2017-11-29T17:10:03+00:00","dateModified":"2019-09-11T07:19:27+00:00","description":"Scaun W-Cube 1 WCU190 - GreenForest - mobilier de birou, professional furniture and fit out for a great office experience","breadcrumb":{"@id":"https:\/\/www.greenforest.ro\/old\/en\/produs\/scaun-w-cube-1-wcu190\/#breadcrumb"},"inLanguage":"ro-RO","potentialAction":[{"@type":"ReadAction","target":["https:\/\/www.greenforest.ro\/old\/en\/produs\/scaun-w-cube-1-wcu190\/"]}]},{"@type":"BreadcrumbList","@id":"https:\/\/www.greenforest.ro\/old\/en\/produs\/scaun-w-cube-1-wcu190\/#breadcrumb","itemListElement":[{"@type":"ListItem","position":1,"name":"Prima pagin\u0103","item":"https:\/\/www.greenforest.ro\/old\/"},{"@type":"ListItem","position":2,"name":"Magazin","item":"https:\/\/www.greenforest.ro\/old\/store\/"},{"@type":"ListItem","position":3,"name":"Scaune Lounge GreenForest","item":"https:\/\/www.greenforest.ro\/old\/categorie-produs\/scaune-lounge\/"},{"@type":"ListItem","position":4,"name":"Scaune","item":"https:\/\/www.greenforest.ro\/old\/categorie-produs\/scaune-lounge\/scaune\/"},{"@type":"ListItem","position":5,"name":"Scaune lounge Wagner","item":"https:\/\/www.greenforest.ro\/old\/categorie-produs\/scaune-lounge\/scaune\/wagner\/"},{"@type":"ListItem","position":6,"name":"Scaun W-Cube 1 WCU190"}]},{"@type":"WebSite","@id":"https:\/\/www.greenforest.ro\/old\/#website","url":"https:\/\/www.greenforest.ro\/old\/","name":"GreenForest - mobilier de birou","description":"Solu\u0163ii profesionale de amenajare birouri","publisher":{"@id":"https:\/\/www.greenforest.ro\/old\/#organization"},"potentialAction":[{"@type":"SearchAction","target":{"@type":"EntryPoint","urlTemplate":"https:\/\/www.greenforest.ro\/old\/?s={search_term_string}"},"query-input":"required name=search_term_string"}],"inLanguage":"ro-RO"},{"@type":"Organization","@id":"https:\/\/www.greenforest.ro\/old\/#organization","name":"Greenforest","url":"https:\/\/www.greenforest.ro\/old\/","logo":{"@type":"ImageObject","inLanguage":"ro-RO","@id":"https:\/\/www.greenforest.ro\/old\/#\/schema\/logo\/image\/","url":"https:\/\/www.greenforest.ro\/old\/wp-content\/uploads\/2018\/01\/sol-logo-greenforest.png","contentUrl":"https:\/\/www.greenforest.ro\/old\/wp-content\/uploads\/2018\/01\/sol-logo-greenforest.png","width":110,"height":110,"caption":"Greenforest"},"image":{"@id":"https:\/\/www.greenforest.ro\/old\/#\/schema\/logo\/image\/"},"sameAs":["https:\/\/www.facebook.com\/GreenForest.MobilierPentruBirou","https:\/\/www.instagram.com\/greenforest.ro\/","https:\/\/www.linkedin.com\/company\/greenforest\/"]}]}},"_links":{"self":[{"href":"https:\/\/www.greenforest.ro\/old\/wp-json\/wp\/v2\/product\/3883"}],"collection":[{"href":"https:\/\/www.greenforest.ro\/old\/wp-json\/wp\/v2\/product"}],"about":[{"href":"https:\/\/www.greenforest.ro\/old\/wp-json\/wp\/v2\/types\/product"}],"replies":[{"embeddable":true,"href":"https:\/\/www.greenforest.ro\/old\/wp-json\/wp\/v2\/comments?post=3883"}],"wp:featuredmedia":[{"embeddable":true,"href":"https:\/\/www.greenforest.ro\/old\/wp-json\/wp\/v2\/media\/3863"}],"wp:attachment":[{"href":"https:\/\/www.greenforest.ro\/old\/wp-json\/wp\/v2\/media?parent=3883"}],"curies":[{"name":"wp","href":"https:\/\/api.w.org\/{rel}","templated":true}]}}