{"id":3870,"date":"2017-11-29T15:53:45","date_gmt":"2017-11-29T13:53:45","guid":{"rendered":"https:\/\/www.greenforest.ro\/old\/produs\/scaun-scaun-w1-wa48bmt\/"},"modified":"2021-02-02T15:20:08","modified_gmt":"2021-02-02T13:20:08","slug":"scaun-scaun-w1-wa48bmt","status":"publish","type":"product","link":"https:\/\/www.greenforest.ro\/old\/produs\/scaun-scaun-w1-wa48bmt\/","title":{"rendered":"Scaun W1 WA48BMT"},"content":{"rendered":"","protected":false},"excerpt":{"rendered":"<p>&#8211; Reglarea inaltimii prin piston cu gaz;<br \/>\n&#8211; Mecanism syncro pentru pastrarea corecta, permanenta a unghiului; dintre sezut \u0219i spatar;<br \/>\n&#8211; Spatar fix cu contur rama crom satinat;<br \/>\n&#8211; Baza stea crom satinat;<br \/>\n&#8211; Brate reglabile;<br \/>\n&#8211; Tapi\u021berie stof\u0103 sezut:<\/p>\n<p>1. Trevira CS cu rezistenta la 50.000 de cicluri de frecare T20, T21, T22, T23, T26, T27, T28, T31, T33, T34, T35, T38;<\/p>\n<p>2. stofa 100% Polyster cu rezistenta la 50.000 de cicluri de frecare W50, W51, W52, W53, W54, W55, W56, W57, W58, W59;<\/p>\n<p>3. stofa 70% lana cu rezistenta la 180.000 cicluri de frecare L50, L51, L53, L54, L55, L56, L57, L58, L59.<\/p>\n<p><img loading=\"lazy\" decoding=\"async\" class=\"alignnone wp-image-8652 size-full\" title=\"culori T W L V new 1\" src=\"https:\/\/www.greenforest.ro\/old\/wp-content\/uploads\/2017\/11\/culori_T_W_L_V_new-1.png\" alt=\"culori T W L V new 1\" width=\"695\" height=\"285\" srcset=\"https:\/\/www.greenforest.ro\/old\/wp-content\/uploads\/2017\/11\/culori_T_W_L_V_new-1.png 695w, https:\/\/www.greenforest.ro\/old\/wp-content\/uploads\/2017\/11\/culori_T_W_L_V_new-1-300x123.png 300w, https:\/\/www.greenforest.ro\/old\/wp-content\/uploads\/2017\/11\/culori_T_W_L_V_new-1-600x246.png 600w\" sizes=\"(max-width: 695px) 100vw, 695px\" \/><\/p>\n<h4>Dimensiuni<\/h4>\n<p>\u0218ezut 114-123cm l\u0103\u021bime x 47cm ad\u00e2ncime; \u00een\u0103l\u021bime total\u0103 46cm<\/p>\n<h4>Variante<\/h4>\n<p>Scaun W1 WA48BPVT cu tapiterie piele naturala V60, V61, V62, V63, V67<\/p>\n","protected":false},"featured_media":3855,"comment_status":"closed","ping_status":"closed","template":"","meta":[],"acf":[],"yoast_head":"<!-- This site is optimized with the Yoast SEO plugin v21.6 - https:\/\/yoast.com\/wordpress\/plugins\/seo\/ -->\n<title>Scaun W1 WA48BMT - mobilier de birou GreenForest<\/title>\n<meta name=\"description\" content=\"Scaun W1 WA48BMT - GreenForest - mobilier de birou, amenajari, professional furniture and fit out for a great office experience\" \/>\n<meta name=\"robots\" content=\"index, follow, max-snippet:-1, max-image-preview:large, max-video-preview:-1\" \/>\n<link rel=\"canonical\" href=\"https:\/\/www.greenforest.ro\/old\/produs\/scaun-scaun-w1-wa48bmt\/\" \/>\n<meta name=\"twitter:card\" content=\"summary_large_image\" \/>\n<meta name=\"twitter:title\" content=\"Scaun W1 WA48BMT - mobilier de birou GreenForest\" \/>\n<meta name=\"twitter:description\" content=\"Scaun W1 WA48BMT - GreenForest - mobilier de birou, amenajari, professional furniture and fit out for a great office experience\" \/>\n<meta name=\"twitter:image\" content=\"https:\/\/www.greenforest.ro\/old\/wp-content\/uploads\/2017\/11\/wagner__w1.png\" \/>\n<!-- \/ Yoast SEO plugin. -->","yoast_head_json":{"title":"Scaun W1 WA48BMT - mobilier de birou GreenForest","description":"Scaun W1 WA48BMT - GreenForest - mobilier de birou, amenajari, professional furniture and fit out for a great office experience","robots":{"index":"index","follow":"follow","max-snippet":"max-snippet:-1","max-image-preview":"max-image-preview:large","max-video-preview":"max-video-preview:-1"},"canonical":"https:\/\/www.greenforest.ro\/old\/produs\/scaun-scaun-w1-wa48bmt\/","twitter_card":"summary_large_image","twitter_title":"Scaun W1 WA48BMT - mobilier de birou GreenForest","twitter_description":"Scaun W1 WA48BMT - GreenForest - mobilier de birou, amenajari, professional furniture and fit out for a great office experience","twitter_image":"https:\/\/www.greenforest.ro\/old\/wp-content\/uploads\/2017\/11\/wagner__w1.png","schema":{"@context":"https:\/\/schema.org","@graph":[{"@type":"WebPage","@id":"https:\/\/www.greenforest.ro\/old\/produs\/scaun-scaun-w1-wa48bmt\/","url":"https:\/\/www.greenforest.ro\/old\/produs\/scaun-scaun-w1-wa48bmt\/","name":"Scaun W1 WA48BMT - mobilier de birou GreenForest","isPartOf":{"@id":"https:\/\/www.greenforest.ro\/old\/#website"},"datePublished":"2017-11-29T13:53:45+00:00","dateModified":"2021-02-02T13:20:08+00:00","description":"Scaun W1 WA48BMT - GreenForest - mobilier de birou, amenajari, professional furniture and fit out for a great office experience","breadcrumb":{"@id":"https:\/\/www.greenforest.ro\/old\/produs\/scaun-scaun-w1-wa48bmt\/#breadcrumb"},"inLanguage":"ro-RO","potentialAction":[{"@type":"ReadAction","target":["https:\/\/www.greenforest.ro\/old\/produs\/scaun-scaun-w1-wa48bmt\/"]}]},{"@type":"BreadcrumbList","@id":"https:\/\/www.greenforest.ro\/old\/produs\/scaun-scaun-w1-wa48bmt\/#breadcrumb","itemListElement":[{"@type":"ListItem","position":1,"name":"Prima pagin\u0103","item":"https:\/\/www.greenforest.ro\/old\/"},{"@type":"ListItem","position":2,"name":"Magazin","item":"https:\/\/www.greenforest.ro\/old\/store\/"},{"@type":"ListItem","position":3,"name":"Scaune ergonomice","item":"https:\/\/www.greenforest.ro\/old\/categorie-produs\/scaune-ergonomice\/"},{"@type":"ListItem","position":4,"name":"Scaune executive","item":"https:\/\/www.greenforest.ro\/old\/categorie-produs\/scaune-ergonomice\/executive-scaune-ergonomice\/"},{"@type":"ListItem","position":5,"name":"Scaune executive Wagner","item":"https:\/\/www.greenforest.ro\/old\/categorie-produs\/scaune-ergonomice\/executive-scaune-ergonomice\/scaune-executive-wagner\/"},{"@type":"ListItem","position":6,"name":"Scaun W1 WA48BMT"}]},{"@type":"WebSite","@id":"https:\/\/www.greenforest.ro\/old\/#website","url":"https:\/\/www.greenforest.ro\/old\/","name":"GreenForest - mobilier de birou","description":"Solu\u0163ii profesionale de amenajare birouri","publisher":{"@id":"https:\/\/www.greenforest.ro\/old\/#organization"},"potentialAction":[{"@type":"SearchAction","target":{"@type":"EntryPoint","urlTemplate":"https:\/\/www.greenforest.ro\/old\/?s={search_term_string}"},"query-input":"required name=search_term_string"}],"inLanguage":"ro-RO"},{"@type":"Organization","@id":"https:\/\/www.greenforest.ro\/old\/#organization","name":"Greenforest","url":"https:\/\/www.greenforest.ro\/old\/","logo":{"@type":"ImageObject","inLanguage":"ro-RO","@id":"https:\/\/www.greenforest.ro\/old\/#\/schema\/logo\/image\/","url":"https:\/\/www.greenforest.ro\/old\/wp-content\/uploads\/2018\/01\/sol-logo-greenforest.png","contentUrl":"https:\/\/www.greenforest.ro\/old\/wp-content\/uploads\/2018\/01\/sol-logo-greenforest.png","width":110,"height":110,"caption":"Greenforest"},"image":{"@id":"https:\/\/www.greenforest.ro\/old\/#\/schema\/logo\/image\/"},"sameAs":["https:\/\/www.facebook.com\/GreenForest.MobilierPentruBirou","https:\/\/www.instagram.com\/greenforest.ro\/","https:\/\/www.linkedin.com\/company\/greenforest\/"]}]}},"_links":{"self":[{"href":"https:\/\/www.greenforest.ro\/old\/wp-json\/wp\/v2\/product\/3870"}],"collection":[{"href":"https:\/\/www.greenforest.ro\/old\/wp-json\/wp\/v2\/product"}],"about":[{"href":"https:\/\/www.greenforest.ro\/old\/wp-json\/wp\/v2\/types\/product"}],"replies":[{"embeddable":true,"href":"https:\/\/www.greenforest.ro\/old\/wp-json\/wp\/v2\/comments?post=3870"}],"wp:featuredmedia":[{"embeddable":true,"href":"https:\/\/www.greenforest.ro\/old\/wp-json\/wp\/v2\/media\/3855"}],"wp:attachment":[{"href":"https:\/\/www.greenforest.ro\/old\/wp-json\/wp\/v2\/media?parent=3870"}],"curies":[{"name":"wp","href":"https:\/\/api.w.org\/{rel}","templated":true}]}}