{"id":3829,"date":"2017-11-29T15:23:53","date_gmt":"2017-11-29T13:23:53","guid":{"rendered":"https:\/\/www.greenforest.ro\/old\/produs\/scaun-tec-50-72250-puo\/"},"modified":"2019-09-11T10:13:15","modified_gmt":"2019-09-11T07:13:15","slug":"scaun-tec-50-72250-puo","status":"publish","type":"product","link":"https:\/\/www.greenforest.ro\/old\/produs\/scaun-tec-50-72250-puo\/","title":{"rendered":"Scaun Tec 50 72250 PUO"},"content":{"rendered":"","protected":false},"excerpt":{"rendered":"<p>&#8211; Reglarea \u00een\u0103l\u021bimii prin piston cu gaz;<br \/>\n&#8211; Mecanism contact permanent pentru a asigura sprijinul permanent al coloanei vertebrale;<br \/>\n&#8211; Sp\u0103tar reglabil vertical;<br \/>\n&#8211; Role cu sistem de autofr\u00e2nare;<br \/>\n&#8211; Produs certificat Intertek GS \u00een Germania conform tuturor cerin\u021belor de securitate;<br \/>\n&#8211; Dimensiuni: \u00een\u0103l\u021bime \u0219ezut 44 &#8211; 57 cm; l\u0103\u021bime \u0219ezut 46 cm; ad\u00eencime \u0219ezut 44 cm; \u00een\u0103l\u021bime sp\u0103tar 43 cm; \u00een\u0103l\u021bime total\u0103 scaun 85 &#8211; 98 cm; greutate 12 kg;<br \/>\n&#8211; \u0218ezut \u0219i sp\u0103tar tapi\u021bat cu profil ergonomic \u00een piele artificial\u0103: D10 negru (MF&#8230;1427), D16, D43.<br clear=\"all\" \/><img loading=\"lazy\" decoding=\"async\" class=\"alignnone wp-image-6400 size-full\" src=\"https:\/\/www.greenforest.ro\/old\/wp-content\/uploads\/2017\/11\/culori_D-1.png\" alt=\"culori disponibile\" width=\"177\" height=\"70\" \/><\/p>\n<h4>Dimensiuni<\/h4>\n<p>\u0218ezut 46cm l\u0103\u021bime x 44cm ad\u00e2ncime; \u00een\u0103l\u021bime total\u0103 cm<\/p>\n<h4>Variante<\/h4>\n<p>TEC 50 72250 PUOG (MF&#8230;2344)<br \/>\nScaun TEC 50 cu ventuzeTEC 50 72259 PUO<br \/>\nScaun TEC 50 cu baz\u0103 aluminiu \u021blefuitTEC 50 72250 PUOT<br \/>\nScaun TEC 50 cu piston \u00eenalt, inel \u0219i ventuze, \u00een\u0103l\u021bime \u0219ezut 59 &#8211; 84 cm; \u00een\u0103l\u021bime total\u0103 scaun 100 &#8211; 125 cm<\/p>\n<h4>Optional<\/h4>\n<p>&#8211; Role gumate cu sistem de autofranare &#8220;6991<br \/>\n&#8211; pentru podea dur\u0103<br \/>\n&#8211; set 5 role cu diametrul de 5 cm<\/p>\n","protected":false},"featured_media":7499,"comment_status":"closed","ping_status":"closed","template":"","meta":[],"acf":[],"yoast_head":"<!-- This site is optimized with the Yoast SEO plugin v21.6 - https:\/\/yoast.com\/wordpress\/plugins\/seo\/ -->\n<title>Scaun Tec 50 72250 PUO - mobilier de birou GreenForest<\/title>\n<meta name=\"description\" content=\"Scaun Tec 50 72250 PUO - GreenForest - mobilier de birou, professional furniture and fit out for a great office experience\" \/>\n<meta name=\"robots\" content=\"index, follow, max-snippet:-1, max-image-preview:large, max-video-preview:-1\" \/>\n<link rel=\"canonical\" href=\"https:\/\/www.greenforest.ro\/old\/produs\/scaun-tec-50-72250-puo\/\" \/>\n<meta name=\"twitter:card\" content=\"summary_large_image\" \/>\n<meta name=\"twitter:title\" content=\"Scaun Tec 50 72250 PUO - mobilier de birou GreenForest\" \/>\n<meta name=\"twitter:description\" content=\"Scaun Tec 50 72250 PUO - GreenForest - mobilier de birou, professional furniture and fit out for a great office experience\" \/>\n<meta name=\"twitter:image\" content=\"https:\/\/www.greenforest.ro\/old\/wp-content\/uploads\/2017\/11\/tec_50.jpg\" \/>\n<!-- \/ Yoast SEO plugin. -->","yoast_head_json":{"title":"Scaun Tec 50 72250 PUO - mobilier de birou GreenForest","description":"Scaun Tec 50 72250 PUO - GreenForest - mobilier de birou, professional furniture and fit out for a great office experience","robots":{"index":"index","follow":"follow","max-snippet":"max-snippet:-1","max-image-preview":"max-image-preview:large","max-video-preview":"max-video-preview:-1"},"canonical":"https:\/\/www.greenforest.ro\/old\/produs\/scaun-tec-50-72250-puo\/","twitter_card":"summary_large_image","twitter_title":"Scaun Tec 50 72250 PUO - mobilier de birou GreenForest","twitter_description":"Scaun Tec 50 72250 PUO - GreenForest - mobilier de birou, professional furniture and fit out for a great office experience","twitter_image":"https:\/\/www.greenforest.ro\/old\/wp-content\/uploads\/2017\/11\/tec_50.jpg","schema":{"@context":"https:\/\/schema.org","@graph":[{"@type":"WebPage","@id":"https:\/\/www.greenforest.ro\/old\/en\/produs\/scaun-tec-50-72250-puo\/","url":"https:\/\/www.greenforest.ro\/old\/en\/produs\/scaun-tec-50-72250-puo\/","name":"Scaun Tec 50 72250 PUO - mobilier de birou GreenForest","isPartOf":{"@id":"https:\/\/www.greenforest.ro\/old\/#website"},"datePublished":"2017-11-29T13:23:53+00:00","dateModified":"2019-09-11T07:13:15+00:00","description":"Scaun Tec 50 72250 PUO - GreenForest - mobilier de birou, professional furniture and fit out for a great office experience","breadcrumb":{"@id":"https:\/\/www.greenforest.ro\/old\/en\/produs\/scaun-tec-50-72250-puo\/#breadcrumb"},"inLanguage":"ro-RO","potentialAction":[{"@type":"ReadAction","target":["https:\/\/www.greenforest.ro\/old\/en\/produs\/scaun-tec-50-72250-puo\/"]}]},{"@type":"BreadcrumbList","@id":"https:\/\/www.greenforest.ro\/old\/en\/produs\/scaun-tec-50-72250-puo\/#breadcrumb","itemListElement":[{"@type":"ListItem","position":1,"name":"Prima pagin\u0103","item":"https:\/\/www.greenforest.ro\/old\/"},{"@type":"ListItem","position":2,"name":"Magazin","item":"https:\/\/www.greenforest.ro\/old\/store\/"},{"@type":"ListItem","position":3,"name":"Scaune ergonomice","item":"https:\/\/www.greenforest.ro\/old\/categorie-produs\/scaune-ergonomice\/"},{"@type":"ListItem","position":4,"name":"Scaune Industriale","item":"https:\/\/www.greenforest.ro\/old\/categorie-produs\/scaune-ergonomice\/industriale\/"},{"@type":"ListItem","position":5,"name":"Scaune industriale Topstar","item":"https:\/\/www.greenforest.ro\/old\/categorie-produs\/scaune-ergonomice\/industriale\/topstar-scaune-industriale\/"},{"@type":"ListItem","position":6,"name":"Scaun Tec 50 72250 PUO"}]},{"@type":"WebSite","@id":"https:\/\/www.greenforest.ro\/old\/#website","url":"https:\/\/www.greenforest.ro\/old\/","name":"GreenForest - mobilier de birou","description":"Solu\u0163ii profesionale de amenajare birouri","publisher":{"@id":"https:\/\/www.greenforest.ro\/old\/#organization"},"potentialAction":[{"@type":"SearchAction","target":{"@type":"EntryPoint","urlTemplate":"https:\/\/www.greenforest.ro\/old\/?s={search_term_string}"},"query-input":"required name=search_term_string"}],"inLanguage":"ro-RO"},{"@type":"Organization","@id":"https:\/\/www.greenforest.ro\/old\/#organization","name":"Greenforest","url":"https:\/\/www.greenforest.ro\/old\/","logo":{"@type":"ImageObject","inLanguage":"ro-RO","@id":"https:\/\/www.greenforest.ro\/old\/#\/schema\/logo\/image\/","url":"https:\/\/www.greenforest.ro\/old\/wp-content\/uploads\/2018\/01\/sol-logo-greenforest.png","contentUrl":"https:\/\/www.greenforest.ro\/old\/wp-content\/uploads\/2018\/01\/sol-logo-greenforest.png","width":110,"height":110,"caption":"Greenforest"},"image":{"@id":"https:\/\/www.greenforest.ro\/old\/#\/schema\/logo\/image\/"},"sameAs":["https:\/\/www.facebook.com\/GreenForest.MobilierPentruBirou","https:\/\/www.instagram.com\/greenforest.ro\/","https:\/\/www.linkedin.com\/company\/greenforest\/"]}]}},"_links":{"self":[{"href":"https:\/\/www.greenforest.ro\/old\/wp-json\/wp\/v2\/product\/3829"}],"collection":[{"href":"https:\/\/www.greenforest.ro\/old\/wp-json\/wp\/v2\/product"}],"about":[{"href":"https:\/\/www.greenforest.ro\/old\/wp-json\/wp\/v2\/types\/product"}],"replies":[{"embeddable":true,"href":"https:\/\/www.greenforest.ro\/old\/wp-json\/wp\/v2\/comments?post=3829"}],"wp:featuredmedia":[{"embeddable":true,"href":"https:\/\/www.greenforest.ro\/old\/wp-json\/wp\/v2\/media\/7499"}],"wp:attachment":[{"href":"https:\/\/www.greenforest.ro\/old\/wp-json\/wp\/v2\/media?parent=3829"}],"curies":[{"name":"wp","href":"https:\/\/api.w.org\/{rel}","templated":true}]}}