{"id":3823,"date":"2017-11-29T14:35:16","date_gmt":"2017-11-29T12:35:16","guid":{"rendered":"https:\/\/www.greenforest.ro\/old\/produs\/scaun-taburet-sfh-stool-sfb201\/"},"modified":"2021-02-02T12:41:57","modified_gmt":"2021-02-02T10:41:57","slug":"scaun-taburet-sfh-stool-sfb201","status":"publish","type":"product","link":"https:\/\/www.greenforest.ro\/old\/produs\/scaun-taburet-sfh-stool-sfb201\/","title":{"rendered":"Scaun Monaco 7.6 SLF 7651"},"content":{"rendered":"","protected":false},"excerpt":{"rendered":"<p>&#8211; Scaun rotativ, reglabil \u00een \u00een\u0103l\u021bime;<br \/>\n&#8211; Baz\u0103 tip talp\u0103 cromat\u0103;<br \/>\n&#8211; Tapi\u021berie velur KB0-KB17, catifea KF0-KF8, piele artificial\u0103 DE0-DE9, stof\u0103 KC2-KC18.<br \/>\n&#8211; Dimensiuni: \u00een\u0103l\u021bime \u0219ezut 68 &#8211; 80 cm; l\u0103\u021bime \u0219ezut 41 cm; ad\u00eencime \u0219ezut 41 cm; \u00een\u0103l\u021bime sp\u0103tar 14 cm; \u00een\u0103l\u021bime scaun 82 &#8211; 94 cm.<\/p>\n<h4>Dimensiuni<\/h4>\n<p>\u0218ezut 41cm l\u0103\u021bime x 41cm ad\u00e2ncime; \u00een\u0103l\u021bime total\u0103 82-94cm<\/p>\n","protected":false},"featured_media":3633,"comment_status":"closed","ping_status":"closed","template":"","meta":[],"acf":[],"yoast_head":"<!-- This site is optimized with the Yoast SEO plugin v21.6 - https:\/\/yoast.com\/wordpress\/plugins\/seo\/ -->\n<title>Scaun Monaco 7.6 SLF 7651 - mobilier de birou GreenForest<\/title>\n<meta name=\"description\" content=\"Scaun Monaco 7.6 SLF 7651 - GreenForest - mobilier de birou, professional furniture and fit out for a great office experience\" \/>\n<meta name=\"robots\" content=\"index, follow, max-snippet:-1, max-image-preview:large, max-video-preview:-1\" \/>\n<link rel=\"canonical\" href=\"https:\/\/www.greenforest.ro\/old\/produs\/scaun-taburet-sfh-stool-sfb201\/\" \/>\n<meta name=\"twitter:card\" content=\"summary_large_image\" \/>\n<meta name=\"twitter:title\" content=\"Scaun Monaco 7.6 SLF 7651 - mobilier de birou GreenForest\" \/>\n<meta name=\"twitter:description\" content=\"Scaun Monaco 7.6 SLF 7651 - GreenForest - mobilier de birou, professional furniture and fit out for a great office experience\" \/>\n<meta name=\"twitter:image\" content=\"https:\/\/www.greenforest.ro\/old\/wp-content\/uploads\/2017\/11\/taburet-stool.png\" \/>\n<!-- \/ Yoast SEO plugin. -->","yoast_head_json":{"title":"Scaun Monaco 7.6 SLF 7651 - mobilier de birou GreenForest","description":"Scaun Monaco 7.6 SLF 7651 - GreenForest - mobilier de birou, professional furniture and fit out for a great office experience","robots":{"index":"index","follow":"follow","max-snippet":"max-snippet:-1","max-image-preview":"max-image-preview:large","max-video-preview":"max-video-preview:-1"},"canonical":"https:\/\/www.greenforest.ro\/old\/produs\/scaun-taburet-sfh-stool-sfb201\/","twitter_card":"summary_large_image","twitter_title":"Scaun Monaco 7.6 SLF 7651 - mobilier de birou GreenForest","twitter_description":"Scaun Monaco 7.6 SLF 7651 - GreenForest - mobilier de birou, professional furniture and fit out for a great office experience","twitter_image":"https:\/\/www.greenforest.ro\/old\/wp-content\/uploads\/2017\/11\/taburet-stool.png","schema":{"@context":"https:\/\/schema.org","@graph":[{"@type":"WebPage","@id":"https:\/\/www.greenforest.ro\/old\/produs\/scaun-taburet-sfh-stool-sfb201\/","url":"https:\/\/www.greenforest.ro\/old\/produs\/scaun-taburet-sfh-stool-sfb201\/","name":"Scaun Monaco 7.6 SLF 7651 - mobilier de birou GreenForest","isPartOf":{"@id":"https:\/\/www.greenforest.ro\/old\/#website"},"datePublished":"2017-11-29T12:35:16+00:00","dateModified":"2021-02-02T10:41:57+00:00","description":"Scaun Monaco 7.6 SLF 7651 - GreenForest - mobilier de birou, professional furniture and fit out for a great office experience","breadcrumb":{"@id":"https:\/\/www.greenforest.ro\/old\/produs\/scaun-taburet-sfh-stool-sfb201\/#breadcrumb"},"inLanguage":"ro-RO","potentialAction":[{"@type":"ReadAction","target":["https:\/\/www.greenforest.ro\/old\/produs\/scaun-taburet-sfh-stool-sfb201\/"]}]},{"@type":"BreadcrumbList","@id":"https:\/\/www.greenforest.ro\/old\/produs\/scaun-taburet-sfh-stool-sfb201\/#breadcrumb","itemListElement":[{"@type":"ListItem","position":1,"name":"Prima pagin\u0103","item":"https:\/\/www.greenforest.ro\/old\/"},{"@type":"ListItem","position":2,"name":"Magazin","item":"https:\/\/www.greenforest.ro\/old\/store\/"},{"@type":"ListItem","position":3,"name":"Scaune Lounge GreenForest","item":"https:\/\/www.greenforest.ro\/old\/categorie-produs\/scaune-lounge\/"},{"@type":"ListItem","position":4,"name":"Scaune","item":"https:\/\/www.greenforest.ro\/old\/categorie-produs\/scaune-lounge\/scaune\/"},{"@type":"ListItem","position":5,"name":"Scaune lounge TopStar","item":"https:\/\/www.greenforest.ro\/old\/categorie-produs\/scaune-lounge\/scaune\/topstar-scaune\/"},{"@type":"ListItem","position":6,"name":"Scaun Monaco 7.6 SLF 7651"}]},{"@type":"WebSite","@id":"https:\/\/www.greenforest.ro\/old\/#website","url":"https:\/\/www.greenforest.ro\/old\/","name":"GreenForest - mobilier de birou","description":"Solu\u0163ii profesionale de amenajare birouri","publisher":{"@id":"https:\/\/www.greenforest.ro\/old\/#organization"},"potentialAction":[{"@type":"SearchAction","target":{"@type":"EntryPoint","urlTemplate":"https:\/\/www.greenforest.ro\/old\/?s={search_term_string}"},"query-input":"required name=search_term_string"}],"inLanguage":"ro-RO"},{"@type":"Organization","@id":"https:\/\/www.greenforest.ro\/old\/#organization","name":"Greenforest","url":"https:\/\/www.greenforest.ro\/old\/","logo":{"@type":"ImageObject","inLanguage":"ro-RO","@id":"https:\/\/www.greenforest.ro\/old\/#\/schema\/logo\/image\/","url":"https:\/\/www.greenforest.ro\/old\/wp-content\/uploads\/2018\/01\/sol-logo-greenforest.png","contentUrl":"https:\/\/www.greenforest.ro\/old\/wp-content\/uploads\/2018\/01\/sol-logo-greenforest.png","width":110,"height":110,"caption":"Greenforest"},"image":{"@id":"https:\/\/www.greenforest.ro\/old\/#\/schema\/logo\/image\/"},"sameAs":["https:\/\/www.facebook.com\/GreenForest.MobilierPentruBirou","https:\/\/www.instagram.com\/greenforest.ro\/","https:\/\/www.linkedin.com\/company\/greenforest\/"]}]}},"_links":{"self":[{"href":"https:\/\/www.greenforest.ro\/old\/wp-json\/wp\/v2\/product\/3823"}],"collection":[{"href":"https:\/\/www.greenforest.ro\/old\/wp-json\/wp\/v2\/product"}],"about":[{"href":"https:\/\/www.greenforest.ro\/old\/wp-json\/wp\/v2\/types\/product"}],"replies":[{"embeddable":true,"href":"https:\/\/www.greenforest.ro\/old\/wp-json\/wp\/v2\/comments?post=3823"}],"wp:featuredmedia":[{"embeddable":true,"href":"https:\/\/www.greenforest.ro\/old\/wp-json\/wp\/v2\/media\/3633"}],"wp:attachment":[{"href":"https:\/\/www.greenforest.ro\/old\/wp-json\/wp\/v2\/media?parent=3823"}],"curies":[{"name":"wp","href":"https:\/\/api.w.org\/{rel}","templated":true}]}}