{"id":3815,"date":"2017-11-29T14:35:16","date_gmt":"2017-11-29T12:35:16","guid":{"rendered":"https:\/\/www.greenforest.ro\/old\/produs\/scaun-scaun-cube-ea290\/"},"modified":"2019-09-10T23:37:04","modified_gmt":"2019-09-10T20:37:04","slug":"scaun-cube-ea290","status":"publish","type":"product","link":"https:\/\/www.greenforest.ro\/old\/produs\/scaun-cube-ea290\/","title":{"rendered":"Scaun Cube EA290"},"content":{"rendered":"","protected":false},"excerpt":{"rendered":"<p>&#8211; Scaun rotativ, reglabil \u00een \u00een\u0103l\u021bime;<br \/>\n&#8211; Baz\u0103 cromat\u0103 cu 4 bra\u021be cu ventuze;<br \/>\n&#8211; Tapi\u021berie stof\u0103 70% l\u00e2n\u0103 cu rezisten\u021b\u0103 la 180.000 cicluri de frecare L50, L51, L53, L54, L55, L56, L57, L58, L59;<br \/>\n&#8211; Dimensiuni: \u00een\u0103l\u021bime \u0219ezut 38 &#8211; 50 cm; l\u0103\u021bime \u0219ezut 51 cm; ad\u00eencime \u0219ezut 43 cm; \u00een\u0103l\u021bime sp\u0103tar 45 cm; \u00een\u0103l\u021bime scaun 86 &#8211; 98 cm.<br clear=\"all\" \/><img loading=\"lazy\" decoding=\"async\" class=\"alignnone\" src=\"https:\/\/www.greenforest.ro\/old\/wp-content\/uploads\/2017\/11\/culori_L.png\" alt=\"culori disponibile\" width=\"640\" height=\"69\" \/><\/p>\n<h4>Dimensiuni<\/h4>\n<p>\u0218ezut 51cm l\u0103\u021bime x 43cm ad\u00e2ncime; \u00een\u0103l\u021bime total\u0103 86-98cm<\/p>\n<h4>Optional<\/h4>\n<p>Scaun CUBE EA29R&#8230; cu bra\u021be cromate<\/p>\n","protected":false},"featured_media":3597,"comment_status":"closed","ping_status":"closed","template":"","meta":[],"acf":[],"yoast_head":"<!-- This site is optimized with the Yoast SEO plugin v21.6 - https:\/\/yoast.com\/wordpress\/plugins\/seo\/ -->\n<title>Scaun Cube EA290 - mobilier de birou GreenForest<\/title>\n<meta name=\"description\" content=\"Scaun Cube EA290 - GreenForest - mobilier de birou, amenajari, professional furniture and fit out for a great office experience\" \/>\n<meta name=\"robots\" content=\"index, follow, max-snippet:-1, max-image-preview:large, max-video-preview:-1\" \/>\n<link rel=\"canonical\" href=\"https:\/\/www.greenforest.ro\/old\/produs\/scaun-cube-ea290\/\" \/>\n<meta name=\"twitter:card\" content=\"summary_large_image\" \/>\n<meta name=\"twitter:title\" content=\"Scaun Cube EA290 - mobilier de birou GreenForest\" \/>\n<meta name=\"twitter:description\" content=\"Scaun Cube EA290 - GreenForest - mobilier de birou, amenajari, professional furniture and fit out for a great office experience\" \/>\n<meta name=\"twitter:image\" content=\"https:\/\/www.greenforest.ro\/old\/wp-content\/uploads\/2017\/11\/cube-2.png\" \/>\n<!-- \/ Yoast SEO plugin. -->","yoast_head_json":{"title":"Scaun Cube EA290 - mobilier de birou GreenForest","description":"Scaun Cube EA290 - GreenForest - mobilier de birou, amenajari, professional furniture and fit out for a great office experience","robots":{"index":"index","follow":"follow","max-snippet":"max-snippet:-1","max-image-preview":"max-image-preview:large","max-video-preview":"max-video-preview:-1"},"canonical":"https:\/\/www.greenforest.ro\/old\/produs\/scaun-cube-ea290\/","twitter_card":"summary_large_image","twitter_title":"Scaun Cube EA290 - mobilier de birou GreenForest","twitter_description":"Scaun Cube EA290 - GreenForest - mobilier de birou, amenajari, professional furniture and fit out for a great office experience","twitter_image":"https:\/\/www.greenforest.ro\/old\/wp-content\/uploads\/2017\/11\/cube-2.png","schema":{"@context":"https:\/\/schema.org","@graph":[{"@type":"WebPage","@id":"https:\/\/www.greenforest.ro\/old\/produs\/scaun-cube-ea290\/","url":"https:\/\/www.greenforest.ro\/old\/produs\/scaun-cube-ea290\/","name":"Scaun Cube EA290 - mobilier de birou GreenForest","isPartOf":{"@id":"https:\/\/www.greenforest.ro\/old\/#website"},"datePublished":"2017-11-29T12:35:16+00:00","dateModified":"2019-09-10T20:37:04+00:00","description":"Scaun Cube EA290 - GreenForest - mobilier de birou, amenajari, professional furniture and fit out for a great office experience","breadcrumb":{"@id":"https:\/\/www.greenforest.ro\/old\/produs\/scaun-cube-ea290\/#breadcrumb"},"inLanguage":"ro-RO","potentialAction":[{"@type":"ReadAction","target":["https:\/\/www.greenforest.ro\/old\/produs\/scaun-cube-ea290\/"]}]},{"@type":"BreadcrumbList","@id":"https:\/\/www.greenforest.ro\/old\/produs\/scaun-cube-ea290\/#breadcrumb","itemListElement":[{"@type":"ListItem","position":1,"name":"Prima pagin\u0103","item":"https:\/\/www.greenforest.ro\/old\/"},{"@type":"ListItem","position":2,"name":"Magazin","item":"https:\/\/www.greenforest.ro\/old\/store\/"},{"@type":"ListItem","position":3,"name":"Scaune Lounge GreenForest","item":"https:\/\/www.greenforest.ro\/old\/categorie-produs\/scaune-lounge\/"},{"@type":"ListItem","position":4,"name":"Scaune","item":"https:\/\/www.greenforest.ro\/old\/categorie-produs\/scaune-lounge\/scaune\/"},{"@type":"ListItem","position":5,"name":"Scaune lounge TopStar","item":"https:\/\/www.greenforest.ro\/old\/categorie-produs\/scaune-lounge\/scaune\/topstar-scaune\/"},{"@type":"ListItem","position":6,"name":"Scaun Cube EA290"}]},{"@type":"WebSite","@id":"https:\/\/www.greenforest.ro\/old\/#website","url":"https:\/\/www.greenforest.ro\/old\/","name":"GreenForest - mobilier de birou","description":"Solu\u0163ii profesionale de amenajare birouri","publisher":{"@id":"https:\/\/www.greenforest.ro\/old\/#organization"},"potentialAction":[{"@type":"SearchAction","target":{"@type":"EntryPoint","urlTemplate":"https:\/\/www.greenforest.ro\/old\/?s={search_term_string}"},"query-input":"required name=search_term_string"}],"inLanguage":"ro-RO"},{"@type":"Organization","@id":"https:\/\/www.greenforest.ro\/old\/#organization","name":"Greenforest","url":"https:\/\/www.greenforest.ro\/old\/","logo":{"@type":"ImageObject","inLanguage":"ro-RO","@id":"https:\/\/www.greenforest.ro\/old\/#\/schema\/logo\/image\/","url":"https:\/\/www.greenforest.ro\/old\/wp-content\/uploads\/2018\/01\/sol-logo-greenforest.png","contentUrl":"https:\/\/www.greenforest.ro\/old\/wp-content\/uploads\/2018\/01\/sol-logo-greenforest.png","width":110,"height":110,"caption":"Greenforest"},"image":{"@id":"https:\/\/www.greenforest.ro\/old\/#\/schema\/logo\/image\/"},"sameAs":["https:\/\/www.facebook.com\/GreenForest.MobilierPentruBirou","https:\/\/www.instagram.com\/greenforest.ro\/","https:\/\/www.linkedin.com\/company\/greenforest\/"]}]}},"_links":{"self":[{"href":"https:\/\/www.greenforest.ro\/old\/wp-json\/wp\/v2\/product\/3815"}],"collection":[{"href":"https:\/\/www.greenforest.ro\/old\/wp-json\/wp\/v2\/product"}],"about":[{"href":"https:\/\/www.greenforest.ro\/old\/wp-json\/wp\/v2\/types\/product"}],"replies":[{"embeddable":true,"href":"https:\/\/www.greenforest.ro\/old\/wp-json\/wp\/v2\/comments?post=3815"}],"wp:featuredmedia":[{"embeddable":true,"href":"https:\/\/www.greenforest.ro\/old\/wp-json\/wp\/v2\/media\/3597"}],"wp:attachment":[{"href":"https:\/\/www.greenforest.ro\/old\/wp-json\/wp\/v2\/media?parent=3815"}],"curies":[{"name":"wp","href":"https:\/\/api.w.org\/{rel}","templated":true}]}}