{"id":3812,"date":"2017-11-29T14:18:32","date_gmt":"2017-11-29T12:18:32","guid":{"rendered":"https:\/\/www.greenforest.ro\/old\/produs\/scaun-high-scool70570\/"},"modified":"2021-03-11T10:16:33","modified_gmt":"2021-03-11T08:16:33","slug":"scaun-high-scool70570","status":"publish","type":"product","link":"https:\/\/www.greenforest.ro\/old\/produs\/scaun-high-scool70570\/","title":{"rendered":"Scaun High S&#8217;cool70570"},"content":{"rendered":"","protected":false},"excerpt":{"rendered":"<p>&#8211; Piston cu gaz pentru reglarea inaltimii, special pentru copii, functionabil incepand cu o greutate de aproximativ 20 kg;<br \/>\n&#8211; Spatar reglabil \u00een ad\u00e2ncime \u0219i \u00een\u0103l\u021bime plus suport lombar reglabil;<br \/>\n&#8211; Produs certificat Intertek GS \u00een Germania conform cerin\u021belor de securitate \u0219i ergonomie;<br \/>\n&#8211; Dimensiuni: \u00een\u0103l\u021bime \u0219ezut 39 &#8211; 51 cm; l\u0103\u021bime \u0219ezut 43 cm; ad\u00eencime \u0219ezut 39 cm; \u00een\u0103l\u021bime sp\u0103tar 43 cm; \u00een\u0103l\u021bime total\u0103 scaun 81 &#8211; 94 cm;<br \/>\n&#8211; Tapi\u021berie polyester: BB0, BB1, BB2, BB3, BB4, BB5, BB6, BB7, BB8, BB9;<br \/>\n&#8211; Scaun recomandat pentru copii cu v\u00e2rsta \u00eentre 5 \u0219i 13 ani;<br clear=\"all\" \/><img loading=\"lazy\" decoding=\"async\" class=\"alignnone\" src=\"https:\/\/www.greenforest.ro\/old\/wp-content\/uploads\/2018\/02\/culori_BB.png\" alt=\"culori disponibile\" width=\"470\" height=\"55\" \/><\/p>\n<h4>Dimensiuni<\/h4>\n<p>\u0218ezut 43cm l\u0103\u021bime x 39cm ad\u00e2ncime; \u00een\u0103l\u021bime total\u0103 81-94cm<\/p>\n<h4><\/h4>\n","protected":false},"featured_media":3599,"comment_status":"closed","ping_status":"closed","template":"","meta":[],"acf":[],"yoast_head":"<!-- This site is optimized with the Yoast SEO plugin v21.6 - https:\/\/yoast.com\/wordpress\/plugins\/seo\/ -->\n<title>Scaun High S&#039;cool70570 - mobilier de birou GreenForest<\/title>\n<meta name=\"description\" content=\"Scaun High S&#039;cool70570 - GreenForest - mobilier de birou, professional furniture and fit out for a great office experience\" \/>\n<meta name=\"robots\" content=\"index, follow, max-snippet:-1, max-image-preview:large, max-video-preview:-1\" \/>\n<link rel=\"canonical\" href=\"https:\/\/www.greenforest.ro\/old\/produs\/scaun-high-scool70570\/\" \/>\n<meta name=\"twitter:card\" content=\"summary_large_image\" \/>\n<meta name=\"twitter:title\" content=\"Scaun High S&#039;cool70570 - mobilier de birou GreenForest\" \/>\n<meta name=\"twitter:description\" content=\"Scaun High S&#039;cool70570 - GreenForest - mobilier de birou, professional furniture and fit out for a great office experience\" \/>\n<meta name=\"twitter:image\" content=\"https:\/\/www.greenforest.ro\/old\/wp-content\/uploads\/2017\/11\/high-scool-1.png\" \/>\n<!-- \/ Yoast SEO plugin. -->","yoast_head_json":{"title":"Scaun High S'cool70570 - mobilier de birou GreenForest","description":"Scaun High S'cool70570 - GreenForest - mobilier de birou, professional furniture and fit out for a great office experience","robots":{"index":"index","follow":"follow","max-snippet":"max-snippet:-1","max-image-preview":"max-image-preview:large","max-video-preview":"max-video-preview:-1"},"canonical":"https:\/\/www.greenforest.ro\/old\/produs\/scaun-high-scool70570\/","twitter_card":"summary_large_image","twitter_title":"Scaun High S'cool70570 - mobilier de birou GreenForest","twitter_description":"Scaun High S'cool70570 - GreenForest - mobilier de birou, professional furniture and fit out for a great office experience","twitter_image":"https:\/\/www.greenforest.ro\/old\/wp-content\/uploads\/2017\/11\/high-scool-1.png","schema":{"@context":"https:\/\/schema.org","@graph":[{"@type":"WebPage","@id":"https:\/\/www.greenforest.ro\/old\/produs\/scaun-high-scool70570\/","url":"https:\/\/www.greenforest.ro\/old\/produs\/scaun-high-scool70570\/","name":"Scaun High S'cool70570 - mobilier de birou GreenForest","isPartOf":{"@id":"https:\/\/www.greenforest.ro\/old\/#website"},"datePublished":"2017-11-29T12:18:32+00:00","dateModified":"2021-03-11T08:16:33+00:00","description":"Scaun High S'cool70570 - GreenForest - mobilier de birou, professional furniture and fit out for a great office experience","breadcrumb":{"@id":"https:\/\/www.greenforest.ro\/old\/produs\/scaun-high-scool70570\/#breadcrumb"},"inLanguage":"ro-RO","potentialAction":[{"@type":"ReadAction","target":["https:\/\/www.greenforest.ro\/old\/produs\/scaun-high-scool70570\/"]}]},{"@type":"BreadcrumbList","@id":"https:\/\/www.greenforest.ro\/old\/produs\/scaun-high-scool70570\/#breadcrumb","itemListElement":[{"@type":"ListItem","position":1,"name":"Prima pagin\u0103","item":"https:\/\/www.greenforest.ro\/old\/"},{"@type":"ListItem","position":2,"name":"Magazin","item":"https:\/\/www.greenforest.ro\/old\/store\/"},{"@type":"ListItem","position":3,"name":"Scaune ergonomice","item":"https:\/\/www.greenforest.ro\/old\/categorie-produs\/scaune-ergonomice\/"},{"@type":"ListItem","position":4,"name":"Scaune copii","item":"https:\/\/www.greenforest.ro\/old\/categorie-produs\/scaune-ergonomice\/copii\/"},{"@type":"ListItem","position":5,"name":"Scaune copii Topstar","item":"https:\/\/www.greenforest.ro\/old\/categorie-produs\/scaune-ergonomice\/copii\/topstar-scaune-copii\/"},{"@type":"ListItem","position":6,"name":"Scaun High S&#8217;cool70570"}]},{"@type":"WebSite","@id":"https:\/\/www.greenforest.ro\/old\/#website","url":"https:\/\/www.greenforest.ro\/old\/","name":"GreenForest - mobilier de birou","description":"Solu\u0163ii profesionale de amenajare birouri","publisher":{"@id":"https:\/\/www.greenforest.ro\/old\/#organization"},"potentialAction":[{"@type":"SearchAction","target":{"@type":"EntryPoint","urlTemplate":"https:\/\/www.greenforest.ro\/old\/?s={search_term_string}"},"query-input":"required name=search_term_string"}],"inLanguage":"ro-RO"},{"@type":"Organization","@id":"https:\/\/www.greenforest.ro\/old\/#organization","name":"Greenforest","url":"https:\/\/www.greenforest.ro\/old\/","logo":{"@type":"ImageObject","inLanguage":"ro-RO","@id":"https:\/\/www.greenforest.ro\/old\/#\/schema\/logo\/image\/","url":"https:\/\/www.greenforest.ro\/old\/wp-content\/uploads\/2018\/01\/sol-logo-greenforest.png","contentUrl":"https:\/\/www.greenforest.ro\/old\/wp-content\/uploads\/2018\/01\/sol-logo-greenforest.png","width":110,"height":110,"caption":"Greenforest"},"image":{"@id":"https:\/\/www.greenforest.ro\/old\/#\/schema\/logo\/image\/"},"sameAs":["https:\/\/www.facebook.com\/GreenForest.MobilierPentruBirou","https:\/\/www.instagram.com\/greenforest.ro\/","https:\/\/www.linkedin.com\/company\/greenforest\/"]}]}},"_links":{"self":[{"href":"https:\/\/www.greenforest.ro\/old\/wp-json\/wp\/v2\/product\/3812"}],"collection":[{"href":"https:\/\/www.greenforest.ro\/old\/wp-json\/wp\/v2\/product"}],"about":[{"href":"https:\/\/www.greenforest.ro\/old\/wp-json\/wp\/v2\/types\/product"}],"replies":[{"embeddable":true,"href":"https:\/\/www.greenforest.ro\/old\/wp-json\/wp\/v2\/comments?post=3812"}],"wp:featuredmedia":[{"embeddable":true,"href":"https:\/\/www.greenforest.ro\/old\/wp-json\/wp\/v2\/media\/3599"}],"wp:attachment":[{"href":"https:\/\/www.greenforest.ro\/old\/wp-json\/wp\/v2\/media?parent=3812"}],"curies":[{"name":"wp","href":"https:\/\/api.w.org\/{rel}","templated":true}]}}