{"id":3811,"date":"2017-11-29T14:18:32","date_gmt":"2017-11-29T12:18:32","guid":{"rendered":"https:\/\/www.greenforest.ro\/old\/produs\/scaun-open-art-junior-71430\/"},"modified":"2020-05-20T13:44:33","modified_gmt":"2020-05-20T10:44:33","slug":"scaun-open-art-junior-71430","status":"publish","type":"product","link":"https:\/\/www.greenforest.ro\/old\/produs\/scaun-open-art-junior-71430\/","title":{"rendered":"Scaun Open Art JUNIOR 71430"},"content":{"rendered":"","protected":false},"excerpt":{"rendered":"<p>&#8211; Piston cu gaz pentru reglarea inaltimii, special pentru copii, functionabil incepand cu o greutate de aproximativ 20 kg;<br \/>\n-Spatar cu plasa mesh pentru respiratia pielii reglabil \u00een ad\u00e2ncime \u0219i \u00een\u0103l\u021bime;<br \/>\n-Produs certificat Intertek GS \u00een Germania conform cerin\u021belor de securitate \u0219i ergonomie;<br \/>\n-Dimensiuni: \u00een\u0103l\u021bime \u0219ezut 37 &#8211; 51 cm; l\u0103\u021bime \u0219ezut 44 cm; ad\u00eencime \u0219ezut 30-36 cm; \u00een\u0103l\u021bime sp\u0103tar 52 cm; \u00een\u0103l\u021bime total\u0103 scaun 88 &#8211; 100 cm;<br \/>\n-Tapi\u021berie piele ecologic\u0103: S01, S03, S04, S05, S07, S10, S14, S18.<br \/>\n-Scaun recomandat pentru copii cu v\u00e2rsta \u00eentre 5 \u0219i 13 ani;<\/p>\n<p><img loading=\"lazy\" decoding=\"async\" class=\"alignnone wp-image-8080 size-full\" title=\"culori S 1\" src=\"https:\/\/www.greenforest.ro\/old\/wp-content\/uploads\/2017\/11\/culori_S-1.png\" alt=\"culori S 1\" width=\"515\" height=\"67\" srcset=\"https:\/\/www.greenforest.ro\/old\/wp-content\/uploads\/2017\/11\/culori_S-1.png 515w, https:\/\/www.greenforest.ro\/old\/wp-content\/uploads\/2017\/11\/culori_S-1-300x39.png 300w\" sizes=\"(max-width: 515px) 100vw, 515px\" \/><\/p>\n<h4>Dimensiuni<\/h4>\n<p>\u0218ezut 44cm l\u0103\u021bime x 30-36cm ad\u00e2ncime; \u00een\u0103l\u021bime total\u0103 88-100cm<\/p>\n","protected":false},"featured_media":3609,"comment_status":"closed","ping_status":"closed","template":"","meta":[],"acf":[],"yoast_head":"<!-- This site is optimized with the Yoast SEO plugin v21.6 - https:\/\/yoast.com\/wordpress\/plugins\/seo\/ -->\n<title>Scaun Open Art JUNIOR 71430 - mobilier de birou GreenForest<\/title>\n<meta name=\"description\" content=\"Scaun Open Art JUNIOR 71430 - GreenForest - mobilier de birou, professional furniture and fit out for a great office experience\" \/>\n<meta name=\"robots\" content=\"index, follow, max-snippet:-1, max-image-preview:large, max-video-preview:-1\" \/>\n<link rel=\"canonical\" href=\"https:\/\/www.greenforest.ro\/old\/produs\/scaun-open-art-junior-71430\/\" \/>\n<meta name=\"twitter:card\" content=\"summary_large_image\" \/>\n<meta name=\"twitter:title\" content=\"Scaun Open Art JUNIOR 71430 - mobilier de birou GreenForest\" \/>\n<meta name=\"twitter:description\" content=\"Scaun Open Art JUNIOR 71430 - GreenForest - mobilier de birou, professional furniture and fit out for a great office experience\" \/>\n<meta name=\"twitter:image\" content=\"https:\/\/www.greenforest.ro\/old\/wp-content\/uploads\/2017\/11\/open-art-junior-2.png\" \/>\n<!-- \/ Yoast SEO plugin. -->","yoast_head_json":{"title":"Scaun Open Art JUNIOR 71430 - mobilier de birou GreenForest","description":"Scaun Open Art JUNIOR 71430 - GreenForest - mobilier de birou, professional furniture and fit out for a great office experience","robots":{"index":"index","follow":"follow","max-snippet":"max-snippet:-1","max-image-preview":"max-image-preview:large","max-video-preview":"max-video-preview:-1"},"canonical":"https:\/\/www.greenforest.ro\/old\/produs\/scaun-open-art-junior-71430\/","twitter_card":"summary_large_image","twitter_title":"Scaun Open Art JUNIOR 71430 - mobilier de birou GreenForest","twitter_description":"Scaun Open Art JUNIOR 71430 - GreenForest - mobilier de birou, professional furniture and fit out for a great office experience","twitter_image":"https:\/\/www.greenforest.ro\/old\/wp-content\/uploads\/2017\/11\/open-art-junior-2.png","schema":{"@context":"https:\/\/schema.org","@graph":[{"@type":"WebPage","@id":"https:\/\/www.greenforest.ro\/old\/produs\/scaun-open-art-junior-71430\/","url":"https:\/\/www.greenforest.ro\/old\/produs\/scaun-open-art-junior-71430\/","name":"Scaun Open Art JUNIOR 71430 - mobilier de birou GreenForest","isPartOf":{"@id":"https:\/\/www.greenforest.ro\/old\/#website"},"datePublished":"2017-11-29T12:18:32+00:00","dateModified":"2020-05-20T10:44:33+00:00","description":"Scaun Open Art JUNIOR 71430 - GreenForest - mobilier de birou, professional furniture and fit out for a great office experience","breadcrumb":{"@id":"https:\/\/www.greenforest.ro\/old\/produs\/scaun-open-art-junior-71430\/#breadcrumb"},"inLanguage":"ro-RO","potentialAction":[{"@type":"ReadAction","target":["https:\/\/www.greenforest.ro\/old\/produs\/scaun-open-art-junior-71430\/"]}]},{"@type":"BreadcrumbList","@id":"https:\/\/www.greenforest.ro\/old\/produs\/scaun-open-art-junior-71430\/#breadcrumb","itemListElement":[{"@type":"ListItem","position":1,"name":"Prima pagin\u0103","item":"https:\/\/www.greenforest.ro\/old\/"},{"@type":"ListItem","position":2,"name":"Magazin","item":"https:\/\/www.greenforest.ro\/old\/store\/"},{"@type":"ListItem","position":3,"name":"Scaune ergonomice","item":"https:\/\/www.greenforest.ro\/old\/categorie-produs\/scaune-ergonomice\/"},{"@type":"ListItem","position":4,"name":"Scaune copii","item":"https:\/\/www.greenforest.ro\/old\/categorie-produs\/scaune-ergonomice\/copii\/"},{"@type":"ListItem","position":5,"name":"Scaune copii Topstar","item":"https:\/\/www.greenforest.ro\/old\/categorie-produs\/scaune-ergonomice\/copii\/topstar-scaune-copii\/"},{"@type":"ListItem","position":6,"name":"Scaun Open Art JUNIOR 71430"}]},{"@type":"WebSite","@id":"https:\/\/www.greenforest.ro\/old\/#website","url":"https:\/\/www.greenforest.ro\/old\/","name":"GreenForest - mobilier de birou","description":"Solu\u0163ii profesionale de amenajare birouri","publisher":{"@id":"https:\/\/www.greenforest.ro\/old\/#organization"},"potentialAction":[{"@type":"SearchAction","target":{"@type":"EntryPoint","urlTemplate":"https:\/\/www.greenforest.ro\/old\/?s={search_term_string}"},"query-input":"required name=search_term_string"}],"inLanguage":"ro-RO"},{"@type":"Organization","@id":"https:\/\/www.greenforest.ro\/old\/#organization","name":"Greenforest","url":"https:\/\/www.greenforest.ro\/old\/","logo":{"@type":"ImageObject","inLanguage":"ro-RO","@id":"https:\/\/www.greenforest.ro\/old\/#\/schema\/logo\/image\/","url":"https:\/\/www.greenforest.ro\/old\/wp-content\/uploads\/2018\/01\/sol-logo-greenforest.png","contentUrl":"https:\/\/www.greenforest.ro\/old\/wp-content\/uploads\/2018\/01\/sol-logo-greenforest.png","width":110,"height":110,"caption":"Greenforest"},"image":{"@id":"https:\/\/www.greenforest.ro\/old\/#\/schema\/logo\/image\/"},"sameAs":["https:\/\/www.facebook.com\/GreenForest.MobilierPentruBirou","https:\/\/www.instagram.com\/greenforest.ro\/","https:\/\/www.linkedin.com\/company\/greenforest\/"]}]}},"_links":{"self":[{"href":"https:\/\/www.greenforest.ro\/old\/wp-json\/wp\/v2\/product\/3811"}],"collection":[{"href":"https:\/\/www.greenforest.ro\/old\/wp-json\/wp\/v2\/product"}],"about":[{"href":"https:\/\/www.greenforest.ro\/old\/wp-json\/wp\/v2\/types\/product"}],"replies":[{"embeddable":true,"href":"https:\/\/www.greenforest.ro\/old\/wp-json\/wp\/v2\/comments?post=3811"}],"wp:featuredmedia":[{"embeddable":true,"href":"https:\/\/www.greenforest.ro\/old\/wp-json\/wp\/v2\/media\/3609"}],"wp:attachment":[{"href":"https:\/\/www.greenforest.ro\/old\/wp-json\/wp\/v2\/media?parent=3811"}],"curies":[{"name":"wp","href":"https:\/\/api.w.org\/{rel}","templated":true}]}}