{"id":3810,"date":"2017-11-29T14:18:32","date_gmt":"2017-11-29T12:18:32","guid":{"rendered":"https:\/\/www.greenforest.ro\/old\/produs\/scaun-titan-junior-71487\/"},"modified":"2023-07-28T15:15:30","modified_gmt":"2023-07-28T12:15:30","slug":"scaun-titan-junior-71487","status":"publish","type":"product","link":"https:\/\/www.greenforest.ro\/old\/produs\/scaun-titan-junior-71487\/","title":{"rendered":"Scaun Titan Junior 71487"},"content":{"rendered":"","protected":false},"excerpt":{"rendered":"<p><strong><span style=\"color: #99cc00\">Detalii produs:<\/span><\/strong><\/p>\n<p>\u2013\u00a0\u00a0\u00a0\u00a0\u00a0\u00a0\u00a0 Scaun recomandat pentru copii cu v\u00e2rsta \u00eentre 5 \u0219i 13 ani;<\/p>\n<p>\u2013\u00a0\u00a0\u00a0\u00a0\u00a0\u00a0\u00a0 Piston cu gaz pentru reglarea \u00een\u0103l\u0163imii, func\u0163ionabil \u00eencep\u00e2nd cu o greutate de aproximativ 20 kg;<\/p>\n<p>\u2013\u00a0\u00a0\u00a0\u00a0\u00a0\u00a0\u00a0 Sp\u0103tar cu plasa mesh pentru o bun\u0103 ventila\u0163ie la nivelul spatelui, reglabil \u00een ad\u00e2ncime;<\/p>\n<p>\u2013\u00a0\u00a0\u00a0\u00a0\u00a0\u00a0\u00a0 Baz\u0103 din aluminiu;<\/p>\n<p>\u2013\u00a0\u00a0\u00a0\u00a0\u00a0\u00a0\u00a0 Tapi\u021berie din piele ecologic\u0103, culori disponibile: S01, S03, S04, S05, S07, S10, S14, S18<\/p>\n<p><img loading=\"lazy\" decoding=\"async\" class=\"alignnone wp-image-8080 size-full\" title=\"culori S 1\" src=\"https:\/\/www.greenforest.ro\/old\/wp-content\/uploads\/2017\/11\/culori_S-1.png\" alt=\"culori S 1\" width=\"515\" height=\"67\" srcset=\"https:\/\/www.greenforest.ro\/old\/wp-content\/uploads\/2017\/11\/culori_S-1.png 515w, https:\/\/www.greenforest.ro\/old\/wp-content\/uploads\/2017\/11\/culori_S-1-300x39.png 300w\" sizes=\"(max-width: 515px) 100vw, 515px\" \/><\/p>\n<p>\u2013\u00a0\u00a0\u00a0\u00a0\u00a0\u00a0\u00a0<span style=\"color: #99cc00\"><strong> Dimensiuni:<\/strong><\/span> \u00een\u0103l\u021bime \u0219ezut 37 \u2013 51 cm; l\u0103\u021bime \u0219ezut 44 cm; ad\u00e2ncime \u015fezut 40 cm; \u00een\u0103l\u021bime sp\u0103tar 47 cm; \u00een\u0103l\u021bime total\u0103 scaun 84 \u2013 98 cm;<\/p>\n<p>\u2013\u00a0\u00a0\u00a0\u00a0\u00a0\u00a0\u00a0 Produs certificat Intertek GS \u00een Germania conform cerin\u021belor de securitate \u0219i ergonomie;<\/p>\n","protected":false},"featured_media":3640,"comment_status":"closed","ping_status":"closed","template":"","meta":[],"acf":[],"yoast_head":"<!-- This site is optimized with the Yoast SEO plugin v21.6 - https:\/\/yoast.com\/wordpress\/plugins\/seo\/ -->\n<title>Scaun Titan Junior 71487 - mobilier de birou GreenForest<\/title>\n<meta name=\"description\" content=\"Scaun Titan Junior 71487 - GreenForest - mobilier de birou, professional furniture and fit out for a great office experience\" \/>\n<meta name=\"robots\" content=\"index, follow, max-snippet:-1, max-image-preview:large, max-video-preview:-1\" \/>\n<link rel=\"canonical\" href=\"https:\/\/www.greenforest.ro\/old\/produs\/scaun-titan-junior-71487\/\" \/>\n<meta name=\"twitter:card\" content=\"summary_large_image\" \/>\n<meta name=\"twitter:title\" content=\"Scaun Titan Junior 71487 - mobilier de birou GreenForest\" \/>\n<meta name=\"twitter:description\" content=\"Scaun Titan Junior 71487 - GreenForest - mobilier de birou, professional furniture and fit out for a great office experience\" \/>\n<meta name=\"twitter:image\" content=\"https:\/\/www.greenforest.ro\/old\/wp-content\/uploads\/2017\/11\/titan-junior-3.png\" \/>\n<!-- \/ Yoast SEO plugin. -->","yoast_head_json":{"title":"Scaun Titan Junior 71487 - mobilier de birou GreenForest","description":"Scaun Titan Junior 71487 - GreenForest - mobilier de birou, professional furniture and fit out for a great office experience","robots":{"index":"index","follow":"follow","max-snippet":"max-snippet:-1","max-image-preview":"max-image-preview:large","max-video-preview":"max-video-preview:-1"},"canonical":"https:\/\/www.greenforest.ro\/old\/produs\/scaun-titan-junior-71487\/","twitter_card":"summary_large_image","twitter_title":"Scaun Titan Junior 71487 - mobilier de birou GreenForest","twitter_description":"Scaun Titan Junior 71487 - GreenForest - mobilier de birou, professional furniture and fit out for a great office experience","twitter_image":"https:\/\/www.greenforest.ro\/old\/wp-content\/uploads\/2017\/11\/titan-junior-3.png","schema":{"@context":"https:\/\/schema.org","@graph":[{"@type":"WebPage","@id":"https:\/\/www.greenforest.ro\/old\/produs\/scaun-titan-junior-71487\/","url":"https:\/\/www.greenforest.ro\/old\/produs\/scaun-titan-junior-71487\/","name":"Scaun Titan Junior 71487 - mobilier de birou GreenForest","isPartOf":{"@id":"https:\/\/www.greenforest.ro\/old\/#website"},"datePublished":"2017-11-29T12:18:32+00:00","dateModified":"2023-07-28T12:15:30+00:00","description":"Scaun Titan Junior 71487 - GreenForest - mobilier de birou, professional furniture and fit out for a great office experience","breadcrumb":{"@id":"https:\/\/www.greenforest.ro\/old\/produs\/scaun-titan-junior-71487\/#breadcrumb"},"inLanguage":"ro-RO","potentialAction":[{"@type":"ReadAction","target":["https:\/\/www.greenforest.ro\/old\/produs\/scaun-titan-junior-71487\/"]}]},{"@type":"BreadcrumbList","@id":"https:\/\/www.greenforest.ro\/old\/produs\/scaun-titan-junior-71487\/#breadcrumb","itemListElement":[{"@type":"ListItem","position":1,"name":"Prima pagin\u0103","item":"https:\/\/www.greenforest.ro\/old\/"},{"@type":"ListItem","position":2,"name":"Magazin","item":"https:\/\/www.greenforest.ro\/old\/store\/"},{"@type":"ListItem","position":3,"name":"Scaune ergonomice","item":"https:\/\/www.greenforest.ro\/old\/categorie-produs\/scaune-ergonomice\/"},{"@type":"ListItem","position":4,"name":"Scaune copii","item":"https:\/\/www.greenforest.ro\/old\/categorie-produs\/scaune-ergonomice\/copii\/"},{"@type":"ListItem","position":5,"name":"Scaune copii Topstar","item":"https:\/\/www.greenforest.ro\/old\/categorie-produs\/scaune-ergonomice\/copii\/topstar-scaune-copii\/"},{"@type":"ListItem","position":6,"name":"Scaun Titan Junior 71487"}]},{"@type":"WebSite","@id":"https:\/\/www.greenforest.ro\/old\/#website","url":"https:\/\/www.greenforest.ro\/old\/","name":"GreenForest - mobilier de birou","description":"Solu\u0163ii profesionale de amenajare birouri","publisher":{"@id":"https:\/\/www.greenforest.ro\/old\/#organization"},"potentialAction":[{"@type":"SearchAction","target":{"@type":"EntryPoint","urlTemplate":"https:\/\/www.greenforest.ro\/old\/?s={search_term_string}"},"query-input":"required name=search_term_string"}],"inLanguage":"ro-RO"},{"@type":"Organization","@id":"https:\/\/www.greenforest.ro\/old\/#organization","name":"Greenforest","url":"https:\/\/www.greenforest.ro\/old\/","logo":{"@type":"ImageObject","inLanguage":"ro-RO","@id":"https:\/\/www.greenforest.ro\/old\/#\/schema\/logo\/image\/","url":"https:\/\/www.greenforest.ro\/old\/wp-content\/uploads\/2018\/01\/sol-logo-greenforest.png","contentUrl":"https:\/\/www.greenforest.ro\/old\/wp-content\/uploads\/2018\/01\/sol-logo-greenforest.png","width":110,"height":110,"caption":"Greenforest"},"image":{"@id":"https:\/\/www.greenforest.ro\/old\/#\/schema\/logo\/image\/"},"sameAs":["https:\/\/www.facebook.com\/GreenForest.MobilierPentruBirou","https:\/\/www.instagram.com\/greenforest.ro\/","https:\/\/www.linkedin.com\/company\/greenforest\/"]}]}},"_links":{"self":[{"href":"https:\/\/www.greenforest.ro\/old\/wp-json\/wp\/v2\/product\/3810"}],"collection":[{"href":"https:\/\/www.greenforest.ro\/old\/wp-json\/wp\/v2\/product"}],"about":[{"href":"https:\/\/www.greenforest.ro\/old\/wp-json\/wp\/v2\/types\/product"}],"replies":[{"embeddable":true,"href":"https:\/\/www.greenforest.ro\/old\/wp-json\/wp\/v2\/comments?post=3810"}],"wp:featuredmedia":[{"embeddable":true,"href":"https:\/\/www.greenforest.ro\/old\/wp-json\/wp\/v2\/media\/3640"}],"wp:attachment":[{"href":"https:\/\/www.greenforest.ro\/old\/wp-json\/wp\/v2\/media?parent=3810"}],"curies":[{"name":"wp","href":"https:\/\/api.w.org\/{rel}","templated":true}]}}