{"id":3800,"date":"2017-11-29T14:14:38","date_gmt":"2017-11-29T12:14:38","guid":{"rendered":"https:\/\/www.greenforest.ro\/old\/produs\/scaun-light-star-20-ls2000\/"},"modified":"2021-03-11T10:18:23","modified_gmt":"2021-03-11T08:18:23","slug":"scaun-light-star-20-ls2000","status":"publish","type":"product","link":"https:\/\/www.greenforest.ro\/old\/produs\/scaun-light-star-20-ls2000\/","title":{"rendered":"Scaun Light Star 20 LS2000"},"content":{"rendered":"","protected":false},"excerpt":{"rendered":"<p>&#8211; Reglarea \u00een\u0103l\u021bimii prin piston cu gaz;<br \/>\n&#8211; Mecanism sincro pentru p\u0103strarea corect\u0103, permanent\u0103 a unghiului dintre \u0219ezut \u0219i sp\u0103tar;<br \/>\n&#8211; Sp\u0103tar cu suport lombar fix \u0219i reglare vertical\u0103;<br \/>\n&#8211; Role cu sistem de autofr\u00e2nare;<br \/>\n&#8211; Tapi\u021berie stof\u0103 polyolefin 100%, rezistent\u0103 la 40.000 cicluri frecare G03, G04, G05, G08, G20, G21, G22, G23, G26, G27, G28.<\/p>\n<p><img loading=\"lazy\" decoding=\"async\" class=\"wp-image-8077 size-full\" title=\"culori G T 1 1 1\" src=\"https:\/\/www.greenforest.ro\/old\/wp-content\/uploads\/2017\/11\/culori_G_T-1-1-1.png\" alt=\"culori G T 1 1 1\" width=\"699\" height=\"144\" srcset=\"https:\/\/www.greenforest.ro\/old\/wp-content\/uploads\/2017\/11\/culori_G_T-1-1-1.png 699w, https:\/\/www.greenforest.ro\/old\/wp-content\/uploads\/2017\/11\/culori_G_T-1-1-1-300x62.png 300w, https:\/\/www.greenforest.ro\/old\/wp-content\/uploads\/2017\/11\/culori_G_T-1-1-1-600x124.png 600w\" sizes=\"(max-width: 699px) 100vw, 699px\" \/><\/p>\n<h4>Dimensiuni<\/h4>\n<p>\u0218ezut 48cm l\u0103\u021bime x 48cm ad\u00e2ncime; \u00een\u0103l\u021bime total\u0103 cm<\/p>\n<h4>Op\u021biuni<\/h4>\n<p>&#8211; Stof\u0103 Trevira CS 100% cu rezisten\u021b\u0103 la 50.000 de cicluri de frecare T20, T21, T22, T23, T26, T27, T31, T33, T34, T35, T38;<br \/>\nRole de cauciuc cu sistem de autofr\u00e2nare GAP 6990-3.<\/p>\n<h4>Variante<\/h4>\n<p>Light Star 20 LS200T<br \/>\nScaun Light Star 20 cu brate reglabile vertical si suprafata de contact soft \u0093T2\u0094<br \/>\nLight Star 20 LS290T\u2026<br \/>\nScaun Light Star 20 cu brate reglabile vertical \u0219i suprafa\u021b\u0103 de contact soft \u201cT2\u201d plus baza aluminiu slefuit<\/p>\n<h4><\/h4>\n","protected":false},"featured_media":3604,"comment_status":"closed","ping_status":"closed","template":"","meta":[],"acf":[],"yoast_head":"<!-- This site is optimized with the Yoast SEO plugin v21.6 - https:\/\/yoast.com\/wordpress\/plugins\/seo\/ -->\n<title>Scaun Light Star 20 LS2000 - mobilier de birou GreenForest<\/title>\n<meta name=\"description\" content=\"Scaun Light Star 20 LS2000 - GreenForest - mobilier de birou, professional furniture and fit out for a great office experience\" \/>\n<meta name=\"robots\" content=\"index, follow, max-snippet:-1, max-image-preview:large, max-video-preview:-1\" \/>\n<link rel=\"canonical\" href=\"https:\/\/www.greenforest.ro\/old\/produs\/scaun-light-star-20-ls2000\/\" \/>\n<meta name=\"twitter:card\" content=\"summary_large_image\" \/>\n<meta name=\"twitter:title\" content=\"Scaun Light Star 20 LS2000 - mobilier de birou GreenForest\" \/>\n<meta name=\"twitter:description\" content=\"Scaun Light Star 20 LS2000 - GreenForest - mobilier de birou, professional furniture and fit out for a great office experience\" \/>\n<meta name=\"twitter:image\" content=\"https:\/\/www.greenforest.ro\/old\/wp-content\/uploads\/2017\/11\/lightstar-20-3.png\" \/>\n<!-- \/ Yoast SEO plugin. -->","yoast_head_json":{"title":"Scaun Light Star 20 LS2000 - mobilier de birou GreenForest","description":"Scaun Light Star 20 LS2000 - GreenForest - mobilier de birou, professional furniture and fit out for a great office experience","robots":{"index":"index","follow":"follow","max-snippet":"max-snippet:-1","max-image-preview":"max-image-preview:large","max-video-preview":"max-video-preview:-1"},"canonical":"https:\/\/www.greenforest.ro\/old\/produs\/scaun-light-star-20-ls2000\/","twitter_card":"summary_large_image","twitter_title":"Scaun Light Star 20 LS2000 - mobilier de birou GreenForest","twitter_description":"Scaun Light Star 20 LS2000 - GreenForest - mobilier de birou, professional furniture and fit out for a great office experience","twitter_image":"https:\/\/www.greenforest.ro\/old\/wp-content\/uploads\/2017\/11\/lightstar-20-3.png","schema":{"@context":"https:\/\/schema.org","@graph":[{"@type":"WebPage","@id":"https:\/\/www.greenforest.ro\/old\/produs\/scaun-light-star-20-ls2000\/","url":"https:\/\/www.greenforest.ro\/old\/produs\/scaun-light-star-20-ls2000\/","name":"Scaun Light Star 20 LS2000 - mobilier de birou GreenForest","isPartOf":{"@id":"https:\/\/www.greenforest.ro\/old\/#website"},"datePublished":"2017-11-29T12:14:38+00:00","dateModified":"2021-03-11T08:18:23+00:00","description":"Scaun Light Star 20 LS2000 - GreenForest - mobilier de birou, professional furniture and fit out for a great office experience","breadcrumb":{"@id":"https:\/\/www.greenforest.ro\/old\/produs\/scaun-light-star-20-ls2000\/#breadcrumb"},"inLanguage":"ro-RO","potentialAction":[{"@type":"ReadAction","target":["https:\/\/www.greenforest.ro\/old\/produs\/scaun-light-star-20-ls2000\/"]}]},{"@type":"BreadcrumbList","@id":"https:\/\/www.greenforest.ro\/old\/produs\/scaun-light-star-20-ls2000\/#breadcrumb","itemListElement":[{"@type":"ListItem","position":1,"name":"Prima pagin\u0103","item":"https:\/\/www.greenforest.ro\/old\/"},{"@type":"ListItem","position":2,"name":"Magazin","item":"https:\/\/www.greenforest.ro\/old\/store\/"},{"@type":"ListItem","position":3,"name":"Scaune ergonomice","item":"https:\/\/www.greenforest.ro\/old\/categorie-produs\/scaune-ergonomice\/"},{"@type":"ListItem","position":4,"name":"Scaune Operative","item":"https:\/\/www.greenforest.ro\/old\/categorie-produs\/scaune-ergonomice\/operative-scaune-ergonomice\/"},{"@type":"ListItem","position":5,"name":"Scaune operative Topstar","item":"https:\/\/www.greenforest.ro\/old\/categorie-produs\/scaune-ergonomice\/operative-scaune-ergonomice\/topstar-scaune-operative\/"},{"@type":"ListItem","position":6,"name":"Scaun Light Star 20 LS2000"}]},{"@type":"WebSite","@id":"https:\/\/www.greenforest.ro\/old\/#website","url":"https:\/\/www.greenforest.ro\/old\/","name":"GreenForest - mobilier de birou","description":"Solu\u0163ii profesionale de amenajare birouri","publisher":{"@id":"https:\/\/www.greenforest.ro\/old\/#organization"},"potentialAction":[{"@type":"SearchAction","target":{"@type":"EntryPoint","urlTemplate":"https:\/\/www.greenforest.ro\/old\/?s={search_term_string}"},"query-input":"required name=search_term_string"}],"inLanguage":"ro-RO"},{"@type":"Organization","@id":"https:\/\/www.greenforest.ro\/old\/#organization","name":"Greenforest","url":"https:\/\/www.greenforest.ro\/old\/","logo":{"@type":"ImageObject","inLanguage":"ro-RO","@id":"https:\/\/www.greenforest.ro\/old\/#\/schema\/logo\/image\/","url":"https:\/\/www.greenforest.ro\/old\/wp-content\/uploads\/2018\/01\/sol-logo-greenforest.png","contentUrl":"https:\/\/www.greenforest.ro\/old\/wp-content\/uploads\/2018\/01\/sol-logo-greenforest.png","width":110,"height":110,"caption":"Greenforest"},"image":{"@id":"https:\/\/www.greenforest.ro\/old\/#\/schema\/logo\/image\/"},"sameAs":["https:\/\/www.facebook.com\/GreenForest.MobilierPentruBirou","https:\/\/www.instagram.com\/greenforest.ro\/","https:\/\/www.linkedin.com\/company\/greenforest\/"]}]}},"_links":{"self":[{"href":"https:\/\/www.greenforest.ro\/old\/wp-json\/wp\/v2\/product\/3800"}],"collection":[{"href":"https:\/\/www.greenforest.ro\/old\/wp-json\/wp\/v2\/product"}],"about":[{"href":"https:\/\/www.greenforest.ro\/old\/wp-json\/wp\/v2\/types\/product"}],"replies":[{"embeddable":true,"href":"https:\/\/www.greenforest.ro\/old\/wp-json\/wp\/v2\/comments?post=3800"}],"wp:featuredmedia":[{"embeddable":true,"href":"https:\/\/www.greenforest.ro\/old\/wp-json\/wp\/v2\/media\/3604"}],"wp:attachment":[{"href":"https:\/\/www.greenforest.ro\/old\/wp-json\/wp\/v2\/media?parent=3800"}],"curies":[{"name":"wp","href":"https:\/\/api.w.org\/{rel}","templated":true}]}}