{"id":3798,"date":"2017-11-29T14:14:38","date_gmt":"2017-11-29T12:14:38","guid":{"rendered":"https:\/\/www.greenforest.ro\/old\/produs\/scaun-sitness-45-st99u%c2%85x\/"},"modified":"2020-10-08T16:19:02","modified_gmt":"2020-10-08T13:19:02","slug":"scaun-sitness-45-st99ux","status":"publish","type":"product","link":"https:\/\/www.greenforest.ro\/old\/produs\/scaun-sitness-45-st99ux\/","title":{"rendered":"Scaun Sitness 45 ST99UX"},"content":{"rendered":"","protected":false},"excerpt":{"rendered":"<p>&#8211; Reglarea \u00een\u0103l\u021bimii prin piston cu gaz;<br \/>\n&#8211; Mecanism sincro pentru p\u0103strarea corect\u0103, permanent\u0103 a unghiului dintre \u0219ezut \u0219i sp\u0103tar;<br \/>\n&#8211; Sp\u0103tar mesh negru cu suport lombar fix \u0219i reglare vertical\u0103;<br \/>\n&#8211; Sezut reglabil in plan orizontal \u0219i cu mi\u021bcare tridimensional\u0103;<br \/>\n&#8211; Tetier\u0103 mesh acoperit cu stof\u0103;<br \/>\n&#8211; Baz\u0103 cromat\u0103 cu role cu sistem de autofr\u00e2nare;<br \/>\n&#8211; Bra\u021be reglabile vertical U2 (OPA) cromate;<br \/>\n-Produs certificat Intertek GS \u00een Germania conform cerin\u021belor de securitate \u0219i ergonomie;<br \/>\n-Tapi\u021berie stof\u0103 70% l\u00e2n\u0103 cu rezisten\u021b\u0103 la 180.000 cicluri de frecare L50, L51, L53, L54, L55, L56, L57, L58, L59.<br clear=\"all\" \/><img loading=\"lazy\" decoding=\"async\" class=\"alignnone\" src=\"https:\/\/www.greenforest.ro\/old\/wp-content\/uploads\/2017\/11\/culori_L.png\" alt=\"culori disponibile\" width=\"640\" height=\"69\" \/><\/p>\n<h4>Dimensiuni<\/h4>\n<p>\u0218ezut 48cm l\u0103\u021bime x 44cm ad\u00e2ncime; \u00een\u0103l\u021bime total\u0103 cm<\/p>\n<h4>Op\u021biuni<\/h4>\n<p>&#8211; Role de cauciuc cu sistem de autofr\u00e2nare 6991;<\/p>\n","protected":false},"featured_media":8362,"comment_status":"closed","ping_status":"closed","template":"","meta":[],"acf":[],"yoast_head":"<!-- This site is optimized with the Yoast SEO plugin v21.6 - https:\/\/yoast.com\/wordpress\/plugins\/seo\/ -->\n<title>Scaun Sitness 45 ST99UX - GreenForest - mobilier de birou<\/title>\n<meta name=\"description\" content=\"Scaun Sitness 45 ST99UX - GreenForest - mobilier de birou, professional furniture and fit out for a great office experience\" \/>\n<meta name=\"robots\" content=\"index, follow, max-snippet:-1, max-image-preview:large, max-video-preview:-1\" \/>\n<link rel=\"canonical\" href=\"https:\/\/www.greenforest.ro\/old\/produs\/scaun-sitness-45-st99ux\/\" \/>\n<meta name=\"twitter:card\" content=\"summary_large_image\" \/>\n<meta name=\"twitter:title\" content=\"Scaun Sitness 45 ST99UX - GreenForest - mobilier de birou\" \/>\n<meta name=\"twitter:description\" content=\"Scaun Sitness 45 ST99UX - GreenForest - mobilier de birou, professional furniture and fit out for a great office experience\" \/>\n<meta name=\"twitter:image\" content=\"https:\/\/www.greenforest.ro\/old\/wp-content\/uploads\/2017\/11\/sitness-45-4.jpg\" \/>\n<!-- \/ Yoast SEO plugin. -->","yoast_head_json":{"title":"Scaun Sitness 45 ST99UX - GreenForest - mobilier de birou","description":"Scaun Sitness 45 ST99UX - GreenForest - mobilier de birou, professional furniture and fit out for a great office experience","robots":{"index":"index","follow":"follow","max-snippet":"max-snippet:-1","max-image-preview":"max-image-preview:large","max-video-preview":"max-video-preview:-1"},"canonical":"https:\/\/www.greenforest.ro\/old\/produs\/scaun-sitness-45-st99ux\/","twitter_card":"summary_large_image","twitter_title":"Scaun Sitness 45 ST99UX - GreenForest - mobilier de birou","twitter_description":"Scaun Sitness 45 ST99UX - GreenForest - mobilier de birou, professional furniture and fit out for a great office experience","twitter_image":"https:\/\/www.greenforest.ro\/old\/wp-content\/uploads\/2017\/11\/sitness-45-4.jpg","schema":{"@context":"https:\/\/schema.org","@graph":[{"@type":"WebPage","@id":"https:\/\/www.greenforest.ro\/old\/produs\/scaun-sitness-45-st99ux\/","url":"https:\/\/www.greenforest.ro\/old\/produs\/scaun-sitness-45-st99ux\/","name":"Scaun Sitness 45 ST99UX - GreenForest - mobilier de birou","isPartOf":{"@id":"https:\/\/www.greenforest.ro\/old\/#website"},"datePublished":"2017-11-29T12:14:38+00:00","dateModified":"2020-10-08T13:19:02+00:00","description":"Scaun Sitness 45 ST99UX - GreenForest - mobilier de birou, professional furniture and fit out for a great office experience","breadcrumb":{"@id":"https:\/\/www.greenforest.ro\/old\/produs\/scaun-sitness-45-st99ux\/#breadcrumb"},"inLanguage":"ro-RO","potentialAction":[{"@type":"ReadAction","target":["https:\/\/www.greenforest.ro\/old\/produs\/scaun-sitness-45-st99ux\/"]}]},{"@type":"BreadcrumbList","@id":"https:\/\/www.greenforest.ro\/old\/produs\/scaun-sitness-45-st99ux\/#breadcrumb","itemListElement":[{"@type":"ListItem","position":1,"name":"Prima pagin\u0103","item":"https:\/\/www.greenforest.ro\/old\/"},{"@type":"ListItem","position":2,"name":"Magazin","item":"https:\/\/www.greenforest.ro\/old\/store\/"},{"@type":"ListItem","position":3,"name":"Scaune ergonomice","item":"https:\/\/www.greenforest.ro\/old\/categorie-produs\/scaune-ergonomice\/"},{"@type":"ListItem","position":4,"name":"Scaune Operative","item":"https:\/\/www.greenforest.ro\/old\/categorie-produs\/scaune-ergonomice\/operative-scaune-ergonomice\/"},{"@type":"ListItem","position":5,"name":"Scaune operative Topstar","item":"https:\/\/www.greenforest.ro\/old\/categorie-produs\/scaune-ergonomice\/operative-scaune-ergonomice\/topstar-scaune-operative\/"},{"@type":"ListItem","position":6,"name":"Scaun Sitness 45 ST99UX"}]},{"@type":"WebSite","@id":"https:\/\/www.greenforest.ro\/old\/#website","url":"https:\/\/www.greenforest.ro\/old\/","name":"GreenForest - mobilier de birou","description":"Solu\u0163ii profesionale de amenajare birouri","publisher":{"@id":"https:\/\/www.greenforest.ro\/old\/#organization"},"potentialAction":[{"@type":"SearchAction","target":{"@type":"EntryPoint","urlTemplate":"https:\/\/www.greenforest.ro\/old\/?s={search_term_string}"},"query-input":"required name=search_term_string"}],"inLanguage":"ro-RO"},{"@type":"Organization","@id":"https:\/\/www.greenforest.ro\/old\/#organization","name":"Greenforest","url":"https:\/\/www.greenforest.ro\/old\/","logo":{"@type":"ImageObject","inLanguage":"ro-RO","@id":"https:\/\/www.greenforest.ro\/old\/#\/schema\/logo\/image\/","url":"https:\/\/www.greenforest.ro\/old\/wp-content\/uploads\/2018\/01\/sol-logo-greenforest.png","contentUrl":"https:\/\/www.greenforest.ro\/old\/wp-content\/uploads\/2018\/01\/sol-logo-greenforest.png","width":110,"height":110,"caption":"Greenforest"},"image":{"@id":"https:\/\/www.greenforest.ro\/old\/#\/schema\/logo\/image\/"},"sameAs":["https:\/\/www.facebook.com\/GreenForest.MobilierPentruBirou","https:\/\/www.instagram.com\/greenforest.ro\/","https:\/\/www.linkedin.com\/company\/greenforest\/"]}]}},"_links":{"self":[{"href":"https:\/\/www.greenforest.ro\/old\/wp-json\/wp\/v2\/product\/3798"}],"collection":[{"href":"https:\/\/www.greenforest.ro\/old\/wp-json\/wp\/v2\/product"}],"about":[{"href":"https:\/\/www.greenforest.ro\/old\/wp-json\/wp\/v2\/types\/product"}],"replies":[{"embeddable":true,"href":"https:\/\/www.greenforest.ro\/old\/wp-json\/wp\/v2\/comments?post=3798"}],"wp:featuredmedia":[{"embeddable":true,"href":"https:\/\/www.greenforest.ro\/old\/wp-json\/wp\/v2\/media\/8362"}],"wp:attachment":[{"href":"https:\/\/www.greenforest.ro\/old\/wp-json\/wp\/v2\/media?parent=3798"}],"curies":[{"name":"wp","href":"https:\/\/api.w.org\/{rel}","templated":true}]}}