{"id":3795,"date":"2017-11-29T14:14:38","date_gmt":"2017-11-29T12:14:38","guid":{"rendered":"https:\/\/www.greenforest.ro\/old\/produs\/scaun-wellpoint-30-sy-8060\/"},"modified":"2022-04-28T12:41:31","modified_gmt":"2022-04-28T09:41:31","slug":"scaun-wellpoint-30-sy-8060","status":"publish","type":"product","link":"https:\/\/www.greenforest.ro\/old\/produs\/scaun-wellpoint-30-sy-8060\/","title":{"rendered":"Scaun Wellpoint 30 SY 8060"},"content":{"rendered":"","protected":false},"excerpt":{"rendered":"<p>&#8211; Reglarea inaltimii prin piston cu gaz;<br \/>\n-Mecanism syncro pentru pastrarea corecta, permanenta a unghiului dintre sezut \u0219i spatar;<br \/>\n-Spatar cu suport lombar fix \u0219i reglare verticala;<br \/>\n-Tapi\u021berie polyester rezistent\u0103 la 20.000 cicluri frecare BC0, BC1, BC4, BC5, BC6, BC7, BD3, BD6.<br \/>\n<img loading=\"lazy\" decoding=\"async\" class=\"alignnone\" src=\"https:\/\/www.greenforest.ro\/old\/wp-content\/uploads\/2017\/11\/culori_BC_new.png\" alt=\"culori disponibile\" width=\"895\" height=\"67\" \/><\/p>\n<h4>Dimensiuni<\/h4>\n<p>\u0218ezut 49cm l\u0103\u021bime x 46cm ad\u00e2ncime; \u00een\u0103l\u021bime total\u0103 cm<\/p>\n<h4>Op\u021biuni<\/h4>\n<p>&#8211; Role gumate cu sistem de autofranare 6990<br \/>\n&#8211; set 5 role cu diametrul de 6,5 cm<br \/>\n&#8211; pentru podea dura (parchet, gresie)<\/p>\n<h4>Variante<\/h4>\n<p>Wellpoint 30 SY 8060K cu brate reglabile vertical, lateral si radial \u0093K2(B)\u0094<\/p>\n<h4><a href=\"https:\/\/greenforest.company.site\/Scaun-Wellpoint-p463060527\" target=\"_blank\" rel=\"noopener\"><span style=\"color: #ff0000\"><strong>Com<\/strong><\/span><span style=\"color: #ff0000\"><strong>anda acum!<\/strong><\/span><\/a><\/h4>\n","protected":false},"featured_media":3645,"comment_status":"closed","ping_status":"closed","template":"","meta":[],"acf":[],"yoast_head":"<!-- This site is optimized with the Yoast SEO plugin v21.6 - https:\/\/yoast.com\/wordpress\/plugins\/seo\/ -->\n<title>Scaun Wellpoint 30 SY 8060 - mobilier de birou GreenForest<\/title>\n<meta name=\"description\" content=\"Scaun Wellpoint 30 SY 8060 - GreenForest - mobilier de birou, professional furniture and fit out for a great office experience\" \/>\n<meta name=\"robots\" content=\"index, follow, max-snippet:-1, max-image-preview:large, max-video-preview:-1\" \/>\n<link rel=\"canonical\" href=\"https:\/\/www.greenforest.ro\/old\/produs\/scaun-wellpoint-30-sy-8060\/\" \/>\n<meta name=\"twitter:card\" content=\"summary_large_image\" \/>\n<meta name=\"twitter:title\" content=\"Scaun Wellpoint 30 SY 8060 - mobilier de birou GreenForest\" \/>\n<meta name=\"twitter:description\" content=\"Scaun Wellpoint 30 SY 8060 - GreenForest - mobilier de birou, professional furniture and fit out for a great office experience\" \/>\n<meta name=\"twitter:image\" content=\"https:\/\/www.greenforest.ro\/old\/wp-content\/uploads\/2017\/11\/wellpoint-30-sy-2.png\" \/>\n<!-- \/ Yoast SEO plugin. -->","yoast_head_json":{"title":"Scaun Wellpoint 30 SY 8060 - mobilier de birou GreenForest","description":"Scaun Wellpoint 30 SY 8060 - GreenForest - mobilier de birou, professional furniture and fit out for a great office experience","robots":{"index":"index","follow":"follow","max-snippet":"max-snippet:-1","max-image-preview":"max-image-preview:large","max-video-preview":"max-video-preview:-1"},"canonical":"https:\/\/www.greenforest.ro\/old\/produs\/scaun-wellpoint-30-sy-8060\/","twitter_card":"summary_large_image","twitter_title":"Scaun Wellpoint 30 SY 8060 - mobilier de birou GreenForest","twitter_description":"Scaun Wellpoint 30 SY 8060 - GreenForest - mobilier de birou, professional furniture and fit out for a great office experience","twitter_image":"https:\/\/www.greenforest.ro\/old\/wp-content\/uploads\/2017\/11\/wellpoint-30-sy-2.png","schema":{"@context":"https:\/\/schema.org","@graph":[{"@type":"WebPage","@id":"https:\/\/www.greenforest.ro\/old\/produs\/scaun-wellpoint-30-sy-8060\/","url":"https:\/\/www.greenforest.ro\/old\/produs\/scaun-wellpoint-30-sy-8060\/","name":"Scaun Wellpoint 30 SY 8060 - mobilier de birou GreenForest","isPartOf":{"@id":"https:\/\/www.greenforest.ro\/old\/#website"},"datePublished":"2017-11-29T12:14:38+00:00","dateModified":"2022-04-28T09:41:31+00:00","description":"Scaun Wellpoint 30 SY 8060 - GreenForest - mobilier de birou, professional furniture and fit out for a great office experience","breadcrumb":{"@id":"https:\/\/www.greenforest.ro\/old\/produs\/scaun-wellpoint-30-sy-8060\/#breadcrumb"},"inLanguage":"ro-RO","potentialAction":[{"@type":"ReadAction","target":["https:\/\/www.greenforest.ro\/old\/produs\/scaun-wellpoint-30-sy-8060\/"]}]},{"@type":"BreadcrumbList","@id":"https:\/\/www.greenforest.ro\/old\/produs\/scaun-wellpoint-30-sy-8060\/#breadcrumb","itemListElement":[{"@type":"ListItem","position":1,"name":"Prima pagin\u0103","item":"https:\/\/www.greenforest.ro\/old\/"},{"@type":"ListItem","position":2,"name":"Magazin","item":"https:\/\/www.greenforest.ro\/old\/store\/"},{"@type":"ListItem","position":3,"name":"Scaune ergonomice","item":"https:\/\/www.greenforest.ro\/old\/categorie-produs\/scaune-ergonomice\/"},{"@type":"ListItem","position":4,"name":"Scaune Operative","item":"https:\/\/www.greenforest.ro\/old\/categorie-produs\/scaune-ergonomice\/operative-scaune-ergonomice\/"},{"@type":"ListItem","position":5,"name":"Scaune operative Topstar","item":"https:\/\/www.greenforest.ro\/old\/categorie-produs\/scaune-ergonomice\/operative-scaune-ergonomice\/topstar-scaune-operative\/"},{"@type":"ListItem","position":6,"name":"Scaun Wellpoint 30 SY 8060"}]},{"@type":"WebSite","@id":"https:\/\/www.greenforest.ro\/old\/#website","url":"https:\/\/www.greenforest.ro\/old\/","name":"GreenForest - mobilier de birou","description":"Solu\u0163ii profesionale de amenajare birouri","publisher":{"@id":"https:\/\/www.greenforest.ro\/old\/#organization"},"potentialAction":[{"@type":"SearchAction","target":{"@type":"EntryPoint","urlTemplate":"https:\/\/www.greenforest.ro\/old\/?s={search_term_string}"},"query-input":"required name=search_term_string"}],"inLanguage":"ro-RO"},{"@type":"Organization","@id":"https:\/\/www.greenforest.ro\/old\/#organization","name":"Greenforest","url":"https:\/\/www.greenforest.ro\/old\/","logo":{"@type":"ImageObject","inLanguage":"ro-RO","@id":"https:\/\/www.greenforest.ro\/old\/#\/schema\/logo\/image\/","url":"https:\/\/www.greenforest.ro\/old\/wp-content\/uploads\/2018\/01\/sol-logo-greenforest.png","contentUrl":"https:\/\/www.greenforest.ro\/old\/wp-content\/uploads\/2018\/01\/sol-logo-greenforest.png","width":110,"height":110,"caption":"Greenforest"},"image":{"@id":"https:\/\/www.greenforest.ro\/old\/#\/schema\/logo\/image\/"},"sameAs":["https:\/\/www.facebook.com\/GreenForest.MobilierPentruBirou","https:\/\/www.instagram.com\/greenforest.ro\/","https:\/\/www.linkedin.com\/company\/greenforest\/"]}]}},"_links":{"self":[{"href":"https:\/\/www.greenforest.ro\/old\/wp-json\/wp\/v2\/product\/3795"}],"collection":[{"href":"https:\/\/www.greenforest.ro\/old\/wp-json\/wp\/v2\/product"}],"about":[{"href":"https:\/\/www.greenforest.ro\/old\/wp-json\/wp\/v2\/types\/product"}],"replies":[{"embeddable":true,"href":"https:\/\/www.greenforest.ro\/old\/wp-json\/wp\/v2\/comments?post=3795"}],"wp:featuredmedia":[{"embeddable":true,"href":"https:\/\/www.greenforest.ro\/old\/wp-json\/wp\/v2\/media\/3645"}],"wp:attachment":[{"href":"https:\/\/www.greenforest.ro\/old\/wp-json\/wp\/v2\/media?parent=3795"}],"curies":[{"name":"wp","href":"https:\/\/api.w.org\/{rel}","templated":true}]}}