{"id":3794,"date":"2017-11-29T14:14:38","date_gmt":"2017-11-29T12:14:38","guid":{"rendered":"https:\/\/www.greenforest.ro\/old\/produs\/scaun-trendstar-20-sy-ts400\/"},"modified":"2021-03-11T10:39:20","modified_gmt":"2021-03-11T08:39:20","slug":"scaun-trendstar-20-sy-ts400","status":"publish","type":"product","link":"https:\/\/www.greenforest.ro\/old\/produs\/scaun-trendstar-20-sy-ts400\/","title":{"rendered":"Scaun TrendStar 20 SY TS400"},"content":{"rendered":"","protected":false},"excerpt":{"rendered":"<p>&#8211; Reglarea inaltimii prin piston cu gaz;<br \/>\n&#8211; Mecanism syncro pentru pastrarea corecta, permanenta a unghiului dintre sezut \u0219i spatar;<br \/>\n&#8211; Spatar cu suport lombar fix \u0219i reglare verticala;<br \/>\n&#8211; Tapi\u021berie stof\u0103 polyolefin 100%, rezistent\u0103 la 40.000 cicluri frecare G03, G04, G05, G08, G20, G21, G22, G23, G26, G27, G28.<\/p>\n<p><img loading=\"lazy\" decoding=\"async\" class=\"alignnone wp-image-8079 size-full\" title=\"culori G 1 1\" src=\"https:\/\/www.greenforest.ro\/old\/wp-content\/uploads\/2017\/11\/culori_G-1-1.png\" alt=\"culori G 1 1\" width=\"688\" height=\"72\" srcset=\"https:\/\/www.greenforest.ro\/old\/wp-content\/uploads\/2017\/11\/culori_G-1-1.png 688w, https:\/\/www.greenforest.ro\/old\/wp-content\/uploads\/2017\/11\/culori_G-1-1-300x31.png 300w, https:\/\/www.greenforest.ro\/old\/wp-content\/uploads\/2017\/11\/culori_G-1-1-600x63.png 600w\" sizes=\"(max-width: 688px) 100vw, 688px\" \/><\/p>\n<h4>Dimensiuni<\/h4>\n<p>\u0218ezut 48cm l\u0103\u021bime x 48cm ad\u00e2ncime; \u00een\u0103l\u021bime total\u0103 cm<\/p>\n<h4>Op\u021biuni<\/h4>\n<p>&#8211; Role gumate cu sistem de autofranare &#8220;GAP&#8221; 6991 &#8211; pentru podea dura (parchet, gresie)<br \/>\n&#8211; set 5 role cu diametrul de 5 cm<\/p>\n<h4>Variante<\/h4>\n<p>TrendStar 20 SY TS40T cu brate reglabile vertical \u0093T2\u0094<\/p>\n<h4><\/h4>\n","protected":false},"featured_media":7015,"comment_status":"closed","ping_status":"closed","template":"","meta":[],"acf":[],"yoast_head":"<!-- This site is optimized with the Yoast SEO plugin v21.6 - https:\/\/yoast.com\/wordpress\/plugins\/seo\/ -->\n<title>Scaun TrendStar 20 SY TS400 - mobilier de birou GreenForest<\/title>\n<meta name=\"description\" content=\"Scaun TrendStar 20 SY TS400 - GreenForest - mobilier de birou, professional furniture and fit out for a great office experience\" \/>\n<meta name=\"robots\" content=\"index, follow, max-snippet:-1, max-image-preview:large, max-video-preview:-1\" \/>\n<link rel=\"canonical\" href=\"https:\/\/www.greenforest.ro\/old\/produs\/scaun-trendstar-20-sy-ts400\/\" \/>\n<meta name=\"twitter:card\" content=\"summary_large_image\" \/>\n<meta name=\"twitter:title\" content=\"Scaun TrendStar 20 SY TS400 - mobilier de birou GreenForest\" \/>\n<meta name=\"twitter:description\" content=\"Scaun TrendStar 20 SY TS400 - GreenForest - mobilier de birou, professional furniture and fit out for a great office experience\" \/>\n<meta name=\"twitter:image\" content=\"https:\/\/www.greenforest.ro\/old\/wp-content\/uploads\/2019\/08\/trendstar-20SY.png\" \/>\n<!-- \/ Yoast SEO plugin. -->","yoast_head_json":{"title":"Scaun TrendStar 20 SY TS400 - mobilier de birou GreenForest","description":"Scaun TrendStar 20 SY TS400 - GreenForest - mobilier de birou, professional furniture and fit out for a great office experience","robots":{"index":"index","follow":"follow","max-snippet":"max-snippet:-1","max-image-preview":"max-image-preview:large","max-video-preview":"max-video-preview:-1"},"canonical":"https:\/\/www.greenforest.ro\/old\/produs\/scaun-trendstar-20-sy-ts400\/","twitter_card":"summary_large_image","twitter_title":"Scaun TrendStar 20 SY TS400 - mobilier de birou GreenForest","twitter_description":"Scaun TrendStar 20 SY TS400 - GreenForest - mobilier de birou, professional furniture and fit out for a great office experience","twitter_image":"https:\/\/www.greenforest.ro\/old\/wp-content\/uploads\/2019\/08\/trendstar-20SY.png","schema":{"@context":"https:\/\/schema.org","@graph":[{"@type":"WebPage","@id":"https:\/\/www.greenforest.ro\/old\/produs\/scaun-trendstar-20-sy-ts400\/","url":"https:\/\/www.greenforest.ro\/old\/produs\/scaun-trendstar-20-sy-ts400\/","name":"Scaun TrendStar 20 SY TS400 - mobilier de birou GreenForest","isPartOf":{"@id":"https:\/\/www.greenforest.ro\/old\/#website"},"datePublished":"2017-11-29T12:14:38+00:00","dateModified":"2021-03-11T08:39:20+00:00","description":"Scaun TrendStar 20 SY TS400 - GreenForest - mobilier de birou, professional furniture and fit out for a great office experience","breadcrumb":{"@id":"https:\/\/www.greenforest.ro\/old\/produs\/scaun-trendstar-20-sy-ts400\/#breadcrumb"},"inLanguage":"ro-RO","potentialAction":[{"@type":"ReadAction","target":["https:\/\/www.greenforest.ro\/old\/produs\/scaun-trendstar-20-sy-ts400\/"]}]},{"@type":"BreadcrumbList","@id":"https:\/\/www.greenforest.ro\/old\/produs\/scaun-trendstar-20-sy-ts400\/#breadcrumb","itemListElement":[{"@type":"ListItem","position":1,"name":"Prima pagin\u0103","item":"https:\/\/www.greenforest.ro\/old\/"},{"@type":"ListItem","position":2,"name":"Magazin","item":"https:\/\/www.greenforest.ro\/old\/store\/"},{"@type":"ListItem","position":3,"name":"Scaune ergonomice","item":"https:\/\/www.greenforest.ro\/old\/categorie-produs\/scaune-ergonomice\/"},{"@type":"ListItem","position":4,"name":"Scaune Operative","item":"https:\/\/www.greenforest.ro\/old\/categorie-produs\/scaune-ergonomice\/operative-scaune-ergonomice\/"},{"@type":"ListItem","position":5,"name":"Scaune operative Topstar","item":"https:\/\/www.greenforest.ro\/old\/categorie-produs\/scaune-ergonomice\/operative-scaune-ergonomice\/topstar-scaune-operative\/"},{"@type":"ListItem","position":6,"name":"Scaun TrendStar 20 SY TS400"}]},{"@type":"WebSite","@id":"https:\/\/www.greenforest.ro\/old\/#website","url":"https:\/\/www.greenforest.ro\/old\/","name":"GreenForest - mobilier de birou","description":"Solu\u0163ii profesionale de amenajare birouri","publisher":{"@id":"https:\/\/www.greenforest.ro\/old\/#organization"},"potentialAction":[{"@type":"SearchAction","target":{"@type":"EntryPoint","urlTemplate":"https:\/\/www.greenforest.ro\/old\/?s={search_term_string}"},"query-input":"required name=search_term_string"}],"inLanguage":"ro-RO"},{"@type":"Organization","@id":"https:\/\/www.greenforest.ro\/old\/#organization","name":"Greenforest","url":"https:\/\/www.greenforest.ro\/old\/","logo":{"@type":"ImageObject","inLanguage":"ro-RO","@id":"https:\/\/www.greenforest.ro\/old\/#\/schema\/logo\/image\/","url":"https:\/\/www.greenforest.ro\/old\/wp-content\/uploads\/2018\/01\/sol-logo-greenforest.png","contentUrl":"https:\/\/www.greenforest.ro\/old\/wp-content\/uploads\/2018\/01\/sol-logo-greenforest.png","width":110,"height":110,"caption":"Greenforest"},"image":{"@id":"https:\/\/www.greenforest.ro\/old\/#\/schema\/logo\/image\/"},"sameAs":["https:\/\/www.facebook.com\/GreenForest.MobilierPentruBirou","https:\/\/www.instagram.com\/greenforest.ro\/","https:\/\/www.linkedin.com\/company\/greenforest\/"]}]}},"_links":{"self":[{"href":"https:\/\/www.greenforest.ro\/old\/wp-json\/wp\/v2\/product\/3794"}],"collection":[{"href":"https:\/\/www.greenforest.ro\/old\/wp-json\/wp\/v2\/product"}],"about":[{"href":"https:\/\/www.greenforest.ro\/old\/wp-json\/wp\/v2\/types\/product"}],"replies":[{"embeddable":true,"href":"https:\/\/www.greenforest.ro\/old\/wp-json\/wp\/v2\/comments?post=3794"}],"wp:featuredmedia":[{"embeddable":true,"href":"https:\/\/www.greenforest.ro\/old\/wp-json\/wp\/v2\/media\/7015"}],"wp:attachment":[{"href":"https:\/\/www.greenforest.ro\/old\/wp-json\/wp\/v2\/media?parent=3794"}],"curies":[{"name":"wp","href":"https:\/\/api.w.org\/{rel}","templated":true}]}}