{"id":3733,"date":"2017-11-28T19:54:11","date_gmt":"2017-11-28T17:54:11","guid":{"rendered":"https:\/\/www.greenforest.ro\/old\/produs\/scaun-light-star-30-ls30wg\/"},"modified":"2020-05-20T12:59:07","modified_gmt":"2020-05-20T09:59:07","slug":"scaun-light-star-30-ls30wg","status":"publish","type":"product","link":"https:\/\/www.greenforest.ro\/old\/produs\/scaun-light-star-30-ls30wg\/","title":{"rendered":"Scaun Light Star 30 LS30WG"},"content":{"rendered":"","protected":false},"excerpt":{"rendered":"<p>&#8211; Reglarea \u00een\u0103l\u021bimii prin piston cu gaz;<br \/>\n&#8211; Mecanism sincro pentru p\u0103strarea corect\u0103, permanent\u0103 a unghiului dintre \u0219ezut \u0219i sp\u0103tar;<br \/>\n&#8211; Sp\u0103tar cu suport lombar fix, reglare vertical\u0103 \u0219i tetier\u0103;<br \/>\n&#8211; Sezut reglabil in plan orizontal;<br \/>\n&#8211; Role cu sistem de autofr\u00e2nare;<br \/>\n&#8211; Tapi\u021berie stof\u0103 polyolefin 100%, rezistent\u0103 la 40.000 cicluri frecare G03, G04, G05, G08, G20, G21, G22, G23, G26, G27, G28<br \/>\n&#8211; Brate reglabile vertical, \u00een l\u0103\u021bime, ad\u00e2ncime cu suprafa\u021b\u0103 de contact soft G3;<\/p>\n<p><img loading=\"lazy\" decoding=\"async\" class=\"alignnone wp-image-8077 size-full\" title=\"culori G T 1 1 1\" src=\"https:\/\/www.greenforest.ro\/old\/wp-content\/uploads\/2017\/11\/culori_G_T-1-1-1.png\" alt=\"culori G T 1 1 1\" width=\"699\" height=\"144\" srcset=\"https:\/\/www.greenforest.ro\/old\/wp-content\/uploads\/2017\/11\/culori_G_T-1-1-1.png 699w, https:\/\/www.greenforest.ro\/old\/wp-content\/uploads\/2017\/11\/culori_G_T-1-1-1-300x62.png 300w, https:\/\/www.greenforest.ro\/old\/wp-content\/uploads\/2017\/11\/culori_G_T-1-1-1-600x124.png 600w\" sizes=\"(max-width: 699px) 100vw, 699px\" \/><\/p>\n<h4>Dimensiuni<\/h4>\n<p>\u0218ezut 48cm l\u0103\u021bime x 48cm ad\u00e2ncime; \u00een\u0103l\u021bime total\u0103 122-142cm<\/p>\n<h4>Op\u021biuni<\/h4>\n<p>&#8211; Stof\u0103 Trevira CS 100% cu rezisten\u021b\u0103 la 50.000 de cicluri de frecare T20, T21, T22, T23, T26, T27, T31, T33, T34, T35, T38;<br \/>\n&#8211; Role de cauciuc cu sistem de autofr\u00e2nare GAP 6990-3;<br \/>\n-Tapi\u021berie piele neagr\u0103;<\/p>\n<h4>Variante<\/h4>\n<p>&#8211; Light Star 30 LS39WG<br \/>\nScaun Light Star 30 cu baza aluminiu slefuit (aspect cromat)<\/p>\n","protected":false},"featured_media":3605,"comment_status":"closed","ping_status":"closed","template":"","meta":[],"acf":[],"yoast_head":"<!-- This site is optimized with the Yoast SEO plugin v21.6 - https:\/\/yoast.com\/wordpress\/plugins\/seo\/ -->\n<title>Scaun Light Star 30 LS30WG - mobilier de birou GreenForest<\/title>\n<meta name=\"description\" content=\"Scaun Light Star 30 LS30WG - GreenForest - mobilier de birou, professional furniture and fit out for a great office experience\" \/>\n<meta name=\"robots\" content=\"index, follow, max-snippet:-1, max-image-preview:large, max-video-preview:-1\" \/>\n<link rel=\"canonical\" href=\"https:\/\/www.greenforest.ro\/old\/produs\/scaun-light-star-30-ls30wg\/\" \/>\n<meta name=\"twitter:card\" content=\"summary_large_image\" \/>\n<meta name=\"twitter:title\" content=\"Scaun Light Star 30 LS30WG - mobilier de birou GreenForest\" \/>\n<meta name=\"twitter:description\" content=\"Scaun Light Star 30 LS30WG - GreenForest - mobilier de birou, professional furniture and fit out for a great office experience\" \/>\n<meta name=\"twitter:image\" content=\"https:\/\/www.greenforest.ro\/old\/wp-content\/uploads\/2017\/11\/lightstar-30-1.png\" \/>\n<!-- \/ Yoast SEO plugin. -->","yoast_head_json":{"title":"Scaun Light Star 30 LS30WG - mobilier de birou GreenForest","description":"Scaun Light Star 30 LS30WG - GreenForest - mobilier de birou, professional furniture and fit out for a great office experience","robots":{"index":"index","follow":"follow","max-snippet":"max-snippet:-1","max-image-preview":"max-image-preview:large","max-video-preview":"max-video-preview:-1"},"canonical":"https:\/\/www.greenforest.ro\/old\/produs\/scaun-light-star-30-ls30wg\/","twitter_card":"summary_large_image","twitter_title":"Scaun Light Star 30 LS30WG - mobilier de birou GreenForest","twitter_description":"Scaun Light Star 30 LS30WG - GreenForest - mobilier de birou, professional furniture and fit out for a great office experience","twitter_image":"https:\/\/www.greenforest.ro\/old\/wp-content\/uploads\/2017\/11\/lightstar-30-1.png","schema":{"@context":"https:\/\/schema.org","@graph":[{"@type":"WebPage","@id":"https:\/\/www.greenforest.ro\/old\/en\/produs\/scaun-light-star-30-ls30wg\/","url":"https:\/\/www.greenforest.ro\/old\/en\/produs\/scaun-light-star-30-ls30wg\/","name":"Scaun Light Star 30 LS30WG - mobilier de birou GreenForest","isPartOf":{"@id":"https:\/\/www.greenforest.ro\/old\/#website"},"datePublished":"2017-11-28T17:54:11+00:00","dateModified":"2020-05-20T09:59:07+00:00","description":"Scaun Light Star 30 LS30WG - GreenForest - mobilier de birou, professional furniture and fit out for a great office experience","breadcrumb":{"@id":"https:\/\/www.greenforest.ro\/old\/en\/produs\/scaun-light-star-30-ls30wg\/#breadcrumb"},"inLanguage":"ro-RO","potentialAction":[{"@type":"ReadAction","target":["https:\/\/www.greenforest.ro\/old\/en\/produs\/scaun-light-star-30-ls30wg\/"]}]},{"@type":"BreadcrumbList","@id":"https:\/\/www.greenforest.ro\/old\/en\/produs\/scaun-light-star-30-ls30wg\/#breadcrumb","itemListElement":[{"@type":"ListItem","position":1,"name":"Prima pagin\u0103","item":"https:\/\/www.greenforest.ro\/old\/"},{"@type":"ListItem","position":2,"name":"Magazin","item":"https:\/\/www.greenforest.ro\/old\/store\/"},{"@type":"ListItem","position":3,"name":"Scaune ergonomice","item":"https:\/\/www.greenforest.ro\/old\/categorie-produs\/scaune-ergonomice\/"},{"@type":"ListItem","position":4,"name":"Scaune executive","item":"https:\/\/www.greenforest.ro\/old\/categorie-produs\/scaune-ergonomice\/executive-scaune-ergonomice\/"},{"@type":"ListItem","position":5,"name":"Scaune executive Topstar","item":"https:\/\/www.greenforest.ro\/old\/categorie-produs\/scaune-ergonomice\/executive-scaune-ergonomice\/scaune-executive-topstar\/"},{"@type":"ListItem","position":6,"name":"Scaun Light Star 30 LS30WG"}]},{"@type":"WebSite","@id":"https:\/\/www.greenforest.ro\/old\/#website","url":"https:\/\/www.greenforest.ro\/old\/","name":"GreenForest - mobilier de birou","description":"Solu\u0163ii profesionale de amenajare birouri","publisher":{"@id":"https:\/\/www.greenforest.ro\/old\/#organization"},"potentialAction":[{"@type":"SearchAction","target":{"@type":"EntryPoint","urlTemplate":"https:\/\/www.greenforest.ro\/old\/?s={search_term_string}"},"query-input":"required name=search_term_string"}],"inLanguage":"ro-RO"},{"@type":"Organization","@id":"https:\/\/www.greenforest.ro\/old\/#organization","name":"Greenforest","url":"https:\/\/www.greenforest.ro\/old\/","logo":{"@type":"ImageObject","inLanguage":"ro-RO","@id":"https:\/\/www.greenforest.ro\/old\/#\/schema\/logo\/image\/","url":"https:\/\/www.greenforest.ro\/old\/wp-content\/uploads\/2018\/01\/sol-logo-greenforest.png","contentUrl":"https:\/\/www.greenforest.ro\/old\/wp-content\/uploads\/2018\/01\/sol-logo-greenforest.png","width":110,"height":110,"caption":"Greenforest"},"image":{"@id":"https:\/\/www.greenforest.ro\/old\/#\/schema\/logo\/image\/"},"sameAs":["https:\/\/www.facebook.com\/GreenForest.MobilierPentruBirou","https:\/\/www.instagram.com\/greenforest.ro\/","https:\/\/www.linkedin.com\/company\/greenforest\/"]}]}},"_links":{"self":[{"href":"https:\/\/www.greenforest.ro\/old\/wp-json\/wp\/v2\/product\/3733"}],"collection":[{"href":"https:\/\/www.greenforest.ro\/old\/wp-json\/wp\/v2\/product"}],"about":[{"href":"https:\/\/www.greenforest.ro\/old\/wp-json\/wp\/v2\/types\/product"}],"replies":[{"embeddable":true,"href":"https:\/\/www.greenforest.ro\/old\/wp-json\/wp\/v2\/comments?post=3733"}],"wp:featuredmedia":[{"embeddable":true,"href":"https:\/\/www.greenforest.ro\/old\/wp-json\/wp\/v2\/media\/3605"}],"wp:attachment":[{"href":"https:\/\/www.greenforest.ro\/old\/wp-json\/wp\/v2\/media?parent=3733"}],"curies":[{"name":"wp","href":"https:\/\/api.w.org\/{rel}","templated":true}]}}