{"id":8634,"date":"2021-02-02T11:04:55","date_gmt":"2021-02-02T09:04:55","guid":{"rendered":"https:\/\/www.greenforest.ro\/old\/?page_id=8634"},"modified":"2021-02-17T13:09:16","modified_gmt":"2021-02-17T11:09:16","slug":"scaune-patra","status":"publish","type":"page","link":"https:\/\/www.greenforest.ro\/old\/scaune-patra\/","title":{"rendered":"Scaune Patra"},"content":{"rendered":"<p>[vc_row][vc_column]<div id=\"ultimate-heading-348169f5c151130ec\" class=\"uvc-heading ult-adjust-bottom-margin ultimate-heading-348169f5c151130ec uvc-9016 \" data-hspacer=\"line_only\"  data-halign=\"left\" style=\"text-align:left\"><div class=\"uvc-main-heading ult-responsive\"  data-ultimate-target='.uvc-heading.ultimate-heading-348169f5c151130ec h2'  data-responsive-json-new='{\"font-size\":\"\",\"line-height\":\"\"}' ><h2 style=\"font-weight:normal;\">Operative<\/h2><\/div><div class=\"uvc-heading-spacer line_only\" style=\"margin-top:10px;margin-bottom:15px;height:1px;\"><span class=\"uvc-headings-line\" style=\"border-style:solid;border-bottom-width:1px;border-color:#ccc;width:autopx;\"><\/span><\/div><\/div><div class=\"woocommerce columns-6 \">\r\n<ul class=\"products pcols-lg-6 pcols-md-5 pcols-xs-3 pcols-ls-2 pwidth-lg-6 pwidth-md-5 pwidth-xs-3 pwidth-ls-2\">\r\n<li class=\"hover show-wq-onimage product-first pcols-lg-first pcols-md-first pcols-xs-first pcols-ls-first post-8831 product type-product status-publish has-post-thumbnail product_cat-scaune-ergonomice product_cat-operative-scaune-ergonomice product_cat-patra-scaune-operative first instock shipping-taxable purchasable product-type-simple\">\r\r\r\n\t<a href=\"https:\/\/www.greenforest.ro\/old\/produs\/8831\/\" class=\"woocommerce-LoopProduct-link woocommerce-loop-product__link\">\r\n\r\r\n    <div class=\"product-image\">\r\t\t\r\t\t\t\t\r\n        <a  href=\"https:\/\/www.greenforest.ro\/old\/produs\/8831\/\">\r\r\n            <div class=\"inner\"><img loading=\"lazy\" decoding=\"async\" width=\"300\" height=\"403\" src=\"https:\/\/www.greenforest.ro\/old\/wp-content\/uploads\/2021\/04\/fortis_tetiera-300x403.jpg\" class=\" wp-post-image\" alt=\"fortis tetiera\" srcset=\"https:\/\/www.greenforest.ro\/old\/wp-content\/uploads\/2021\/04\/fortis_tetiera-300x403.jpg 300w, https:\/\/www.greenforest.ro\/old\/wp-content\/uploads\/2021\/04\/fortis_tetiera-223x300.jpg 223w, https:\/\/www.greenforest.ro\/old\/wp-content\/uploads\/2021\/04\/fortis_tetiera.jpg 458w\" sizes=\"(max-width: 300px) 100vw, 300px\" \/><\/div><div data-link=\"\" class=\"viewcart  viewcart-8831\" title=\"View Cart\"><\/div><img loading=\"lazy\" decoding=\"async\" width=\"300\" height=\"403\" src=\"https:\/\/www.greenforest.ro\/old\/wp-content\/uploads\/2021\/04\/fortis_tetiera-300x403.jpg\" class=\"attachment-woocommerce_thumbnail size-woocommerce_thumbnail\" alt=\"fortis tetiera\" srcset=\"https:\/\/www.greenforest.ro\/old\/wp-content\/uploads\/2021\/04\/fortis_tetiera-300x403.jpg 300w, https:\/\/www.greenforest.ro\/old\/wp-content\/uploads\/2021\/04\/fortis_tetiera-223x300.jpg 223w, https:\/\/www.greenforest.ro\/old\/wp-content\/uploads\/2021\/04\/fortis_tetiera.jpg 458w\" sizes=\"(max-width: 300px) 100vw, 300px\" \/>\r\n        <\/a>\r\r\n\r\r\n        <div class=\"links-on-image\">\r\r\n            <div class=\"add-links-wrap\">\r\n    <div class=\"add-links  clearfix\">\r\n        <a href=\"https:\/\/www.greenforest.ro\/old\/produs\/8831\/\" rel=\"nofollow\" data-product_id=\"8831\" data-product_sku=\"\" data-quantity=\"1\" class=\"button viewcart-style-1 add_to_cart_read_more product_type_simple\" >Read More<\/a><div class=\"quickview\" data-id=\"8831\" title=\"Vezi\">Vezi<\/div>    <\/div>\r\n<\/div>\r\n        <\/div>\r\r\n    <\/div>\r\r\n\t\r\n    \r\n        <a class=\"product-loop-title\"  href=\"https:\/\/www.greenforest.ro\/old\/produs\/8831\/\"><h3 class=\"woocommerce-loop-product__title\">Scaun Fortis C4811AK-301\/636<\/h3><h2 class=\"woocommerce-loop-product__title\">Scaun Fortis C4811AK-301\/636<\/h2><\/a>\r\n    \r\n\r\r\n        <div class=\"description\">\n        <p>\u2013 Reglarea inaltimii prin piston cu gaz;<br \/>\n\u2013 Mecanism syncro pentru pastrarea corecta, permanenta a unghiului dintre sezut \u0219i spatar si ajustarea manuala a tensiunii spatarului. Permite selectia a trei curse distincte de balans;<br \/>\n\u2013 Spatar cu suport lombar reglabil;<br \/>\n\u2013 Sezut reglabil in plan orizontal;<br \/>\n\u2013 Brate reglabile vertical si radial;<\/p>\n<p>\u2013 Tetiera reglabila;<br \/>\n\u2013 Tapiterie stofa sezut Poyester 100%, sezut scaun stoc: gri 301;<br \/>\n\u2013 Tapiterie stofa Polyester 100%, sezut scaun la comanda: rosu 303, albastru 304, negru 306, verde 307, galben 308;<br \/>\n\u2013 Stofa testata ignifug de institutulul Fiti Coreea si rezistenta la 50 000 cicluri de frecare;<br \/>\n\u2013 Mesh spatar negru 636;<br \/>\n\u2013 Scaun certificat conform US standard for office furniture ANSI \/ BIFMA X5.1-2011 si conform standardului europena EN 1335;<br \/>\n\u2013 Produs cu potential de reciclare de 94% si certificat GREENGUARD<\/p>\n    <\/div>\n    \n\r\n\r\r\n    <\/a><div class=\"add-links-wrap\">\r\n    <div class=\"add-links  clearfix\">\r\n        <a href=\"https:\/\/www.greenforest.ro\/old\/produs\/8831\/\" rel=\"nofollow\" data-product_id=\"8831\" data-product_sku=\"\" data-quantity=\"1\" class=\"button viewcart-style-1 add_to_cart_read_more product_type_simple\" >Read More<\/a><div class=\"quickview\" data-id=\"8831\" title=\"Vezi\">Vezi<\/div>    <\/div>\r\n<\/div>\r\n\r<\/li>\r\n<li class=\"hover show-wq-onimage post-3893 product type-product status-publish has-post-thumbnail product_cat-scaune-ergonomice product_cat-operative-scaune-ergonomice product_cat-patra-scaune-operative  onbackorder purchasable product-type-simple\">\r\r\r\n\t<a href=\"https:\/\/www.greenforest.ro\/old\/produs\/scaun-fortis-c4812ak\/\" class=\"woocommerce-LoopProduct-link woocommerce-loop-product__link\">\r\n\r\r\n    <div class=\"product-image\">\r\t\t\r\t\t\t\t\r\n        <a  href=\"https:\/\/www.greenforest.ro\/old\/produs\/scaun-fortis-c4812ak\/\">\r\r\n            <div class=\"inner\"><img loading=\"lazy\" decoding=\"async\" width=\"300\" height=\"394\" src=\"https:\/\/www.greenforest.ro\/old\/wp-content\/uploads\/2017\/11\/scaun-fortis-300x394.png\" class=\" wp-post-image\" alt=\"scaun fortis\" srcset=\"https:\/\/www.greenforest.ro\/old\/wp-content\/uploads\/2017\/11\/scaun-fortis-300x394.png 300w, https:\/\/www.greenforest.ro\/old\/wp-content\/uploads\/2017\/11\/scaun-fortis-229x300.png 229w, https:\/\/www.greenforest.ro\/old\/wp-content\/uploads\/2017\/11\/scaun-fortis.png 457w\" sizes=\"(max-width: 300px) 100vw, 300px\" \/><\/div><div data-link=\"\" class=\"viewcart  viewcart-3893\" title=\"View Cart\"><\/div><img loading=\"lazy\" decoding=\"async\" width=\"300\" height=\"394\" src=\"https:\/\/www.greenforest.ro\/old\/wp-content\/uploads\/2017\/11\/scaun-fortis-300x394.png\" class=\"attachment-woocommerce_thumbnail size-woocommerce_thumbnail\" alt=\"scaun fortis\" srcset=\"https:\/\/www.greenforest.ro\/old\/wp-content\/uploads\/2017\/11\/scaun-fortis-300x394.png 300w, https:\/\/www.greenforest.ro\/old\/wp-content\/uploads\/2017\/11\/scaun-fortis-229x300.png 229w, https:\/\/www.greenforest.ro\/old\/wp-content\/uploads\/2017\/11\/scaun-fortis.png 457w\" sizes=\"(max-width: 300px) 100vw, 300px\" \/>\r\n        <\/a>\r\r\n\r\r\n        <div class=\"links-on-image\">\r\r\n            <div class=\"add-links-wrap\">\r\n    <div class=\"add-links  clearfix\">\r\n        <a href=\"https:\/\/www.greenforest.ro\/old\/produs\/scaun-fortis-c4812ak\/\" rel=\"nofollow\" data-product_id=\"3893\" data-product_sku=\"C4812Ak\" data-quantity=\"1\" class=\"button viewcart-style-1 add_to_cart_read_more product_type_simple\" >Read More<\/a><div class=\"quickview\" data-id=\"3893\" title=\"Vezi\">Vezi<\/div>    <\/div>\r\n<\/div>\r\n        <\/div>\r\r\n    <\/div>\r\r\n\t\r\n    \r\n        <a class=\"product-loop-title\"  href=\"https:\/\/www.greenforest.ro\/old\/produs\/scaun-fortis-c4812ak\/\"><h3 class=\"woocommerce-loop-product__title\">Scaun Fortis C4812AK<\/h3><h2 class=\"woocommerce-loop-product__title\">Scaun Fortis C4812AK<\/h2><\/a>\r\n    \r\n\r\r\n        <div class=\"description\">\n        <p>&#8211; Reglarea inaltimii prin piston cu gaz;<br \/>\n&#8211; Mecanism syncro pentru pastrarea corecta, permanenta a unghiului dintre sezut \u0219i spatar si ajustarea manuala a tensiunii spatarului. Permite selectia a trei curse distincte de balans;<br \/>\n&#8211; Spatar cu suport lombar reglabil;<br \/>\n&#8211; Sezut reglabil in plan orizontal;<br \/>\n&#8211; Brate reglabile vertical si radial;<br \/>\n&#8211; Tapiterie stofa sezut Poyester 100%, sezut scaun stoc: gri 301;<br \/>\n&#8211; Tapiterie stofa Polyester 100%, sezut scaun la comanda: rosu 303, albastru 304, negru 306, verde 307, galben 308;<br \/>\n&#8211; Stofa testata ignifug de institutulul Fiti Coreea si rezistenta la 50 000 cicluri de frecare;<br \/>\n&#8211; Mesh spatar negru 636;<br \/>\n&#8211; Scaun certificat conform US standard for office furniture ANSI \/ BIFMA X5.1-2011 si conform standardului europena EN 1335;<br \/>\n&#8211; Produs cu potential de reciclare de 94% si certificat GREENGUARD<br clear=\"all\" \/><img loading=\"lazy\" decoding=\"async\" class=\"alignnone\" src=\"https:\/\/www.greenforest.ro\/old\/wp-content\/uploads\/2017\/11\/colors-patra-fortis.png\" alt=\"culori disponibile\" width=\"899\" height=\"69\" \/><\/p>\n<h4>Dimensiuni<\/h4>\n<p>\u0218ezut 66cm l\u0103\u021bime x 59cm ad\u00e2ncime; \u00een\u0103l\u021bime total\u0103 112cm<\/p>\n<h4><\/h4>\n    <\/div>\n    \n\r\n\r\r\n    <\/a><div class=\"add-links-wrap\">\r\n    <div class=\"add-links  clearfix\">\r\n        <a href=\"https:\/\/www.greenforest.ro\/old\/produs\/scaun-fortis-c4812ak\/\" rel=\"nofollow\" data-product_id=\"3893\" data-product_sku=\"C4812Ak\" data-quantity=\"1\" class=\"button viewcart-style-1 add_to_cart_read_more product_type_simple\" >Read More<\/a><div class=\"quickview\" data-id=\"3893\" title=\"Vezi\">Vezi<\/div>    <\/div>\r\n<\/div>\r\n\r<\/li>\r\n<\/ul><\/div>\n","protected":false},"excerpt":{"rendered":"<p>[vc_row][vc_column]<\/p>\n","protected":false},"author":3,"featured_media":0,"parent":0,"menu_order":0,"comment_status":"closed","ping_status":"closed","template":"","meta":{"footnotes":""},"acf":[],"yoast_head":"<!-- This site is optimized with the Yoast SEO plugin v21.6 - https:\/\/yoast.com\/wordpress\/plugins\/seo\/ -->\n<title>Scaune Patra - mobilier birou GreenForest Timisoara<\/title>\n<meta name=\"description\" content=\"Scaune Patra - GreenForest - mobilier de birou, scaune birou, pardoseli, professional furniture and fit out\" \/>\n<meta name=\"robots\" content=\"index, follow, max-snippet:-1, max-image-preview:large, max-video-preview:-1\" \/>\n<link rel=\"canonical\" href=\"https:\/\/www.greenforest.ro\/old\/scaune-patra\/\" \/>\n<meta name=\"twitter:card\" content=\"summary_large_image\" \/>\n<meta name=\"twitter:title\" content=\"Scaune Patra - mobilier birou GreenForest Timisoara\" \/>\n<meta name=\"twitter:description\" content=\"Scaune Patra - GreenForest - mobilier de birou, scaune birou, pardoseli, professional furniture and fit out\" \/>\n<meta name=\"twitter:label1\" content=\"Timp estimat pentru citire\" \/>\n\t<meta name=\"twitter:data1\" content=\"1 minut\" \/>\n<!-- \/ Yoast SEO plugin. -->","yoast_head_json":{"title":"Scaune Patra - mobilier birou GreenForest Timisoara","description":"Scaune Patra - GreenForest - mobilier de birou, scaune birou, pardoseli, professional furniture and fit out","robots":{"index":"index","follow":"follow","max-snippet":"max-snippet:-1","max-image-preview":"max-image-preview:large","max-video-preview":"max-video-preview:-1"},"canonical":"https:\/\/www.greenforest.ro\/old\/scaune-patra\/","twitter_card":"summary_large_image","twitter_title":"Scaune Patra - mobilier birou GreenForest Timisoara","twitter_description":"Scaune Patra - GreenForest - mobilier de birou, scaune birou, pardoseli, professional furniture and fit out","twitter_misc":{"Timp estimat pentru citire":"1 minut"},"schema":{"@context":"https:\/\/schema.org","@graph":[{"@type":"WebPage","@id":"https:\/\/www.greenforest.ro\/old\/scaune-patra\/","url":"https:\/\/www.greenforest.ro\/old\/scaune-patra\/","name":"Scaune Patra - mobilier birou GreenForest Timisoara","isPartOf":{"@id":"https:\/\/www.greenforest.ro\/old\/#website"},"datePublished":"2021-02-02T09:04:55+00:00","dateModified":"2021-02-17T11:09:16+00:00","description":"Scaune Patra - GreenForest - mobilier de birou, scaune birou, pardoseli, professional furniture and fit out","breadcrumb":{"@id":"https:\/\/www.greenforest.ro\/old\/scaune-patra\/#breadcrumb"},"inLanguage":"ro-RO","potentialAction":[{"@type":"ReadAction","target":["https:\/\/www.greenforest.ro\/old\/scaune-patra\/"]}]},{"@type":"BreadcrumbList","@id":"https:\/\/www.greenforest.ro\/old\/scaune-patra\/#breadcrumb","itemListElement":[{"@type":"ListItem","position":1,"name":"Prima pagin\u0103","item":"https:\/\/www.greenforest.ro\/old\/"},{"@type":"ListItem","position":2,"name":"Scaune Patra"}]},{"@type":"WebSite","@id":"https:\/\/www.greenforest.ro\/old\/#website","url":"https:\/\/www.greenforest.ro\/old\/","name":"GreenForest - mobilier de birou","description":"Solu\u0163ii profesionale de amenajare birouri","publisher":{"@id":"https:\/\/www.greenforest.ro\/old\/#organization"},"potentialAction":[{"@type":"SearchAction","target":{"@type":"EntryPoint","urlTemplate":"https:\/\/www.greenforest.ro\/old\/?s={search_term_string}"},"query-input":"required name=search_term_string"}],"inLanguage":"ro-RO"},{"@type":"Organization","@id":"https:\/\/www.greenforest.ro\/old\/#organization","name":"Greenforest","url":"https:\/\/www.greenforest.ro\/old\/","logo":{"@type":"ImageObject","inLanguage":"ro-RO","@id":"https:\/\/www.greenforest.ro\/old\/#\/schema\/logo\/image\/","url":"https:\/\/www.greenforest.ro\/old\/wp-content\/uploads\/2018\/01\/sol-logo-greenforest.png","contentUrl":"https:\/\/www.greenforest.ro\/old\/wp-content\/uploads\/2018\/01\/sol-logo-greenforest.png","width":110,"height":110,"caption":"Greenforest"},"image":{"@id":"https:\/\/www.greenforest.ro\/old\/#\/schema\/logo\/image\/"},"sameAs":["https:\/\/www.facebook.com\/GreenForest.MobilierPentruBirou","https:\/\/www.instagram.com\/greenforest.ro\/","https:\/\/www.linkedin.com\/company\/greenforest\/"]}]}},"_links":{"self":[{"href":"https:\/\/www.greenforest.ro\/old\/wp-json\/wp\/v2\/pages\/8634"}],"collection":[{"href":"https:\/\/www.greenforest.ro\/old\/wp-json\/wp\/v2\/pages"}],"about":[{"href":"https:\/\/www.greenforest.ro\/old\/wp-json\/wp\/v2\/types\/page"}],"author":[{"embeddable":true,"href":"https:\/\/www.greenforest.ro\/old\/wp-json\/wp\/v2\/users\/3"}],"replies":[{"embeddable":true,"href":"https:\/\/www.greenforest.ro\/old\/wp-json\/wp\/v2\/comments?post=8634"}],"version-history":[{"count":3,"href":"https:\/\/www.greenforest.ro\/old\/wp-json\/wp\/v2\/pages\/8634\/revisions"}],"predecessor-version":[{"id":8637,"href":"https:\/\/www.greenforest.ro\/old\/wp-json\/wp\/v2\/pages\/8634\/revisions\/8637"}],"wp:attachment":[{"href":"https:\/\/www.greenforest.ro\/old\/wp-json\/wp\/v2\/media?parent=8634"}],"curies":[{"name":"wp","href":"https:\/\/api.w.org\/{rel}","templated":true}]}}