{"id":765,"date":"2017-09-20T18:01:36","date_gmt":"2017-09-20T18:01:36","guid":{"rendered":"https:\/\/www.greenforest.ro\/old\/?page_id=765"},"modified":"2021-06-14T13:24:43","modified_gmt":"2021-06-14T10:24:43","slug":"finantari","status":"publish","type":"page","link":"https:\/\/www.greenforest.ro\/old\/finantari\/","title":{"rendered":"Finan\u021b\u0103ri prin Fondul European de Dezvoltare Regional\u0103"},"content":{"rendered":"<p>[vc_row][vc_column][vc_text_separator title=&#8221;2021&#8243; i_icon_fontawesome=&#8221;fa fa-calendar&#8221; i_color=&#8221;custom&#8221; el_width=&#8221;90&#8243; add_icon=&#8221;true&#8221; i_custom_color=&#8221;#e04622&#8243;][\/vc_column][\/vc_row][vc_row][vc_column][vc_column_text][vc_row][vc_column width=&#8221;1\/1&#8243;][vc_column_text]<\/p>\n<div class=\"mceTemp\">\n<p><img loading=\"lazy\" decoding=\"async\" class=\"wp-image-8866 size-full aligncenter\" title=\"sigle anunt\" src=\"https:\/\/www.greenforest.ro\/old\/wp-content\/uploads\/2021\/05\/sigle_anunt.png\" alt=\"sigle anunt\" width=\"787\" height=\"128\" srcset=\"https:\/\/www.greenforest.ro\/old\/wp-content\/uploads\/2021\/05\/sigle_anunt.png 787w, https:\/\/www.greenforest.ro\/old\/wp-content\/uploads\/2021\/05\/sigle_anunt-300x49.png 300w, https:\/\/www.greenforest.ro\/old\/wp-content\/uploads\/2021\/05\/sigle_anunt-768x125.png 768w, https:\/\/www.greenforest.ro\/old\/wp-content\/uploads\/2021\/05\/sigle_anunt-600x98.png 600w\" sizes=\"(max-width: 787px) 100vw, 787px\" \/><\/p>\n<h3 style=\"text-align: right;\"><\/h3>\n<\/div>\n<h4 style=\"text-align: center;\"><strong>\u00a0 \u00a0 \u00a0<\/strong><strong>Scurt\u0103 descriere a proiectului<\/strong><\/h4>\n<h4 style=\"text-align: center;\"><strong>Titlul proiectului: \u201eExtinderea activit\u0103\u021bii de produc\u021bie a GREENFOREST SRL prin construirea de hale produc\u021bie \u0219i achizi\u021bia de utilaje<\/strong><strong>\u201d<\/strong><\/h4>\n<p>Numele beneficiarului: <strong>S.C. GREENFOREST SRL<\/strong>;<br \/>\nCodul MySMIS al proiectului <strong>112456;<\/strong><\/p>\n<p>Scopul proiectului \/ <strong>Obiectivul general<\/strong> al proiectului \/ <strong>Obiectivele specifice<\/strong> ale proiectului:<br \/>\n<strong>Scopul\/Obiectivul proiectului <\/strong>a vizat \u00eembun\u0103t\u0103\u021birea competitivit\u0103\u021bii economice a GREENFOREST SRL prin extinderea activit\u0103\u021bii de produc\u021bie \u0219i cre\u0219terea productivit\u0103\u021bii muncii \u00een sectorul competitiv \u00eencadrat la CAEN 3101 \u201dFabricarea de mobil\u0103 pentru birouri \u0219i magazine\u201d, iar <strong>obiectivele specifice sunt<\/strong>: <strong>1.<\/strong> Construc\u021bia a dou\u0103 hale de produc\u021bie necesare pentru extinderea spa\u021biului de produc\u021bie de\u021binut de firm\u0103 \u00een conformitate cu nevoile de dezvoltare pe termen mediu-lung. <strong>2.<\/strong> Achizi\u021bia a 4 utilaje destinate cre\u0219terii capacit\u0103\u021bii de produc\u021bie a firmei, a exhaustoarelor necesare func\u021bion\u0103rii acestora precum \u0219i a 2 sta\u021bii de lucru (calculatoare desktop). <strong>3.<\/strong> \u00cembun\u0103t\u0103\u021birea proceselor productive din cadrul firmei prin achizi\u021bia unei aplica\u021bii software, recertificarea sistemelor de management din cadrul firmei, certificarea principalelor produse in conformitate cu standarde specifice pentru mobilierul de birou si participarea la un t\u00e2rg interna\u021bional de profil.<\/p>\n<h4><strong>Rezultatele proiectului<\/strong>:<\/h4>\n<ul>\n<li>2 hale de produc\u021bie construite necesare pentru extinderea spa\u021biului de produc\u021bie.<\/li>\n<li>4 utilaje destinate cre\u0219terii capacit\u0103\u021bii de produc\u021bie a firmei, \u00eempreun\u0103 exhaustoare necesare func\u021bion\u0103rii acestora, 2 sta\u021bii de lucru (calculatoare desktop) \u0219i o ma\u0219in\u0103 de introdus cepuri, instalate \u0219i puse \u00een func\u021biune.<\/li>\n<li>1 aplica\u021bie software de tip MES func\u021bional\u0103, recertificarea sistemelor de management din cadrul firmei, certificarea unui produs propriu \u00een conformitate cu standarde specifice pentru mobilierul de birou precum \u0219i participarea la un t\u00e2rg interna\u021bional de profil.<\/li>\n<\/ul>\n<p>Data semn\u0103rii contractului de finan\u021bare: <strong>08.05.2018<\/strong><br \/>\nPerioada de implementare a proiectului: <strong>08.05.2018 &#8211; 30.01.2021<\/strong><\/p>\n<p>Valoarea total\u0103 a contractului de finan\u021bare: <strong>11.553.076,63 lei<\/strong><br \/>\nValoarea eligibil\u0103 nerambursabil\u0103 din FEDR: <strong>3.839.619,65 lei<\/strong><br \/>\nValoarea eligibil\u0103 nerambursabil\u0103 din bugetul na\u021bional: <strong>677.579,94 lei<\/strong><br \/>\nValoarea finan\u021b\u0103rii nerambursabile a contractului de finan\u021bare: <strong>4.517.199,59 lei<\/strong><\/p>\n<p>Proiectul de finan\u021bare <strong>\u201eExtinderea activit\u0103\u021bii de produc\u021bie a GREENFOREST SRL prin construirea de hale produc\u021bie \u0219i achizi\u021bia de utilaje\u201d<\/strong>, al c\u0103rui beneficiar este firma <strong>GREENFOREST SRL<\/strong>, a fost co-finan\u0163at prin REGIO &#8211; Programul Opera\u0163ional Regional, \u00een baza contractului de finan\u021bare \u00eencheiat cu Ministerul Dezvolt\u0103rii, Lucr\u0103rilor Publice \u0219i Administra\u021biei, \u00een calitate de Autoritate de Management, \u0219i Agen\u021bia pentru Dezvoltare Regional\u0103 Vest \u00een calitate de Organism Intermediar.<\/p>\n<p>Pentru informa\u021bii detaliate despre celelalte programe cofinan\u021bate de Uniunea European\u0103, v\u0103 invit\u0103m s\u0103 vizita\u021bi <a href=\"http:\/\/www.fonduri-ue.ro\">http:\/\/www.fonduri-ue.ro<\/a><\/p>\n<p><img loading=\"lazy\" decoding=\"async\" class=\"size-full wp-image-8874 aligncenter\" title=\"sigla anunt\" src=\"https:\/\/www.greenforest.ro\/old\/wp-content\/uploads\/2021\/05\/sigla_anunt.png\" alt=\"sigla anunt\" width=\"215\" height=\"74\" \/><\/p>\n<p><strong>Pentru informa\u0163ii suplimentare <\/strong>v\u0103 pute\u0163i adresa la <strong>SC GREENFOREST SRL<\/strong>, bd. Simion B\u0103rnu\u021biu, nr. 28, Municipiul Timi\u0219oara, jude\u021b Timi\u0219.<\/p>\n<p>Persoana de contact: Cristian-Marcel Florea, tel. 0740116202\/ 0256490284, <a href=\"mailto:office@greenforest.ro\">office@greenforest.ro<\/a>.<\/p>\n<hr \/>\n<p style=\"text-align: center;\">Investim \u00een viitorul t\u0103u!<\/p>\n<p style=\"text-align: center;\">Proiect cofinan\u021bat din Fondul European de Dezvoltare Regional\u0103 prin Programul Opera\u0163ional Regional 2014-2020.<\/p>\n<p style=\"text-align: center;\"><a href=\"http:\/\/www.inforegio.ro\">www.inforegio.ro<\/a><\/p>\n<hr \/>\n<p style=\"text-align: left;\">\u00a0 \u00a0 \u00a0 \u00a0 \u00a0 \u00a0 \u00a0 \u00a0 \u00a0 \u00a0 \u00a0 \u00a0 \u00a0 \u00a0 \u00a0 \u00a0 \u00a0 \u00a0 \u00a0 \u00a0 \u00a0 \u00a0 \u00a0 \u00a0 \u00a0 \u00a0 \u00a0 \u00a0 \u00a0 \u00a0 \u00a0 \u00a0 \u00a0 \u00a0 \u00a0 \u00a0 \u00a0 \u00a0 \u00a0 \u00a0 \u00a0 \u00a0 \u00a0 \u00a0 \u00a0 \u00a0 \u00a0 \u00a0 \u00a0 \u00a0 \u00a0 \u00a0 \u00a0 \u00a0 \u00a0 \u00a0 \u00a0 \u00a0 \u00a0 \u00a0 \u00a0 <a href=\"http:\/\/www.inforegio.ro\">www.inforegio.ro\u00a0 \u00a0<\/a>\u00a0 \u00a0 \u00a0 \u00a0 \u00a0 \u00a0 \u00a0 \u00a0 \u00a0 \u00a0 \u00a0 \u00a0 \u00a0 \u00a0 \u00a0 \u00a0 \u00a0 \u00a0 \u00a0 \u00a0 <a href=\"http:\/\/facebook.com\/inforegio.ro\">facebook.com\/inforegio.ro<\/a><\/p>\n<p>\u00a0 \u00a0 \u00a0 \u00a0 \u00a0 \u00a0 \u00a0 \u00a0 \u00a0 \u00a0 \u00a0 \u00a0 \u00a0 \u00a0 \u00a0 \u00a0 \u00a0 \u00a0 \u00a0 \u00a0 \u00a0 \u00a0 \u00a0 \u00a0 \u00a0 \u00a0 \u00a0 \u00a0 \u00a0 \u00a0 \u00a0 \u00a0 \u00a0 \u00a0 \u00a0 \u00a0 \u00a0Con\u021binutul acestui material nu reprezint\u0103 \u00een mod obligatoriu pozi\u021bia oficial\u0103 a Uniunii Europene sau a Guvernului Rom\u00e2niei.<\/p>\n<hr \/>\n<p>[\/vc_column_text][\/vc_column][\/vc_row]<\/p>\n<p>[vc_row css=&#8221;.vc_custom_1506012202070{margin-top: 15px !important;margin-bottom: 0px !important;}&#8221;][vc_column][vc_text_separator title=&#8221;2014&#8243; i_icon_fontawesome=&#8221;fa fa-calendar&#8221; i_color=&#8221;custom&#8221; el_width=&#8221;90&#8243; add_icon=&#8221;true&#8221; i_custom_color=&#8221;#e04622&#8243;][\/vc_column][\/vc_row][vc_row][vc_column][vc_column_text]<\/p>\n<h2>Implementare MAGAZIN ONLINE &#8211; mobilier de birou<\/h2>\n<p>Proiectul este co-finan\u0163at prin Fondul European de Dezvoltare Regional\u0103, \u00een baza contractului de finan\u0163are nr.1809\/332\/13.03.2014, \u00eencheiat cu Ministerul pentru Societatea Informa\u0163ional\u0103 &#8211; Organismul Intermediar pentru Promovarea Societ\u0103tii Informa\u0163ionale.<\/p>\n<h4>Obiectivul general al proiectului<\/h4>\n<p>Dezvoltarea activit\u0103\u021bii de comer\u021b cu mobil\u0103 \u0219i accesorii pentru mobil\u0103 pentru SC GREENFOREST SRL &#8211; mobilier de birou &#8211; prin realizarea unui sistem informatic de comer\u021b electronic, \u00een vederea \u00eembun\u0103t\u0103\u021birii prezen\u021bei online a firmei \u0219i a \u00eent\u0103ririi pozi\u021biei firmei pe pia\u021ba rom\u00e2neasc\u0103.<\/p>\n<h4>Obiectivele specifice ale proiectului<\/h4>\n<ul>\n<li>realizarea unui magazin virtual (sistem informatic de comer\u021b electronic, platform\u0103 de ecommerce) pentru oferirea online a produselor firmei \u0219i ale furnizorilor acesteia &#8211; mobilier birou, scaune ergonomice;<\/li>\n<li>realizarea unei platforme b2b de marketing online pentru \u00eembun\u0103t\u0103\u021birea rela\u021biei de afaceri cu partenerii;<\/li>\n<li>asigurarea infrastructurii hardware \u0219i software necesar\u0103 pentru realizarea sistemului informatic de comer\u021b electronic, prin achizitia dot\u0103rilor necesare;<\/li>\n<li>cre\u0219terea vizibilit\u0103\u021bii online a produselor firmei prin realizarea unui catalog online de produse \u00een vederea cre\u0219terii num\u0103rului de clien\u021bi \u0219i extinderii activit\u0103\u021bii la nivelul \u021b\u0103rii;<\/li>\n<li>\u00eembun\u0103t\u0103\u021birea informa\u021biilor disponibile despre vizitatori (num\u0103r, frecven\u021ba cu care revin pe pagina, loca\u021bia de origine, etc.) \u0219i despre partenerii de afaceri (frecven\u021ba cump\u0103r\u0103turilor, produsele achizi\u021bionate, comanda minim\u0103, etc.) prin implementarea unui modul de analiz\u0103 \u0219i raportare online care s\u0103 contribuie la targetarea mai bun\u0103 a clientilor existen\u021bi si poten\u021biali;<\/li>\n<li>eficientizarea activit\u0103\u021bii firmei prin dezvoltarea unei noi direc\u021bii de afaceri care s\u0103 permit\u0103 cre\u0219terea veniturilor concomitent cu sc\u0103derea cheltuielilor generale de administrarea firmei, implement\u00e2nd inclusiv elemente ale dezvolt\u0103rii durabile \u00een activitatea curent\u0103.<\/li>\n<\/ul>\n<h4>Indicatorii specifici ai proiectului<\/h4>\n<ul>\n<li>Implementarea unui num\u0103r de 4 module func\u0163ionale ale sistemului informatic e-commerce<\/li>\n<li>Implementarea unui num\u0103r de 7 categorii de produse\/servicii disponibile spre comercializare electronic\u0103<\/li>\n<li>Achizi\u021bionarea unui num\u0103r de 4 echipamente hardware + 2 licenta sistem de operare server + 1 licenta baze de date dedicate aplica\u0163iei e-commerce<\/li>\n<li>Instruirea unui num\u0103r de 15 de persoane pentru folosirea aplica\u0163iei informatice<\/li>\n<li>Instruirea unui num\u0103r de 3 de persoane pentru mentenan\u021ba aplica\u0163iei informatice<\/li>\n<\/ul>\n<h4>Aplica\u0163ia reprezint\u0103 un pas important \u00een:<\/h4>\n<ul>\n<li>dezvoltarea sustenabil\u0103 pe termen mediu \u015fi lung a societ\u0103tii;<\/li>\n<li>eficientizarea \u00eentregii activit\u0103ti desf\u0103\u015furate.<\/li>\n<\/ul>\n<p><em>Manager de proiect: Florea Cristian, tel\/fax: 0256-226621, e-mail: cristian.florea@greenforest.ro<\/em>[\/vc_column_text][\/vc_column]<\/p>\n<p>&nbsp;<\/p>\n<p>[vc_row][vc_column][vc_text_separator title=&#8221;2010&#8243; i_icon_fontawesome=&#8221;fa fa-calendar&#8221; i_color=&#8221;custom&#8221; el_width=&#8221;90&#8243; add_icon=&#8221;true&#8221; i_custom_color=&#8221;#e04622&#8243;][\/vc_column][\/vc_row][vc_row][vc_column][vc_column_text]<\/p>\n<h2>Implementare ERP: \u201eCre\u015fterea eficien\u0163ei activit\u0103\u0163ii\u00a0 Greenforest srl &#8211; mobilier de birou &#8211; prin implementarea unui sistem ERP\u201d<\/h2>\n<p>Proiectul este co-finan\u0163at prin Fondul European de Dezvoltare Regional\u0103, \u00een baza contractului de finan\u0163are nr. 242\/331\/04.11.2010, \u00eencheiat cu Ministerul Comunica\u0163iilor \u015fi Societ\u0103tii Informa\u0163ionale &#8211; Organismul Intermediar pentru Promovarea Societ\u0103tii Informa\u0163ionale.<\/p>\n<h4>Obiectivul general al proiectului<\/h4>\n<p>Cre\u0219terea eficien\u0163ei \u015fi calit\u0103tii proceselor \u015fi activit\u0103\u0163ilor firmei S.C. Greenforest S.R.L. prin implementarea unui sistem informatic de tip ERP.<\/p>\n<h4>Obiectivele specifice ale proiectului<\/h4>\n<ul>\n<li>\u00cembun\u0103t\u0103\u021birea sistemului informa\u021bional si a proceselor din firma (consolidarea datelor si furnizarea unei surse unice de informatii pentru asistarea deciziilor, eficientizarea proceselor legate de aprovizionarea si desfacere in scopul generarii unor decizii corecte de achizitie si minimizarii costurilor de stocare si regie, imbunatatirea planificarii productiei, optimizarea utilizarii capacitatii de productie);<\/li>\n<li>Monitorizarea eficienta a activitatilor de productie si comerciale din interiorul firmei, cresterea eficientei personalului de vanzari prin accesul in timp real la informatii &#8211; inclusiv colectarea creantelor (cresterea marjei brute din valoarea vanzarilor prin actualizarea rapida a preturilor in functie de variatia preturilor de productie\/aprovizionare) si minimizarea imprumuturilor bancare si reducerea costurilor prin monitorizarea si prognoza fluxului de numerar; controlul riguros al costurilor si cheltuielilor la nivel de produs, centru de cost, sau profit, si analiza profitabilitatii pe produs, centru de profit sau alte criterii ale afacerii (evidentierea costurilor pe categorii de produse\/clienti si identificarea celor mai profitabile si eliminarea din productie a celor care se dovedesc neprofitabile, reducerea costurilor de aprovizionare, de transport si instalare la clienti, imbunatatirea planificarii livrarilor, reducerea greselilor);<\/li>\n<li>Cre\u0219terea veniturilor prin evitarea pierderii clien\u021bilor care nu accept\u0103 un termen lung de livrare (reducerea timpului de onorare a comenzilor catre clienti, timp de raspuns mai rapid la cerintele clientilor, informarea mai buna a clientilor referitor la produsele si serviciile societatii, un grad mai mare de transformare a ofertelor in comenzi).<\/li>\n<\/ul>\n<h4>Indicatorii specifici ai proiectului<\/h4>\n<ul>\n<li>Implementarea unui num\u0103r de 5 module func\u0163ionale ale sistemului informatic-ERP<\/li>\n<li>Achizi\u021bionarea unui num\u0103r de 3 servere dedicate aplica\u0163iei ERP<\/li>\n<li>Achizi\u021bionarea unui num\u0103r de 10 calculatoare<\/li>\n<li>Instruirea unui num\u0103r de 34 de persoane pentru folosirea aplica\u0163iei informatice<\/li>\n<li>Utilizarea aplica\u021biei informatice de c\u0103tre 34 de angaja\u021bi<\/li>\n<\/ul>\n<h4>Aplica\u0163ia reprezint\u0103 un pas important \u00een:<\/h4>\n<ul>\n<li>dezvoltarea sustenabil\u0103 pe termen mediu \u015fi lung a societ\u0103tii;<\/li>\n<li>eficientizarea \u00eentregii activit\u0103ti desf\u0103\u015furate.<\/li>\n<\/ul>\n<p><em>Manager de proiect: Florea Cristian, tel. 0256 &#8211; 490284, fax: 0256-226621, e-mail: cristian.florea@greenforest.ro<\/em>[\/vc_column_text]<\/p>\n","protected":false},"excerpt":{"rendered":"<p>[vc_row][vc_column][vc_text_separator title=&#8221;2021&#8243; i_icon_fontawesome=&#8221;fa fa-calendar&#8221; i_color=&#8221;custom&#8221; el_width=&#8221;90&#8243; add_icon=&#8221;true&#8221; i_custom_color=&#8221;#e04622&#8243;][\/vc_column][\/vc_row][vc_row][vc_column][vc_column_text][vc_row][vc_column width=&#8221;1\/1&#8243;][vc_column_text] \u00a0 \u00a0 \u00a0Scurt\u0103 descriere a proiectului Titlul proiectului: \u201eExtinderea activit\u0103\u021bii de produc\u021bie a GREENFOREST SRL prin construirea de hale produc\u021bie \u0219i achizi\u021bia de utilaje\u201d Numele beneficiarului: S.C. GREENFOREST SRL; Codul MySMIS al proiectului 112456; Scopul proiectului \/ Obiectivul general al proiectului \/ Obiectivele specifice ale proiectului: [&hellip;]<\/p>\n","protected":false},"author":1,"featured_media":0,"parent":0,"menu_order":0,"comment_status":"closed","ping_status":"closed","template":"","meta":{"footnotes":""},"acf":[],"yoast_head":"<!-- This site is optimized with the Yoast SEO plugin v21.6 - https:\/\/yoast.com\/wordpress\/plugins\/seo\/ -->\n<title>Finan\u021b\u0103ri prin Fondul European de Dezvoltare Regional\u0103<\/title>\n<meta name=\"description\" content=\"Finan\u021b\u0103ri prin Fondul European de Dezvoltare Regional\u0103 - GreenForest - mobilier de birou, scaune ergonomice, professional furniture and fit out\" \/>\n<meta name=\"robots\" content=\"index, follow, max-snippet:-1, max-image-preview:large, max-video-preview:-1\" \/>\n<link rel=\"canonical\" href=\"https:\/\/www.greenforest.ro\/old\/finantari\/\" \/>\n<meta name=\"twitter:card\" content=\"summary_large_image\" \/>\n<meta name=\"twitter:title\" content=\"Finan\u021b\u0103ri prin Fondul European de Dezvoltare Regional\u0103\" \/>\n<meta name=\"twitter:description\" content=\"Finan\u021b\u0103ri prin Fondul European de Dezvoltare Regional\u0103 - GreenForest - mobilier de birou, scaune ergonomice, professional furniture and fit out\" \/>\n<meta name=\"twitter:image\" content=\"https:\/\/www.greenforest.ro\/old\/wp-content\/uploads\/2021\/05\/sigle_anunt.png\" \/>\n<meta name=\"twitter:label1\" content=\"Timp estimat pentru citire\" \/>\n\t<meta name=\"twitter:data1\" content=\"6 minute\" \/>\n<!-- \/ Yoast SEO plugin. -->","yoast_head_json":{"title":"Finan\u021b\u0103ri prin Fondul European de Dezvoltare Regional\u0103","description":"Finan\u021b\u0103ri prin Fondul European de Dezvoltare Regional\u0103 - GreenForest - mobilier de birou, scaune ergonomice, professional furniture and fit out","robots":{"index":"index","follow":"follow","max-snippet":"max-snippet:-1","max-image-preview":"max-image-preview:large","max-video-preview":"max-video-preview:-1"},"canonical":"https:\/\/www.greenforest.ro\/old\/finantari\/","twitter_card":"summary_large_image","twitter_title":"Finan\u021b\u0103ri prin Fondul European de Dezvoltare Regional\u0103","twitter_description":"Finan\u021b\u0103ri prin Fondul European de Dezvoltare Regional\u0103 - GreenForest - mobilier de birou, scaune ergonomice, professional furniture and fit out","twitter_image":"https:\/\/www.greenforest.ro\/old\/wp-content\/uploads\/2021\/05\/sigle_anunt.png","twitter_misc":{"Timp estimat pentru citire":"6 minute"},"schema":{"@context":"https:\/\/schema.org","@graph":[{"@type":"WebPage","@id":"https:\/\/www.greenforest.ro\/old\/finantari\/","url":"https:\/\/www.greenforest.ro\/old\/finantari\/","name":"Finan\u021b\u0103ri prin Fondul European de Dezvoltare Regional\u0103","isPartOf":{"@id":"https:\/\/www.greenforest.ro\/old\/#website"},"datePublished":"2017-09-20T18:01:36+00:00","dateModified":"2021-06-14T10:24:43+00:00","description":"Finan\u021b\u0103ri prin Fondul European de Dezvoltare Regional\u0103 - GreenForest - mobilier de birou, scaune ergonomice, professional furniture and fit out","breadcrumb":{"@id":"https:\/\/www.greenforest.ro\/old\/finantari\/#breadcrumb"},"inLanguage":"ro-RO","potentialAction":[{"@type":"ReadAction","target":["https:\/\/www.greenforest.ro\/old\/finantari\/"]}]},{"@type":"BreadcrumbList","@id":"https:\/\/www.greenforest.ro\/old\/finantari\/#breadcrumb","itemListElement":[{"@type":"ListItem","position":1,"name":"Prima pagin\u0103","item":"https:\/\/www.greenforest.ro\/old\/"},{"@type":"ListItem","position":2,"name":"Finan\u021b\u0103ri prin Fondul European de Dezvoltare Regional\u0103"}]},{"@type":"WebSite","@id":"https:\/\/www.greenforest.ro\/old\/#website","url":"https:\/\/www.greenforest.ro\/old\/","name":"GreenForest - mobilier de birou","description":"Solu\u0163ii profesionale de amenajare birouri","publisher":{"@id":"https:\/\/www.greenforest.ro\/old\/#organization"},"potentialAction":[{"@type":"SearchAction","target":{"@type":"EntryPoint","urlTemplate":"https:\/\/www.greenforest.ro\/old\/?s={search_term_string}"},"query-input":"required name=search_term_string"}],"inLanguage":"ro-RO"},{"@type":"Organization","@id":"https:\/\/www.greenforest.ro\/old\/#organization","name":"Greenforest","url":"https:\/\/www.greenforest.ro\/old\/","logo":{"@type":"ImageObject","inLanguage":"ro-RO","@id":"https:\/\/www.greenforest.ro\/old\/#\/schema\/logo\/image\/","url":"https:\/\/www.greenforest.ro\/old\/wp-content\/uploads\/2018\/01\/sol-logo-greenforest.png","contentUrl":"https:\/\/www.greenforest.ro\/old\/wp-content\/uploads\/2018\/01\/sol-logo-greenforest.png","width":110,"height":110,"caption":"Greenforest"},"image":{"@id":"https:\/\/www.greenforest.ro\/old\/#\/schema\/logo\/image\/"},"sameAs":["https:\/\/www.facebook.com\/GreenForest.MobilierPentruBirou","https:\/\/www.instagram.com\/greenforest.ro\/","https:\/\/www.linkedin.com\/company\/greenforest\/"]}]}},"_links":{"self":[{"href":"https:\/\/www.greenforest.ro\/old\/wp-json\/wp\/v2\/pages\/765"}],"collection":[{"href":"https:\/\/www.greenforest.ro\/old\/wp-json\/wp\/v2\/pages"}],"about":[{"href":"https:\/\/www.greenforest.ro\/old\/wp-json\/wp\/v2\/types\/page"}],"author":[{"embeddable":true,"href":"https:\/\/www.greenforest.ro\/old\/wp-json\/wp\/v2\/users\/1"}],"replies":[{"embeddable":true,"href":"https:\/\/www.greenforest.ro\/old\/wp-json\/wp\/v2\/comments?post=765"}],"version-history":[{"count":26,"href":"https:\/\/www.greenforest.ro\/old\/wp-json\/wp\/v2\/pages\/765\/revisions"}],"predecessor-version":[{"id":8894,"href":"https:\/\/www.greenforest.ro\/old\/wp-json\/wp\/v2\/pages\/765\/revisions\/8894"}],"wp:attachment":[{"href":"https:\/\/www.greenforest.ro\/old\/wp-json\/wp\/v2\/media?parent=765"}],"curies":[{"name":"wp","href":"https:\/\/api.w.org\/{rel}","templated":true}]}}