{"id":669,"date":"2017-09-20T13:00:32","date_gmt":"2017-09-20T13:00:32","guid":{"rendered":"https:\/\/www.greenforest.ro\/old\/?page_id=669"},"modified":"2019-09-06T22:44:42","modified_gmt":"2019-09-06T19:44:42","slug":"totemuri-vizuale","status":"publish","type":"page","link":"https:\/\/www.greenforest.ro\/old\/totemuri-vizuale\/","title":{"rendered":"Totemuri vizuale GreenForest"},"content":{"rendered":"<p>[vc_row][vc_column][vc_images_carousel images=&#8221;670,671,672,673,674&#8243; img_size=&#8221;full&#8221; onclick=&#8221;link_no&#8221; autoplay=&#8221;yes&#8221; hide_pagination_control=&#8221;yes&#8221;][\/vc_column][\/vc_row][vc_row][vc_column][vc_column_text]Solu\u021biile profesionale de comunicare electronic\u0103 e-Visual dezvoltate de GreenForest sunt destinate pie\u021bei de publicitate \u0219i mediului organiza\u021bional, at\u00e2t ca \u0219i instrument de comunicare extern\u0103, c\u00e2t \u0219i pentru comunicarea intern\u0103 de tip corporate.<\/p>\n<p>Totemurile e-Visual permit o comunicare vizual\u0103 dinamic\u0103, controlat\u0103, \u00een care poate fi inclus con\u021binut grafic, foto \u0219i video, at\u00e2t dintr-o surs\u0103 fix\u0103 ata\u0219at\u0103 display-ului, c\u00e2t \u0219i dintr-o surs\u0103 conectat\u0103 la o re\u021bea local\u0103 de calculatoare, internet, TV.[\/vc_column_text][\/vc_column][\/vc_row]<\/p>\n","protected":false},"excerpt":{"rendered":"<p>[vc_row][vc_column][vc_images_carousel images=&#8221;670,671,672,673,674&#8243; img_size=&#8221;full&#8221; onclick=&#8221;link_no&#8221; autoplay=&#8221;yes&#8221; hide_pagination_control=&#8221;yes&#8221;][\/vc_column][\/vc_row][vc_row][vc_column][vc_column_text]Solu\u021biile profesionale de comunicare electronic\u0103 e-Visual dezvoltate de GreenForest sunt destinate pie\u021bei de publicitate \u0219i mediului organiza\u021bional, at\u00e2t ca \u0219i instrument de comunicare extern\u0103, c\u00e2t \u0219i pentru comunicarea intern\u0103 de tip corporate. Totemurile e-Visual permit o comunicare vizual\u0103 dinamic\u0103, controlat\u0103, \u00een care poate fi inclus con\u021binut grafic, foto \u0219i video, [&hellip;]<\/p>\n","protected":false},"author":1,"featured_media":0,"parent":0,"menu_order":0,"comment_status":"closed","ping_status":"closed","template":"","meta":{"footnotes":""},"acf":[],"yoast_head":"<!-- This site is optimized with the Yoast SEO plugin v21.6 - https:\/\/yoast.com\/wordpress\/plugins\/seo\/ -->\n<title>Totemuri vizuale GreenForest - mobilier birou, amenajari<\/title>\n<meta name=\"description\" content=\"Totemuri vizuale GreenForest - GreenForest - mobilier de birou, scaune birou, amenajari, pardoseli, professional furniture and fit out\" \/>\n<meta name=\"robots\" content=\"index, follow, max-snippet:-1, max-image-preview:large, max-video-preview:-1\" \/>\n<link rel=\"canonical\" href=\"https:\/\/www.greenforest.ro\/old\/totemuri-vizuale\/\" \/>\n<meta name=\"twitter:card\" content=\"summary_large_image\" \/>\n<meta name=\"twitter:title\" content=\"Totemuri vizuale GreenForest - mobilier birou, amenajari\" \/>\n<meta name=\"twitter:description\" content=\"Totemuri vizuale GreenForest - GreenForest - mobilier de birou, scaune birou, amenajari, pardoseli, professional furniture and fit out\" \/>\n<meta name=\"twitter:label1\" content=\"Timp estimat pentru citire\" \/>\n\t<meta name=\"twitter:data1\" content=\"1 minut\" \/>\n<!-- \/ Yoast SEO plugin. -->","yoast_head_json":{"title":"Totemuri vizuale GreenForest - mobilier birou, amenajari","description":"Totemuri vizuale GreenForest - GreenForest - mobilier de birou, scaune birou, amenajari, pardoseli, professional furniture and fit out","robots":{"index":"index","follow":"follow","max-snippet":"max-snippet:-1","max-image-preview":"max-image-preview:large","max-video-preview":"max-video-preview:-1"},"canonical":"https:\/\/www.greenforest.ro\/old\/totemuri-vizuale\/","twitter_card":"summary_large_image","twitter_title":"Totemuri vizuale GreenForest - mobilier birou, amenajari","twitter_description":"Totemuri vizuale GreenForest - GreenForest - mobilier de birou, scaune birou, amenajari, pardoseli, professional furniture and fit out","twitter_misc":{"Timp estimat pentru citire":"1 minut"},"schema":{"@context":"https:\/\/schema.org","@graph":[{"@type":"WebPage","@id":"https:\/\/www.greenforest.ro\/old\/totemuri-vizuale\/","url":"https:\/\/www.greenforest.ro\/old\/totemuri-vizuale\/","name":"Totemuri vizuale GreenForest - mobilier birou, amenajari","isPartOf":{"@id":"https:\/\/www.greenforest.ro\/old\/#website"},"datePublished":"2017-09-20T13:00:32+00:00","dateModified":"2019-09-06T19:44:42+00:00","description":"Totemuri vizuale GreenForest - GreenForest - mobilier de birou, scaune birou, amenajari, pardoseli, professional furniture and fit out","breadcrumb":{"@id":"https:\/\/www.greenforest.ro\/old\/totemuri-vizuale\/#breadcrumb"},"inLanguage":"ro-RO","potentialAction":[{"@type":"ReadAction","target":["https:\/\/www.greenforest.ro\/old\/totemuri-vizuale\/"]}]},{"@type":"BreadcrumbList","@id":"https:\/\/www.greenforest.ro\/old\/totemuri-vizuale\/#breadcrumb","itemListElement":[{"@type":"ListItem","position":1,"name":"Prima pagin\u0103","item":"https:\/\/www.greenforest.ro\/old\/"},{"@type":"ListItem","position":2,"name":"Totemuri vizuale GreenForest"}]},{"@type":"WebSite","@id":"https:\/\/www.greenforest.ro\/old\/#website","url":"https:\/\/www.greenforest.ro\/old\/","name":"GreenForest - mobilier de birou","description":"Solu\u0163ii profesionale de amenajare birouri","publisher":{"@id":"https:\/\/www.greenforest.ro\/old\/#organization"},"potentialAction":[{"@type":"SearchAction","target":{"@type":"EntryPoint","urlTemplate":"https:\/\/www.greenforest.ro\/old\/?s={search_term_string}"},"query-input":"required name=search_term_string"}],"inLanguage":"ro-RO"},{"@type":"Organization","@id":"https:\/\/www.greenforest.ro\/old\/#organization","name":"Greenforest","url":"https:\/\/www.greenforest.ro\/old\/","logo":{"@type":"ImageObject","inLanguage":"ro-RO","@id":"https:\/\/www.greenforest.ro\/old\/#\/schema\/logo\/image\/","url":"https:\/\/www.greenforest.ro\/old\/wp-content\/uploads\/2018\/01\/sol-logo-greenforest.png","contentUrl":"https:\/\/www.greenforest.ro\/old\/wp-content\/uploads\/2018\/01\/sol-logo-greenforest.png","width":110,"height":110,"caption":"Greenforest"},"image":{"@id":"https:\/\/www.greenforest.ro\/old\/#\/schema\/logo\/image\/"},"sameAs":["https:\/\/www.facebook.com\/GreenForest.MobilierPentruBirou","https:\/\/www.instagram.com\/greenforest.ro\/","https:\/\/www.linkedin.com\/company\/greenforest\/"]}]}},"_links":{"self":[{"href":"https:\/\/www.greenforest.ro\/old\/wp-json\/wp\/v2\/pages\/669"}],"collection":[{"href":"https:\/\/www.greenforest.ro\/old\/wp-json\/wp\/v2\/pages"}],"about":[{"href":"https:\/\/www.greenforest.ro\/old\/wp-json\/wp\/v2\/types\/page"}],"author":[{"embeddable":true,"href":"https:\/\/www.greenforest.ro\/old\/wp-json\/wp\/v2\/users\/1"}],"replies":[{"embeddable":true,"href":"https:\/\/www.greenforest.ro\/old\/wp-json\/wp\/v2\/comments?post=669"}],"version-history":[{"count":0,"href":"https:\/\/www.greenforest.ro\/old\/wp-json\/wp\/v2\/pages\/669\/revisions"}],"wp:attachment":[{"href":"https:\/\/www.greenforest.ro\/old\/wp-json\/wp\/v2\/media?parent=669"}],"curies":[{"name":"wp","href":"https:\/\/api.w.org\/{rel}","templated":true}]}}