{"id":628,"date":"2017-09-20T07:50:19","date_gmt":"2017-09-20T07:50:19","guid":{"rendered":"https:\/\/www.greenforest.ro\/old\/?page_id=628"},"modified":"2022-02-04T16:13:47","modified_gmt":"2022-02-04T14:13:47","slug":"sustenabilitate","status":"publish","type":"page","link":"https:\/\/www.greenforest.ro\/old\/sustenabilitate\/","title":{"rendered":"Sustenabilitate, misiune"},"content":{"rendered":"<p>[vc_row][vc_column width=&#8221;1\/2&#8243;][vc_column_text]Misiunea GreenForest este de a furniza solu\u021bii profesionale de mobilier \u0219i amenaj\u0103ri interioare pentru experien\u021be de calitate la birou.\u00a0GreenForest \u00ee\u015fi propune urm\u0103rirea principiilor dezvolt\u0103rii durabile prin protejarea, sus\u0163inerea \u015fi \u00eembun\u0103t\u0103\u0163irea capitalului uman, natural \u015fi financiar pentru viitor.<\/p>\n<p>Impactul redus asupra mediului \u00eenconjur\u0103tor este asigurat prin standarde, procese \u015fi practici referitoare at\u00e2t la produsele \u015fi serviciile GreenForest, c\u00e2t \u015fi prin managementul unit\u0103\u0163ii de produc\u0163ie \u015fi a spa\u0163iilor comerciale.[\/vc_column_text][vc_column_text]<strong>Astfel, se urm\u0103re\u015fte<\/strong>:<\/p>\n<ul>\n<li>dezvoltarea de produse cu impact ecologic redus pe parcursul \u00eentregului ciclu de via\u0163\u0103<\/li>\n<li>integrarea unui procent c\u00e2t mai mare de materiale reciclabile \u00een produse<\/li>\n<li>reducerea cantit\u0103\u0163ii de de\u015feuri rezultate \u00een urma ambal\u0103rii produselor \u015fi reciclarea acestora \u00eentr-un procent c\u00e2t mai ridicat<\/li>\n<li>managementul produselor \u015fi proceselor orientat spre evitarea risipei de materiale<\/li>\n<li>desf\u0103\u015furarea proceselor tehnologice de fabrica\u0163ie \u00een care se evit\u0103 folosirea de produse chimice periculoase<\/li>\n<li>monitorizarea consumurilor de energie electric\u0103, gaz metan \u015fi combustibil auto \u00een scopul optimiz\u0103rii lor permanente<\/li>\n<li>instruirea continu\u0103 a angaja\u0163ilor cu privire la reducerea impactului activit\u0103\u0163ii desf\u0103\u015furate asupra mediului.<\/li>\n<\/ul>\n<p>Aplicarea principiilor dezvolt\u0103rii durabile \u015fi asigurarea calit\u0103\u0163ii proceselor \u015fi produselor \u00een GreenForest se fac prin sistemul integrat de Management al Calit\u0103\u0163ii \u015fi Mediului conform cu seriile de standarde ISO 9001 \u015fi ISO 14001. \u00cen perioada ianuarie \u2013 martie 2021 nu s-au \u00eenregistrat evenimente cu impact negativ asupra mediului \u015fi oamenilor \u00een activitatea GreenForest.[\/vc_column_text][vc_separator]<div class=\"uavc-list-icon uavc-list-icon-wrapper ult-adjust-bottom-margin   \"><ul class=\"uavc-list\"><li><div class=\"uavc-list-content\" id=\"list-icon-wrap-4514\">\n<div class=\"uavc-list-icon  \" data-animation=\"\" data-animation-delay=\"03\" style=\"margin-right:5px;\"><div class=\"ult-just-icon-wrapper  \"><div class=\"align-icon\" style=\"text-align:center;\">\n<div class=\"aio-icon none \"  style=\"color:#d33333;font-size:22px;display:inline-block;\">\n\t<i class=\"Defaults-file-pdf-o\"><\/i>\n<\/div><\/div><\/div>\n<\/div><span  data-ultimate-target='#list-icon-wrap-4514 .uavc-list-desc'  data-responsive-json-new='{\"font-size\":\"\",\"line-height\":\"\"}'  class=\"uavc-list-desc ult-responsive\" style=\"\"><a href=\"https:\/\/www.greenforest.ro\/old\/wp-content\/uploads\/2022\/02\/Certificat-9001_Greenforest_RO_2021.pdf\" target=\"_blank\" rel=\"noopener noreferrer\">Certificat<\/a> de implementare a Sistemului de Management al Calit\u0103\u021bii conform standardului ISO 9001 : 2015<\/span><\/div><\/li><li><div class=\"uavc-list-content\" id=\"list-icon-wrap-1011\">\n<div class=\"uavc-list-icon  \" data-animation=\"\" data-animation-delay=\"03\" style=\"margin-right:5px;\"><div class=\"ult-just-icon-wrapper  \"><div class=\"align-icon\" style=\"text-align:center;\">\n<div class=\"aio-icon none \"  style=\"color:#d33333;font-size:22px;display:inline-block;\">\n\t<i class=\"Defaults-file-pdf-o\"><\/i>\n<\/div><\/div><\/div>\n<\/div><span  data-ultimate-target='#list-icon-wrap-1011 .uavc-list-desc'  data-responsive-json-new='{\"font-size\":\"\",\"line-height\":\"\"}'  class=\"uavc-list-desc ult-responsive\" style=\"\"><a href=\"https:\/\/www.greenforest.ro\/old\/wp-content\/uploads\/2022\/02\/Certificat-14001_Greenforest_RO_2021.pdf\" target=\"_blank\" rel=\"noopener noreferrer\">Certificat<\/a> de implementare a Sistemului de Management al Mediului conform standardului ISO 14001 : 2015<\/p>\n<p><\/span><\/div><\/li><\/ul><\/div>[\/vc_column][vc_column width=&#8221;1\/2&#8243;][vc_images_carousel images=&#8221;4997&#8243; img_size=&#8221;600&#215;300&#8243;][vc_images_carousel images=&#8221;665&#8243; img_size=&#8221;600&#215;300&#8243;][\/vc_column][\/vc_row]<\/p>\n","protected":false},"excerpt":{"rendered":"<p>[vc_row][vc_column width=&#8221;1\/2&#8243;][vc_column_text]Misiunea GreenForest este de a furniza solu\u021bii profesionale de mobilier \u0219i amenaj\u0103ri interioare pentru experien\u021be de calitate la birou.\u00a0GreenForest \u00ee\u015fi propune urm\u0103rirea principiilor dezvolt\u0103rii durabile prin protejarea, sus\u0163inerea \u015fi \u00eembun\u0103t\u0103\u0163irea capitalului uman, natural \u015fi financiar pentru viitor. Impactul redus asupra mediului \u00eenconjur\u0103tor este asigurat prin standarde, procese \u015fi practici referitoare at\u00e2t la produsele \u015fi [&hellip;]<\/p>\n","protected":false},"author":1,"featured_media":0,"parent":0,"menu_order":0,"comment_status":"closed","ping_status":"closed","template":"","meta":{"footnotes":""},"acf":[],"yoast_head":"<!-- This site is optimized with the Yoast SEO plugin v21.6 - https:\/\/yoast.com\/wordpress\/plugins\/seo\/ -->\n<title>Sustenabilitate, misiune - GreenForest - mobilier birou<\/title>\n<meta name=\"description\" content=\"Sustenabilitate, misiune - GreenForest - mobilier de birou, scaune de birou, mese reglabile, pardoseli, professional furniture and fit out\" \/>\n<meta name=\"robots\" content=\"index, follow, max-snippet:-1, max-image-preview:large, max-video-preview:-1\" \/>\n<link rel=\"canonical\" href=\"https:\/\/www.greenforest.ro\/old\/sustenabilitate\/\" \/>\n<meta name=\"twitter:card\" content=\"summary_large_image\" \/>\n<meta name=\"twitter:title\" content=\"Sustenabilitate, misiune - GreenForest - mobilier birou\" \/>\n<meta name=\"twitter:description\" content=\"Sustenabilitate, misiune - GreenForest - mobilier de birou, scaune de birou, mese reglabile, pardoseli, professional furniture and fit out\" \/>\n<meta name=\"twitter:label1\" content=\"Timp estimat pentru citire\" \/>\n\t<meta name=\"twitter:data1\" content=\"2 minute\" \/>\n<!-- \/ Yoast SEO plugin. -->","yoast_head_json":{"title":"Sustenabilitate, misiune - GreenForest - mobilier birou","description":"Sustenabilitate, misiune - GreenForest - mobilier de birou, scaune de birou, mese reglabile, pardoseli, professional furniture and fit out","robots":{"index":"index","follow":"follow","max-snippet":"max-snippet:-1","max-image-preview":"max-image-preview:large","max-video-preview":"max-video-preview:-1"},"canonical":"https:\/\/www.greenforest.ro\/old\/sustenabilitate\/","twitter_card":"summary_large_image","twitter_title":"Sustenabilitate, misiune - GreenForest - mobilier birou","twitter_description":"Sustenabilitate, misiune - GreenForest - mobilier de birou, scaune de birou, mese reglabile, pardoseli, professional furniture and fit out","twitter_misc":{"Timp estimat pentru citire":"2 minute"},"schema":{"@context":"https:\/\/schema.org","@graph":[{"@type":"WebPage","@id":"https:\/\/www.greenforest.ro\/old\/sustenabilitate\/","url":"https:\/\/www.greenforest.ro\/old\/sustenabilitate\/","name":"Sustenabilitate, misiune - GreenForest - mobilier birou","isPartOf":{"@id":"https:\/\/www.greenforest.ro\/old\/#website"},"datePublished":"2017-09-20T07:50:19+00:00","dateModified":"2022-02-04T14:13:47+00:00","description":"Sustenabilitate, misiune - GreenForest - mobilier de birou, scaune de birou, mese reglabile, pardoseli, professional furniture and fit out","breadcrumb":{"@id":"https:\/\/www.greenforest.ro\/old\/sustenabilitate\/#breadcrumb"},"inLanguage":"ro-RO","potentialAction":[{"@type":"ReadAction","target":["https:\/\/www.greenforest.ro\/old\/sustenabilitate\/"]}]},{"@type":"BreadcrumbList","@id":"https:\/\/www.greenforest.ro\/old\/sustenabilitate\/#breadcrumb","itemListElement":[{"@type":"ListItem","position":1,"name":"Prima pagin\u0103","item":"https:\/\/www.greenforest.ro\/old\/"},{"@type":"ListItem","position":2,"name":"Sustenabilitate, misiune"}]},{"@type":"WebSite","@id":"https:\/\/www.greenforest.ro\/old\/#website","url":"https:\/\/www.greenforest.ro\/old\/","name":"GreenForest - mobilier de birou","description":"Solu\u0163ii profesionale de amenajare birouri","publisher":{"@id":"https:\/\/www.greenforest.ro\/old\/#organization"},"potentialAction":[{"@type":"SearchAction","target":{"@type":"EntryPoint","urlTemplate":"https:\/\/www.greenforest.ro\/old\/?s={search_term_string}"},"query-input":"required name=search_term_string"}],"inLanguage":"ro-RO"},{"@type":"Organization","@id":"https:\/\/www.greenforest.ro\/old\/#organization","name":"Greenforest","url":"https:\/\/www.greenforest.ro\/old\/","logo":{"@type":"ImageObject","inLanguage":"ro-RO","@id":"https:\/\/www.greenforest.ro\/old\/#\/schema\/logo\/image\/","url":"https:\/\/www.greenforest.ro\/old\/wp-content\/uploads\/2018\/01\/sol-logo-greenforest.png","contentUrl":"https:\/\/www.greenforest.ro\/old\/wp-content\/uploads\/2018\/01\/sol-logo-greenforest.png","width":110,"height":110,"caption":"Greenforest"},"image":{"@id":"https:\/\/www.greenforest.ro\/old\/#\/schema\/logo\/image\/"},"sameAs":["https:\/\/www.facebook.com\/GreenForest.MobilierPentruBirou","https:\/\/www.instagram.com\/greenforest.ro\/","https:\/\/www.linkedin.com\/company\/greenforest\/"]}]}},"_links":{"self":[{"href":"https:\/\/www.greenforest.ro\/old\/wp-json\/wp\/v2\/pages\/628"}],"collection":[{"href":"https:\/\/www.greenforest.ro\/old\/wp-json\/wp\/v2\/pages"}],"about":[{"href":"https:\/\/www.greenforest.ro\/old\/wp-json\/wp\/v2\/types\/page"}],"author":[{"embeddable":true,"href":"https:\/\/www.greenforest.ro\/old\/wp-json\/wp\/v2\/users\/1"}],"replies":[{"embeddable":true,"href":"https:\/\/www.greenforest.ro\/old\/wp-json\/wp\/v2\/comments?post=628"}],"version-history":[{"count":4,"href":"https:\/\/www.greenforest.ro\/old\/wp-json\/wp\/v2\/pages\/628\/revisions"}],"predecessor-version":[{"id":9404,"href":"https:\/\/www.greenforest.ro\/old\/wp-json\/wp\/v2\/pages\/628\/revisions\/9404"}],"wp:attachment":[{"href":"https:\/\/www.greenforest.ro\/old\/wp-json\/wp\/v2\/media?parent=628"}],"curies":[{"name":"wp","href":"https:\/\/api.w.org\/{rel}","templated":true}]}}