{"id":624,"date":"2017-09-20T07:49:30","date_gmt":"2017-09-20T07:49:30","guid":{"rendered":"https:\/\/www.greenforest.ro\/old\/?page_id=624"},"modified":"2019-09-08T21:10:44","modified_gmt":"2019-09-08T18:10:44","slug":"despre-noi","status":"publish","type":"page","link":"https:\/\/www.greenforest.ro\/old\/despre-noi\/","title":{"rendered":"Prezentare GreenForest"},"content":{"rendered":"<p>[vc_row text_align=&#8221;center&#8221;][vc_column text_align=&#8221;center&#8221;][\/vc_column][\/vc_row][vc_row][vc_column width=&#8221;1\/2&#8243;][vc_column_text]GreenForest s-a consacrat \u00een decursul timpului ca fiind principalul produc\u0103tor rom\u00e2n de mobilier pentru birou, at\u00e2t prin cota de pia\u021b\u0103 c\u00e2t \u0219i prin dezvoltarea de produse inovative \u0219i performante. Astfel, mobila de birou produs\u0103 \u00een Timi\u0219oara a ajuns s\u0103 asigure posturi de lucru pentru peste 100.000 de persoane din Rom\u00e2nia \u0219i din alte \u021b\u0103ri europene.<\/p>\n<p>Lansarea pe pia\u021b\u0103 a propriilor solu\u021bii de compartimentare cu sticl\u0103 (prin <a href=\"https:\/\/www.greenforest.ro\/old\/compartimentari-bamer\/\">parteneriatul cu compania BAMER<\/a> din Portugalia), integrarea solu\u021biilor acustice \u0219i de compartimentare <a href=\"https:\/\/www.greenforest.ro\/old\/mobilier-de-birou-fantoni\/\">Fantoni (Italia)<\/a>,\u00a0extinderea ofertei de mobil\u0103 de birou prin intermediul colabor\u0103rii cu <a href=\"https:\/\/www.greenforest.ro\/old\/mobilier-de-birou-sedus\/\">firma Sedus din Germania<\/a>, precum\u00a0\u0219i dezvoltarea propriei <a href=\"https:\/\/www.greenforest.ro\/old\/design-mp\/\">echipa GreenForest pentru managementul proiectelor<\/a> de fit out dau con\u021binut mesajului de comunicare GreenForest:<\/p>\n<p><span style=\"font-size: 18px;\">\u201c<strong><em>professional furniture and fit out for a great office experience<\/em><\/strong>\u201d<\/span>.[\/vc_column_text][\/vc_column][vc_column width=&#8221;1\/2&#8243;][vc_images_carousel images=&#8221;663,664,665&#8243; img_size=&#8221;600&#215;300&#8243; onclick=&#8221;link_no&#8221; autoplay=&#8221;yes&#8221; hide_pagination_control=&#8221;yes&#8221; hide_prev_next_buttons=&#8221;yes&#8221; wrap=&#8221;yes&#8221;][\/vc_column][\/vc_row][vc_row][vc_column width=&#8221;1\/2&#8243;][vc_column_text]<\/p>\n<h2>Realiz\u0103ri\u00a0GreenForest:<\/h2>\n<ul>\n<li>Peste 7.000 de clien\u021bi dintre care un mare num\u0103r de companii multina\u021bionale<\/li>\n<li>Peste 100.000 de posturi de lucru amenajate<\/li>\n<li>Showroom-uri \u00een Tim\u0219oara, Bucure\u0219ti \u0219i Cluj Napoca<\/li>\n<li>Export de mobil\u0103 \u00een Marea Britanie, Spania, Italia, Germania, Belgia, Austria, Slovacia, Ungaria, Serbia, Bulgaria, Republica Moldova<\/li>\n<li>Certificarea Sistemului de Management al Calit\u0103\u021bii conform standard ISO 9001 \u0219i Sistemului de Management al Mediului conform standardului ISO 14001 de c\u0103tre organismul german de certificare DQS<\/li>\n<\/ul>\n<p>[\/vc_column_text][\/vc_column][vc_column width=&#8221;1\/2&#8243;][vc_images_carousel images=&#8221;666,667&#8243; img_size=&#8221;600&#215;300&#8243; onclick=&#8221;link_no&#8221; autoplay=&#8221;yes&#8221; hide_pagination_control=&#8221;yes&#8221; hide_prev_next_buttons=&#8221;yes&#8221; wrap=&#8221;yes&#8221;][\/vc_column][\/vc_row]<\/p>\n","protected":false},"excerpt":{"rendered":"<p>[vc_row text_align=&#8221;center&#8221;][vc_column text_align=&#8221;center&#8221;][\/vc_column][\/vc_row][vc_row][vc_column width=&#8221;1\/2&#8243;][vc_column_text]GreenForest s-a consacrat \u00een decursul timpului ca fiind principalul produc\u0103tor rom\u00e2n de mobilier pentru birou, at\u00e2t prin cota de pia\u021b\u0103 c\u00e2t \u0219i prin dezvoltarea de produse inovative \u0219i performante. Astfel, mobila de birou produs\u0103 \u00een Timi\u0219oara a ajuns s\u0103 asigure posturi de lucru pentru peste 100.000 de persoane din Rom\u00e2nia \u0219i din [&hellip;]<\/p>\n","protected":false},"author":1,"featured_media":0,"parent":0,"menu_order":0,"comment_status":"closed","ping_status":"closed","template":"","meta":{"footnotes":""},"acf":[],"yoast_head":"<!-- This site is optimized with the Yoast SEO plugin v21.6 - https:\/\/yoast.com\/wordpress\/plugins\/seo\/ -->\n<title>Prezentare GreenForest - mobilier de birou, amenajari<\/title>\n<meta name=\"description\" content=\"GreenForest - mobilier de birou, scaune ergonomice, amenajari, camere acustice, pardoseli, professional furniture and fit out\" \/>\n<meta name=\"robots\" content=\"index, follow, max-snippet:-1, max-image-preview:large, max-video-preview:-1\" \/>\n<link rel=\"canonical\" href=\"https:\/\/www.greenforest.ro\/old\/despre-noi\/\" \/>\n<meta name=\"twitter:card\" content=\"summary_large_image\" \/>\n<meta name=\"twitter:title\" content=\"Prezentare GreenForest - mobilier de birou, amenajari\" \/>\n<meta name=\"twitter:description\" content=\"GreenForest - mobilier de birou, scaune ergonomice, amenajari, camere acustice, pardoseli, professional furniture and fit out\" \/>\n<meta name=\"twitter:label1\" content=\"Timp estimat pentru citire\" \/>\n\t<meta name=\"twitter:data1\" content=\"2 minute\" \/>\n<!-- \/ Yoast SEO plugin. -->","yoast_head_json":{"title":"Prezentare GreenForest - mobilier de birou, amenajari","description":"GreenForest - mobilier de birou, scaune ergonomice, amenajari, camere acustice, pardoseli, professional furniture and fit out","robots":{"index":"index","follow":"follow","max-snippet":"max-snippet:-1","max-image-preview":"max-image-preview:large","max-video-preview":"max-video-preview:-1"},"canonical":"https:\/\/www.greenforest.ro\/old\/despre-noi\/","twitter_card":"summary_large_image","twitter_title":"Prezentare GreenForest - mobilier de birou, amenajari","twitter_description":"GreenForest - mobilier de birou, scaune ergonomice, amenajari, camere acustice, pardoseli, professional furniture and fit out","twitter_misc":{"Timp estimat pentru citire":"2 minute"},"schema":{"@context":"https:\/\/schema.org","@graph":[{"@type":"WebPage","@id":"https:\/\/www.greenforest.ro\/old\/despre-noi\/","url":"https:\/\/www.greenforest.ro\/old\/despre-noi\/","name":"Prezentare GreenForest - mobilier de birou, amenajari","isPartOf":{"@id":"https:\/\/www.greenforest.ro\/old\/#website"},"datePublished":"2017-09-20T07:49:30+00:00","dateModified":"2019-09-08T18:10:44+00:00","description":"GreenForest - mobilier de birou, scaune ergonomice, amenajari, camere acustice, pardoseli, professional furniture and fit out","breadcrumb":{"@id":"https:\/\/www.greenforest.ro\/old\/despre-noi\/#breadcrumb"},"inLanguage":"ro-RO","potentialAction":[{"@type":"ReadAction","target":["https:\/\/www.greenforest.ro\/old\/despre-noi\/"]}]},{"@type":"BreadcrumbList","@id":"https:\/\/www.greenforest.ro\/old\/despre-noi\/#breadcrumb","itemListElement":[{"@type":"ListItem","position":1,"name":"Prima pagin\u0103","item":"https:\/\/www.greenforest.ro\/old\/"},{"@type":"ListItem","position":2,"name":"Prezentare GreenForest"}]},{"@type":"WebSite","@id":"https:\/\/www.greenforest.ro\/old\/#website","url":"https:\/\/www.greenforest.ro\/old\/","name":"GreenForest - mobilier de birou","description":"Solu\u0163ii profesionale de amenajare birouri","publisher":{"@id":"https:\/\/www.greenforest.ro\/old\/#organization"},"potentialAction":[{"@type":"SearchAction","target":{"@type":"EntryPoint","urlTemplate":"https:\/\/www.greenforest.ro\/old\/?s={search_term_string}"},"query-input":"required name=search_term_string"}],"inLanguage":"ro-RO"},{"@type":"Organization","@id":"https:\/\/www.greenforest.ro\/old\/#organization","name":"Greenforest","url":"https:\/\/www.greenforest.ro\/old\/","logo":{"@type":"ImageObject","inLanguage":"ro-RO","@id":"https:\/\/www.greenforest.ro\/old\/#\/schema\/logo\/image\/","url":"https:\/\/www.greenforest.ro\/old\/wp-content\/uploads\/2018\/01\/sol-logo-greenforest.png","contentUrl":"https:\/\/www.greenforest.ro\/old\/wp-content\/uploads\/2018\/01\/sol-logo-greenforest.png","width":110,"height":110,"caption":"Greenforest"},"image":{"@id":"https:\/\/www.greenforest.ro\/old\/#\/schema\/logo\/image\/"},"sameAs":["https:\/\/www.facebook.com\/GreenForest.MobilierPentruBirou","https:\/\/www.instagram.com\/greenforest.ro\/","https:\/\/www.linkedin.com\/company\/greenforest\/"]}]}},"_links":{"self":[{"href":"https:\/\/www.greenforest.ro\/old\/wp-json\/wp\/v2\/pages\/624"}],"collection":[{"href":"https:\/\/www.greenforest.ro\/old\/wp-json\/wp\/v2\/pages"}],"about":[{"href":"https:\/\/www.greenforest.ro\/old\/wp-json\/wp\/v2\/types\/page"}],"author":[{"embeddable":true,"href":"https:\/\/www.greenforest.ro\/old\/wp-json\/wp\/v2\/users\/1"}],"replies":[{"embeddable":true,"href":"https:\/\/www.greenforest.ro\/old\/wp-json\/wp\/v2\/comments?post=624"}],"version-history":[{"count":0,"href":"https:\/\/www.greenforest.ro\/old\/wp-json\/wp\/v2\/pages\/624\/revisions"}],"wp:attachment":[{"href":"https:\/\/www.greenforest.ro\/old\/wp-json\/wp\/v2\/media?parent=624"}],"curies":[{"name":"wp","href":"https:\/\/api.w.org\/{rel}","templated":true}]}}