{"id":5470,"date":"2018-02-24T22:08:12","date_gmt":"2018-02-24T20:08:12","guid":{"rendered":"https:\/\/www.greenforest.ro\/old\/?page_id=5470"},"modified":"2019-09-06T23:02:49","modified_gmt":"2019-09-06T20:02:49","slug":"references","status":"publish","type":"page","link":"https:\/\/www.greenforest.ro\/old\/en\/references\/","title":{"rendered":"References for GreenForest"},"content":{"rendered":"<p>[vc_row][vc_column][vc_images_carousel images=&#8221;660,661&#8243; img_size=&#8221;full&#8221; onclick=&#8221;link_no&#8221; autoplay=&#8221;yes&#8221; hide_pagination_control=&#8221;yes&#8221; wrap=&#8221;yes&#8221;][\/vc_column][\/vc_row][vc_row][vc_column][vc_column_text]Alcatel-Lucent Rom\u00e2nia<span class=\"bullet\"> \u2022 <\/span>Siemens Rom\u00e2nia<span class=\"bullet\"> \u2022 <\/span>Flextronics Rom\u00e2nia<span class=\"bullet\"> \u2022 <\/span>Continental Rom\u00e2nia<span class=\"bullet\"> \u2022 <\/span>Concernul Draxlmaier Rom\u00e2nia<span class=\"bullet\"> \u2022 <\/span> Kromberg &amp; Schubert Rom\u00e2nia<span class=\"bullet\"> \u2022 <\/span>Luxten Lighting AEM<span class=\"bullet\"> \u2022 <\/span>LEONI Wiring System RO<span class=\"bullet\"> \u2022 <\/span>Bechtel International INC.<span class=\"bullet\"> \u2022 <\/span>Orange Rom\u00e2nia<span class=\"bullet\"> \u2022 <\/span>Vodafone Rom\u00e2nia<span class=\"bullet\"> \u2022 <\/span>Emerson Rom\u00e2nia<span class=\"bullet\"> \u2022 <\/span>Bosch Rom\u00e2nia<span class=\"bullet\"> \u2022 <\/span>Genpact Rom\u00e2nia<span class=\"bullet\"> \u2022 <\/span>Pentalog Rom\u00e2nia<span class=\"bullet\"> \u2022 <\/span>BUW Rom\u00e2nia<span class=\"bullet\"> \u2022 <\/span>HUF Rom\u00e2nia<span class=\"bullet\"> \u2022 <\/span>WIPRO Rom\u00e2nia<span class=\"bullet\"> \u2022 <\/span>Amazon Rom\u00e2nia<span class=\"bullet\"> \u2022 <\/span>IQUEST Tehnologies<span class=\"bullet\"> \u2022 <\/span>VISMA Software<span class=\"bullet\"> \u2022 <\/span>ATOSS Software<span class=\"bullet\"> \u2022 <\/span>CIAO Rom\u00e2nia<span class=\"bullet\"> \u2022 <\/span>Procter&amp;Gamble Rom\u00e2nia<span class=\"bullet\"> \u2022 <\/span>Elster Rometrics<span class=\"bullet\"> \u2022 <\/span>Honeywell Rom\u00e2nia<span class=\"bullet\"> \u2022 <\/span>Autoliv Rom\u00e2nia<span class=\"bullet\"> \u2022 <\/span>Schenker Romtrans<span class=\"bullet\"> \u2022 <\/span>TNT Rom\u00e2nia<span class=\"bullet\"> \u2022 <\/span>FM Rom\u00e2nia<span class=\"bullet\"> \u2022 <\/span>Unifiedpost<span class=\"bullet\"> \u2022 <\/span>Express Rom\u00e2nia<span class=\"bullet\"> \u2022 <\/span>Administra\u0163ia Rom\u00e2n\u0103 a Serviciilor de Trafic Aerian-R.A. ROMATSA<span class=\"bullet\"> \u2022 <\/span>Brau Union Rom\u00e2nia<span class=\"bullet\"> \u2022 <\/span>Chio Rom\u00e2nia<span class=\"bullet\"> \u2022 <\/span>Coca Cola<span class=\"bullet\"> \u2022 <\/span>Omniasig<span class=\"bullet\"> \u2022 <\/span>Aviva Rom\u00e2nia<span class=\"bullet\"> \u2022 <\/span>Bancpost<span class=\"bullet\"> \u2022 <\/span>Banca Carpatica<span class=\"bullet\"> \u2022 <\/span>Banca Rom\u00e2neasc\u0103<span class=\"bullet\"> \u2022 <\/span>Eximbank<span class=\"bullet\"> \u2022 <\/span>Finans Bank<span class=\"bullet\"> \u2022 <\/span>Hella Electronics Rom\u00e2nia<span class=\"bullet\"> \u2022 <\/span>Metro Rom\u00e2nia<span class=\"bullet\"> \u2022 <\/span>C&amp;A Moda Retail<span class=\"bullet\"> \u2022 <\/span>OBI Rom\u00e2nia<span class=\"bullet\"> \u2022 <\/span>EADS DCS Rom\u00e2nia<span class=\"bullet\"> \u2022 <\/span>MIELE Tehnica Rom\u00e2nia<span class=\"bullet\"> \u2022 <\/span>Silcotub SA<span class=\"bullet\"> \u2022 <\/span>VCST Automotive Production Alba<span class=\"bullet\"> \u2022 <\/span> ILT International Lighting technology (Zumtobel Rom\u00e2nia)<span class=\"bullet\"> \u2022 <\/span> Mahle componente de motor<span class=\"bullet\"> \u2022 <\/span> Thyssen Krupp<span class=\"bullet\"> \u2022 <\/span> OCE software Rom\u00e2nia si Ungaria<span class=\"bullet\"> \u2022 <\/span> Gameloft Rom\u00e2nia si Ungaria<span class=\"bullet\"> \u2022 <\/span> H&amp;E Reinert<span class=\"bullet\"> \u2022 <\/span>Coficab Eastern Europe<span class=\"bullet\"> \u2022 <\/span> Hutchinson Brasov<span class=\"bullet\"> \u2022 <\/span> Forte Business<span class=\"bullet\"> \u2022 <\/span> Yazaki Rom\u00e2nia<span class=\"bullet\"> \u2022 <\/span> Takata Rom\u00e2nia<span class=\"bullet\"> \u2022 <\/span> Treleborg Automotive Dej<span class=\"bullet\"> \u2022 <\/span> Guhring Sibiu<span class=\"bullet\"> \u2022 <\/span> DURA Automotive Rom\u00e2nia<span class=\"bullet\"> \u2022 <\/span> TRW Automotive Safety Systems<span class=\"bullet\"> \u2022 <\/span> Valeo Lighting<span class=\"bullet\"> \u2022 <\/span> Delphi Packard Rom\u00e2nia<span class=\"bullet\"> \u2022 <\/span> KIRCHHOFF Automotive<span class=\"bullet\"> \u2022 <\/span> TT Electronics<span class=\"bullet\"> \u2022 <\/span> INTEVA Products Rom\u00e2nia si Slovacia<span class=\"bullet\"> \u2022 <\/span> COOPER Industries Rom\u00e2nia si Marea Britanie<span class=\"bullet\"> \u2022 <\/span> Umdasch Austria<span class=\"bullet\"> \u2022 <\/span> B&amp;B Italia[\/vc_column_text][\/vc_column][\/vc_row]<\/p>\n","protected":false},"excerpt":{"rendered":"<p>[vc_row][vc_column][vc_images_carousel images=&#8221;660,661&#8243; img_size=&#8221;full&#8221; onclick=&#8221;link_no&#8221; autoplay=&#8221;yes&#8221; hide_pagination_control=&#8221;yes&#8221; wrap=&#8221;yes&#8221;][\/vc_column][\/vc_row][vc_row][vc_column][vc_column_text]Alcatel-Lucent Rom\u00e2nia \u2022 Siemens Rom\u00e2nia \u2022 Flextronics Rom\u00e2nia \u2022 Continental Rom\u00e2nia \u2022 Concernul Draxlmaier Rom\u00e2nia \u2022 Kromberg &amp; Schubert Rom\u00e2nia \u2022 Luxten Lighting AEM \u2022 LEONI Wiring System RO \u2022 Bechtel International INC. \u2022 Orange Rom\u00e2nia \u2022 Vodafone Rom\u00e2nia \u2022 Emerson Rom\u00e2nia \u2022 Bosch Rom\u00e2nia \u2022 Genpact Rom\u00e2nia \u2022 [&hellip;]<\/p>\n","protected":false},"author":1,"featured_media":0,"parent":0,"menu_order":0,"comment_status":"closed","ping_status":"closed","template":"","meta":{"footnotes":""},"acf":[],"yoast_head":"<!-- This site is optimized with the Yoast SEO plugin v21.6 - https:\/\/yoast.com\/wordpress\/plugins\/seo\/ -->\n<title>References for GreenForest - mobilier birou, amenajari<\/title>\n<meta name=\"description\" content=\"References for GreenForest - GreenForest - mobilier de birou, scaune birou, pardoseli, professional furniture and fit out\" \/>\n<meta name=\"robots\" content=\"index, follow, max-snippet:-1, max-image-preview:large, max-video-preview:-1\" \/>\n<link rel=\"canonical\" href=\"https:\/\/www.greenforest.ro\/old\/references\/\" \/>\n<meta name=\"twitter:card\" content=\"summary_large_image\" \/>\n<meta name=\"twitter:title\" content=\"References for GreenForest - mobilier birou, amenajari\" \/>\n<meta name=\"twitter:description\" content=\"References for GreenForest - GreenForest - mobilier de birou, scaune birou, pardoseli, professional furniture and fit out\" \/>\n<meta name=\"twitter:label1\" content=\"Timp estimat pentru citire\" \/>\n\t<meta name=\"twitter:data1\" content=\"1 minut\" \/>\n<!-- \/ Yoast SEO plugin. -->","yoast_head_json":{"title":"References for GreenForest - mobilier birou, amenajari","description":"References for GreenForest - GreenForest - mobilier de birou, scaune birou, pardoseli, professional furniture and fit out","robots":{"index":"index","follow":"follow","max-snippet":"max-snippet:-1","max-image-preview":"max-image-preview:large","max-video-preview":"max-video-preview:-1"},"canonical":"https:\/\/www.greenforest.ro\/old\/references\/","twitter_card":"summary_large_image","twitter_title":"References for GreenForest - mobilier birou, amenajari","twitter_description":"References for GreenForest - GreenForest - mobilier de birou, scaune birou, pardoseli, professional furniture and fit out","twitter_misc":{"Timp estimat pentru citire":"1 minut"},"schema":{"@context":"https:\/\/schema.org","@graph":[{"@type":"WebPage","@id":"https:\/\/www.greenforest.ro\/old\/en\/references\/","url":"https:\/\/www.greenforest.ro\/old\/en\/references\/","name":"References for GreenForest - mobilier birou, amenajari","isPartOf":{"@id":"https:\/\/www.greenforest.ro\/old\/#website"},"datePublished":"2018-02-24T20:08:12+00:00","dateModified":"2019-09-06T20:02:49+00:00","description":"References for GreenForest - GreenForest - mobilier de birou, scaune birou, pardoseli, professional furniture and fit out","breadcrumb":{"@id":"https:\/\/www.greenforest.ro\/old\/en\/references\/#breadcrumb"},"inLanguage":"ro-RO","potentialAction":[{"@type":"ReadAction","target":["https:\/\/www.greenforest.ro\/old\/en\/references\/"]}]},{"@type":"BreadcrumbList","@id":"https:\/\/www.greenforest.ro\/old\/en\/references\/#breadcrumb","itemListElement":[{"@type":"ListItem","position":1,"name":"Prima pagin\u0103","item":"https:\/\/www.greenforest.ro\/old\/"},{"@type":"ListItem","position":2,"name":"References for GreenForest"}]},{"@type":"WebSite","@id":"https:\/\/www.greenforest.ro\/old\/#website","url":"https:\/\/www.greenforest.ro\/old\/","name":"GreenForest - mobilier de birou","description":"Solu\u0163ii profesionale de amenajare birouri","publisher":{"@id":"https:\/\/www.greenforest.ro\/old\/#organization"},"potentialAction":[{"@type":"SearchAction","target":{"@type":"EntryPoint","urlTemplate":"https:\/\/www.greenforest.ro\/old\/?s={search_term_string}"},"query-input":"required name=search_term_string"}],"inLanguage":"ro-RO"},{"@type":"Organization","@id":"https:\/\/www.greenforest.ro\/old\/#organization","name":"Greenforest","url":"https:\/\/www.greenforest.ro\/old\/","logo":{"@type":"ImageObject","inLanguage":"ro-RO","@id":"https:\/\/www.greenforest.ro\/old\/#\/schema\/logo\/image\/","url":"https:\/\/www.greenforest.ro\/old\/wp-content\/uploads\/2018\/01\/sol-logo-greenforest.png","contentUrl":"https:\/\/www.greenforest.ro\/old\/wp-content\/uploads\/2018\/01\/sol-logo-greenforest.png","width":110,"height":110,"caption":"Greenforest"},"image":{"@id":"https:\/\/www.greenforest.ro\/old\/#\/schema\/logo\/image\/"},"sameAs":["https:\/\/www.facebook.com\/GreenForest.MobilierPentruBirou","https:\/\/www.instagram.com\/greenforest.ro\/","https:\/\/www.linkedin.com\/company\/greenforest\/"]}]}},"_links":{"self":[{"href":"https:\/\/www.greenforest.ro\/old\/wp-json\/wp\/v2\/pages\/5470"}],"collection":[{"href":"https:\/\/www.greenforest.ro\/old\/wp-json\/wp\/v2\/pages"}],"about":[{"href":"https:\/\/www.greenforest.ro\/old\/wp-json\/wp\/v2\/types\/page"}],"author":[{"embeddable":true,"href":"https:\/\/www.greenforest.ro\/old\/wp-json\/wp\/v2\/users\/1"}],"replies":[{"embeddable":true,"href":"https:\/\/www.greenforest.ro\/old\/wp-json\/wp\/v2\/comments?post=5470"}],"version-history":[{"count":0,"href":"https:\/\/www.greenforest.ro\/old\/wp-json\/wp\/v2\/pages\/5470\/revisions"}],"wp:attachment":[{"href":"https:\/\/www.greenforest.ro\/old\/wp-json\/wp\/v2\/media?parent=5470"}],"curies":[{"name":"wp","href":"https:\/\/api.w.org\/{rel}","templated":true}]}}