{"id":5291,"date":"2018-02-06T19:44:43","date_gmt":"2018-02-06T17:44:43","guid":{"rendered":"https:\/\/www.greenforest.ro\/old\/?page_id=5291"},"modified":"2019-09-06T22:40:12","modified_gmt":"2019-09-06T19:40:12","slug":"scaune-ergonomice-pentru-copii","status":"publish","type":"page","link":"https:\/\/www.greenforest.ro\/old\/scaune-ergonomice-pentru-copii\/","title":{"rendered":"Scaune ergonomice pentru copii"},"content":{"rendered":"<p>[vc_row][vc_column]<div id=\"ultimate-heading-566769e4aa6d1a533\" class=\"uvc-heading ult-adjust-bottom-margin ultimate-heading-566769e4aa6d1a533 uvc-5106 \" data-hspacer=\"line_only\"  data-halign=\"left\" style=\"text-align:left\"><div class=\"uvc-main-heading ult-responsive\"  data-ultimate-target='.uvc-heading.ultimate-heading-566769e4aa6d1a533 h2'  data-responsive-json-new='{\"font-size\":\"\",\"line-height\":\"\"}' ><h2 style=\"font-weight:normal;\">Colec\u021bia TopStar<\/h2><\/div><div class=\"uvc-heading-spacer line_only\" style=\"margin-top:10px;margin-bottom:15px;height:1px;\"><span class=\"uvc-headings-line\" style=\"border-style:solid;border-bottom-width:1px;border-color:#ccc;width:autopx;\"><\/span><\/div><\/div><div class=\"woocommerce columns-6 \">\r\n<ul class=\"products pcols-lg-6 pcols-md-5 pcols-xs-3 pcols-ls-2 pwidth-lg-6 pwidth-md-5 pwidth-xs-3 pwidth-ls-2\">\r\n<li class=\"hover show-wq-onimage product-first pcols-lg-first pcols-md-first pcols-xs-first pcols-ls-first post-3812 product type-product status-publish has-post-thumbnail product_cat-copii product_cat-topstar-scaune-copii product_cat-scaune-ergonomice first onbackorder purchasable product-type-simple\">\r\r\r\n\t<a href=\"https:\/\/www.greenforest.ro\/old\/produs\/scaun-high-scool70570\/\" class=\"woocommerce-LoopProduct-link woocommerce-loop-product__link\">\r\n\r\r\n    <div class=\"product-image\">\r\t\t\r\t\t\t\t\r\n        <a  href=\"https:\/\/www.greenforest.ro\/old\/produs\/scaun-high-scool70570\/\">\r\r\n            <div class=\"inner\"><img loading=\"lazy\" decoding=\"async\" width=\"300\" height=\"394\" src=\"https:\/\/www.greenforest.ro\/old\/wp-content\/uploads\/2017\/11\/high-scool-1-300x394.png\" class=\" wp-post-image\" alt=\"high scool 1\" srcset=\"https:\/\/www.greenforest.ro\/old\/wp-content\/uploads\/2017\/11\/high-scool-1-300x394.png 300w, https:\/\/www.greenforest.ro\/old\/wp-content\/uploads\/2017\/11\/high-scool-1-600x788.png 600w, https:\/\/www.greenforest.ro\/old\/wp-content\/uploads\/2017\/11\/high-scool-1-229x300.png 229w, https:\/\/www.greenforest.ro\/old\/wp-content\/uploads\/2017\/11\/high-scool-1-768x1008.png 768w, https:\/\/www.greenforest.ro\/old\/wp-content\/uploads\/2017\/11\/high-scool-1-780x1024.png 780w, https:\/\/www.greenforest.ro\/old\/wp-content\/uploads\/2017\/11\/high-scool-1.png 800w\" sizes=\"(max-width: 300px) 100vw, 300px\" \/><\/div><div data-link=\"\" class=\"viewcart  viewcart-3812\" title=\"View Cart\"><\/div><img loading=\"lazy\" decoding=\"async\" width=\"300\" height=\"394\" src=\"https:\/\/www.greenforest.ro\/old\/wp-content\/uploads\/2017\/11\/high-scool-1-300x394.png\" class=\"attachment-woocommerce_thumbnail size-woocommerce_thumbnail\" alt=\"high scool 1\" srcset=\"https:\/\/www.greenforest.ro\/old\/wp-content\/uploads\/2017\/11\/high-scool-1-300x394.png 300w, https:\/\/www.greenforest.ro\/old\/wp-content\/uploads\/2017\/11\/high-scool-1-600x788.png 600w, https:\/\/www.greenforest.ro\/old\/wp-content\/uploads\/2017\/11\/high-scool-1-229x300.png 229w, https:\/\/www.greenforest.ro\/old\/wp-content\/uploads\/2017\/11\/high-scool-1-768x1008.png 768w, https:\/\/www.greenforest.ro\/old\/wp-content\/uploads\/2017\/11\/high-scool-1-780x1024.png 780w, https:\/\/www.greenforest.ro\/old\/wp-content\/uploads\/2017\/11\/high-scool-1.png 800w\" sizes=\"(max-width: 300px) 100vw, 300px\" \/>\r\n        <\/a>\r\r\n\r\r\n        <div class=\"links-on-image\">\r\r\n            <div class=\"add-links-wrap\">\r\n    <div class=\"add-links  clearfix\">\r\n        <a href=\"https:\/\/www.greenforest.ro\/old\/produs\/scaun-high-scool70570\/\" rel=\"nofollow\" data-product_id=\"3812\" data-product_sku=\"70570\" data-quantity=\"1\" class=\"button viewcart-style-1 add_to_cart_read_more product_type_simple\" >Read More<\/a><div class=\"quickview\" data-id=\"3812\" title=\"Vezi\">Vezi<\/div>    <\/div>\r\n<\/div>\r\n        <\/div>\r\r\n    <\/div>\r\r\n\t\r\n    \r\n        <a class=\"product-loop-title\"  href=\"https:\/\/www.greenforest.ro\/old\/produs\/scaun-high-scool70570\/\"><h3 class=\"woocommerce-loop-product__title\">Scaun High S&#8217;cool70570<\/h3><h2 class=\"woocommerce-loop-product__title\">Scaun High S&#8217;cool70570<\/h2><\/a>\r\n    \r\n\r\r\n        <div class=\"description\">\n        <p>&#8211; Piston cu gaz pentru reglarea inaltimii, special pentru copii, functionabil incepand cu o greutate de aproximativ 20 kg;<br \/>\n&#8211; Spatar reglabil \u00een ad\u00e2ncime \u0219i \u00een\u0103l\u021bime plus suport lombar reglabil;<br \/>\n&#8211; Produs certificat Intertek GS \u00een Germania conform cerin\u021belor de securitate \u0219i ergonomie;<br \/>\n&#8211; Dimensiuni: \u00een\u0103l\u021bime \u0219ezut 39 &#8211; 51 cm; l\u0103\u021bime \u0219ezut 43 cm; ad\u00eencime \u0219ezut 39 cm; \u00een\u0103l\u021bime sp\u0103tar 43 cm; \u00een\u0103l\u021bime total\u0103 scaun 81 &#8211; 94 cm;<br \/>\n&#8211; Tapi\u021berie polyester: BB0, BB1, BB2, BB3, BB4, BB5, BB6, BB7, BB8, BB9;<br \/>\n&#8211; Scaun recomandat pentru copii cu v\u00e2rsta \u00eentre 5 \u0219i 13 ani;<br clear=\"all\" \/><img loading=\"lazy\" decoding=\"async\" class=\"alignnone\" src=\"https:\/\/www.greenforest.ro\/old\/wp-content\/uploads\/2018\/02\/culori_BB.png\" alt=\"culori disponibile\" width=\"470\" height=\"55\" \/><\/p>\n<h4>Dimensiuni<\/h4>\n<p>\u0218ezut 43cm l\u0103\u021bime x 39cm ad\u00e2ncime; \u00een\u0103l\u021bime total\u0103 81-94cm<\/p>\n<h4><\/h4>\n    <\/div>\n    \n\r\n\r\r\n    <\/a><div class=\"add-links-wrap\">\r\n    <div class=\"add-links  clearfix\">\r\n        <a href=\"https:\/\/www.greenforest.ro\/old\/produs\/scaun-high-scool70570\/\" rel=\"nofollow\" data-product_id=\"3812\" data-product_sku=\"70570\" data-quantity=\"1\" class=\"button viewcart-style-1 add_to_cart_read_more product_type_simple\" >Read More<\/a><div class=\"quickview\" data-id=\"3812\" title=\"Vezi\">Vezi<\/div>    <\/div>\r\n<\/div>\r\n\r<\/li>\r\n<li class=\"hover show-wq-onimage post-3811 product type-product status-publish has-post-thumbnail product_cat-copii product_cat-topstar-scaune-copii product_cat-scaune-ergonomice  onbackorder purchasable product-type-simple\">\r\r\r\n\t<a href=\"https:\/\/www.greenforest.ro\/old\/produs\/scaun-open-art-junior-71430\/\" class=\"woocommerce-LoopProduct-link woocommerce-loop-product__link\">\r\n\r\r\n    <div class=\"product-image\">\r\t\t\r\t\t\t\t\r\n        <a  href=\"https:\/\/www.greenforest.ro\/old\/produs\/scaun-open-art-junior-71430\/\">\r\r\n            <div class=\"inner\"><img loading=\"lazy\" decoding=\"async\" width=\"300\" height=\"394\" src=\"https:\/\/www.greenforest.ro\/old\/wp-content\/uploads\/2017\/11\/open-art-junior-2-300x394.png\" class=\" wp-post-image\" alt=\"open art junior 2\" srcset=\"https:\/\/www.greenforest.ro\/old\/wp-content\/uploads\/2017\/11\/open-art-junior-2-300x394.png 300w, https:\/\/www.greenforest.ro\/old\/wp-content\/uploads\/2017\/11\/open-art-junior-2-600x788.png 600w, https:\/\/www.greenforest.ro\/old\/wp-content\/uploads\/2017\/11\/open-art-junior-2-229x300.png 229w, https:\/\/www.greenforest.ro\/old\/wp-content\/uploads\/2017\/11\/open-art-junior-2-768x1008.png 768w, https:\/\/www.greenforest.ro\/old\/wp-content\/uploads\/2017\/11\/open-art-junior-2-780x1024.png 780w, https:\/\/www.greenforest.ro\/old\/wp-content\/uploads\/2017\/11\/open-art-junior-2.png 800w\" sizes=\"(max-width: 300px) 100vw, 300px\" \/><\/div><div data-link=\"\" class=\"viewcart  viewcart-3811\" title=\"View Cart\"><\/div><img loading=\"lazy\" decoding=\"async\" width=\"300\" height=\"394\" src=\"https:\/\/www.greenforest.ro\/old\/wp-content\/uploads\/2017\/11\/open-art-junior-2-300x394.png\" class=\"attachment-woocommerce_thumbnail size-woocommerce_thumbnail\" alt=\"open art junior 2\" srcset=\"https:\/\/www.greenforest.ro\/old\/wp-content\/uploads\/2017\/11\/open-art-junior-2-300x394.png 300w, https:\/\/www.greenforest.ro\/old\/wp-content\/uploads\/2017\/11\/open-art-junior-2-600x788.png 600w, https:\/\/www.greenforest.ro\/old\/wp-content\/uploads\/2017\/11\/open-art-junior-2-229x300.png 229w, https:\/\/www.greenforest.ro\/old\/wp-content\/uploads\/2017\/11\/open-art-junior-2-768x1008.png 768w, https:\/\/www.greenforest.ro\/old\/wp-content\/uploads\/2017\/11\/open-art-junior-2-780x1024.png 780w, https:\/\/www.greenforest.ro\/old\/wp-content\/uploads\/2017\/11\/open-art-junior-2.png 800w\" sizes=\"(max-width: 300px) 100vw, 300px\" \/>\r\n        <\/a>\r\r\n\r\r\n        <div class=\"links-on-image\">\r\r\n            <div class=\"add-links-wrap\">\r\n    <div class=\"add-links  clearfix\">\r\n        <a href=\"https:\/\/www.greenforest.ro\/old\/produs\/scaun-open-art-junior-71430\/\" rel=\"nofollow\" data-product_id=\"3811\" data-product_sku=\"71430\" data-quantity=\"1\" class=\"button viewcart-style-1 add_to_cart_read_more product_type_simple\" >Read More<\/a><div class=\"quickview\" data-id=\"3811\" title=\"Vezi\">Vezi<\/div>    <\/div>\r\n<\/div>\r\n        <\/div>\r\r\n    <\/div>\r\r\n\t\r\n    \r\n        <a class=\"product-loop-title\"  href=\"https:\/\/www.greenforest.ro\/old\/produs\/scaun-open-art-junior-71430\/\"><h3 class=\"woocommerce-loop-product__title\">Scaun Open Art JUNIOR 71430<\/h3><h2 class=\"woocommerce-loop-product__title\">Scaun Open Art JUNIOR 71430<\/h2><\/a>\r\n    \r\n\r\r\n        <div class=\"description\">\n        <p>&#8211; Piston cu gaz pentru reglarea inaltimii, special pentru copii, functionabil incepand cu o greutate de aproximativ 20 kg;<br \/>\n-Spatar cu plasa mesh pentru respiratia pielii reglabil \u00een ad\u00e2ncime \u0219i \u00een\u0103l\u021bime;<br \/>\n-Produs certificat Intertek GS \u00een Germania conform cerin\u021belor de securitate \u0219i ergonomie;<br \/>\n-Dimensiuni: \u00een\u0103l\u021bime \u0219ezut 37 &#8211; 51 cm; l\u0103\u021bime \u0219ezut 44 cm; ad\u00eencime \u0219ezut 30-36 cm; \u00een\u0103l\u021bime sp\u0103tar 52 cm; \u00een\u0103l\u021bime total\u0103 scaun 88 &#8211; 100 cm;<br \/>\n-Tapi\u021berie piele ecologic\u0103: S01, S03, S04, S05, S07, S10, S14, S18.<br \/>\n-Scaun recomandat pentru copii cu v\u00e2rsta \u00eentre 5 \u0219i 13 ani;<\/p>\n<p><img loading=\"lazy\" decoding=\"async\" class=\"alignnone wp-image-8080 size-full\" title=\"culori S 1\" src=\"https:\/\/www.greenforest.ro\/old\/wp-content\/uploads\/2017\/11\/culori_S-1.png\" alt=\"culori S 1\" width=\"515\" height=\"67\" srcset=\"https:\/\/www.greenforest.ro\/old\/wp-content\/uploads\/2017\/11\/culori_S-1.png 515w, https:\/\/www.greenforest.ro\/old\/wp-content\/uploads\/2017\/11\/culori_S-1-300x39.png 300w\" sizes=\"(max-width: 515px) 100vw, 515px\" \/><\/p>\n<h4>Dimensiuni<\/h4>\n<p>\u0218ezut 44cm l\u0103\u021bime x 30-36cm ad\u00e2ncime; \u00een\u0103l\u021bime total\u0103 88-100cm<\/p>\n    <\/div>\n    \n\r\n\r\r\n    <\/a><div class=\"add-links-wrap\">\r\n    <div class=\"add-links  clearfix\">\r\n        <a href=\"https:\/\/www.greenforest.ro\/old\/produs\/scaun-open-art-junior-71430\/\" rel=\"nofollow\" data-product_id=\"3811\" data-product_sku=\"71430\" data-quantity=\"1\" class=\"button viewcart-style-1 add_to_cart_read_more product_type_simple\" >Read More<\/a><div class=\"quickview\" data-id=\"3811\" title=\"Vezi\">Vezi<\/div>    <\/div>\r\n<\/div>\r\n\r<\/li>\r\n<li class=\"hover show-wq-onimage pcols-ls-first post-3810 product type-product status-publish has-post-thumbnail product_cat-copii product_cat-topstar-scaune-copii product_cat-scaune-ergonomice  onbackorder purchasable product-type-simple\">\r\r\r\n\t<a href=\"https:\/\/www.greenforest.ro\/old\/produs\/scaun-titan-junior-71487\/\" class=\"woocommerce-LoopProduct-link woocommerce-loop-product__link\">\r\n\r\r\n    <div class=\"product-image\">\r\t\t\r\t\t\t\t\r\n        <a  href=\"https:\/\/www.greenforest.ro\/old\/produs\/scaun-titan-junior-71487\/\">\r\r\n            <div class=\"inner\"><img loading=\"lazy\" decoding=\"async\" width=\"300\" height=\"394\" src=\"https:\/\/www.greenforest.ro\/old\/wp-content\/uploads\/2017\/11\/titan-junior-3-300x394.png\" class=\" wp-post-image\" alt=\"titan junior 3\" srcset=\"https:\/\/www.greenforest.ro\/old\/wp-content\/uploads\/2017\/11\/titan-junior-3-300x394.png 300w, https:\/\/www.greenforest.ro\/old\/wp-content\/uploads\/2017\/11\/titan-junior-3-600x788.png 600w, https:\/\/www.greenforest.ro\/old\/wp-content\/uploads\/2017\/11\/titan-junior-3-229x300.png 229w, https:\/\/www.greenforest.ro\/old\/wp-content\/uploads\/2017\/11\/titan-junior-3-768x1008.png 768w, https:\/\/www.greenforest.ro\/old\/wp-content\/uploads\/2017\/11\/titan-junior-3-780x1024.png 780w, https:\/\/www.greenforest.ro\/old\/wp-content\/uploads\/2017\/11\/titan-junior-3.png 800w\" sizes=\"(max-width: 300px) 100vw, 300px\" \/><\/div><div data-link=\"\" class=\"viewcart  viewcart-3810\" title=\"View Cart\"><\/div><img loading=\"lazy\" decoding=\"async\" width=\"300\" height=\"394\" src=\"https:\/\/www.greenforest.ro\/old\/wp-content\/uploads\/2017\/11\/titan-junior-3-300x394.png\" class=\"attachment-woocommerce_thumbnail size-woocommerce_thumbnail\" alt=\"titan junior 3\" srcset=\"https:\/\/www.greenforest.ro\/old\/wp-content\/uploads\/2017\/11\/titan-junior-3-300x394.png 300w, https:\/\/www.greenforest.ro\/old\/wp-content\/uploads\/2017\/11\/titan-junior-3-600x788.png 600w, https:\/\/www.greenforest.ro\/old\/wp-content\/uploads\/2017\/11\/titan-junior-3-229x300.png 229w, https:\/\/www.greenforest.ro\/old\/wp-content\/uploads\/2017\/11\/titan-junior-3-768x1008.png 768w, https:\/\/www.greenforest.ro\/old\/wp-content\/uploads\/2017\/11\/titan-junior-3-780x1024.png 780w, https:\/\/www.greenforest.ro\/old\/wp-content\/uploads\/2017\/11\/titan-junior-3.png 800w\" sizes=\"(max-width: 300px) 100vw, 300px\" \/>\r\n        <\/a>\r\r\n\r\r\n        <div class=\"links-on-image\">\r\r\n            <div class=\"add-links-wrap\">\r\n    <div class=\"add-links  clearfix\">\r\n        <a href=\"https:\/\/www.greenforest.ro\/old\/produs\/scaun-titan-junior-71487\/\" rel=\"nofollow\" data-product_id=\"3810\" data-product_sku=\"71487\" data-quantity=\"1\" class=\"button viewcart-style-1 add_to_cart_read_more product_type_simple\" >Read More<\/a><div class=\"quickview\" data-id=\"3810\" title=\"Vezi\">Vezi<\/div>    <\/div>\r\n<\/div>\r\n        <\/div>\r\r\n    <\/div>\r\r\n\t\r\n    \r\n        <a class=\"product-loop-title\"  href=\"https:\/\/www.greenforest.ro\/old\/produs\/scaun-titan-junior-71487\/\"><h3 class=\"woocommerce-loop-product__title\">Scaun Titan Junior 71487<\/h3><h2 class=\"woocommerce-loop-product__title\">Scaun Titan Junior 71487<\/h2><\/a>\r\n    \r\n\r\r\n        <div class=\"description\">\n        <p><strong><span style=\"color: #99cc00\">Detalii produs:<\/span><\/strong><\/p>\n<p>\u2013\u00a0\u00a0\u00a0\u00a0\u00a0\u00a0\u00a0 Scaun recomandat pentru copii cu v\u00e2rsta \u00eentre 5 \u0219i 13 ani;<\/p>\n<p>\u2013\u00a0\u00a0\u00a0\u00a0\u00a0\u00a0\u00a0 Piston cu gaz pentru reglarea \u00een\u0103l\u0163imii, func\u0163ionabil \u00eencep\u00e2nd cu o greutate de aproximativ 20 kg;<\/p>\n<p>\u2013\u00a0\u00a0\u00a0\u00a0\u00a0\u00a0\u00a0 Sp\u0103tar cu plasa mesh pentru o bun\u0103 ventila\u0163ie la nivelul spatelui, reglabil \u00een ad\u00e2ncime;<\/p>\n<p>\u2013\u00a0\u00a0\u00a0\u00a0\u00a0\u00a0\u00a0 Baz\u0103 din aluminiu;<\/p>\n<p>\u2013\u00a0\u00a0\u00a0\u00a0\u00a0\u00a0\u00a0 Tapi\u021berie din piele ecologic\u0103, culori disponibile: S01, S03, S04, S05, S07, S10, S14, S18<\/p>\n<p><img loading=\"lazy\" decoding=\"async\" class=\"alignnone wp-image-8080 size-full\" title=\"culori S 1\" src=\"https:\/\/www.greenforest.ro\/old\/wp-content\/uploads\/2017\/11\/culori_S-1.png\" alt=\"culori S 1\" width=\"515\" height=\"67\" srcset=\"https:\/\/www.greenforest.ro\/old\/wp-content\/uploads\/2017\/11\/culori_S-1.png 515w, https:\/\/www.greenforest.ro\/old\/wp-content\/uploads\/2017\/11\/culori_S-1-300x39.png 300w\" sizes=\"(max-width: 515px) 100vw, 515px\" \/><\/p>\n<p>\u2013\u00a0\u00a0\u00a0\u00a0\u00a0\u00a0\u00a0<span style=\"color: #99cc00\"><strong> Dimensiuni:<\/strong><\/span> \u00een\u0103l\u021bime \u0219ezut 37 \u2013 51 cm; l\u0103\u021bime \u0219ezut 44 cm; ad\u00e2ncime \u015fezut 40 cm; \u00een\u0103l\u021bime sp\u0103tar 47 cm; \u00een\u0103l\u021bime total\u0103 scaun 84 \u2013 98 cm;<\/p>\n<p>\u2013\u00a0\u00a0\u00a0\u00a0\u00a0\u00a0\u00a0 Produs certificat Intertek GS \u00een Germania conform cerin\u021belor de securitate \u0219i ergonomie;<\/p>\n    <\/div>\n    \n\r\n\r\r\n    <\/a><div class=\"add-links-wrap\">\r\n    <div class=\"add-links  clearfix\">\r\n        <a href=\"https:\/\/www.greenforest.ro\/old\/produs\/scaun-titan-junior-71487\/\" rel=\"nofollow\" data-product_id=\"3810\" data-product_sku=\"71487\" data-quantity=\"1\" class=\"button viewcart-style-1 add_to_cart_read_more product_type_simple\" >Read More<\/a><div class=\"quickview\" data-id=\"3810\" title=\"Vezi\">Vezi<\/div>    <\/div>\r\n<\/div>\r\n\r<\/li>\r\n<\/ul><\/div>[\/vc_column][\/vc_row]<\/p>\n","protected":false},"excerpt":{"rendered":"<p>[vc_row][vc_column][\/vc_column][\/vc_row]<\/p>\n","protected":false},"author":1,"featured_media":0,"parent":0,"menu_order":0,"comment_status":"closed","ping_status":"closed","template":"","meta":{"footnotes":""},"acf":[],"yoast_head":"<!-- This site is optimized with the Yoast SEO plugin v21.6 - https:\/\/yoast.com\/wordpress\/plugins\/seo\/ -->\n<title>Scaune ergonomice pentru copii - mobilier birou GreenForest<\/title>\n<meta name=\"description\" content=\"Scaune ergonomice pentru copii - GreenForest - mobilier de birou, scaune birou, pardoseli, professional furniture and fit out\" \/>\n<meta name=\"robots\" content=\"index, follow, max-snippet:-1, max-image-preview:large, max-video-preview:-1\" \/>\n<link rel=\"canonical\" href=\"https:\/\/www.greenforest.ro\/old\/scaune-ergonomice-pentru-copii\/\" \/>\n<meta name=\"twitter:card\" content=\"summary_large_image\" \/>\n<meta name=\"twitter:title\" content=\"Scaune ergonomice pentru copii - mobilier birou GreenForest\" \/>\n<meta name=\"twitter:description\" content=\"Scaune ergonomice pentru copii - GreenForest - mobilier de birou, scaune birou, pardoseli, professional furniture and fit out\" \/>\n<!-- \/ Yoast SEO plugin. -->","yoast_head_json":{"title":"Scaune ergonomice pentru copii - mobilier birou GreenForest","description":"Scaune ergonomice pentru copii - GreenForest - mobilier de birou, scaune birou, pardoseli, professional furniture and fit out","robots":{"index":"index","follow":"follow","max-snippet":"max-snippet:-1","max-image-preview":"max-image-preview:large","max-video-preview":"max-video-preview:-1"},"canonical":"https:\/\/www.greenforest.ro\/old\/scaune-ergonomice-pentru-copii\/","twitter_card":"summary_large_image","twitter_title":"Scaune ergonomice pentru copii - mobilier birou GreenForest","twitter_description":"Scaune ergonomice pentru copii - GreenForest - mobilier de birou, scaune birou, pardoseli, professional furniture and fit out","schema":{"@context":"https:\/\/schema.org","@graph":[{"@type":"WebPage","@id":"https:\/\/www.greenforest.ro\/old\/scaune-ergonomice-pentru-copii\/","url":"https:\/\/www.greenforest.ro\/old\/scaune-ergonomice-pentru-copii\/","name":"Scaune ergonomice pentru copii - mobilier birou GreenForest","isPartOf":{"@id":"https:\/\/www.greenforest.ro\/old\/#website"},"datePublished":"2018-02-06T17:44:43+00:00","dateModified":"2019-09-06T19:40:12+00:00","description":"Scaune ergonomice pentru copii - GreenForest - mobilier de birou, scaune birou, pardoseli, professional furniture and fit out","breadcrumb":{"@id":"https:\/\/www.greenforest.ro\/old\/scaune-ergonomice-pentru-copii\/#breadcrumb"},"inLanguage":"ro-RO","potentialAction":[{"@type":"ReadAction","target":["https:\/\/www.greenforest.ro\/old\/scaune-ergonomice-pentru-copii\/"]}]},{"@type":"BreadcrumbList","@id":"https:\/\/www.greenforest.ro\/old\/scaune-ergonomice-pentru-copii\/#breadcrumb","itemListElement":[{"@type":"ListItem","position":1,"name":"Prima pagin\u0103","item":"https:\/\/www.greenforest.ro\/old\/"},{"@type":"ListItem","position":2,"name":"Scaune ergonomice pentru copii"}]},{"@type":"WebSite","@id":"https:\/\/www.greenforest.ro\/old\/#website","url":"https:\/\/www.greenforest.ro\/old\/","name":"GreenForest - mobilier de birou","description":"Solu\u0163ii profesionale de amenajare birouri","publisher":{"@id":"https:\/\/www.greenforest.ro\/old\/#organization"},"potentialAction":[{"@type":"SearchAction","target":{"@type":"EntryPoint","urlTemplate":"https:\/\/www.greenforest.ro\/old\/?s={search_term_string}"},"query-input":"required name=search_term_string"}],"inLanguage":"ro-RO"},{"@type":"Organization","@id":"https:\/\/www.greenforest.ro\/old\/#organization","name":"Greenforest","url":"https:\/\/www.greenforest.ro\/old\/","logo":{"@type":"ImageObject","inLanguage":"ro-RO","@id":"https:\/\/www.greenforest.ro\/old\/#\/schema\/logo\/image\/","url":"https:\/\/www.greenforest.ro\/old\/wp-content\/uploads\/2018\/01\/sol-logo-greenforest.png","contentUrl":"https:\/\/www.greenforest.ro\/old\/wp-content\/uploads\/2018\/01\/sol-logo-greenforest.png","width":110,"height":110,"caption":"Greenforest"},"image":{"@id":"https:\/\/www.greenforest.ro\/old\/#\/schema\/logo\/image\/"},"sameAs":["https:\/\/www.facebook.com\/GreenForest.MobilierPentruBirou","https:\/\/www.instagram.com\/greenforest.ro\/","https:\/\/www.linkedin.com\/company\/greenforest\/"]}]}},"_links":{"self":[{"href":"https:\/\/www.greenforest.ro\/old\/wp-json\/wp\/v2\/pages\/5291"}],"collection":[{"href":"https:\/\/www.greenforest.ro\/old\/wp-json\/wp\/v2\/pages"}],"about":[{"href":"https:\/\/www.greenforest.ro\/old\/wp-json\/wp\/v2\/types\/page"}],"author":[{"embeddable":true,"href":"https:\/\/www.greenforest.ro\/old\/wp-json\/wp\/v2\/users\/1"}],"replies":[{"embeddable":true,"href":"https:\/\/www.greenforest.ro\/old\/wp-json\/wp\/v2\/comments?post=5291"}],"version-history":[{"count":0,"href":"https:\/\/www.greenforest.ro\/old\/wp-json\/wp\/v2\/pages\/5291\/revisions"}],"wp:attachment":[{"href":"https:\/\/www.greenforest.ro\/old\/wp-json\/wp\/v2\/media?parent=5291"}],"curies":[{"name":"wp","href":"https:\/\/api.w.org\/{rel}","templated":true}]}}